{"id":927,"date":"2019-09-23T14:48:01","date_gmt":"2019-09-23T12:48:01","guid":{"rendered":"https:\/\/easy-sushi.com\/?post_type=product&#038;p=927"},"modified":"2022-11-25T19:12:05","modified_gmt":"2022-11-25T18:12:05","slug":"doce-molho-de-soja-kikkoman-150ml","status":"publish","type":"product","link":"https:\/\/easy-sushi.com\/pt\/fazer-compras-2\/doce-molho-de-soja-kikkoman-150ml\/","title":{"rendered":"Molho Doce de Soja Kikkoman 150ml"},"content":{"rendered":"<p>O molho de soja doce Kikkoman \u00e9 ideal para adicionar um toque doce \u00e0s suas prepara\u00e7\u00f5es.<\/p>\n<p>O molho de soja \u00e9 fermentado naturalmente. \u00c9 o conjunto de quatro ingredientes naturais, trigo, soja, \u00e1gua e sal.<\/p>\n<p>A sua embalagem \u00e9 ideal para servir \u00e0 mesa gra\u00e7as ao seu bico de servir.<\/p>\n<p><strong>Composi\u00e7\u00e3o<\/strong> : A\u00e7\u00facar 44% Molho de soja 35% (sal de soja e trigo) xarope de glicose para vinho (cont\u00e9m ANIDRIDA DE ENXOFRE) extrato de levedura de sal de \u00e1gua.<\/p>\n<p><strong>Valor nutricional (para 100ml)<\/strong> :<\/p>\n<table width=\"259\">\n<tbody>\n<tr>\n<td width=\"179\">Energia (kJ \/ kcal)<\/td>\n<td style=\"text-align: center;\" width=\"80\">1101 \/ 260<\/td>\n<\/tr>\n<tr>\n<td>Gordura (g)<\/td>\n<td style=\"text-align: center;\">0<\/td>\n<\/tr>\n<tr>\n<td>dos quais \u00e1cidos graxos saturados (g)<\/td>\n<td style=\"text-align: center;\">0<\/td>\n<\/tr>\n<tr>\n<td>Carboidratos (g)<\/td>\n<td style=\"text-align: center;\">57<\/td>\n<\/tr>\n<tr>\n<td>dos quais a\u00e7\u00facares (g)<\/td>\n<td style=\"text-align: center;\">52<\/td>\n<\/tr>\n<tr>\n<td>Prote\u00ednas (g)<\/td>\n<td style=\"text-align: center;\">4,3<\/td>\n<\/tr>\n<tr>\n<td>Sal (g)<\/td>\n<td style=\"text-align: center;\">7,1<\/td>\n<\/tr>\n<\/tbody>\n<\/table>\n<p>&nbsp;<\/p>\n<p>&nbsp;<\/p>\n<p>&nbsp;<\/p>","protected":false},"excerpt":{"rendered":"<p>O molho de soja doce Kikkoman essencial para os seus preparativos com toques doces e caramelizados ...<\/p>\n<ul>\n<li>Fermenta\u00e7\u00e3o natural<\/li>\n<li>Garrafa de vidro 150ml com bico<\/li>\n<li>Ideal para caramelizar<\/li>\n<li>para sushi, saladas e marinadas ...<\/li>\n<li>Mant\u00e9m na geladeira ap\u00f3s a abertura<\/li>\n<\/ul>","protected":false},"featured_media":928,"comment_status":"closed","ping_status":"closed","template":"","meta":{"neve_meta_sidebar":"","neve_meta_container":"","neve_meta_enable_content_width":"","neve_meta_content_width":0,"neve_meta_title_alignment":"","neve_meta_author_avatar":"","neve_post_elements_order":"","neve_meta_disable_header":"","neve_meta_disable_footer":"","neve_meta_disable_title":""},"product_brand":[],"product_cat":[26],"product_tag":[],"class_list":{"0":"post-927","1":"product","2":"type-product","3":"status-publish","4":"has-post-thumbnail","6":"product_cat-epicerie","8":"first","9":"outofstock","10":"taxable","11":"shipping-taxable","12":"purchasable","13":"product-type-simple"},"yoast_head":"<!-- This site is optimized with the Yoast SEO plugin v27.5 - https:\/\/yoast.com\/product\/yoast-seo-wordpress\/ -->\n<title>Sauce de Soja Sucr\u00e9e Kikkoman 150ml - Easy Sushi\u00ae<\/title>\n<meta name=\"description\" content=\"La sauce soja sucr\u00e9e Kikkoman est id\u00e9ale pour apporter une touche sucr\u00e9e \u00e0 vos pr\u00e9parations et caram\u00e9liser vos l\u00e9gumes, viandes...\" \/>\n<meta name=\"robots\" content=\"index, follow, max-snippet:-1, max-image-preview:large, max-video-preview:-1\" \/>\n<link rel=\"canonical\" href=\"https:\/\/easy-sushi.com\/pt\/fazer-compras-2\/doce-molho-de-soja-kikkoman-150ml\/\" \/>\n<meta property=\"og:locale\" content=\"pt_PT\" \/>\n<meta property=\"og:type\" content=\"article\" \/>\n<meta property=\"og:title\" content=\"Sauce de Soja Sucr\u00e9e Kikkoman 150ml - Easy Sushi\u00ae\" \/>\n<meta property=\"og:description\" content=\"La sauce soja sucr\u00e9e Kikkoman est id\u00e9ale pour apporter une touche sucr\u00e9e \u00e0 vos pr\u00e9parations et caram\u00e9liser vos l\u00e9gumes, viandes...\" \/>\n<meta property=\"og:url\" content=\"https:\/\/easy-sushi.com\/pt\/fazer-compras-2\/doce-molho-de-soja-kikkoman-150ml\/\" \/>\n<meta property=\"og:site_name\" content=\"Easy Sushi\u00ae\" \/>\n<meta property=\"article:publisher\" content=\"https:\/\/www.facebook.com\/EasySushi\/\" \/>\n<meta property=\"article:modified_time\" content=\"2022-11-25T18:12:05+00:00\" \/>\n<meta property=\"og:image\" content=\"https:\/\/easy-sushi.com\/wp-content\/uploads\/2019\/09\/Sauce-Soja-sucree-Kikkoman-Sugar-Soy-Sauce-150ml.jpg\" \/>\n\t<meta property=\"og:image:width\" content=\"1200\" \/>\n\t<meta property=\"og:image:height\" content=\"1200\" \/>\n\t<meta property=\"og:image:type\" content=\"image\/jpeg\" \/>\n<meta name=\"twitter:card\" content=\"summary_large_image\" \/>\n<meta name=\"twitter:site\" content=\"@EasySushi\" \/>\n<meta name=\"twitter:label1\" content=\"Tempo estimado de leitura\" \/>\n\t<meta name=\"twitter:data1\" content=\"1 minuto\" \/>\n<script type=\"application\/ld+json\" class=\"yoast-schema-graph\">{\"@context\":\"https:\\\/\\\/schema.org\",\"@graph\":[{\"@type\":\"WebPage\",\"@id\":\"https:\\\/\\\/easy-sushi.com\\\/boutique\\\/sauce-de-soja-sucree-kikkoman-150ml\\\/\",\"url\":\"https:\\\/\\\/easy-sushi.com\\\/boutique\\\/sauce-de-soja-sucree-kikkoman-150ml\\\/\",\"name\":\"Sauce de Soja Sucr\u00e9e Kikkoman 150ml - Easy Sushi\u00ae\",\"isPartOf\":{\"@id\":\"https:\\\/\\\/easy-sushi.com\\\/nl\\\/#website\"},\"primaryImageOfPage\":{\"@id\":\"https:\\\/\\\/easy-sushi.com\\\/boutique\\\/sauce-de-soja-sucree-kikkoman-150ml\\\/#primaryimage\"},\"image\":{\"@id\":\"https:\\\/\\\/easy-sushi.com\\\/boutique\\\/sauce-de-soja-sucree-kikkoman-150ml\\\/#primaryimage\"},\"thumbnailUrl\":\"https:\\\/\\\/easy-sushi.com\\\/wp-content\\\/uploads\\\/2019\\\/09\\\/Sauce-Soja-sucree-Kikkoman-Sugar-Soy-Sauce-150ml.jpg\",\"datePublished\":\"2019-09-23T12:48:01+00:00\",\"dateModified\":\"2022-11-25T18:12:05+00:00\",\"description\":\"La sauce soja sucr\u00e9e Kikkoman est id\u00e9ale pour apporter une touche sucr\u00e9e \u00e0 vos pr\u00e9parations et caram\u00e9liser vos l\u00e9gumes, viandes...\",\"breadcrumb\":{\"@id\":\"https:\\\/\\\/easy-sushi.com\\\/boutique\\\/sauce-de-soja-sucree-kikkoman-150ml\\\/#breadcrumb\"},\"inLanguage\":\"pt-PT\",\"potentialAction\":[{\"@type\":\"ReadAction\",\"target\":[\"https:\\\/\\\/easy-sushi.com\\\/boutique\\\/sauce-de-soja-sucree-kikkoman-150ml\\\/\"]}]},{\"@type\":\"ImageObject\",\"inLanguage\":\"pt-PT\",\"@id\":\"https:\\\/\\\/easy-sushi.com\\\/boutique\\\/sauce-de-soja-sucree-kikkoman-150ml\\\/#primaryimage\",\"url\":\"https:\\\/\\\/easy-sushi.com\\\/wp-content\\\/uploads\\\/2019\\\/09\\\/Sauce-Soja-sucree-Kikkoman-Sugar-Soy-Sauce-150ml.jpg\",\"contentUrl\":\"https:\\\/\\\/easy-sushi.com\\\/wp-content\\\/uploads\\\/2019\\\/09\\\/Sauce-Soja-sucree-Kikkoman-Sugar-Soy-Sauce-150ml.jpg\",\"width\":1200,\"height\":1200,\"caption\":\"Sauce-Soja-sucree-Kikkoman-Sugar-Soy-Sauce-150ml\"},{\"@type\":\"BreadcrumbList\",\"@id\":\"https:\\\/\\\/easy-sushi.com\\\/boutique\\\/sauce-de-soja-sucree-kikkoman-150ml\\\/#breadcrumb\",\"itemListElement\":[{\"@type\":\"ListItem\",\"position\":1,\"name\":\"Accueil\",\"item\":\"https:\\\/\\\/easy-sushi.com\\\/\"},{\"@type\":\"ListItem\",\"position\":2,\"name\":\"Boutique\",\"item\":\"https:\\\/\\\/easy-sushi.com\\\/pt\\\/boutique\\\/\"},{\"@type\":\"ListItem\",\"position\":3,\"name\":\"\u00c9picerie\",\"item\":\"https:\\\/\\\/easy-sushi.com\\\/categorie-produit\\\/epicerie\\\/\"},{\"@type\":\"ListItem\",\"position\":4,\"name\":\"Sauce de Soja Sucr\u00e9e Kikkoman 150ml\"}]},{\"@type\":\"WebSite\",\"@id\":\"https:\\\/\\\/easy-sushi.com\\\/nl\\\/#website\",\"url\":\"https:\\\/\\\/easy-sushi.com\\\/nl\\\/\",\"name\":\"Easy Sushi\u00ae\",\"description\":\"\",\"publisher\":{\"@id\":\"https:\\\/\\\/easy-sushi.com\\\/nl\\\/#organization\"},\"potentialAction\":[{\"@type\":\"SearchAction\",\"target\":{\"@type\":\"EntryPoint\",\"urlTemplate\":\"https:\\\/\\\/easy-sushi.com\\\/nl\\\/?s={search_term_string}\"},\"query-input\":{\"@type\":\"PropertyValueSpecification\",\"valueRequired\":true,\"valueName\":\"search_term_string\"}}],\"inLanguage\":\"pt-PT\"},{\"@type\":\"Organization\",\"@id\":\"https:\\\/\\\/easy-sushi.com\\\/nl\\\/#organization\",\"name\":\"Easy Sushi\u00ae\",\"url\":\"https:\\\/\\\/easy-sushi.com\\\/nl\\\/\",\"logo\":{\"@type\":\"ImageObject\",\"inLanguage\":\"pt-PT\",\"@id\":\"https:\\\/\\\/easy-sushi.com\\\/nl\\\/#\\\/schema\\\/logo\\\/image\\\/\",\"url\":\"https:\\\/\\\/easy-sushi.com\\\/wp-content\\\/uploads\\\/2021\\\/01\\\/easy_sushi_logotype.svg\",\"contentUrl\":\"https:\\\/\\\/easy-sushi.com\\\/wp-content\\\/uploads\\\/2021\\\/01\\\/easy_sushi_logotype.svg\",\"width\":513,\"height\":357,\"caption\":\"Easy Sushi\u00ae\"},\"image\":{\"@id\":\"https:\\\/\\\/easy-sushi.com\\\/nl\\\/#\\\/schema\\\/logo\\\/image\\\/\"},\"sameAs\":[\"https:\\\/\\\/www.facebook.com\\\/EasySushi\\\/\",\"https:\\\/\\\/x.com\\\/EasySushi\",\"https:\\\/\\\/www.instagram.com\\\/easysushieasyrolls\\\/\",\"https:\\\/\\\/www.youtube.com\\\/user\\\/EasysushiEasyrolls\"]}]}<\/script>\n<!-- \/ Yoast SEO plugin. -->","yoast_head_json":{"title":"Molho Doce de Soja Kikkoman 150ml - Easy Sushi\u00ae","description":"O molho de soja doce Kikkoman \u00e9 ideal para dar um toque adocicado \u00e0s suas prepara\u00e7\u00f5es e caramelizar vegetais, carnes ...","robots":{"index":"index","follow":"follow","max-snippet":"max-snippet:-1","max-image-preview":"max-image-preview:large","max-video-preview":"max-video-preview:-1"},"canonical":"https:\/\/easy-sushi.com\/pt\/fazer-compras-2\/doce-molho-de-soja-kikkoman-150ml\/","og_locale":"pt_PT","og_type":"article","og_title":"Sauce de Soja Sucr\u00e9e Kikkoman 150ml - Easy Sushi\u00ae","og_description":"La sauce soja sucr\u00e9e Kikkoman est id\u00e9ale pour apporter une touche sucr\u00e9e \u00e0 vos pr\u00e9parations et caram\u00e9liser vos l\u00e9gumes, viandes...","og_url":"https:\/\/easy-sushi.com\/pt\/fazer-compras-2\/doce-molho-de-soja-kikkoman-150ml\/","og_site_name":"Easy Sushi\u00ae","article_publisher":"https:\/\/www.facebook.com\/EasySushi\/","article_modified_time":"2022-11-25T18:12:05+00:00","og_image":[{"width":1200,"height":1200,"url":"https:\/\/easy-sushi.com\/wp-content\/uploads\/2019\/09\/Sauce-Soja-sucree-Kikkoman-Sugar-Soy-Sauce-150ml.jpg","type":"image\/jpeg"}],"twitter_card":"summary_large_image","twitter_site":"@EasySushi","twitter_misc":{"Tempo estimado de leitura":"1 minuto"},"schema":{"@context":"https:\/\/schema.org","@graph":[{"@type":"WebPage","@id":"https:\/\/easy-sushi.com\/boutique\/sauce-de-soja-sucree-kikkoman-150ml\/","url":"https:\/\/easy-sushi.com\/boutique\/sauce-de-soja-sucree-kikkoman-150ml\/","name":"Molho Doce de Soja Kikkoman 150ml - Easy Sushi\u00ae","isPartOf":{"@id":"https:\/\/easy-sushi.com\/nl\/#website"},"primaryImageOfPage":{"@id":"https:\/\/easy-sushi.com\/boutique\/sauce-de-soja-sucree-kikkoman-150ml\/#primaryimage"},"image":{"@id":"https:\/\/easy-sushi.com\/boutique\/sauce-de-soja-sucree-kikkoman-150ml\/#primaryimage"},"thumbnailUrl":"https:\/\/easy-sushi.com\/wp-content\/uploads\/2019\/09\/Sauce-Soja-sucree-Kikkoman-Sugar-Soy-Sauce-150ml.jpg","datePublished":"2019-09-23T12:48:01+00:00","dateModified":"2022-11-25T18:12:05+00:00","description":"O molho de soja doce Kikkoman \u00e9 ideal para dar um toque adocicado \u00e0s suas prepara\u00e7\u00f5es e caramelizar vegetais, carnes ...","breadcrumb":{"@id":"https:\/\/easy-sushi.com\/boutique\/sauce-de-soja-sucree-kikkoman-150ml\/#breadcrumb"},"inLanguage":"pt-PT","potentialAction":[{"@type":"ReadAction","target":["https:\/\/easy-sushi.com\/boutique\/sauce-de-soja-sucree-kikkoman-150ml\/"]}]},{"@type":"ImageObject","inLanguage":"pt-PT","@id":"https:\/\/easy-sushi.com\/boutique\/sauce-de-soja-sucree-kikkoman-150ml\/#primaryimage","url":"https:\/\/easy-sushi.com\/wp-content\/uploads\/2019\/09\/Sauce-Soja-sucree-Kikkoman-Sugar-Soy-Sauce-150ml.jpg","contentUrl":"https:\/\/easy-sushi.com\/wp-content\/uploads\/2019\/09\/Sauce-Soja-sucree-Kikkoman-Sugar-Soy-Sauce-150ml.jpg","width":1200,"height":1200,"caption":"Sauce-Soja-sucree-Kikkoman-Sugar-Soy-Sauce-150ml"},{"@type":"BreadcrumbList","@id":"https:\/\/easy-sushi.com\/boutique\/sauce-de-soja-sucree-kikkoman-150ml\/#breadcrumb","itemListElement":[{"@type":"ListItem","position":1,"name":"Accueil","item":"https:\/\/easy-sushi.com\/"},{"@type":"ListItem","position":2,"name":"Boutique","item":"https:\/\/easy-sushi.com\/pt\/boutique\/"},{"@type":"ListItem","position":3,"name":"\u00c9picerie","item":"https:\/\/easy-sushi.com\/categorie-produit\/epicerie\/"},{"@type":"ListItem","position":4,"name":"Sauce de Soja Sucr\u00e9e Kikkoman 150ml"}]},{"@type":"WebSite","@id":"https:\/\/easy-sushi.com\/nl\/#website","url":"https:\/\/easy-sushi.com\/nl\/","name":"Easy Sushi\u00ae","description":"","publisher":{"@id":"https:\/\/easy-sushi.com\/nl\/#organization"},"potentialAction":[{"@type":"SearchAction","target":{"@type":"EntryPoint","urlTemplate":"https:\/\/easy-sushi.com\/nl\/?s={search_term_string}"},"query-input":{"@type":"PropertyValueSpecification","valueRequired":true,"valueName":"search_term_string"}}],"inLanguage":"pt-PT"},{"@type":"Organization","@id":"https:\/\/easy-sushi.com\/nl\/#organization","name":"Easy Sushi\u00ae","url":"https:\/\/easy-sushi.com\/nl\/","logo":{"@type":"ImageObject","inLanguage":"pt-PT","@id":"https:\/\/easy-sushi.com\/nl\/#\/schema\/logo\/image\/","url":"https:\/\/easy-sushi.com\/wp-content\/uploads\/2021\/01\/easy_sushi_logotype.svg","contentUrl":"https:\/\/easy-sushi.com\/wp-content\/uploads\/2021\/01\/easy_sushi_logotype.svg","width":513,"height":357,"caption":"Easy Sushi\u00ae"},"image":{"@id":"https:\/\/easy-sushi.com\/nl\/#\/schema\/logo\/image\/"},"sameAs":["https:\/\/www.facebook.com\/EasySushi\/","https:\/\/x.com\/EasySushi","https:\/\/www.instagram.com\/easysushieasyrolls\/","https:\/\/www.youtube.com\/user\/EasysushiEasyrolls"]}]}},"_links":{"self":[{"href":"https:\/\/easy-sushi.com\/pt\/wp-json\/wp\/v2\/product\/927","targetHints":{"allow":["GET"]}}],"collection":[{"href":"https:\/\/easy-sushi.com\/pt\/wp-json\/wp\/v2\/product"}],"about":[{"href":"https:\/\/easy-sushi.com\/pt\/wp-json\/wp\/v2\/types\/product"}],"replies":[{"embeddable":true,"href":"https:\/\/easy-sushi.com\/pt\/wp-json\/wp\/v2\/comments?post=927"}],"wp:featuredmedia":[{"embeddable":true,"href":"https:\/\/easy-sushi.com\/pt\/wp-json\/wp\/v2\/media\/928"}],"wp:attachment":[{"href":"https:\/\/easy-sushi.com\/pt\/wp-json\/wp\/v2\/media?parent=927"}],"wp:term":[{"taxonomy":"product_brand","embeddable":true,"href":"https:\/\/easy-sushi.com\/pt\/wp-json\/wp\/v2\/product_brand?post=927"},{"taxonomy":"product_cat","embeddable":true,"href":"https:\/\/easy-sushi.com\/pt\/wp-json\/wp\/v2\/product_cat?post=927"},{"taxonomy":"product_tag","embeddable":true,"href":"https:\/\/easy-sushi.com\/pt\/wp-json\/wp\/v2\/product_tag?post=927"}],"curies":[{"name":"wp","href":"https:\/\/api.w.org\/{rel}","templated":true}]}}