{"id":873,"date":"2019-09-18T11:00:58","date_gmt":"2019-09-18T09:00:58","guid":{"rendered":"https:\/\/easy-sushi.com\/?post_type=product&#038;p=873"},"modified":"2020-12-15T11:41:57","modified_gmt":"2020-12-15T10:41:57","slug":"conjunto-de-2-facas-japonesas","status":"publish","type":"product","link":"https:\/\/easy-sushi.com\/pt\/fazer-compras-2\/conjunto-de-2-facas-japonesas\/","title":{"rendered":"Caixa de 2 facas japonesas"},"content":{"rendered":"<div id=\"contentTab1\" class=\"content-active\" data-name=\"contentTab\">\n<p>Este conjunto inclui duas facas de peixe, uma<em> Deba<\/em> e um <em>Yanagiba<\/em>.<\/p>\n<ul>\n<li><strong>Faca deba<\/strong> \u00e9 usado para levantar filetes de peixe e, mais geralmente, para cortar peixes. tamb\u00e9m \u00e9 muito \u00fatil para carnes. O deba tem uma l\u00e2mina caracter\u00edstica, pesada e chanfrada.<\/li>\n<\/ul>\n<ul>\n<li><strong>A faca Yanagiba<\/strong> \u00e9 usado para o corte preciso de sashimi de peixe. Pode ser usado para cortar fatias de carne ou frios. A yanagiba tem uma l\u00e2mina longa e r\u00edgida que \u00e9 ligeiramente curva.<\/li>\n<\/ul>\n<p>Estas duas facas t\u00eam cabo de madeira e s\u00e3o apresentadas numa caixa de cart\u00e3o preta.<\/p>\n<\/div>","protected":false},"excerpt":{"rendered":"<p>Prepare o seu peixe na mais pura tradi\u00e7\u00e3o com este conjunto de facas japonesas<\/p>\n<p><strong>Deba:<\/strong><\/p>\n<ul>\n<li><em>Comprimento da l\u00e2mina:<\/em> 17,5cm<\/li>\n<li><em>Comprimento total :<\/em> 30cm<\/li>\n<\/ul>\n<p><strong>Yanagiba:<\/strong><\/p>\n<ul>\n<li><em>Comprimento da l\u00e2mina: <\/em>21,5 cm<\/li>\n<li><em>Comprimento total :<\/em> 34cm<\/li>\n<\/ul>","protected":false},"featured_media":875,"comment_status":"open","ping_status":"closed","template":"","meta":{"neve_meta_sidebar":"","neve_meta_container":"","neve_meta_enable_content_width":"","neve_meta_content_width":0,"neve_meta_title_alignment":"","neve_meta_author_avatar":"","neve_post_elements_order":"","neve_meta_disable_header":"","neve_meta_disable_footer":"","neve_meta_disable_title":""},"product_brand":[],"product_cat":[24,35],"product_tag":[],"class_list":{"0":"post-873","1":"product","2":"type-product","3":"status-publish","4":"has-post-thumbnail","6":"product_cat-accessoires","7":"product_cat-planches-couteaux-et-baguettes","9":"first","10":"outofstock","11":"taxable","12":"shipping-taxable","13":"purchasable","14":"product-type-simple"},"yoast_head":"<!-- This site is optimized with the Yoast SEO plugin v27.5 - https:\/\/yoast.com\/product\/yoast-seo-wordpress\/ -->\n<title>Coffret de 2 Couteaux Japonais - Easy Sushi\u00ae<\/title>\n<meta name=\"description\" content=\"Coffret de 2 Couteaux Japonais Deba et Yanagiba munis d&#039;un manche en bois et pr\u00e9sent\u00e9s dans un coffret en carton noir\" \/>\n<meta name=\"robots\" content=\"index, follow, max-snippet:-1, max-image-preview:large, max-video-preview:-1\" \/>\n<link rel=\"canonical\" href=\"https:\/\/easy-sushi.com\/pt\/fazer-compras-2\/conjunto-de-2-facas-japonesas\/\" \/>\n<meta property=\"og:locale\" content=\"pt_PT\" \/>\n<meta property=\"og:type\" content=\"article\" \/>\n<meta property=\"og:title\" content=\"Coffret de 2 Couteaux Japonais - Easy Sushi\u00ae\" \/>\n<meta property=\"og:description\" content=\"Coffret de 2 Couteaux Japonais Deba et Yanagiba munis d&#039;un manche en bois et pr\u00e9sent\u00e9s dans un coffret en carton noir\" \/>\n<meta property=\"og:url\" content=\"https:\/\/easy-sushi.com\/pt\/fazer-compras-2\/conjunto-de-2-facas-japonesas\/\" \/>\n<meta property=\"og:site_name\" content=\"Easy Sushi\u00ae\" \/>\n<meta property=\"article:publisher\" content=\"https:\/\/www.facebook.com\/EasySushi\/\" \/>\n<meta property=\"article:modified_time\" content=\"2020-12-15T10:41:57+00:00\" \/>\n<meta property=\"og:image\" content=\"https:\/\/easy-sushi.com\/wp-content\/uploads\/2019\/09\/Coffret-Couteaux-Japonais-Deba-Yanagiba.jpg\" \/>\n\t<meta property=\"og:image:width\" content=\"1200\" \/>\n\t<meta property=\"og:image:height\" content=\"1200\" \/>\n\t<meta property=\"og:image:type\" content=\"image\/jpeg\" \/>\n<meta name=\"twitter:card\" content=\"summary_large_image\" \/>\n<meta name=\"twitter:site\" content=\"@EasySushi\" \/>\n<meta name=\"twitter:label1\" content=\"Tempo estimado de leitura\" \/>\n\t<meta name=\"twitter:data1\" content=\"1 minuto\" \/>\n<script type=\"application\/ld+json\" class=\"yoast-schema-graph\">{\"@context\":\"https:\\\/\\\/schema.org\",\"@graph\":[{\"@type\":\"WebPage\",\"@id\":\"https:\\\/\\\/easy-sushi.com\\\/boutique\\\/coffret-de-2-couteaux-japonais\\\/\",\"url\":\"https:\\\/\\\/easy-sushi.com\\\/boutique\\\/coffret-de-2-couteaux-japonais\\\/\",\"name\":\"Coffret de 2 Couteaux Japonais - Easy Sushi\u00ae\",\"isPartOf\":{\"@id\":\"https:\\\/\\\/easy-sushi.com\\\/nl\\\/#website\"},\"primaryImageOfPage\":{\"@id\":\"https:\\\/\\\/easy-sushi.com\\\/boutique\\\/coffret-de-2-couteaux-japonais\\\/#primaryimage\"},\"image\":{\"@id\":\"https:\\\/\\\/easy-sushi.com\\\/boutique\\\/coffret-de-2-couteaux-japonais\\\/#primaryimage\"},\"thumbnailUrl\":\"https:\\\/\\\/easy-sushi.com\\\/wp-content\\\/uploads\\\/2019\\\/09\\\/Coffret-Couteaux-Japonais-Deba-Yanagiba.jpg\",\"datePublished\":\"2019-09-18T09:00:58+00:00\",\"dateModified\":\"2020-12-15T10:41:57+00:00\",\"description\":\"Coffret de 2 Couteaux Japonais Deba et Yanagiba munis d'un manche en bois et pr\u00e9sent\u00e9s dans un coffret en carton noir\",\"breadcrumb\":{\"@id\":\"https:\\\/\\\/easy-sushi.com\\\/boutique\\\/coffret-de-2-couteaux-japonais\\\/#breadcrumb\"},\"inLanguage\":\"pt-PT\",\"potentialAction\":[{\"@type\":\"ReadAction\",\"target\":[\"https:\\\/\\\/easy-sushi.com\\\/boutique\\\/coffret-de-2-couteaux-japonais\\\/\"]}]},{\"@type\":\"ImageObject\",\"inLanguage\":\"pt-PT\",\"@id\":\"https:\\\/\\\/easy-sushi.com\\\/boutique\\\/coffret-de-2-couteaux-japonais\\\/#primaryimage\",\"url\":\"https:\\\/\\\/easy-sushi.com\\\/wp-content\\\/uploads\\\/2019\\\/09\\\/Coffret-Couteaux-Japonais-Deba-Yanagiba.jpg\",\"contentUrl\":\"https:\\\/\\\/easy-sushi.com\\\/wp-content\\\/uploads\\\/2019\\\/09\\\/Coffret-Couteaux-Japonais-Deba-Yanagiba.jpg\",\"width\":1200,\"height\":1200,\"caption\":\"Coffret Couteaux Japonais Deba Yanagiba\"},{\"@type\":\"BreadcrumbList\",\"@id\":\"https:\\\/\\\/easy-sushi.com\\\/boutique\\\/coffret-de-2-couteaux-japonais\\\/#breadcrumb\",\"itemListElement\":[{\"@type\":\"ListItem\",\"position\":1,\"name\":\"Accueil\",\"item\":\"https:\\\/\\\/easy-sushi.com\\\/\"},{\"@type\":\"ListItem\",\"position\":2,\"name\":\"Boutique\",\"item\":\"https:\\\/\\\/easy-sushi.com\\\/pt\\\/boutique\\\/\"},{\"@type\":\"ListItem\",\"position\":3,\"name\":\"Accessoires de cuisine Japonaise\",\"item\":\"https:\\\/\\\/easy-sushi.com\\\/categorie-produit\\\/accessoires\\\/\"},{\"@type\":\"ListItem\",\"position\":4,\"name\":\"Coffret de 2 Couteaux Japonais\"}]},{\"@type\":\"WebSite\",\"@id\":\"https:\\\/\\\/easy-sushi.com\\\/nl\\\/#website\",\"url\":\"https:\\\/\\\/easy-sushi.com\\\/nl\\\/\",\"name\":\"Easy Sushi\u00ae\",\"description\":\"\",\"publisher\":{\"@id\":\"https:\\\/\\\/easy-sushi.com\\\/nl\\\/#organization\"},\"potentialAction\":[{\"@type\":\"SearchAction\",\"target\":{\"@type\":\"EntryPoint\",\"urlTemplate\":\"https:\\\/\\\/easy-sushi.com\\\/nl\\\/?s={search_term_string}\"},\"query-input\":{\"@type\":\"PropertyValueSpecification\",\"valueRequired\":true,\"valueName\":\"search_term_string\"}}],\"inLanguage\":\"pt-PT\"},{\"@type\":\"Organization\",\"@id\":\"https:\\\/\\\/easy-sushi.com\\\/nl\\\/#organization\",\"name\":\"Easy Sushi\u00ae\",\"url\":\"https:\\\/\\\/easy-sushi.com\\\/nl\\\/\",\"logo\":{\"@type\":\"ImageObject\",\"inLanguage\":\"pt-PT\",\"@id\":\"https:\\\/\\\/easy-sushi.com\\\/nl\\\/#\\\/schema\\\/logo\\\/image\\\/\",\"url\":\"https:\\\/\\\/easy-sushi.com\\\/wp-content\\\/uploads\\\/2021\\\/01\\\/easy_sushi_logotype.svg\",\"contentUrl\":\"https:\\\/\\\/easy-sushi.com\\\/wp-content\\\/uploads\\\/2021\\\/01\\\/easy_sushi_logotype.svg\",\"width\":513,\"height\":357,\"caption\":\"Easy Sushi\u00ae\"},\"image\":{\"@id\":\"https:\\\/\\\/easy-sushi.com\\\/nl\\\/#\\\/schema\\\/logo\\\/image\\\/\"},\"sameAs\":[\"https:\\\/\\\/www.facebook.com\\\/EasySushi\\\/\",\"https:\\\/\\\/x.com\\\/EasySushi\",\"https:\\\/\\\/www.instagram.com\\\/easysushieasyrolls\\\/\",\"https:\\\/\\\/www.youtube.com\\\/user\\\/EasysushiEasyrolls\"]}]}<\/script>\n<!-- \/ Yoast SEO plugin. -->","yoast_head_json":{"title":"Caixa com 2 facas japonesas - Easy Sushi\u00ae","description":"Caixa com 2 facas japonesas Deba e Yanagiba com cabo de madeira e apresentadas em caixa de papel\u00e3o preta","robots":{"index":"index","follow":"follow","max-snippet":"max-snippet:-1","max-image-preview":"max-image-preview:large","max-video-preview":"max-video-preview:-1"},"canonical":"https:\/\/easy-sushi.com\/pt\/fazer-compras-2\/conjunto-de-2-facas-japonesas\/","og_locale":"pt_PT","og_type":"article","og_title":"Coffret de 2 Couteaux Japonais - Easy Sushi\u00ae","og_description":"Coffret de 2 Couteaux Japonais Deba et Yanagiba munis d'un manche en bois et pr\u00e9sent\u00e9s dans un coffret en carton noir","og_url":"https:\/\/easy-sushi.com\/pt\/fazer-compras-2\/conjunto-de-2-facas-japonesas\/","og_site_name":"Easy Sushi\u00ae","article_publisher":"https:\/\/www.facebook.com\/EasySushi\/","article_modified_time":"2020-12-15T10:41:57+00:00","og_image":[{"width":1200,"height":1200,"url":"https:\/\/easy-sushi.com\/wp-content\/uploads\/2019\/09\/Coffret-Couteaux-Japonais-Deba-Yanagiba.jpg","type":"image\/jpeg"}],"twitter_card":"summary_large_image","twitter_site":"@EasySushi","twitter_misc":{"Tempo estimado de leitura":"1 minuto"},"schema":{"@context":"https:\/\/schema.org","@graph":[{"@type":"WebPage","@id":"https:\/\/easy-sushi.com\/boutique\/coffret-de-2-couteaux-japonais\/","url":"https:\/\/easy-sushi.com\/boutique\/coffret-de-2-couteaux-japonais\/","name":"Caixa com 2 facas japonesas - Easy Sushi\u00ae","isPartOf":{"@id":"https:\/\/easy-sushi.com\/nl\/#website"},"primaryImageOfPage":{"@id":"https:\/\/easy-sushi.com\/boutique\/coffret-de-2-couteaux-japonais\/#primaryimage"},"image":{"@id":"https:\/\/easy-sushi.com\/boutique\/coffret-de-2-couteaux-japonais\/#primaryimage"},"thumbnailUrl":"https:\/\/easy-sushi.com\/wp-content\/uploads\/2019\/09\/Coffret-Couteaux-Japonais-Deba-Yanagiba.jpg","datePublished":"2019-09-18T09:00:58+00:00","dateModified":"2020-12-15T10:41:57+00:00","description":"Caixa com 2 facas japonesas Deba e Yanagiba com cabo de madeira e apresentadas em caixa de papel\u00e3o preta","breadcrumb":{"@id":"https:\/\/easy-sushi.com\/boutique\/coffret-de-2-couteaux-japonais\/#breadcrumb"},"inLanguage":"pt-PT","potentialAction":[{"@type":"ReadAction","target":["https:\/\/easy-sushi.com\/boutique\/coffret-de-2-couteaux-japonais\/"]}]},{"@type":"ImageObject","inLanguage":"pt-PT","@id":"https:\/\/easy-sushi.com\/boutique\/coffret-de-2-couteaux-japonais\/#primaryimage","url":"https:\/\/easy-sushi.com\/wp-content\/uploads\/2019\/09\/Coffret-Couteaux-Japonais-Deba-Yanagiba.jpg","contentUrl":"https:\/\/easy-sushi.com\/wp-content\/uploads\/2019\/09\/Coffret-Couteaux-Japonais-Deba-Yanagiba.jpg","width":1200,"height":1200,"caption":"Coffret Couteaux Japonais Deba Yanagiba"},{"@type":"BreadcrumbList","@id":"https:\/\/easy-sushi.com\/boutique\/coffret-de-2-couteaux-japonais\/#breadcrumb","itemListElement":[{"@type":"ListItem","position":1,"name":"Accueil","item":"https:\/\/easy-sushi.com\/"},{"@type":"ListItem","position":2,"name":"Boutique","item":"https:\/\/easy-sushi.com\/pt\/boutique\/"},{"@type":"ListItem","position":3,"name":"Accessoires de cuisine Japonaise","item":"https:\/\/easy-sushi.com\/categorie-produit\/accessoires\/"},{"@type":"ListItem","position":4,"name":"Coffret de 2 Couteaux Japonais"}]},{"@type":"WebSite","@id":"https:\/\/easy-sushi.com\/nl\/#website","url":"https:\/\/easy-sushi.com\/nl\/","name":"Easy Sushi\u00ae","description":"","publisher":{"@id":"https:\/\/easy-sushi.com\/nl\/#organization"},"potentialAction":[{"@type":"SearchAction","target":{"@type":"EntryPoint","urlTemplate":"https:\/\/easy-sushi.com\/nl\/?s={search_term_string}"},"query-input":{"@type":"PropertyValueSpecification","valueRequired":true,"valueName":"search_term_string"}}],"inLanguage":"pt-PT"},{"@type":"Organization","@id":"https:\/\/easy-sushi.com\/nl\/#organization","name":"Easy Sushi\u00ae","url":"https:\/\/easy-sushi.com\/nl\/","logo":{"@type":"ImageObject","inLanguage":"pt-PT","@id":"https:\/\/easy-sushi.com\/nl\/#\/schema\/logo\/image\/","url":"https:\/\/easy-sushi.com\/wp-content\/uploads\/2021\/01\/easy_sushi_logotype.svg","contentUrl":"https:\/\/easy-sushi.com\/wp-content\/uploads\/2021\/01\/easy_sushi_logotype.svg","width":513,"height":357,"caption":"Easy Sushi\u00ae"},"image":{"@id":"https:\/\/easy-sushi.com\/nl\/#\/schema\/logo\/image\/"},"sameAs":["https:\/\/www.facebook.com\/EasySushi\/","https:\/\/x.com\/EasySushi","https:\/\/www.instagram.com\/easysushieasyrolls\/","https:\/\/www.youtube.com\/user\/EasysushiEasyrolls"]}]}},"_links":{"self":[{"href":"https:\/\/easy-sushi.com\/pt\/wp-json\/wp\/v2\/product\/873","targetHints":{"allow":["GET"]}}],"collection":[{"href":"https:\/\/easy-sushi.com\/pt\/wp-json\/wp\/v2\/product"}],"about":[{"href":"https:\/\/easy-sushi.com\/pt\/wp-json\/wp\/v2\/types\/product"}],"replies":[{"embeddable":true,"href":"https:\/\/easy-sushi.com\/pt\/wp-json\/wp\/v2\/comments?post=873"}],"wp:featuredmedia":[{"embeddable":true,"href":"https:\/\/easy-sushi.com\/pt\/wp-json\/wp\/v2\/media\/875"}],"wp:attachment":[{"href":"https:\/\/easy-sushi.com\/pt\/wp-json\/wp\/v2\/media?parent=873"}],"wp:term":[{"taxonomy":"product_brand","embeddable":true,"href":"https:\/\/easy-sushi.com\/pt\/wp-json\/wp\/v2\/product_brand?post=873"},{"taxonomy":"product_cat","embeddable":true,"href":"https:\/\/easy-sushi.com\/pt\/wp-json\/wp\/v2\/product_cat?post=873"},{"taxonomy":"product_tag","embeddable":true,"href":"https:\/\/easy-sushi.com\/pt\/wp-json\/wp\/v2\/product_tag?post=873"}],"curies":[{"name":"wp","href":"https:\/\/api.w.org\/{rel}","templated":true}]}}