{"id":822,"date":"2019-09-17T16:05:25","date_gmt":"2019-09-17T14:05:25","guid":{"rendered":"https:\/\/easy-sushi.com\/?post_type=product&#038;p=822"},"modified":"2026-04-16T16:50:33","modified_gmt":"2026-04-16T14:50:33","slug":"caixa-de-coquetel","status":"publish","type":"product","link":"https:\/\/easy-sushi.com\/pt\/fazer-compras-2\/caixa-de-coquetel\/","title":{"rendered":"Easy Sushi\u00ae 2.5 Cocktail Party Box"},"content":{"rendered":"<ul>\n<li>Como funciona ?<\/li>\n<\/ul>\n<p>O dispositivo consiste em um cilindro feito de duas conchas ABS de grau aliment\u00edcio, que podem ser lavadas na m\u00e1quina de lavar lou\u00e7a, e um filme de tra\u00e7\u00e3o de polipropileno de grau aliment\u00edcio flex\u00edvel, que pode ser limpo com uma esponja n\u00e3o abrasiva, com \u00e1gua com sab\u00e3o. F\u00e1cil de usar, agora voc\u00ea pode fazer, em tempo recorde, entre seis e oito makis ou todos os outros tipos de wraps feitos de folhas de massa, omelete, crepe e muito mais. Veja nossos v\u00eddeos de demonstra\u00e7\u00e3o. <a href=\"\/pt\/conceito\/videos\/\">eu assisto<\/a>.<\/p>\n<ul>\n<li>Nossas receitas favoritas<\/li>\n<\/ul>\n<p>O Easy Sushi\u00ae oferece sua sele\u00e7\u00e3o agrupada em 3 livros de receitas gourmet. <a href=\"\/pt\/receitas\/\">Eu vou.<\/a><\/p>\n<ul>\n<li>Preciso de ajuda ?<\/li>\n<\/ul>\n<p>Conhe\u00e7a nossas instru\u00e7\u00f5es de uso e torne-se um mestre na arte de fazer sushi. <a href=\"\/pt\/manual\/\">Consulte Mais informa\u00e7\u00e3o<\/a>.<\/p>","protected":false},"excerpt":{"rendered":"<p>Fa\u00e7a o seu sushi de forma f\u00e1cil e r\u00e1pida com Easy Sushi\u00ae e esta caixa inteligente especialmente dedicada aos amantes de aperitivos com amigos<\/p>\n<ul>\n<li>Easy Sushi\u00ae 2.5 Black Box<\/li>\n<li>1 livro de coquetel<\/li>\n<li>25 receitas originais<\/li>\n<li>Hosomaki e mordidas de aperitivo<\/li>\n<li>Feito franc\u00eas<\/li>\n<li>Instru\u00e7\u00f5es inclu\u00eddas<\/li>\n<li>Dimens\u00f5es 26 x 4,4 x 31 cm<\/li>\n<li>Lavagem f\u00e1cil<\/li>\n<\/ul>\n<p>Easy Sushi\u00ae 2.5 Black da Easy Sushi\u00ae<\/p>","protected":false},"featured_media":27493,"comment_status":"open","ping_status":"closed","template":"","meta":{"neve_meta_sidebar":"","neve_meta_container":"","neve_meta_enable_content_width":"off","neve_meta_content_width":100,"neve_meta_title_alignment":"","neve_meta_author_avatar":"","neve_post_elements_order":"","neve_meta_disable_header":"","neve_meta_disable_footer":"","neve_meta_disable_title":""},"product_brand":[],"product_cat":[86,22],"product_tag":[],"class_list":{"0":"post-822","1":"product","2":"type-product","3":"status-publish","4":"has-post-thumbnail","6":"product_cat-machine-a-sushi","7":"product_cat-coffrets","9":"first","10":"instock","11":"taxable","12":"shipping-taxable","13":"purchasable","14":"product-type-variable","15":"has-default-attributes"},"yoast_head":"<!-- This site is optimized with the Yoast SEO plugin v27.4 - https:\/\/yoast.com\/product\/yoast-seo-wordpress\/ -->\n<title>Coffret Easy Sushi\u00ae 2.5 Coktail Party - Easy Sushi\u00ae<\/title>\n<meta name=\"description\" content=\"R\u00e9alisez vos sushis facilement et rapidement avec Easy Sushi\u00ae et ce coffret astucieux d\u00e9di\u00e9 sp\u00e9cialement aux amateurs d&#039;ap\u00e9ros entres amis\" \/>\n<meta name=\"robots\" content=\"index, follow, max-snippet:-1, max-image-preview:large, max-video-preview:-1\" \/>\n<link rel=\"canonical\" href=\"https:\/\/easy-sushi.com\/pt\/fazer-compras-2\/caixa-de-coquetel\/\" \/>\n<meta property=\"og:locale\" content=\"pt_PT\" \/>\n<meta property=\"og:type\" content=\"article\" \/>\n<meta property=\"og:title\" content=\"Coffret Easy Sushi\u00ae 2.5 Coktail Party - Easy Sushi\u00ae\" \/>\n<meta property=\"og:description\" content=\"R\u00e9alisez vos sushis facilement et rapidement avec Easy Sushi\u00ae et ce coffret astucieux d\u00e9di\u00e9 sp\u00e9cialement aux amateurs d&#039;ap\u00e9ros entres amis\" \/>\n<meta property=\"og:url\" content=\"https:\/\/easy-sushi.com\/pt\/fazer-compras-2\/caixa-de-coquetel\/\" \/>\n<meta property=\"og:site_name\" content=\"Easy Sushi\u00ae\" \/>\n<meta property=\"article:publisher\" content=\"https:\/\/www.facebook.com\/EasySushi\/\" \/>\n<meta property=\"article:modified_time\" content=\"2026-04-16T14:50:33+00:00\" \/>\n<meta property=\"og:image\" content=\"https:\/\/easy-sushi.com\/wp-content\/uploads\/2019\/09\/easy-sushi-4.jpg\" \/>\n\t<meta property=\"og:image:width\" content=\"789\" \/>\n\t<meta property=\"og:image:height\" content=\"789\" \/>\n\t<meta property=\"og:image:type\" content=\"image\/jpeg\" \/>\n<meta name=\"twitter:card\" content=\"summary_large_image\" \/>\n<meta name=\"twitter:site\" content=\"@EasySushi\" \/>\n<meta name=\"twitter:label1\" content=\"Tempo estimado de leitura\" \/>\n\t<meta name=\"twitter:data1\" content=\"1 minuto\" \/>\n<script type=\"application\/ld+json\" class=\"yoast-schema-graph\">{\"@context\":\"https:\\\/\\\/schema.org\",\"@graph\":[{\"@type\":\"WebPage\",\"@id\":\"https:\\\/\\\/easy-sushi.com\\\/boutique\\\/coffret-coktail-party\\\/\",\"url\":\"https:\\\/\\\/easy-sushi.com\\\/boutique\\\/coffret-coktail-party\\\/\",\"name\":\"Coffret Easy Sushi\u00ae 2.5 Coktail Party - Easy Sushi\u00ae\",\"isPartOf\":{\"@id\":\"https:\\\/\\\/easy-sushi.com\\\/nl\\\/#website\"},\"primaryImageOfPage\":{\"@id\":\"https:\\\/\\\/easy-sushi.com\\\/boutique\\\/coffret-coktail-party\\\/#primaryimage\"},\"image\":{\"@id\":\"https:\\\/\\\/easy-sushi.com\\\/boutique\\\/coffret-coktail-party\\\/#primaryimage\"},\"thumbnailUrl\":\"https:\\\/\\\/easy-sushi.com\\\/wp-content\\\/uploads\\\/2019\\\/09\\\/easy-sushi-4.jpg\",\"datePublished\":\"2019-09-17T14:05:25+00:00\",\"dateModified\":\"2026-04-16T14:50:33+00:00\",\"description\":\"R\u00e9alisez vos sushis facilement et rapidement avec Easy Sushi\u00ae et ce coffret astucieux d\u00e9di\u00e9 sp\u00e9cialement aux amateurs d'ap\u00e9ros entres amis\",\"breadcrumb\":{\"@id\":\"https:\\\/\\\/easy-sushi.com\\\/boutique\\\/coffret-coktail-party\\\/#breadcrumb\"},\"inLanguage\":\"pt-PT\",\"potentialAction\":[{\"@type\":\"ReadAction\",\"target\":[\"https:\\\/\\\/easy-sushi.com\\\/boutique\\\/coffret-coktail-party\\\/\"]}]},{\"@type\":\"ImageObject\",\"inLanguage\":\"pt-PT\",\"@id\":\"https:\\\/\\\/easy-sushi.com\\\/boutique\\\/coffret-coktail-party\\\/#primaryimage\",\"url\":\"https:\\\/\\\/easy-sushi.com\\\/wp-content\\\/uploads\\\/2019\\\/09\\\/easy-sushi-4.jpg\",\"contentUrl\":\"https:\\\/\\\/easy-sushi.com\\\/wp-content\\\/uploads\\\/2019\\\/09\\\/easy-sushi-4.jpg\",\"width\":789,\"height\":789},{\"@type\":\"BreadcrumbList\",\"@id\":\"https:\\\/\\\/easy-sushi.com\\\/boutique\\\/coffret-coktail-party\\\/#breadcrumb\",\"itemListElement\":[{\"@type\":\"ListItem\",\"position\":1,\"name\":\"Accueil\",\"item\":\"https:\\\/\\\/easy-sushi.com\\\/\"},{\"@type\":\"ListItem\",\"position\":2,\"name\":\"Boutique\",\"item\":\"https:\\\/\\\/easy-sushi.com\\\/pt\\\/boutique\\\/\"},{\"@type\":\"ListItem\",\"position\":3,\"name\":\"Coffrets Easy Sushi\u00ae\",\"item\":\"https:\\\/\\\/easy-sushi.com\\\/categorie-produit\\\/coffrets\\\/\"},{\"@type\":\"ListItem\",\"position\":4,\"name\":\"Coffret Easy Sushi\u00ae 2.5 Coktail Party\"}]},{\"@type\":\"WebSite\",\"@id\":\"https:\\\/\\\/easy-sushi.com\\\/nl\\\/#website\",\"url\":\"https:\\\/\\\/easy-sushi.com\\\/nl\\\/\",\"name\":\"Easy Sushi\u00ae\",\"description\":\"\",\"publisher\":{\"@id\":\"https:\\\/\\\/easy-sushi.com\\\/nl\\\/#organization\"},\"potentialAction\":[{\"@type\":\"SearchAction\",\"target\":{\"@type\":\"EntryPoint\",\"urlTemplate\":\"https:\\\/\\\/easy-sushi.com\\\/nl\\\/?s={search_term_string}\"},\"query-input\":{\"@type\":\"PropertyValueSpecification\",\"valueRequired\":true,\"valueName\":\"search_term_string\"}}],\"inLanguage\":\"pt-PT\"},{\"@type\":\"Organization\",\"@id\":\"https:\\\/\\\/easy-sushi.com\\\/nl\\\/#organization\",\"name\":\"Easy Sushi\u00ae\",\"url\":\"https:\\\/\\\/easy-sushi.com\\\/nl\\\/\",\"logo\":{\"@type\":\"ImageObject\",\"inLanguage\":\"pt-PT\",\"@id\":\"https:\\\/\\\/easy-sushi.com\\\/nl\\\/#\\\/schema\\\/logo\\\/image\\\/\",\"url\":\"https:\\\/\\\/easy-sushi.com\\\/wp-content\\\/uploads\\\/2021\\\/01\\\/easy_sushi_logotype.svg\",\"contentUrl\":\"https:\\\/\\\/easy-sushi.com\\\/wp-content\\\/uploads\\\/2021\\\/01\\\/easy_sushi_logotype.svg\",\"width\":513,\"height\":357,\"caption\":\"Easy Sushi\u00ae\"},\"image\":{\"@id\":\"https:\\\/\\\/easy-sushi.com\\\/nl\\\/#\\\/schema\\\/logo\\\/image\\\/\"},\"sameAs\":[\"https:\\\/\\\/www.facebook.com\\\/EasySushi\\\/\",\"https:\\\/\\\/x.com\\\/EasySushi\",\"https:\\\/\\\/www.instagram.com\\\/easysushieasyrolls\\\/\",\"https:\\\/\\\/www.youtube.com\\\/user\\\/EasysushiEasyrolls\"]}]}<\/script>\n<!-- \/ Yoast SEO plugin. -->","yoast_head_json":{"title":"Easy Sushi\u00ae 2.5 Cocktail Party Box - Easy Sushi\u00ae","description":"Fa\u00e7a o seu sushi de forma f\u00e1cil e r\u00e1pida com Easy Sushi\u00ae e esta caixa inteligente especialmente dedicada aos amantes de aperitivos com amigos","robots":{"index":"index","follow":"follow","max-snippet":"max-snippet:-1","max-image-preview":"max-image-preview:large","max-video-preview":"max-video-preview:-1"},"canonical":"https:\/\/easy-sushi.com\/pt\/fazer-compras-2\/caixa-de-coquetel\/","og_locale":"pt_PT","og_type":"article","og_title":"Coffret Easy Sushi\u00ae 2.5 Coktail Party - Easy Sushi\u00ae","og_description":"R\u00e9alisez vos sushis facilement et rapidement avec Easy Sushi\u00ae et ce coffret astucieux d\u00e9di\u00e9 sp\u00e9cialement aux amateurs d'ap\u00e9ros entres amis","og_url":"https:\/\/easy-sushi.com\/pt\/fazer-compras-2\/caixa-de-coquetel\/","og_site_name":"Easy Sushi\u00ae","article_publisher":"https:\/\/www.facebook.com\/EasySushi\/","article_modified_time":"2026-04-16T14:50:33+00:00","og_image":[{"width":789,"height":789,"url":"https:\/\/easy-sushi.com\/wp-content\/uploads\/2019\/09\/easy-sushi-4.jpg","type":"image\/jpeg"}],"twitter_card":"summary_large_image","twitter_site":"@EasySushi","twitter_misc":{"Tempo estimado de leitura":"1 minuto"},"schema":{"@context":"https:\/\/schema.org","@graph":[{"@type":"WebPage","@id":"https:\/\/easy-sushi.com\/boutique\/coffret-coktail-party\/","url":"https:\/\/easy-sushi.com\/boutique\/coffret-coktail-party\/","name":"Easy Sushi\u00ae 2.5 Cocktail Party Box - Easy Sushi\u00ae","isPartOf":{"@id":"https:\/\/easy-sushi.com\/nl\/#website"},"primaryImageOfPage":{"@id":"https:\/\/easy-sushi.com\/boutique\/coffret-coktail-party\/#primaryimage"},"image":{"@id":"https:\/\/easy-sushi.com\/boutique\/coffret-coktail-party\/#primaryimage"},"thumbnailUrl":"https:\/\/easy-sushi.com\/wp-content\/uploads\/2019\/09\/easy-sushi-4.jpg","datePublished":"2019-09-17T14:05:25+00:00","dateModified":"2026-04-16T14:50:33+00:00","description":"Fa\u00e7a o seu sushi de forma f\u00e1cil e r\u00e1pida com Easy Sushi\u00ae e esta caixa inteligente especialmente dedicada aos amantes de aperitivos com amigos","breadcrumb":{"@id":"https:\/\/easy-sushi.com\/boutique\/coffret-coktail-party\/#breadcrumb"},"inLanguage":"pt-PT","potentialAction":[{"@type":"ReadAction","target":["https:\/\/easy-sushi.com\/boutique\/coffret-coktail-party\/"]}]},{"@type":"ImageObject","inLanguage":"pt-PT","@id":"https:\/\/easy-sushi.com\/boutique\/coffret-coktail-party\/#primaryimage","url":"https:\/\/easy-sushi.com\/wp-content\/uploads\/2019\/09\/easy-sushi-4.jpg","contentUrl":"https:\/\/easy-sushi.com\/wp-content\/uploads\/2019\/09\/easy-sushi-4.jpg","width":789,"height":789},{"@type":"BreadcrumbList","@id":"https:\/\/easy-sushi.com\/boutique\/coffret-coktail-party\/#breadcrumb","itemListElement":[{"@type":"ListItem","position":1,"name":"Accueil","item":"https:\/\/easy-sushi.com\/"},{"@type":"ListItem","position":2,"name":"Boutique","item":"https:\/\/easy-sushi.com\/pt\/boutique\/"},{"@type":"ListItem","position":3,"name":"Coffrets Easy Sushi\u00ae","item":"https:\/\/easy-sushi.com\/categorie-produit\/coffrets\/"},{"@type":"ListItem","position":4,"name":"Coffret Easy Sushi\u00ae 2.5 Coktail Party"}]},{"@type":"WebSite","@id":"https:\/\/easy-sushi.com\/nl\/#website","url":"https:\/\/easy-sushi.com\/nl\/","name":"Easy Sushi\u00ae","description":"","publisher":{"@id":"https:\/\/easy-sushi.com\/nl\/#organization"},"potentialAction":[{"@type":"SearchAction","target":{"@type":"EntryPoint","urlTemplate":"https:\/\/easy-sushi.com\/nl\/?s={search_term_string}"},"query-input":{"@type":"PropertyValueSpecification","valueRequired":true,"valueName":"search_term_string"}}],"inLanguage":"pt-PT"},{"@type":"Organization","@id":"https:\/\/easy-sushi.com\/nl\/#organization","name":"Easy Sushi\u00ae","url":"https:\/\/easy-sushi.com\/nl\/","logo":{"@type":"ImageObject","inLanguage":"pt-PT","@id":"https:\/\/easy-sushi.com\/nl\/#\/schema\/logo\/image\/","url":"https:\/\/easy-sushi.com\/wp-content\/uploads\/2021\/01\/easy_sushi_logotype.svg","contentUrl":"https:\/\/easy-sushi.com\/wp-content\/uploads\/2021\/01\/easy_sushi_logotype.svg","width":513,"height":357,"caption":"Easy Sushi\u00ae"},"image":{"@id":"https:\/\/easy-sushi.com\/nl\/#\/schema\/logo\/image\/"},"sameAs":["https:\/\/www.facebook.com\/EasySushi\/","https:\/\/x.com\/EasySushi","https:\/\/www.instagram.com\/easysushieasyrolls\/","https:\/\/www.youtube.com\/user\/EasysushiEasyrolls"]}]}},"_links":{"self":[{"href":"https:\/\/easy-sushi.com\/pt\/wp-json\/wp\/v2\/product\/822","targetHints":{"allow":["GET"]}}],"collection":[{"href":"https:\/\/easy-sushi.com\/pt\/wp-json\/wp\/v2\/product"}],"about":[{"href":"https:\/\/easy-sushi.com\/pt\/wp-json\/wp\/v2\/types\/product"}],"replies":[{"embeddable":true,"href":"https:\/\/easy-sushi.com\/pt\/wp-json\/wp\/v2\/comments?post=822"}],"wp:featuredmedia":[{"embeddable":true,"href":"https:\/\/easy-sushi.com\/pt\/wp-json\/wp\/v2\/media\/27493"}],"wp:attachment":[{"href":"https:\/\/easy-sushi.com\/pt\/wp-json\/wp\/v2\/media?parent=822"}],"wp:term":[{"taxonomy":"product_brand","embeddable":true,"href":"https:\/\/easy-sushi.com\/pt\/wp-json\/wp\/v2\/product_brand?post=822"},{"taxonomy":"product_cat","embeddable":true,"href":"https:\/\/easy-sushi.com\/pt\/wp-json\/wp\/v2\/product_cat?post=822"},{"taxonomy":"product_tag","embeddable":true,"href":"https:\/\/easy-sushi.com\/pt\/wp-json\/wp\/v2\/product_tag?post=822"}],"curies":[{"name":"wp","href":"https:\/\/api.w.org\/{rel}","templated":true}]}}