{"id":766,"date":"2019-09-16T16:44:49","date_gmt":"2019-09-16T14:44:49","guid":{"rendered":"https:\/\/easy-sushi.com\/?post_type=product&#038;p=766"},"modified":"2026-04-16T16:50:29","modified_gmt":"2026-04-16T14:50:29","slug":"easy_sushi_4_5_noir","status":"publish","type":"product","link":"https:\/\/easy-sushi.com\/pt\/fazer-compras-2\/easy_sushi_4_5_noir\/","title":{"rendered":"Easy Sushi\u00ae 4.5 Black"},"content":{"rendered":"<h2>Como funciona o Easy Sushi\u00ae 4.5?<\/h2>\n<p>O dispositivo consiste em um cilindro composto por dois inv\u00f3lucros ABS de qualidade alimentar que podem ser lavados na m\u00e1quina de lavar lou\u00e7a e um filme de tra\u00e7\u00e3o flex\u00edvel de polipropileno de qualidade alimentar, que pode ser limpo com uma esponja n\u00e3o abrasiva e \u00e1gua com sab\u00e3o. <strong>F\u00e1cil de usar<\/strong>, agora voc\u00ea poder\u00e1 fazer, em tempo recorde, entre seis e oito makis ou qualquer outro tipo de p\u00e3ezinhos de massa folhada, omeletes, panquecas e muito mais. Assista nosso <a href=\"\/pt\/categoria\/videos\/\" target=\"_blank\" rel=\"noopener\">v\u00eddeos de demonstra\u00e7\u00e3o<\/a>.<\/p>\n<h2>Nossas receitas favoritas para Easy Sushi\u00ae 4.5 Black<\/h2>\n<p>Easy Sushi\u00ae oferece a voc\u00ea sua sele\u00e7\u00e3o de receitas gourmet: receita de maki de atum, receita de maki da Calif\u00f3rnia com surimi e muito mais. Descobrir <a href=\"\/pt\/categoria\/receitas\/\" target=\"_blank\" rel=\"noopener\">nossas receitas<\/a>.<\/p>\n<h2>Avalie Easy Sushi\u00ae 4.5 Preto<\/h2>\n<p>Eles falam sobre isso, consulte o <a href=\"https:\/\/fr.trustpilot.com\/review\/easy-sushi.com\" target=\"_blank\" rel=\"noopener\">coment\u00e1rios de usu\u00e1rios verificados<\/a> por Easy Sushi.<\/p>\n<h2>Precisa de ajuda com o Easy Sushi\u00ae 4.5 Black?<\/h2>\n<p>Descobrir <a href=\"\/pt\/manual\/\" target=\"_blank\" rel=\"noopener\">nosso guia do usu\u00e1rio<\/a> em fotos e torne-se um mestre na arte de fazer sushi.<\/p>","protected":false},"excerpt":{"rendered":"<p>Fa\u00e7a o seu sushi de forma f\u00e1cil e r\u00e1pida com Easy Sushi\u00ae<\/p>\n<ul>\n<li>Easy Sushi\u00ae 4.5 Black<\/li>\n<li>Futomaki &amp; Gourmet Rolls (3 a 4 ingredientes)<\/li>\n<li>Feito franc\u00eas<\/li>\n<li>Instru\u00e7\u00f5es inclu\u00eddas<\/li>\n<li>Dimens\u00f5es 24 x 5,5 x 7,5 cm<\/li>\n<li>Lavagem f\u00e1cil<\/li>\n<\/ul>\n<p>Easy Sushi\u00ae 4.5 Black da Easy Sushi\u00ae<\/p>","protected":false},"featured_media":27394,"comment_status":"open","ping_status":"closed","template":"","meta":{"neve_meta_sidebar":"","neve_meta_container":"","neve_meta_enable_content_width":"off","neve_meta_content_width":100,"neve_meta_title_alignment":"","neve_meta_author_avatar":"","neve_post_elements_order":"","neve_meta_disable_header":"","neve_meta_disable_footer":"","neve_meta_disable_title":""},"product_brand":[],"product_cat":[86,21],"product_tag":[],"class_list":{"0":"post-766","1":"product","2":"type-product","3":"status-publish","4":"has-post-thumbnail","6":"product_cat-machine-a-sushi","7":"product_cat-easy-sushi","9":"first","10":"instock","11":"taxable","12":"shipping-taxable","13":"purchasable","14":"product-type-simple"},"yoast_head":"<!-- This site is optimized with the Yoast SEO plugin v27.4 - https:\/\/yoast.com\/product\/yoast-seo-wordpress\/ -->\n<title>Easy Sushi\u00ae 4.5 Noir | Appareil \u00e0 sushi | Easy Sushi\u00ae<\/title>\n<meta name=\"description\" content=\"Pr\u00e9parer des makis maison n&#039;a jamais \u00e9t\u00e9 aussi simple gr\u00e2ce \u00e0 la machine \u00e0 sushi Easy Sushi 4.5\u00ae Noir. Livraison offerte en France d\u00e8s 39\u20ac\" \/>\n<meta name=\"robots\" content=\"index, follow, max-snippet:-1, max-image-preview:large, max-video-preview:-1\" \/>\n<link rel=\"canonical\" href=\"https:\/\/easy-sushi.com\/pt\/fazer-compras-2\/easy_sushi_4_5_noir\/\" \/>\n<meta property=\"og:locale\" content=\"pt_PT\" \/>\n<meta property=\"og:type\" content=\"article\" \/>\n<meta property=\"og:title\" content=\"Easy Sushi\u00ae 4.5 Noir | Appareil \u00e0 sushi | Easy Sushi\u00ae\" \/>\n<meta property=\"og:description\" content=\"Pr\u00e9parer des makis maison n&#039;a jamais \u00e9t\u00e9 aussi simple gr\u00e2ce \u00e0 la machine \u00e0 sushi Easy Sushi 4.5\u00ae Noir. Livraison offerte en France d\u00e8s 39\u20ac\" \/>\n<meta property=\"og:url\" content=\"https:\/\/easy-sushi.com\/pt\/fazer-compras-2\/easy_sushi_4_5_noir\/\" \/>\n<meta property=\"og:site_name\" content=\"Easy Sushi\u00ae\" \/>\n<meta property=\"article:publisher\" content=\"https:\/\/www.facebook.com\/EasySushi\/\" \/>\n<meta property=\"article:modified_time\" content=\"2026-04-16T14:50:29+00:00\" \/>\n<meta property=\"og:image\" content=\"https:\/\/easy-sushi.com\/wp-content\/uploads\/2019\/09\/easy-sushi-4-5.jpg\" \/>\n\t<meta property=\"og:image:width\" content=\"1200\" \/>\n\t<meta property=\"og:image:height\" content=\"1200\" \/>\n\t<meta property=\"og:image:type\" content=\"image\/jpeg\" \/>\n<meta name=\"twitter:card\" content=\"summary_large_image\" \/>\n<meta name=\"twitter:site\" content=\"@EasySushi\" \/>\n<meta name=\"twitter:label1\" content=\"Tempo estimado de leitura\" \/>\n\t<meta name=\"twitter:data1\" content=\"1 minuto\" \/>\n<script type=\"application\/ld+json\" class=\"yoast-schema-graph\">{\"@context\":\"https:\\\/\\\/schema.org\",\"@graph\":[{\"@type\":\"WebPage\",\"@id\":\"https:\\\/\\\/easy-sushi.com\\\/boutique\\\/easy-sushi-4-5-noir\\\/\",\"url\":\"https:\\\/\\\/easy-sushi.com\\\/boutique\\\/easy-sushi-4-5-noir\\\/\",\"name\":\"Easy Sushi\u00ae 4.5 Noir | Appareil \u00e0 sushi | Easy Sushi\u00ae\",\"isPartOf\":{\"@id\":\"https:\\\/\\\/easy-sushi.com\\\/nl\\\/#website\"},\"primaryImageOfPage\":{\"@id\":\"https:\\\/\\\/easy-sushi.com\\\/boutique\\\/easy-sushi-4-5-noir\\\/#primaryimage\"},\"image\":{\"@id\":\"https:\\\/\\\/easy-sushi.com\\\/boutique\\\/easy-sushi-4-5-noir\\\/#primaryimage\"},\"thumbnailUrl\":\"https:\\\/\\\/easy-sushi.com\\\/wp-content\\\/uploads\\\/2019\\\/09\\\/easy-sushi-4-5.jpg\",\"datePublished\":\"2019-09-16T14:44:49+00:00\",\"dateModified\":\"2026-04-16T14:50:29+00:00\",\"description\":\"Pr\u00e9parer des makis maison n'a jamais \u00e9t\u00e9 aussi simple gr\u00e2ce \u00e0 la machine \u00e0 sushi Easy Sushi 4.5\u00ae Noir. Livraison offerte en France d\u00e8s 39\u20ac\",\"breadcrumb\":{\"@id\":\"https:\\\/\\\/easy-sushi.com\\\/boutique\\\/easy-sushi-4-5-noir\\\/#breadcrumb\"},\"inLanguage\":\"pt-PT\",\"potentialAction\":[{\"@type\":\"ReadAction\",\"target\":[\"https:\\\/\\\/easy-sushi.com\\\/boutique\\\/easy-sushi-4-5-noir\\\/\"]}]},{\"@type\":\"ImageObject\",\"inLanguage\":\"pt-PT\",\"@id\":\"https:\\\/\\\/easy-sushi.com\\\/boutique\\\/easy-sushi-4-5-noir\\\/#primaryimage\",\"url\":\"https:\\\/\\\/easy-sushi.com\\\/wp-content\\\/uploads\\\/2019\\\/09\\\/easy-sushi-4-5.jpg\",\"contentUrl\":\"https:\\\/\\\/easy-sushi.com\\\/wp-content\\\/uploads\\\/2019\\\/09\\\/easy-sushi-4-5.jpg\",\"width\":1200,\"height\":1200},{\"@type\":\"BreadcrumbList\",\"@id\":\"https:\\\/\\\/easy-sushi.com\\\/boutique\\\/easy-sushi-4-5-noir\\\/#breadcrumb\",\"itemListElement\":[{\"@type\":\"ListItem\",\"position\":1,\"name\":\"Accueil\",\"item\":\"https:\\\/\\\/easy-sushi.com\\\/\"},{\"@type\":\"ListItem\",\"position\":2,\"name\":\"Boutique\",\"item\":\"https:\\\/\\\/easy-sushi.com\\\/pt\\\/boutique\\\/\"},{\"@type\":\"ListItem\",\"position\":3,\"name\":\"Machine \u00e0 sushi\",\"item\":\"https:\\\/\\\/easy-sushi.com\\\/categorie-produit\\\/machine-a-sushi\\\/\"},{\"@type\":\"ListItem\",\"position\":4,\"name\":\"Easy Sushi\u00ae 4.5 Noir\"}]},{\"@type\":\"WebSite\",\"@id\":\"https:\\\/\\\/easy-sushi.com\\\/nl\\\/#website\",\"url\":\"https:\\\/\\\/easy-sushi.com\\\/nl\\\/\",\"name\":\"Easy Sushi\u00ae\",\"description\":\"\",\"publisher\":{\"@id\":\"https:\\\/\\\/easy-sushi.com\\\/nl\\\/#organization\"},\"potentialAction\":[{\"@type\":\"SearchAction\",\"target\":{\"@type\":\"EntryPoint\",\"urlTemplate\":\"https:\\\/\\\/easy-sushi.com\\\/nl\\\/?s={search_term_string}\"},\"query-input\":{\"@type\":\"PropertyValueSpecification\",\"valueRequired\":true,\"valueName\":\"search_term_string\"}}],\"inLanguage\":\"pt-PT\"},{\"@type\":\"Organization\",\"@id\":\"https:\\\/\\\/easy-sushi.com\\\/nl\\\/#organization\",\"name\":\"Easy Sushi\u00ae\",\"url\":\"https:\\\/\\\/easy-sushi.com\\\/nl\\\/\",\"logo\":{\"@type\":\"ImageObject\",\"inLanguage\":\"pt-PT\",\"@id\":\"https:\\\/\\\/easy-sushi.com\\\/nl\\\/#\\\/schema\\\/logo\\\/image\\\/\",\"url\":\"https:\\\/\\\/easy-sushi.com\\\/wp-content\\\/uploads\\\/2021\\\/01\\\/easy_sushi_logotype.svg\",\"contentUrl\":\"https:\\\/\\\/easy-sushi.com\\\/wp-content\\\/uploads\\\/2021\\\/01\\\/easy_sushi_logotype.svg\",\"width\":513,\"height\":357,\"caption\":\"Easy Sushi\u00ae\"},\"image\":{\"@id\":\"https:\\\/\\\/easy-sushi.com\\\/nl\\\/#\\\/schema\\\/logo\\\/image\\\/\"},\"sameAs\":[\"https:\\\/\\\/www.facebook.com\\\/EasySushi\\\/\",\"https:\\\/\\\/x.com\\\/EasySushi\",\"https:\\\/\\\/www.instagram.com\\\/easysushieasyrolls\\\/\",\"https:\\\/\\\/www.youtube.com\\\/user\\\/EasysushiEasyrolls\"]}]}<\/script>\n<!-- \/ Yoast SEO plugin. -->","yoast_head_json":{"title":"Easy Sushi\u00ae 4.5 Preto | M\u00e1quina de sushi | Easy Sushi\u00ae","description":"Preparar maki caseiro nunca foi t\u00e3o f\u00e1cil gra\u00e7as \u00e0 m\u00e1quina de sushi Easy Sushi 4.5\u00ae Black. Entrega gratuita em Fran\u00e7a a partir de 39\u20ac","robots":{"index":"index","follow":"follow","max-snippet":"max-snippet:-1","max-image-preview":"max-image-preview:large","max-video-preview":"max-video-preview:-1"},"canonical":"https:\/\/easy-sushi.com\/pt\/fazer-compras-2\/easy_sushi_4_5_noir\/","og_locale":"pt_PT","og_type":"article","og_title":"Easy Sushi\u00ae 4.5 Noir | Appareil \u00e0 sushi | Easy Sushi\u00ae","og_description":"Pr\u00e9parer des makis maison n'a jamais \u00e9t\u00e9 aussi simple gr\u00e2ce \u00e0 la machine \u00e0 sushi Easy Sushi 4.5\u00ae Noir. Livraison offerte en France d\u00e8s 39\u20ac","og_url":"https:\/\/easy-sushi.com\/pt\/fazer-compras-2\/easy_sushi_4_5_noir\/","og_site_name":"Easy Sushi\u00ae","article_publisher":"https:\/\/www.facebook.com\/EasySushi\/","article_modified_time":"2026-04-16T14:50:29+00:00","og_image":[{"width":1200,"height":1200,"url":"https:\/\/easy-sushi.com\/wp-content\/uploads\/2019\/09\/easy-sushi-4-5.jpg","type":"image\/jpeg"}],"twitter_card":"summary_large_image","twitter_site":"@EasySushi","twitter_misc":{"Tempo estimado de leitura":"1 minuto"},"schema":{"@context":"https:\/\/schema.org","@graph":[{"@type":"WebPage","@id":"https:\/\/easy-sushi.com\/boutique\/easy-sushi-4-5-noir\/","url":"https:\/\/easy-sushi.com\/boutique\/easy-sushi-4-5-noir\/","name":"Easy Sushi\u00ae 4.5 Preto | M\u00e1quina de sushi | Easy Sushi\u00ae","isPartOf":{"@id":"https:\/\/easy-sushi.com\/nl\/#website"},"primaryImageOfPage":{"@id":"https:\/\/easy-sushi.com\/boutique\/easy-sushi-4-5-noir\/#primaryimage"},"image":{"@id":"https:\/\/easy-sushi.com\/boutique\/easy-sushi-4-5-noir\/#primaryimage"},"thumbnailUrl":"https:\/\/easy-sushi.com\/wp-content\/uploads\/2019\/09\/easy-sushi-4-5.jpg","datePublished":"2019-09-16T14:44:49+00:00","dateModified":"2026-04-16T14:50:29+00:00","description":"Preparar maki caseiro nunca foi t\u00e3o f\u00e1cil gra\u00e7as \u00e0 m\u00e1quina de sushi Easy Sushi 4.5\u00ae Black. Entrega gratuita em Fran\u00e7a a partir de 39\u20ac","breadcrumb":{"@id":"https:\/\/easy-sushi.com\/boutique\/easy-sushi-4-5-noir\/#breadcrumb"},"inLanguage":"pt-PT","potentialAction":[{"@type":"ReadAction","target":["https:\/\/easy-sushi.com\/boutique\/easy-sushi-4-5-noir\/"]}]},{"@type":"ImageObject","inLanguage":"pt-PT","@id":"https:\/\/easy-sushi.com\/boutique\/easy-sushi-4-5-noir\/#primaryimage","url":"https:\/\/easy-sushi.com\/wp-content\/uploads\/2019\/09\/easy-sushi-4-5.jpg","contentUrl":"https:\/\/easy-sushi.com\/wp-content\/uploads\/2019\/09\/easy-sushi-4-5.jpg","width":1200,"height":1200},{"@type":"BreadcrumbList","@id":"https:\/\/easy-sushi.com\/boutique\/easy-sushi-4-5-noir\/#breadcrumb","itemListElement":[{"@type":"ListItem","position":1,"name":"Accueil","item":"https:\/\/easy-sushi.com\/"},{"@type":"ListItem","position":2,"name":"Boutique","item":"https:\/\/easy-sushi.com\/pt\/boutique\/"},{"@type":"ListItem","position":3,"name":"Machine \u00e0 sushi","item":"https:\/\/easy-sushi.com\/categorie-produit\/machine-a-sushi\/"},{"@type":"ListItem","position":4,"name":"Easy Sushi\u00ae 4.5 Noir"}]},{"@type":"WebSite","@id":"https:\/\/easy-sushi.com\/nl\/#website","url":"https:\/\/easy-sushi.com\/nl\/","name":"Easy Sushi\u00ae","description":"","publisher":{"@id":"https:\/\/easy-sushi.com\/nl\/#organization"},"potentialAction":[{"@type":"SearchAction","target":{"@type":"EntryPoint","urlTemplate":"https:\/\/easy-sushi.com\/nl\/?s={search_term_string}"},"query-input":{"@type":"PropertyValueSpecification","valueRequired":true,"valueName":"search_term_string"}}],"inLanguage":"pt-PT"},{"@type":"Organization","@id":"https:\/\/easy-sushi.com\/nl\/#organization","name":"Easy Sushi\u00ae","url":"https:\/\/easy-sushi.com\/nl\/","logo":{"@type":"ImageObject","inLanguage":"pt-PT","@id":"https:\/\/easy-sushi.com\/nl\/#\/schema\/logo\/image\/","url":"https:\/\/easy-sushi.com\/wp-content\/uploads\/2021\/01\/easy_sushi_logotype.svg","contentUrl":"https:\/\/easy-sushi.com\/wp-content\/uploads\/2021\/01\/easy_sushi_logotype.svg","width":513,"height":357,"caption":"Easy Sushi\u00ae"},"image":{"@id":"https:\/\/easy-sushi.com\/nl\/#\/schema\/logo\/image\/"},"sameAs":["https:\/\/www.facebook.com\/EasySushi\/","https:\/\/x.com\/EasySushi","https:\/\/www.instagram.com\/easysushieasyrolls\/","https:\/\/www.youtube.com\/user\/EasysushiEasyrolls"]}]}},"_links":{"self":[{"href":"https:\/\/easy-sushi.com\/pt\/wp-json\/wp\/v2\/product\/766","targetHints":{"allow":["GET"]}}],"collection":[{"href":"https:\/\/easy-sushi.com\/pt\/wp-json\/wp\/v2\/product"}],"about":[{"href":"https:\/\/easy-sushi.com\/pt\/wp-json\/wp\/v2\/types\/product"}],"replies":[{"embeddable":true,"href":"https:\/\/easy-sushi.com\/pt\/wp-json\/wp\/v2\/comments?post=766"}],"wp:featuredmedia":[{"embeddable":true,"href":"https:\/\/easy-sushi.com\/pt\/wp-json\/wp\/v2\/media\/27394"}],"wp:attachment":[{"href":"https:\/\/easy-sushi.com\/pt\/wp-json\/wp\/v2\/media?parent=766"}],"wp:term":[{"taxonomy":"product_brand","embeddable":true,"href":"https:\/\/easy-sushi.com\/pt\/wp-json\/wp\/v2\/product_brand?post=766"},{"taxonomy":"product_cat","embeddable":true,"href":"https:\/\/easy-sushi.com\/pt\/wp-json\/wp\/v2\/product_cat?post=766"},{"taxonomy":"product_tag","embeddable":true,"href":"https:\/\/easy-sushi.com\/pt\/wp-json\/wp\/v2\/product_tag?post=766"}],"curies":[{"name":"wp","href":"https:\/\/api.w.org\/{rel}","templated":true}]}}