{"id":21473,"date":"2021-02-16T15:20:14","date_gmt":"2021-02-16T14:20:14","guid":{"rendered":"https:\/\/easy-sushi.com\/boutique\/wasabi-en-poudre-30g\/"},"modified":"2026-04-16T16:47:23","modified_gmt":"2026-04-16T14:47:23","slug":"wasabi-powder-30g","status":"publish","type":"product","link":"https:\/\/easy-sushi.com\/pt\/fazer-compras-2\/wasabi-powder-30g\/","title":{"rendered":"Wasabi em p\u00f3 S&amp;B 30g"},"content":{"rendered":"<p>Incremente seus pratos com este p\u00f3 de Wasabi para prepar\u00e1-los. Usado principalmente com makis e sushi, o wasabi, que \u00e9 semelhante \u00e0 mostarda, tamb\u00e9m pode dar um impulso para macarr\u00e3o soba frio, carnes, saladas, molho de soja ...<\/p>\n<p><strong>Composi\u00e7\u00e3o:<\/strong> R\u00e1bano, mostarda, sal, dextrina, wasabi 2%, amido de tapioca.<\/p>\n<p><strong>Conserva\u00e7\u00e3o:<\/strong> Mant\u00e9m-se seco. Feche bem a caixa ap\u00f3s cada uso.<\/p>\n<p><strong>Valor nutricional (por 100g)<\/strong>\u00a0:<\/p>\n<table width=\"347\">\n<tbody>\n<tr>\n<td width=\"212\">Valores de energia (kJ \/ kcal)<\/td>\n<td width=\"80\">1586 \/ 378<\/td>\n<\/tr>\n<tr>\n<td width=\"212\">Gordura (g)<\/td>\n<td width=\"80\">9,1<\/td>\n<\/tr>\n<tr>\n<td width=\"212\">Dos quais \u00e1cidos graxos saturados (g)<\/td>\n<td width=\"80\">0,7<\/td>\n<\/tr>\n<tr>\n<td width=\"212\">Carboidratos (g)<\/td>\n<td width=\"80\">50<\/td>\n<\/tr>\n<tr>\n<td width=\"212\">Dos quais a\u00e7\u00facar (g)<\/td>\n<td width=\"80\">29<\/td>\n<\/tr>\n<tr>\n<td width=\"212\"><\/td>\n<td width=\"80\"><\/td>\n<\/tr>\n<tr>\n<td width=\"212\">Prote\u00ednas (g)<\/td>\n<td width=\"80\">15<\/td>\n<\/tr>\n<tr>\n<td width=\"212\">Sal (g)<\/td>\n<td width=\"80\">0,12<\/td>\n<\/tr>\n<\/tbody>\n<\/table>","protected":false},"excerpt":{"rendered":"<p>P\u00f3 de wasabi <strong>S&amp;B<\/strong> 30g<\/p>\n<p>Incremente seus pratos com pasta S&amp;B Wasabi pronta para usar<\/p>\n<ul>\n<li>Sabor poderoso<\/li>\n<li>Caixa de 30g<\/li>\n<li>F\u00e1cil e r\u00e1pido de preparar<\/li>\n<li>Caixa que pode ser fechada novamente para armazenamento ideal<\/li>\n<li>Produzido no jap\u00e3o<\/li>\n<\/ul>","protected":false},"featured_media":21786,"comment_status":"closed","ping_status":"closed","template":"","meta":{"neve_meta_sidebar":"","neve_meta_container":"","neve_meta_enable_content_width":"","neve_meta_content_width":0,"neve_meta_title_alignment":"","neve_meta_author_avatar":"","neve_post_elements_order":"","neve_meta_disable_header":"","neve_meta_disable_footer":"","neve_meta_disable_title":""},"product_brand":[],"product_cat":[26],"product_tag":[],"class_list":{"0":"post-21473","1":"product","2":"type-product","3":"status-publish","4":"has-post-thumbnail","6":"product_cat-epicerie","8":"first","9":"outofstock","10":"taxable","11":"shipping-taxable","12":"purchasable","13":"product-type-simple"},"yoast_head":"<!-- This site is optimized with the Yoast SEO plugin v27.5 - https:\/\/yoast.com\/product\/yoast-seo-wordpress\/ -->\n<title>Wasabi en poudre S&amp;B 30g - Easy Sushi\u00ae<\/title>\n<meta name=\"robots\" content=\"index, follow, max-snippet:-1, max-image-preview:large, max-video-preview:-1\" \/>\n<link rel=\"canonical\" href=\"https:\/\/easy-sushi.com\/pt\/fazer-compras-2\/wasabi-powder-30g\/\" \/>\n<meta property=\"og:locale\" content=\"pt_PT\" \/>\n<meta property=\"og:type\" content=\"article\" \/>\n<meta property=\"og:title\" content=\"Wasabi en poudre S&amp;B 30g - Easy Sushi\u00ae\" \/>\n<meta property=\"og:description\" content=\"Wasabi en poudre S&amp;B 30g  Relevez vos plats avec le Wasabi en p\u00e2te pr\u00eat \u00e0 l\u2019emploi de S&amp;B   Go\u00fbt puissant  Bo\u00eete de 30g  Facile et rapide \u00e0 pr\u00e9parer  Bo\u00eete refermable pour une conservation optimale  Produit au Japon\" \/>\n<meta property=\"og:url\" content=\"https:\/\/easy-sushi.com\/pt\/fazer-compras-2\/wasabi-powder-30g\/\" \/>\n<meta property=\"og:site_name\" content=\"Easy Sushi\u00ae\" \/>\n<meta property=\"article:publisher\" content=\"https:\/\/www.facebook.com\/EasySushi\/\" \/>\n<meta property=\"article:modified_time\" content=\"2026-04-16T14:47:23+00:00\" \/>\n<meta property=\"og:image\" content=\"https:\/\/easy-sushi.com\/wp-content\/uploads\/2021\/02\/wasabi-poudre-30g-SB.jpg\" \/>\n\t<meta property=\"og:image:width\" content=\"1200\" \/>\n\t<meta property=\"og:image:height\" content=\"1200\" \/>\n\t<meta property=\"og:image:type\" content=\"image\/jpeg\" \/>\n<meta name=\"twitter:card\" content=\"summary_large_image\" \/>\n<meta name=\"twitter:site\" content=\"@EasySushi\" \/>\n<meta name=\"twitter:label1\" content=\"Tempo estimado de leitura\" \/>\n\t<meta name=\"twitter:data1\" content=\"1 minuto\" \/>\n<script type=\"application\/ld+json\" class=\"yoast-schema-graph\">{\"@context\":\"https:\\\/\\\/schema.org\",\"@graph\":[{\"@type\":\"WebPage\",\"@id\":\"https:\\\/\\\/easy-sushi.com\\\/boutique\\\/wasabi-en-poudre-sb-30g\\\/\",\"url\":\"https:\\\/\\\/easy-sushi.com\\\/boutique\\\/wasabi-en-poudre-sb-30g\\\/\",\"name\":\"Wasabi en poudre S&B 30g - Easy Sushi\u00ae\",\"isPartOf\":{\"@id\":\"https:\\\/\\\/easy-sushi.com\\\/nl\\\/#website\"},\"primaryImageOfPage\":{\"@id\":\"https:\\\/\\\/easy-sushi.com\\\/boutique\\\/wasabi-en-poudre-sb-30g\\\/#primaryimage\"},\"image\":{\"@id\":\"https:\\\/\\\/easy-sushi.com\\\/boutique\\\/wasabi-en-poudre-sb-30g\\\/#primaryimage\"},\"thumbnailUrl\":\"https:\\\/\\\/easy-sushi.com\\\/wp-content\\\/uploads\\\/2021\\\/02\\\/wasabi-poudre-30g-SB.jpg\",\"datePublished\":\"2021-02-16T14:20:14+00:00\",\"dateModified\":\"2026-04-16T14:47:23+00:00\",\"breadcrumb\":{\"@id\":\"https:\\\/\\\/easy-sushi.com\\\/boutique\\\/wasabi-en-poudre-sb-30g\\\/#breadcrumb\"},\"inLanguage\":\"pt-PT\",\"potentialAction\":[{\"@type\":\"ReadAction\",\"target\":[\"https:\\\/\\\/easy-sushi.com\\\/boutique\\\/wasabi-en-poudre-sb-30g\\\/\"]}]},{\"@type\":\"ImageObject\",\"inLanguage\":\"pt-PT\",\"@id\":\"https:\\\/\\\/easy-sushi.com\\\/boutique\\\/wasabi-en-poudre-sb-30g\\\/#primaryimage\",\"url\":\"https:\\\/\\\/easy-sushi.com\\\/wp-content\\\/uploads\\\/2021\\\/02\\\/wasabi-poudre-30g-SB.jpg\",\"contentUrl\":\"https:\\\/\\\/easy-sushi.com\\\/wp-content\\\/uploads\\\/2021\\\/02\\\/wasabi-poudre-30g-SB.jpg\",\"width\":1200,\"height\":1200,\"caption\":\"wasabi-poudre-30g-SB\"},{\"@type\":\"BreadcrumbList\",\"@id\":\"https:\\\/\\\/easy-sushi.com\\\/boutique\\\/wasabi-en-poudre-sb-30g\\\/#breadcrumb\",\"itemListElement\":[{\"@type\":\"ListItem\",\"position\":1,\"name\":\"Accueil\",\"item\":\"https:\\\/\\\/easy-sushi.com\\\/\"},{\"@type\":\"ListItem\",\"position\":2,\"name\":\"Boutique\",\"item\":\"https:\\\/\\\/easy-sushi.com\\\/pt\\\/boutique\\\/\"},{\"@type\":\"ListItem\",\"position\":3,\"name\":\"\u00c9picerie\",\"item\":\"https:\\\/\\\/easy-sushi.com\\\/categorie-produit\\\/epicerie\\\/\"},{\"@type\":\"ListItem\",\"position\":4,\"name\":\"Wasabi en poudre S&#038;B 30g\"}]},{\"@type\":\"WebSite\",\"@id\":\"https:\\\/\\\/easy-sushi.com\\\/nl\\\/#website\",\"url\":\"https:\\\/\\\/easy-sushi.com\\\/nl\\\/\",\"name\":\"Easy Sushi\u00ae\",\"description\":\"\",\"publisher\":{\"@id\":\"https:\\\/\\\/easy-sushi.com\\\/nl\\\/#organization\"},\"potentialAction\":[{\"@type\":\"SearchAction\",\"target\":{\"@type\":\"EntryPoint\",\"urlTemplate\":\"https:\\\/\\\/easy-sushi.com\\\/nl\\\/?s={search_term_string}\"},\"query-input\":{\"@type\":\"PropertyValueSpecification\",\"valueRequired\":true,\"valueName\":\"search_term_string\"}}],\"inLanguage\":\"pt-PT\"},{\"@type\":\"Organization\",\"@id\":\"https:\\\/\\\/easy-sushi.com\\\/nl\\\/#organization\",\"name\":\"Easy Sushi\u00ae\",\"url\":\"https:\\\/\\\/easy-sushi.com\\\/nl\\\/\",\"logo\":{\"@type\":\"ImageObject\",\"inLanguage\":\"pt-PT\",\"@id\":\"https:\\\/\\\/easy-sushi.com\\\/nl\\\/#\\\/schema\\\/logo\\\/image\\\/\",\"url\":\"https:\\\/\\\/easy-sushi.com\\\/wp-content\\\/uploads\\\/2021\\\/01\\\/easy_sushi_logotype.svg\",\"contentUrl\":\"https:\\\/\\\/easy-sushi.com\\\/wp-content\\\/uploads\\\/2021\\\/01\\\/easy_sushi_logotype.svg\",\"width\":513,\"height\":357,\"caption\":\"Easy Sushi\u00ae\"},\"image\":{\"@id\":\"https:\\\/\\\/easy-sushi.com\\\/nl\\\/#\\\/schema\\\/logo\\\/image\\\/\"},\"sameAs\":[\"https:\\\/\\\/www.facebook.com\\\/EasySushi\\\/\",\"https:\\\/\\\/x.com\\\/EasySushi\",\"https:\\\/\\\/www.instagram.com\\\/easysushieasyrolls\\\/\",\"https:\\\/\\\/www.youtube.com\\\/user\\\/EasysushiEasyrolls\"]}]}<\/script>\n<!-- \/ Yoast SEO plugin. -->","yoast_head_json":{"title":"Wasabi em p\u00f3 S&amp;B 30g - Easy Sushi\u00ae","robots":{"index":"index","follow":"follow","max-snippet":"max-snippet:-1","max-image-preview":"max-image-preview:large","max-video-preview":"max-video-preview:-1"},"canonical":"https:\/\/easy-sushi.com\/pt\/fazer-compras-2\/wasabi-powder-30g\/","og_locale":"pt_PT","og_type":"article","og_title":"Wasabi en poudre S&B 30g - Easy Sushi\u00ae","og_description":"Wasabi en poudre S&amp;B 30g  Relevez vos plats avec le Wasabi en p\u00e2te pr\u00eat \u00e0 l\u2019emploi de S&amp;B   Go\u00fbt puissant  Bo\u00eete de 30g  Facile et rapide \u00e0 pr\u00e9parer  Bo\u00eete refermable pour une conservation optimale  Produit au Japon","og_url":"https:\/\/easy-sushi.com\/pt\/fazer-compras-2\/wasabi-powder-30g\/","og_site_name":"Easy Sushi\u00ae","article_publisher":"https:\/\/www.facebook.com\/EasySushi\/","article_modified_time":"2026-04-16T14:47:23+00:00","og_image":[{"width":1200,"height":1200,"url":"https:\/\/easy-sushi.com\/wp-content\/uploads\/2021\/02\/wasabi-poudre-30g-SB.jpg","type":"image\/jpeg"}],"twitter_card":"summary_large_image","twitter_site":"@EasySushi","twitter_misc":{"Tempo estimado de leitura":"1 minuto"},"schema":{"@context":"https:\/\/schema.org","@graph":[{"@type":"WebPage","@id":"https:\/\/easy-sushi.com\/boutique\/wasabi-en-poudre-sb-30g\/","url":"https:\/\/easy-sushi.com\/boutique\/wasabi-en-poudre-sb-30g\/","name":"Wasabi em p\u00f3 S&amp;B 30g - Easy Sushi\u00ae","isPartOf":{"@id":"https:\/\/easy-sushi.com\/nl\/#website"},"primaryImageOfPage":{"@id":"https:\/\/easy-sushi.com\/boutique\/wasabi-en-poudre-sb-30g\/#primaryimage"},"image":{"@id":"https:\/\/easy-sushi.com\/boutique\/wasabi-en-poudre-sb-30g\/#primaryimage"},"thumbnailUrl":"https:\/\/easy-sushi.com\/wp-content\/uploads\/2021\/02\/wasabi-poudre-30g-SB.jpg","datePublished":"2021-02-16T14:20:14+00:00","dateModified":"2026-04-16T14:47:23+00:00","breadcrumb":{"@id":"https:\/\/easy-sushi.com\/boutique\/wasabi-en-poudre-sb-30g\/#breadcrumb"},"inLanguage":"pt-PT","potentialAction":[{"@type":"ReadAction","target":["https:\/\/easy-sushi.com\/boutique\/wasabi-en-poudre-sb-30g\/"]}]},{"@type":"ImageObject","inLanguage":"pt-PT","@id":"https:\/\/easy-sushi.com\/boutique\/wasabi-en-poudre-sb-30g\/#primaryimage","url":"https:\/\/easy-sushi.com\/wp-content\/uploads\/2021\/02\/wasabi-poudre-30g-SB.jpg","contentUrl":"https:\/\/easy-sushi.com\/wp-content\/uploads\/2021\/02\/wasabi-poudre-30g-SB.jpg","width":1200,"height":1200,"caption":"wasabi-poudre-30g-SB"},{"@type":"BreadcrumbList","@id":"https:\/\/easy-sushi.com\/boutique\/wasabi-en-poudre-sb-30g\/#breadcrumb","itemListElement":[{"@type":"ListItem","position":1,"name":"Accueil","item":"https:\/\/easy-sushi.com\/"},{"@type":"ListItem","position":2,"name":"Boutique","item":"https:\/\/easy-sushi.com\/pt\/boutique\/"},{"@type":"ListItem","position":3,"name":"\u00c9picerie","item":"https:\/\/easy-sushi.com\/categorie-produit\/epicerie\/"},{"@type":"ListItem","position":4,"name":"Wasabi en poudre S&#038;B 30g"}]},{"@type":"WebSite","@id":"https:\/\/easy-sushi.com\/nl\/#website","url":"https:\/\/easy-sushi.com\/nl\/","name":"Easy Sushi\u00ae","description":"","publisher":{"@id":"https:\/\/easy-sushi.com\/nl\/#organization"},"potentialAction":[{"@type":"SearchAction","target":{"@type":"EntryPoint","urlTemplate":"https:\/\/easy-sushi.com\/nl\/?s={search_term_string}"},"query-input":{"@type":"PropertyValueSpecification","valueRequired":true,"valueName":"search_term_string"}}],"inLanguage":"pt-PT"},{"@type":"Organization","@id":"https:\/\/easy-sushi.com\/nl\/#organization","name":"Easy Sushi\u00ae","url":"https:\/\/easy-sushi.com\/nl\/","logo":{"@type":"ImageObject","inLanguage":"pt-PT","@id":"https:\/\/easy-sushi.com\/nl\/#\/schema\/logo\/image\/","url":"https:\/\/easy-sushi.com\/wp-content\/uploads\/2021\/01\/easy_sushi_logotype.svg","contentUrl":"https:\/\/easy-sushi.com\/wp-content\/uploads\/2021\/01\/easy_sushi_logotype.svg","width":513,"height":357,"caption":"Easy Sushi\u00ae"},"image":{"@id":"https:\/\/easy-sushi.com\/nl\/#\/schema\/logo\/image\/"},"sameAs":["https:\/\/www.facebook.com\/EasySushi\/","https:\/\/x.com\/EasySushi","https:\/\/www.instagram.com\/easysushieasyrolls\/","https:\/\/www.youtube.com\/user\/EasysushiEasyrolls"]}]}},"_links":{"self":[{"href":"https:\/\/easy-sushi.com\/pt\/wp-json\/wp\/v2\/product\/21473","targetHints":{"allow":["GET"]}}],"collection":[{"href":"https:\/\/easy-sushi.com\/pt\/wp-json\/wp\/v2\/product"}],"about":[{"href":"https:\/\/easy-sushi.com\/pt\/wp-json\/wp\/v2\/types\/product"}],"replies":[{"embeddable":true,"href":"https:\/\/easy-sushi.com\/pt\/wp-json\/wp\/v2\/comments?post=21473"}],"wp:featuredmedia":[{"embeddable":true,"href":"https:\/\/easy-sushi.com\/pt\/wp-json\/wp\/v2\/media\/21786"}],"wp:attachment":[{"href":"https:\/\/easy-sushi.com\/pt\/wp-json\/wp\/v2\/media?parent=21473"}],"wp:term":[{"taxonomy":"product_brand","embeddable":true,"href":"https:\/\/easy-sushi.com\/pt\/wp-json\/wp\/v2\/product_brand?post=21473"},{"taxonomy":"product_cat","embeddable":true,"href":"https:\/\/easy-sushi.com\/pt\/wp-json\/wp\/v2\/product_cat?post=21473"},{"taxonomy":"product_tag","embeddable":true,"href":"https:\/\/easy-sushi.com\/pt\/wp-json\/wp\/v2\/product_tag?post=21473"}],"curies":[{"name":"wp","href":"https:\/\/api.w.org\/{rel}","templated":true}]}}