{"id":21443,"date":"2021-02-16T15:19:46","date_gmt":"2021-02-16T14:19:46","guid":{"rendered":"https:\/\/easy-sushi.com\/boutique\/sauce-de-soja-allegee-en-sel-yamasa-1l\/"},"modified":"2022-11-25T19:09:25","modified_gmt":"2022-11-25T18:09:25","slug":"molho-de-soja-alegacao-em-sal-yamasa-1l","status":"publish","type":"product","link":"https:\/\/easy-sushi.com\/pt\/fazer-compras-2\/molho-de-soja-alegacao-em-sal-yamasa-1l\/","title":{"rendered":"Molho de soja com baixo teor de sal Yamasa 1L"},"content":{"rendered":"","protected":false},"excerpt":{"rendered":"<p>O Molho de Soja com Sal Reduzido \u00e9 feito de molho de soja fermentado naturalmente. O teor de sal \u00e9 reduzido atrav\u00e9s de um processo de fermenta\u00e7\u00e3o especial, que preserva o sabor e o aroma \u00fanicos do molho de soja original. O molho de soja com baixo teor de sal pode ser usado para temperar, marinar, deglaze, assar ou como molho. \u00c9 mais adequado para pessoas que precisam controlar a ingest\u00e3o de sal.<\/p>","protected":false},"featured_media":21442,"comment_status":"open","ping_status":"closed","template":"","meta":{"neve_meta_sidebar":"","neve_meta_container":"","neve_meta_enable_content_width":"","neve_meta_content_width":0,"neve_meta_title_alignment":"","neve_meta_author_avatar":"","neve_post_elements_order":"","neve_meta_disable_header":"","neve_meta_disable_footer":"","neve_meta_disable_title":""},"product_brand":[],"product_cat":[26],"product_tag":[],"class_list":{"0":"post-21443","1":"product","2":"type-product","3":"status-publish","4":"has-post-thumbnail","6":"product_cat-epicerie","8":"first","9":"outofstock","10":"taxable","11":"shipping-taxable","12":"purchasable","13":"product-type-simple"},"yoast_head":"<!-- This site is optimized with the Yoast SEO plugin v27.5 - https:\/\/yoast.com\/product\/yoast-seo-wordpress\/ -->\n<title>Sauce de soja all\u00e9g\u00e9e en sel Yamasa 1L - Easy Sushi\u00ae<\/title>\n<meta name=\"robots\" content=\"index, follow, max-snippet:-1, max-image-preview:large, max-video-preview:-1\" \/>\n<link rel=\"canonical\" href=\"https:\/\/easy-sushi.com\/pt\/fazer-compras-2\/molho-de-soja-alegacao-em-sal-yamasa-1l\/\" \/>\n<meta property=\"og:locale\" content=\"pt_PT\" \/>\n<meta property=\"og:type\" content=\"article\" \/>\n<meta property=\"og:title\" content=\"Sauce de soja all\u00e9g\u00e9e en sel Yamasa 1L - Easy Sushi\u00ae\" \/>\n<meta property=\"og:description\" content=\"La sauce de soja \u00e0 teneur r\u00e9duite en sel est fabriqu\u00e9e \u00e0 base de sauce de soja naturellement ferment\u00e9e. La teneur en sel est r\u00e9duite\u00a0gr\u00e2ce \u00e0 un proc\u00e9d\u00e9 de fermentation sp\u00e9cial, qui pr\u00e9serve le go\u00fbt et l&#039;ar\u00f4me unique de la sauce de soja originale. La sauce de soja all\u00e9g\u00e9e en sel peut \u00eatre utilis\u00e9e pour assaisonner, mariner, d\u00e9glacer, r\u00f4tir ou comme sauce dip. Elle est plus adapt\u00e9e au personnes devant controler leur apport en sel.\" \/>\n<meta property=\"og:url\" content=\"https:\/\/easy-sushi.com\/pt\/fazer-compras-2\/molho-de-soja-alegacao-em-sal-yamasa-1l\/\" \/>\n<meta property=\"og:site_name\" content=\"Easy Sushi\u00ae\" \/>\n<meta property=\"article:publisher\" content=\"https:\/\/www.facebook.com\/EasySushi\/\" \/>\n<meta property=\"article:modified_time\" content=\"2022-11-25T18:09:25+00:00\" \/>\n<meta property=\"og:image\" content=\"https:\/\/mlwz8lwoesaq.i.optimole.com\/w:575\/h:575\/q:mauto\/f:best\/https:\/\/easy-sushi.com\/wp-content\/uploads\/2021\/02\/product_1298036b.jpg\" \/>\n\t<meta property=\"og:image:width\" content=\"575\" \/>\n\t<meta property=\"og:image:height\" content=\"575\" \/>\n\t<meta property=\"og:image:type\" content=\"image\/jpeg\" \/>\n<meta name=\"twitter:card\" content=\"summary_large_image\" \/>\n<meta name=\"twitter:site\" content=\"@EasySushi\" \/>\n<script type=\"application\/ld+json\" class=\"yoast-schema-graph\">{\"@context\":\"https:\\\/\\\/schema.org\",\"@graph\":[{\"@type\":\"WebPage\",\"@id\":\"https:\\\/\\\/easy-sushi.com\\\/boutique\\\/sauce-de-soja-allegee-en-sel-yamasa-1l\\\/\",\"url\":\"https:\\\/\\\/easy-sushi.com\\\/boutique\\\/sauce-de-soja-allegee-en-sel-yamasa-1l\\\/\",\"name\":\"Sauce de soja all\u00e9g\u00e9e en sel Yamasa 1L - Easy Sushi\u00ae\",\"isPartOf\":{\"@id\":\"https:\\\/\\\/easy-sushi.com\\\/nl\\\/#website\"},\"primaryImageOfPage\":{\"@id\":\"https:\\\/\\\/easy-sushi.com\\\/boutique\\\/sauce-de-soja-allegee-en-sel-yamasa-1l\\\/#primaryimage\"},\"image\":{\"@id\":\"https:\\\/\\\/easy-sushi.com\\\/boutique\\\/sauce-de-soja-allegee-en-sel-yamasa-1l\\\/#primaryimage\"},\"thumbnailUrl\":\"https:\\\/\\\/easy-sushi.com\\\/wp-content\\\/uploads\\\/2021\\\/02\\\/product_1298036b.jpg\",\"datePublished\":\"2021-02-16T14:19:46+00:00\",\"dateModified\":\"2022-11-25T18:09:25+00:00\",\"breadcrumb\":{\"@id\":\"https:\\\/\\\/easy-sushi.com\\\/boutique\\\/sauce-de-soja-allegee-en-sel-yamasa-1l\\\/#breadcrumb\"},\"inLanguage\":\"pt-PT\",\"potentialAction\":[{\"@type\":\"ReadAction\",\"target\":[\"https:\\\/\\\/easy-sushi.com\\\/boutique\\\/sauce-de-soja-allegee-en-sel-yamasa-1l\\\/\"]}]},{\"@type\":\"ImageObject\",\"inLanguage\":\"pt-PT\",\"@id\":\"https:\\\/\\\/easy-sushi.com\\\/boutique\\\/sauce-de-soja-allegee-en-sel-yamasa-1l\\\/#primaryimage\",\"url\":\"https:\\\/\\\/easy-sushi.com\\\/wp-content\\\/uploads\\\/2021\\\/02\\\/product_1298036b.jpg\",\"contentUrl\":\"https:\\\/\\\/easy-sushi.com\\\/wp-content\\\/uploads\\\/2021\\\/02\\\/product_1298036b.jpg\",\"width\":575,\"height\":575},{\"@type\":\"BreadcrumbList\",\"@id\":\"https:\\\/\\\/easy-sushi.com\\\/boutique\\\/sauce-de-soja-allegee-en-sel-yamasa-1l\\\/#breadcrumb\",\"itemListElement\":[{\"@type\":\"ListItem\",\"position\":1,\"name\":\"Accueil\",\"item\":\"https:\\\/\\\/easy-sushi.com\\\/\"},{\"@type\":\"ListItem\",\"position\":2,\"name\":\"Boutique\",\"item\":\"https:\\\/\\\/easy-sushi.com\\\/pt\\\/boutique\\\/\"},{\"@type\":\"ListItem\",\"position\":3,\"name\":\"\u00c9picerie\",\"item\":\"https:\\\/\\\/easy-sushi.com\\\/categorie-produit\\\/epicerie\\\/\"},{\"@type\":\"ListItem\",\"position\":4,\"name\":\"Sauce de soja all\u00e9g\u00e9e en sel Yamasa 1L\"}]},{\"@type\":\"WebSite\",\"@id\":\"https:\\\/\\\/easy-sushi.com\\\/nl\\\/#website\",\"url\":\"https:\\\/\\\/easy-sushi.com\\\/nl\\\/\",\"name\":\"Easy Sushi\u00ae\",\"description\":\"\",\"publisher\":{\"@id\":\"https:\\\/\\\/easy-sushi.com\\\/nl\\\/#organization\"},\"potentialAction\":[{\"@type\":\"SearchAction\",\"target\":{\"@type\":\"EntryPoint\",\"urlTemplate\":\"https:\\\/\\\/easy-sushi.com\\\/nl\\\/?s={search_term_string}\"},\"query-input\":{\"@type\":\"PropertyValueSpecification\",\"valueRequired\":true,\"valueName\":\"search_term_string\"}}],\"inLanguage\":\"pt-PT\"},{\"@type\":\"Organization\",\"@id\":\"https:\\\/\\\/easy-sushi.com\\\/nl\\\/#organization\",\"name\":\"Easy Sushi\u00ae\",\"url\":\"https:\\\/\\\/easy-sushi.com\\\/nl\\\/\",\"logo\":{\"@type\":\"ImageObject\",\"inLanguage\":\"pt-PT\",\"@id\":\"https:\\\/\\\/easy-sushi.com\\\/nl\\\/#\\\/schema\\\/logo\\\/image\\\/\",\"url\":\"https:\\\/\\\/easy-sushi.com\\\/wp-content\\\/uploads\\\/2021\\\/01\\\/easy_sushi_logotype.svg\",\"contentUrl\":\"https:\\\/\\\/easy-sushi.com\\\/wp-content\\\/uploads\\\/2021\\\/01\\\/easy_sushi_logotype.svg\",\"width\":513,\"height\":357,\"caption\":\"Easy Sushi\u00ae\"},\"image\":{\"@id\":\"https:\\\/\\\/easy-sushi.com\\\/nl\\\/#\\\/schema\\\/logo\\\/image\\\/\"},\"sameAs\":[\"https:\\\/\\\/www.facebook.com\\\/EasySushi\\\/\",\"https:\\\/\\\/x.com\\\/EasySushi\",\"https:\\\/\\\/www.instagram.com\\\/easysushieasyrolls\\\/\",\"https:\\\/\\\/www.youtube.com\\\/user\\\/EasysushiEasyrolls\"]}]}<\/script>\n<!-- \/ Yoast SEO plugin. -->","yoast_head_json":{"title":"Molho de soja com baixo teor de sal Yamasa 1L - Easy Sushi\u00ae","robots":{"index":"index","follow":"follow","max-snippet":"max-snippet:-1","max-image-preview":"max-image-preview:large","max-video-preview":"max-video-preview:-1"},"canonical":"https:\/\/easy-sushi.com\/pt\/fazer-compras-2\/molho-de-soja-alegacao-em-sal-yamasa-1l\/","og_locale":"pt_PT","og_type":"article","og_title":"Sauce de soja all\u00e9g\u00e9e en sel Yamasa 1L - Easy Sushi\u00ae","og_description":"La sauce de soja \u00e0 teneur r\u00e9duite en sel est fabriqu\u00e9e \u00e0 base de sauce de soja naturellement ferment\u00e9e. La teneur en sel est r\u00e9duite\u00a0gr\u00e2ce \u00e0 un proc\u00e9d\u00e9 de fermentation sp\u00e9cial, qui pr\u00e9serve le go\u00fbt et l'ar\u00f4me unique de la sauce de soja originale. La sauce de soja all\u00e9g\u00e9e en sel peut \u00eatre utilis\u00e9e pour assaisonner, mariner, d\u00e9glacer, r\u00f4tir ou comme sauce dip. Elle est plus adapt\u00e9e au personnes devant controler leur apport en sel.","og_url":"https:\/\/easy-sushi.com\/pt\/fazer-compras-2\/molho-de-soja-alegacao-em-sal-yamasa-1l\/","og_site_name":"Easy Sushi\u00ae","article_publisher":"https:\/\/www.facebook.com\/EasySushi\/","article_modified_time":"2022-11-25T18:09:25+00:00","og_image":[{"width":575,"height":575,"url":"https:\/\/mlwz8lwoesaq.i.optimole.com\/w:575\/h:575\/q:mauto\/f:best\/https:\/\/easy-sushi.com\/wp-content\/uploads\/2021\/02\/product_1298036b.jpg","type":"image\/jpeg"}],"twitter_card":"summary_large_image","twitter_site":"@EasySushi","schema":{"@context":"https:\/\/schema.org","@graph":[{"@type":"WebPage","@id":"https:\/\/easy-sushi.com\/boutique\/sauce-de-soja-allegee-en-sel-yamasa-1l\/","url":"https:\/\/easy-sushi.com\/boutique\/sauce-de-soja-allegee-en-sel-yamasa-1l\/","name":"Molho de soja com baixo teor de sal Yamasa 1L - Easy Sushi\u00ae","isPartOf":{"@id":"https:\/\/easy-sushi.com\/nl\/#website"},"primaryImageOfPage":{"@id":"https:\/\/easy-sushi.com\/boutique\/sauce-de-soja-allegee-en-sel-yamasa-1l\/#primaryimage"},"image":{"@id":"https:\/\/easy-sushi.com\/boutique\/sauce-de-soja-allegee-en-sel-yamasa-1l\/#primaryimage"},"thumbnailUrl":"https:\/\/easy-sushi.com\/wp-content\/uploads\/2021\/02\/product_1298036b.jpg","datePublished":"2021-02-16T14:19:46+00:00","dateModified":"2022-11-25T18:09:25+00:00","breadcrumb":{"@id":"https:\/\/easy-sushi.com\/boutique\/sauce-de-soja-allegee-en-sel-yamasa-1l\/#breadcrumb"},"inLanguage":"pt-PT","potentialAction":[{"@type":"ReadAction","target":["https:\/\/easy-sushi.com\/boutique\/sauce-de-soja-allegee-en-sel-yamasa-1l\/"]}]},{"@type":"ImageObject","inLanguage":"pt-PT","@id":"https:\/\/easy-sushi.com\/boutique\/sauce-de-soja-allegee-en-sel-yamasa-1l\/#primaryimage","url":"https:\/\/easy-sushi.com\/wp-content\/uploads\/2021\/02\/product_1298036b.jpg","contentUrl":"https:\/\/easy-sushi.com\/wp-content\/uploads\/2021\/02\/product_1298036b.jpg","width":575,"height":575},{"@type":"BreadcrumbList","@id":"https:\/\/easy-sushi.com\/boutique\/sauce-de-soja-allegee-en-sel-yamasa-1l\/#breadcrumb","itemListElement":[{"@type":"ListItem","position":1,"name":"Accueil","item":"https:\/\/easy-sushi.com\/"},{"@type":"ListItem","position":2,"name":"Boutique","item":"https:\/\/easy-sushi.com\/pt\/boutique\/"},{"@type":"ListItem","position":3,"name":"\u00c9picerie","item":"https:\/\/easy-sushi.com\/categorie-produit\/epicerie\/"},{"@type":"ListItem","position":4,"name":"Sauce de soja all\u00e9g\u00e9e en sel Yamasa 1L"}]},{"@type":"WebSite","@id":"https:\/\/easy-sushi.com\/nl\/#website","url":"https:\/\/easy-sushi.com\/nl\/","name":"Easy Sushi\u00ae","description":"","publisher":{"@id":"https:\/\/easy-sushi.com\/nl\/#organization"},"potentialAction":[{"@type":"SearchAction","target":{"@type":"EntryPoint","urlTemplate":"https:\/\/easy-sushi.com\/nl\/?s={search_term_string}"},"query-input":{"@type":"PropertyValueSpecification","valueRequired":true,"valueName":"search_term_string"}}],"inLanguage":"pt-PT"},{"@type":"Organization","@id":"https:\/\/easy-sushi.com\/nl\/#organization","name":"Easy Sushi\u00ae","url":"https:\/\/easy-sushi.com\/nl\/","logo":{"@type":"ImageObject","inLanguage":"pt-PT","@id":"https:\/\/easy-sushi.com\/nl\/#\/schema\/logo\/image\/","url":"https:\/\/easy-sushi.com\/wp-content\/uploads\/2021\/01\/easy_sushi_logotype.svg","contentUrl":"https:\/\/easy-sushi.com\/wp-content\/uploads\/2021\/01\/easy_sushi_logotype.svg","width":513,"height":357,"caption":"Easy Sushi\u00ae"},"image":{"@id":"https:\/\/easy-sushi.com\/nl\/#\/schema\/logo\/image\/"},"sameAs":["https:\/\/www.facebook.com\/EasySushi\/","https:\/\/x.com\/EasySushi","https:\/\/www.instagram.com\/easysushieasyrolls\/","https:\/\/www.youtube.com\/user\/EasysushiEasyrolls"]}]}},"_links":{"self":[{"href":"https:\/\/easy-sushi.com\/pt\/wp-json\/wp\/v2\/product\/21443","targetHints":{"allow":["GET"]}}],"collection":[{"href":"https:\/\/easy-sushi.com\/pt\/wp-json\/wp\/v2\/product"}],"about":[{"href":"https:\/\/easy-sushi.com\/pt\/wp-json\/wp\/v2\/types\/product"}],"replies":[{"embeddable":true,"href":"https:\/\/easy-sushi.com\/pt\/wp-json\/wp\/v2\/comments?post=21443"}],"wp:featuredmedia":[{"embeddable":true,"href":"https:\/\/easy-sushi.com\/pt\/wp-json\/wp\/v2\/media\/21442"}],"wp:attachment":[{"href":"https:\/\/easy-sushi.com\/pt\/wp-json\/wp\/v2\/media?parent=21443"}],"wp:term":[{"taxonomy":"product_brand","embeddable":true,"href":"https:\/\/easy-sushi.com\/pt\/wp-json\/wp\/v2\/product_brand?post=21443"},{"taxonomy":"product_cat","embeddable":true,"href":"https:\/\/easy-sushi.com\/pt\/wp-json\/wp\/v2\/product_cat?post=21443"},{"taxonomy":"product_tag","embeddable":true,"href":"https:\/\/easy-sushi.com\/pt\/wp-json\/wp\/v2\/product_tag?post=21443"}],"curies":[{"name":"wp","href":"https:\/\/api.w.org\/{rel}","templated":true}]}}