{"id":23504,"date":"2022-05-12T10:51:18","date_gmt":"2022-05-12T08:51:18","guid":{"rendered":"https:\/\/easy-sushi.com\/?page_id=23504"},"modified":"2024-06-21T09:47:19","modified_gmt":"2024-06-21T07:47:19","slug":"conceito","status":"publish","type":"page","link":"https:\/\/easy-sushi.com\/pt\/conceito\/","title":{"rendered":"Conceito"},"content":{"rendered":"<div data-elementor-type=\"wp-page\" data-elementor-id=\"23504\" class=\"elementor elementor-23504\" data-elementor-post-type=\"page\">\n\t\t\t\t<div class=\"elementor-element elementor-element-c371552 e-flex e-con-boxed e-con e-parent\" data-id=\"c371552\" data-element_type=\"container\" data-e-type=\"container\">\n\t\t\t\t\t<div class=\"e-con-inner\">\n\t\t<div class=\"elementor-element elementor-element-f39ee1d e-con-full e-flex e-con e-child\" data-id=\"f39ee1d\" data-element_type=\"container\" data-e-type=\"container\">\n\t\t\t\t<div class=\"elementor-element elementor-element-e260a13 elementor-widget elementor-widget-heading\" data-id=\"e260a13\" data-element_type=\"widget\" data-e-type=\"widget\" data-widget_type=\"heading.default\">\n\t\t\t\t<div class=\"elementor-widget-container\">\n\t\t\t\t\t<h1 class=\"elementor-heading-title elementor-size-default\">Conceito<\/h1>\t\t\t\t<\/div>\n\t\t\t\t<\/div>\n\t\t\t\t<div class=\"elementor-element elementor-element-da5c632 elementor-widget-divider--view-line elementor-widget elementor-widget-divider\" data-id=\"da5c632\" data-element_type=\"widget\" data-e-type=\"widget\" data-widget_type=\"divider.default\">\n\t\t\t\t<div class=\"elementor-widget-container\">\n\t\t\t\t\t\t\t<div class=\"elementor-divider\">\n\t\t\t<span class=\"elementor-divider-separator\">\n\t\t\t\t\t\t<\/span>\n\t\t<\/div>\n\t\t\t\t\t\t<\/div>\n\t\t\t\t<\/div>\n\t\t\t\t<\/div>\n\t\t<div class=\"elementor-element elementor-element-95aa1b2 e-con-full e-flex e-con e-child\" data-id=\"95aa1b2\" data-element_type=\"container\" data-e-type=\"container\">\n\t\t\t\t<div class=\"elementor-element elementor-element-77354a8 elementor-widget elementor-widget-image\" data-id=\"77354a8\" data-element_type=\"widget\" data-e-type=\"widget\" data-widget_type=\"image.default\">\n\t\t\t\t<div class=\"elementor-widget-container\">\n\t\t\t\t\t\t\t\t\t\t\t\t\t\t\t<img loading=\"lazy\" decoding=\"async\" width=\"1024\" height=\"683\" src=\"https:\/\/easy-sushi.com\/wp-content\/uploads\/2022\/05\/easy-sushi-concept-1024x683.jpg\" class=\"attachment-large size-large wp-image-23506\" alt=\"Rolos de sushi caseiros com ingredientes, m\u00e1quina de sushi, pauzinhos e molho\" srcset=\"https:\/\/easy-sushi.com\/wp-content\/uploads\/2022\/05\/easy-sushi-concept-1024x683.jpg 1024w, https:\/\/easy-sushi.com\/wp-content\/uploads\/2022\/05\/easy-sushi-concept-600x400.jpg 600w, https:\/\/easy-sushi.com\/wp-content\/uploads\/2022\/05\/easy-sushi-concept-300x200.jpg 300w, https:\/\/easy-sushi.com\/wp-content\/uploads\/2022\/05\/easy-sushi-concept-768x512.jpg 768w, https:\/\/easy-sushi.com\/wp-content\/uploads\/2022\/05\/easy-sushi-concept-18x12.jpg 18w, https:\/\/easy-sushi.com\/wp-content\/uploads\/2022\/05\/easy-sushi-concept-1080x720.jpg 1080w, https:\/\/easy-sushi.com\/wp-content\/uploads\/2022\/05\/easy-sushi-concept.jpg 1200w\" sizes=\"auto, (max-width: 1024px) 100vw, 1024px\" \/>\t\t\t\t\t\t\t\t\t\t\t\t\t\t\t<\/div>\n\t\t\t\t<\/div>\n\t\t\t\t<div class=\"elementor-element elementor-element-457097f elementor-widget elementor-widget-text-editor\" data-id=\"457097f\" data-element_type=\"widget\" data-e-type=\"widget\" data-widget_type=\"text-editor.default\">\n\t\t\t\t<div class=\"elementor-widget-container\">\n\t\t\t\t\t\t\t\t\t<ul><li>Fabrica\u00e7\u00e3o francesa 100%<\/li><li>100% em materiais alimentares aprovados<\/li><li>Alta qualidade e durabilidade em materiais espec\u00edficos<\/li><li>Garantia de 3 anos (ver excluindo filme)<\/li><\/ul><p>O Easy Sushi\u00ae \u00e9 ideal e pr\u00e1tico para fazer maki e outros rolos.<\/p><p>Tamb\u00e9m foi estudado para satisfazer as muitas demandas e variedades culin\u00e1rias universais.<\/p><p>O sucesso do nosso aparelho Easy Sushi\u00ae baseia-se no facto de permitir realizar um vasto leque de receitas. Voc\u00ea pode criar p\u00e3ezinhos salgados e doces, substituindo, se desejar, a folha tradicional de Nori japonesa por ingredientes espec\u00edficos para culturas culin\u00e1rias, como folhas de soja, p\u00e3es, panquecas, panquecas, folha de videira, repolho, salada e Muito mais.<\/p>\t\t\t\t\t\t\t\t<\/div>\n\t\t\t\t<\/div>\n\t\t\t\t<div class=\"elementor-element elementor-element-9fdb92f elementor-widget elementor-widget-heading\" data-id=\"9fdb92f\" data-element_type=\"widget\" data-e-type=\"widget\" data-widget_type=\"heading.default\">\n\t\t\t\t<div class=\"elementor-widget-container\">\n\t\t\t\t\t<h2 class=\"elementor-heading-title elementor-size-default\">Hist\u00f3ria F\u00e1cil Sushi\u00ae<\/h2>\t\t\t\t<\/div>\n\t\t\t\t<\/div>\n\t\t\t\t<div class=\"elementor-element elementor-element-86b4097 elementor-widget elementor-widget-image\" data-id=\"86b4097\" data-element_type=\"widget\" data-e-type=\"widget\" data-widget_type=\"image.default\">\n\t\t\t\t<div class=\"elementor-widget-container\">\n\t\t\t\t\t\t\t\t\t\t\t\t\t\t\t<img loading=\"lazy\" decoding=\"async\" width=\"1024\" height=\"683\" src=\"https:\/\/easy-sushi.com\/wp-content\/uploads\/2022\/05\/easy-sushi-histoire-1024x683.jpg\" class=\"attachment-large size-large wp-image-23507\" alt=\"Sushi com molho e acompanhamentos, servido com arroz e laranjas\" srcset=\"https:\/\/easy-sushi.com\/wp-content\/uploads\/2022\/05\/easy-sushi-histoire-1024x683.jpg 1024w, https:\/\/easy-sushi.com\/wp-content\/uploads\/2022\/05\/easy-sushi-histoire-600x400.jpg 600w, https:\/\/easy-sushi.com\/wp-content\/uploads\/2022\/05\/easy-sushi-histoire-300x200.jpg 300w, https:\/\/easy-sushi.com\/wp-content\/uploads\/2022\/05\/easy-sushi-histoire-768x512.jpg 768w, https:\/\/easy-sushi.com\/wp-content\/uploads\/2022\/05\/easy-sushi-histoire-18x12.jpg 18w, https:\/\/easy-sushi.com\/wp-content\/uploads\/2022\/05\/easy-sushi-histoire-1080x720.jpg 1080w, https:\/\/easy-sushi.com\/wp-content\/uploads\/2022\/05\/easy-sushi-histoire.jpg 1200w\" sizes=\"auto, (max-width: 1024px) 100vw, 1024px\" \/>\t\t\t\t\t\t\t\t\t\t\t\t\t\t\t<\/div>\n\t\t\t\t<\/div>\n\t\t\t\t<div class=\"elementor-element elementor-element-3de8d7b elementor-widget elementor-widget-text-editor\" data-id=\"3de8d7b\" data-element_type=\"widget\" data-e-type=\"widget\" data-widget_type=\"text-editor.default\">\n\t\t\t\t<div class=\"elementor-widget-container\">\n\t\t\t\t\t\t\t\t\t<h3>Pesquisa a servi\u00e7o da &quot;Finger Food&quot;<\/h3><p>Ap\u00f3s dois anos de pesquisa, auxiliada por ferramentas inform\u00e1ticas industriais de \u00faltima gera\u00e7\u00e3o para o estudo e produ\u00e7\u00e3o de gr\u00e1ficos 3D, nossa equipe finalmente conseguiu o dispositivo que procurava: uma ferramenta moderna e f\u00e1cil de usar, que permite fazer, em um instante , receitas tradicionais ou makis mais inventivos e outros envolt\u00f3rios.<\/p><h3>Easy Sushi\u00ae<\/h3><p>O Easy Sushi\u00ae foi premiado com a medalha de ouro em 2007 no Salon des Inventions de Gen\u00e8ve. Em 2012, ele ganhou o concurso de Melhor Produto no \u201cThe Cookshop &amp; Houseware\u201d em Birmingham. Uma ferramenta inovadora e f\u00e1cil de usar, o Easy Sushi\u00ae permite que qualquer pessoa fa\u00e7a maki perfeitamente enrolado, do mais tradicional ao mais ousado.<\/p><p>O Easy Sushi\u00ae est\u00e1 dispon\u00edvel em tr\u00eas di\u00e2metros diferentes: 2,5 cm, 3,5 cm e 4,5 cm.<\/p><p>Ansioso por atender aos crit\u00e9rios de higiene e conforto de nosso tempo, o Easy Sushi\u00ae consiste em um cilindro ABS de grau aliment\u00edcio, que pode ser lavado na lava-lou\u00e7as, e um filme flex\u00edvel de polipropileno de grau aliment\u00edcio que enx\u00e1gue com uma esponja n\u00e3o abrasivo.<\/p><p>Al\u00e9m disso, Easy Sushi\u00ae \u00e9 inteiramente desenvolvido em materiais aliment\u00edcios e \u00e9 feito exclusivamente na Fran\u00e7a.<\/p><p>Com o Easy Sushi\u00ae, tudo o que voc\u00ea precisa fazer \u00e9 se tornar um mestre na arte de fazer seus pr\u00f3prios maki and roll ... enquanto deixa sua criatividade falar por si.<\/p>\t\t\t\t\t\t\t\t<\/div>\n\t\t\t\t<\/div>\n\t\t\t\t<\/div>\n\t\t\t\t\t<\/div>\n\t\t\t\t<\/div>\n\t\t\t\t<\/div>","protected":false},"excerpt":{"rendered":"<p>Conceito Fabrica\u00e7\u00e3o 100% Franc\u00eas 100% em materiais aliment\u00edcios aprovados Alta qualidade e durabilidade em materiais espec\u00edficos Garantido por 3 anos (ver excluindo filme) O Easy Sushi\u00ae \u00e9 ideal e pr\u00e1tico para fazer makis e outros p\u00e3ezinhos. Tamb\u00e9m foi estudado para satisfazer as diversas demandas e variedades culin\u00e1rias universais. Sucesso\u2026&nbsp;<a href=\"https:\/\/easy-sushi.com\/pt\/conceito\/\" rel=\"bookmark\">Mas &quot;<span class=\"screen-reader-text\">Conceito<\/span><\/a><\/p>","protected":false},"author":1,"featured_media":0,"parent":0,"menu_order":0,"comment_status":"closed","ping_status":"closed","template":"elementor_header_footer","meta":{"neve_meta_sidebar":"","neve_meta_container":"","neve_meta_enable_content_width":"","neve_meta_content_width":0,"neve_meta_title_alignment":"","neve_meta_author_avatar":"","neve_post_elements_order":"","neve_meta_disable_header":"","neve_meta_disable_footer":"","neve_meta_disable_title":"","footnotes":""},"class_list":["post-23504","page","type-page","status-publish","hentry"],"yoast_head":"<!-- This site is optimized with the Yoast SEO plugin v27.5 - https:\/\/yoast.com\/product\/yoast-seo-wordpress\/ -->\n<title>Concept - Easy Sushi\u00ae<\/title>\n<meta name=\"description\" content=\"De fabrication 100% Fran\u00e7aise et garantie 3 ans, d\u00e9couvrez l&#039;histoire de l&#039;Easy Sushi\u00ae : l&#039;outil id\u00e9al pour la r\u00e9alisation de makis et roul\u00e9s\" \/>\n<meta name=\"robots\" content=\"index, follow, max-snippet:-1, max-image-preview:large, max-video-preview:-1\" \/>\n<link rel=\"canonical\" href=\"https:\/\/easy-sushi.com\/pt\/conceito\/\" \/>\n<meta property=\"og:locale\" content=\"pt_PT\" \/>\n<meta property=\"og:type\" content=\"article\" \/>\n<meta property=\"og:title\" content=\"Concept - Easy Sushi\u00ae\" \/>\n<meta property=\"og:description\" content=\"De fabrication 100% Fran\u00e7aise et garantie 3 ans, d\u00e9couvrez l&#039;histoire de l&#039;Easy Sushi\u00ae : l&#039;outil id\u00e9al pour la r\u00e9alisation de makis et roul\u00e9s\" \/>\n<meta property=\"og:url\" content=\"https:\/\/easy-sushi.com\/pt\/conceito\/\" \/>\n<meta property=\"og:site_name\" content=\"Easy Sushi\u00ae\" \/>\n<meta property=\"article:publisher\" content=\"https:\/\/www.facebook.com\/EasySushi\/\" \/>\n<meta property=\"article:modified_time\" content=\"2024-06-21T07:47:19+00:00\" \/>\n<meta property=\"og:image\" content=\"https:\/\/easy-sushi.com\/wp-content\/uploads\/2022\/05\/easy-sushi-concept-1024x683.jpg\" \/>\n<meta name=\"twitter:card\" content=\"summary_large_image\" \/>\n<meta name=\"twitter:site\" content=\"@EasySushi\" \/>\n<meta name=\"twitter:label1\" content=\"Tempo estimado de leitura\" \/>\n\t<meta name=\"twitter:data1\" content=\"3 minutos\" \/>\n<script type=\"application\/ld+json\" class=\"yoast-schema-graph\">{\"@context\":\"https:\\\/\\\/schema.org\",\"@graph\":[{\"@type\":\"WebPage\",\"@id\":\"https:\\\/\\\/easy-sushi.com\\\/concept\\\/\",\"url\":\"https:\\\/\\\/easy-sushi.com\\\/concept\\\/\",\"name\":\"Concept - Easy Sushi\u00ae\",\"isPartOf\":{\"@id\":\"https:\\\/\\\/easy-sushi.com\\\/nl\\\/#website\"},\"primaryImageOfPage\":{\"@id\":\"https:\\\/\\\/easy-sushi.com\\\/concept\\\/#primaryimage\"},\"image\":{\"@id\":\"https:\\\/\\\/easy-sushi.com\\\/concept\\\/#primaryimage\"},\"thumbnailUrl\":\"https:\\\/\\\/easy-sushi.com\\\/wp-content\\\/uploads\\\/2022\\\/05\\\/easy-sushi-concept-1024x683.jpg\",\"datePublished\":\"2022-05-12T08:51:18+00:00\",\"dateModified\":\"2024-06-21T07:47:19+00:00\",\"description\":\"De fabrication 100% Fran\u00e7aise et garantie 3 ans, d\u00e9couvrez l'histoire de l'Easy Sushi\u00ae : l'outil id\u00e9al pour la r\u00e9alisation de makis et roul\u00e9s\",\"breadcrumb\":{\"@id\":\"https:\\\/\\\/easy-sushi.com\\\/concept\\\/#breadcrumb\"},\"inLanguage\":\"pt-PT\",\"potentialAction\":[{\"@type\":\"ReadAction\",\"target\":[\"https:\\\/\\\/easy-sushi.com\\\/concept\\\/\"]}]},{\"@type\":\"ImageObject\",\"inLanguage\":\"pt-PT\",\"@id\":\"https:\\\/\\\/easy-sushi.com\\\/concept\\\/#primaryimage\",\"url\":\"https:\\\/\\\/easy-sushi.com\\\/wp-content\\\/uploads\\\/2022\\\/05\\\/easy-sushi-concept-1024x683.jpg\",\"contentUrl\":\"https:\\\/\\\/easy-sushi.com\\\/wp-content\\\/uploads\\\/2022\\\/05\\\/easy-sushi-concept-1024x683.jpg\"},{\"@type\":\"BreadcrumbList\",\"@id\":\"https:\\\/\\\/easy-sushi.com\\\/concept\\\/#breadcrumb\",\"itemListElement\":[{\"@type\":\"ListItem\",\"position\":1,\"name\":\"Accueil\",\"item\":\"https:\\\/\\\/easy-sushi.com\\\/\"},{\"@type\":\"ListItem\",\"position\":2,\"name\":\"Concept\"}]},{\"@type\":\"WebSite\",\"@id\":\"https:\\\/\\\/easy-sushi.com\\\/nl\\\/#website\",\"url\":\"https:\\\/\\\/easy-sushi.com\\\/nl\\\/\",\"name\":\"Easy Sushi\u00ae\",\"description\":\"\",\"publisher\":{\"@id\":\"https:\\\/\\\/easy-sushi.com\\\/nl\\\/#organization\"},\"potentialAction\":[{\"@type\":\"SearchAction\",\"target\":{\"@type\":\"EntryPoint\",\"urlTemplate\":\"https:\\\/\\\/easy-sushi.com\\\/nl\\\/?s={search_term_string}\"},\"query-input\":{\"@type\":\"PropertyValueSpecification\",\"valueRequired\":true,\"valueName\":\"search_term_string\"}}],\"inLanguage\":\"pt-PT\"},{\"@type\":\"Organization\",\"@id\":\"https:\\\/\\\/easy-sushi.com\\\/nl\\\/#organization\",\"name\":\"Easy Sushi\u00ae\",\"url\":\"https:\\\/\\\/easy-sushi.com\\\/nl\\\/\",\"logo\":{\"@type\":\"ImageObject\",\"inLanguage\":\"pt-PT\",\"@id\":\"https:\\\/\\\/easy-sushi.com\\\/nl\\\/#\\\/schema\\\/logo\\\/image\\\/\",\"url\":\"https:\\\/\\\/easy-sushi.com\\\/wp-content\\\/uploads\\\/2021\\\/01\\\/easy_sushi_logotype.svg\",\"contentUrl\":\"https:\\\/\\\/easy-sushi.com\\\/wp-content\\\/uploads\\\/2021\\\/01\\\/easy_sushi_logotype.svg\",\"width\":513,\"height\":357,\"caption\":\"Easy Sushi\u00ae\"},\"image\":{\"@id\":\"https:\\\/\\\/easy-sushi.com\\\/nl\\\/#\\\/schema\\\/logo\\\/image\\\/\"},\"sameAs\":[\"https:\\\/\\\/www.facebook.com\\\/EasySushi\\\/\",\"https:\\\/\\\/x.com\\\/EasySushi\",\"https:\\\/\\\/www.instagram.com\\\/easysushieasyrolls\\\/\",\"https:\\\/\\\/www.youtube.com\\\/user\\\/EasysushiEasyrolls\"]}]}<\/script>\n<!-- \/ Yoast SEO plugin. -->","yoast_head_json":{"title":"Conceito - Easy Sushi\u00ae","description":"Feito na Fran\u00e7a por 100% e garantido por 3 anos, descubra a hist\u00f3ria do Easy Sushi\u00ae: a ferramenta ideal para fazer maki e p\u00e3ezinhos","robots":{"index":"index","follow":"follow","max-snippet":"max-snippet:-1","max-image-preview":"max-image-preview:large","max-video-preview":"max-video-preview:-1"},"canonical":"https:\/\/easy-sushi.com\/pt\/conceito\/","og_locale":"pt_PT","og_type":"article","og_title":"Concept - Easy Sushi\u00ae","og_description":"De fabrication 100% Fran\u00e7aise et garantie 3 ans, d\u00e9couvrez l'histoire de l'Easy Sushi\u00ae : l'outil id\u00e9al pour la r\u00e9alisation de makis et roul\u00e9s","og_url":"https:\/\/easy-sushi.com\/pt\/conceito\/","og_site_name":"Easy Sushi\u00ae","article_publisher":"https:\/\/www.facebook.com\/EasySushi\/","article_modified_time":"2024-06-21T07:47:19+00:00","og_image":[{"url":"https:\/\/easy-sushi.com\/wp-content\/uploads\/2022\/05\/easy-sushi-concept-1024x683.jpg","type":"","width":"","height":""}],"twitter_card":"summary_large_image","twitter_site":"@EasySushi","twitter_misc":{"Tempo estimado de leitura":"3 minutos"},"schema":{"@context":"https:\/\/schema.org","@graph":[{"@type":"WebPage","@id":"https:\/\/easy-sushi.com\/concept\/","url":"https:\/\/easy-sushi.com\/concept\/","name":"Conceito - Easy Sushi\u00ae","isPartOf":{"@id":"https:\/\/easy-sushi.com\/nl\/#website"},"primaryImageOfPage":{"@id":"https:\/\/easy-sushi.com\/concept\/#primaryimage"},"image":{"@id":"https:\/\/easy-sushi.com\/concept\/#primaryimage"},"thumbnailUrl":"https:\/\/easy-sushi.com\/wp-content\/uploads\/2022\/05\/easy-sushi-concept-1024x683.jpg","datePublished":"2022-05-12T08:51:18+00:00","dateModified":"2024-06-21T07:47:19+00:00","description":"Feito na Fran\u00e7a por 100% e garantido por 3 anos, descubra a hist\u00f3ria do Easy Sushi\u00ae: a ferramenta ideal para fazer maki e p\u00e3ezinhos","breadcrumb":{"@id":"https:\/\/easy-sushi.com\/concept\/#breadcrumb"},"inLanguage":"pt-PT","potentialAction":[{"@type":"ReadAction","target":["https:\/\/easy-sushi.com\/concept\/"]}]},{"@type":"ImageObject","inLanguage":"pt-PT","@id":"https:\/\/easy-sushi.com\/concept\/#primaryimage","url":"https:\/\/easy-sushi.com\/wp-content\/uploads\/2022\/05\/easy-sushi-concept-1024x683.jpg","contentUrl":"https:\/\/easy-sushi.com\/wp-content\/uploads\/2022\/05\/easy-sushi-concept-1024x683.jpg"},{"@type":"BreadcrumbList","@id":"https:\/\/easy-sushi.com\/concept\/#breadcrumb","itemListElement":[{"@type":"ListItem","position":1,"name":"Accueil","item":"https:\/\/easy-sushi.com\/"},{"@type":"ListItem","position":2,"name":"Concept"}]},{"@type":"WebSite","@id":"https:\/\/easy-sushi.com\/nl\/#website","url":"https:\/\/easy-sushi.com\/nl\/","name":"Easy Sushi\u00ae","description":"","publisher":{"@id":"https:\/\/easy-sushi.com\/nl\/#organization"},"potentialAction":[{"@type":"SearchAction","target":{"@type":"EntryPoint","urlTemplate":"https:\/\/easy-sushi.com\/nl\/?s={search_term_string}"},"query-input":{"@type":"PropertyValueSpecification","valueRequired":true,"valueName":"search_term_string"}}],"inLanguage":"pt-PT"},{"@type":"Organization","@id":"https:\/\/easy-sushi.com\/nl\/#organization","name":"Easy Sushi\u00ae","url":"https:\/\/easy-sushi.com\/nl\/","logo":{"@type":"ImageObject","inLanguage":"pt-PT","@id":"https:\/\/easy-sushi.com\/nl\/#\/schema\/logo\/image\/","url":"https:\/\/easy-sushi.com\/wp-content\/uploads\/2021\/01\/easy_sushi_logotype.svg","contentUrl":"https:\/\/easy-sushi.com\/wp-content\/uploads\/2021\/01\/easy_sushi_logotype.svg","width":513,"height":357,"caption":"Easy Sushi\u00ae"},"image":{"@id":"https:\/\/easy-sushi.com\/nl\/#\/schema\/logo\/image\/"},"sameAs":["https:\/\/www.facebook.com\/EasySushi\/","https:\/\/x.com\/EasySushi","https:\/\/www.instagram.com\/easysushieasyrolls\/","https:\/\/www.youtube.com\/user\/EasysushiEasyrolls"]}]}},"_links":{"self":[{"href":"https:\/\/easy-sushi.com\/pt\/wp-json\/wp\/v2\/pages\/23504","targetHints":{"allow":["GET"]}}],"collection":[{"href":"https:\/\/easy-sushi.com\/pt\/wp-json\/wp\/v2\/pages"}],"about":[{"href":"https:\/\/easy-sushi.com\/pt\/wp-json\/wp\/v2\/types\/page"}],"author":[{"embeddable":true,"href":"https:\/\/easy-sushi.com\/pt\/wp-json\/wp\/v2\/users\/1"}],"replies":[{"embeddable":true,"href":"https:\/\/easy-sushi.com\/pt\/wp-json\/wp\/v2\/comments?post=23504"}],"version-history":[{"count":0,"href":"https:\/\/easy-sushi.com\/pt\/wp-json\/wp\/v2\/pages\/23504\/revisions"}],"wp:attachment":[{"href":"https:\/\/easy-sushi.com\/pt\/wp-json\/wp\/v2\/media?parent=23504"}],"curies":[{"name":"wp","href":"https:\/\/api.w.org\/{rel}","templated":true}]}}