{"id":944,"date":"2019-09-24T11:43:19","date_gmt":"2019-09-24T09:43:19","guid":{"rendered":"https:\/\/easy-sushi.com\/?post_type=product&#038;p=944"},"modified":"2023-06-23T12:07:59","modified_gmt":"2023-06-23T10:07:59","slug":"nori-sheet-voor-sushi-makis-edomae","status":"publish","type":"product","link":"https:\/\/easy-sushi.com\/nl\/kledingwinkel-2\/nori-sheet-voor-sushi-makis-edomae\/","title":{"rendered":"Nori Blad voor Sushi &amp; Makis Edomae"},"content":{"rendered":"<p>Sushi Nori is een Japans zeewier dat op verschillende manieren gebruikt kan worden. Eenmaal geoogst, wordt het zeewier vervolgens gedroogd, vervolgens geroosterd en omgevormd tot een blad. Het norivel heeft een hoog eiwit- en vitamine A-gehalte en is daarom perfect geschikt voor vegetarische di\u00ebten.<\/p>\n<p>Het is ideaal voor gebruik met onze Easy Sushi\u00ae 2.5, 3.5 &amp; 4.5<\/p>\n<p><strong>Samenstelling:<\/strong> Nori zeewier (100%). De verpakking bevat een zakje met een chemisch middel dat vocht absorbeert om het product te beschermen. <strong>Niet openen, de inhoud van dit sachet niet consumeren<\/strong>.<\/p>\n<p><strong>Behoud:<\/strong> Bewaar in een koele, droge plaats<\/p>\n<p><strong>Voorzichtigheid :<\/strong> zeealgen hebben een hoog jodiumgehalte. Het is daarom beter om dit product niet te consumeren in geval van allergie voor jodium of schildklierproblemen.<\/p>","protected":false},"excerpt":{"rendered":"<div class=\"product_description\">\n<p>Maak perfecte sushi &amp; maki met deze Sushi Nori Edomae vellen<\/p>\n<ul>\n<li>Bevat 10 vellen<\/li>\n<li>Kwaliteitsproduct<\/li>\n<li>Klaar voor gebruik<\/li>\n<li>Gewicht: 25g<\/li>\n<li>Geproduceerd in Zuid-Korea<\/li>\n<\/ul>\n<\/div>","protected":false},"featured_media":945,"comment_status":"closed","ping_status":"closed","template":"","meta":{"neve_meta_sidebar":"","neve_meta_container":"","neve_meta_enable_content_width":"off","neve_meta_content_width":100,"neve_meta_title_alignment":"","neve_meta_author_avatar":"","neve_post_elements_order":"","neve_meta_disable_header":"","neve_meta_disable_footer":"","neve_meta_disable_title":""},"product_brand":[],"product_cat":[26],"product_tag":[],"class_list":{"0":"post-944","1":"product","2":"type-product","3":"status-publish","4":"has-post-thumbnail","6":"product_cat-epicerie","8":"first","9":"outofstock","10":"taxable","11":"shipping-taxable","12":"purchasable","13":"product-type-simple"},"yoast_head":"<!-- This site is optimized with the Yoast SEO plugin v27.5 - https:\/\/yoast.com\/product\/yoast-seo-wordpress\/ -->\n<title>Feuille de Nori pour Sushis &amp; Makis Edomae - Easy Sushi\u00ae<\/title>\n<meta name=\"description\" content=\"Le Sushi Nori est une algue marine japonaise qui peut s\u2019utiliser de diverses fa\u00e7ons. La feuille de nori a une forte teneur en prot\u00e9ines et Vitamine A et est donc parfaitement adapt\u00e9e aux r\u00e9gimes v\u00e9g\u00e9tariens. Id\u00e9al pour les Easy Sushi\u00ae 2.5, 3.5 &amp; 4.5\" \/>\n<meta name=\"robots\" content=\"index, follow, max-snippet:-1, max-image-preview:large, max-video-preview:-1\" \/>\n<link rel=\"canonical\" href=\"https:\/\/easy-sushi.com\/nl\/kledingwinkel-2\/nori-sheet-voor-sushi-makis-edomae\/\" \/>\n<meta property=\"og:locale\" content=\"nl_BE\" \/>\n<meta property=\"og:type\" content=\"article\" \/>\n<meta property=\"og:title\" content=\"Feuille de Nori pour Sushis &amp; Makis Edomae - Easy Sushi\u00ae\" \/>\n<meta property=\"og:description\" content=\"Le Sushi Nori est une algue marine japonaise qui peut s\u2019utiliser de diverses fa\u00e7ons. La feuille de nori a une forte teneur en prot\u00e9ines et Vitamine A et est donc parfaitement adapt\u00e9e aux r\u00e9gimes v\u00e9g\u00e9tariens. Id\u00e9al pour les Easy Sushi\u00ae 2.5, 3.5 &amp; 4.5\" \/>\n<meta property=\"og:url\" content=\"https:\/\/easy-sushi.com\/nl\/kledingwinkel-2\/nori-sheet-voor-sushi-makis-edomae\/\" \/>\n<meta property=\"og:site_name\" content=\"Easy Sushi\u00ae\" \/>\n<meta property=\"article:publisher\" content=\"https:\/\/www.facebook.com\/EasySushi\/\" \/>\n<meta property=\"article:modified_time\" content=\"2023-06-23T10:07:59+00:00\" \/>\n<meta property=\"og:image\" content=\"https:\/\/easy-sushi.com\/wp-content\/uploads\/2019\/09\/Feuille-de-nori-edomae-x10-yamamotoyama.jpg\" \/>\n\t<meta property=\"og:image:width\" content=\"1200\" \/>\n\t<meta property=\"og:image:height\" content=\"1200\" \/>\n\t<meta property=\"og:image:type\" content=\"image\/jpeg\" \/>\n<meta name=\"twitter:card\" content=\"summary_large_image\" \/>\n<meta name=\"twitter:site\" content=\"@EasySushi\" \/>\n<meta name=\"twitter:label1\" content=\"Geschatte leestijd\" \/>\n\t<meta name=\"twitter:data1\" content=\"1 minuut\" \/>\n<script type=\"application\/ld+json\" class=\"yoast-schema-graph\">{\"@context\":\"https:\\\/\\\/schema.org\",\"@graph\":[{\"@type\":\"WebPage\",\"@id\":\"https:\\\/\\\/easy-sushi.com\\\/boutique\\\/feuille-de-nori-pour-sushis-makis-edomae\\\/\",\"url\":\"https:\\\/\\\/easy-sushi.com\\\/boutique\\\/feuille-de-nori-pour-sushis-makis-edomae\\\/\",\"name\":\"Feuille de Nori pour Sushis &amp; Makis Edomae - Easy Sushi\u00ae\",\"isPartOf\":{\"@id\":\"https:\\\/\\\/easy-sushi.com\\\/nl\\\/#website\"},\"primaryImageOfPage\":{\"@id\":\"https:\\\/\\\/easy-sushi.com\\\/boutique\\\/feuille-de-nori-pour-sushis-makis-edomae\\\/#primaryimage\"},\"image\":{\"@id\":\"https:\\\/\\\/easy-sushi.com\\\/boutique\\\/feuille-de-nori-pour-sushis-makis-edomae\\\/#primaryimage\"},\"thumbnailUrl\":\"https:\\\/\\\/easy-sushi.com\\\/wp-content\\\/uploads\\\/2019\\\/09\\\/Feuille-de-nori-edomae-x10-yamamotoyama.jpg\",\"datePublished\":\"2019-09-24T09:43:19+00:00\",\"dateModified\":\"2023-06-23T10:07:59+00:00\",\"description\":\"Le Sushi Nori est une algue marine japonaise qui peut s\u2019utiliser de diverses fa\u00e7ons. La feuille de nori a une forte teneur en prot\u00e9ines et Vitamine A et est donc parfaitement adapt\u00e9e aux r\u00e9gimes v\u00e9g\u00e9tariens. Id\u00e9al pour les Easy Sushi\u00ae 2.5, 3.5 & 4.5\",\"breadcrumb\":{\"@id\":\"https:\\\/\\\/easy-sushi.com\\\/boutique\\\/feuille-de-nori-pour-sushis-makis-edomae\\\/#breadcrumb\"},\"inLanguage\":\"nl-BE\",\"potentialAction\":[{\"@type\":\"ReadAction\",\"target\":[\"https:\\\/\\\/easy-sushi.com\\\/boutique\\\/feuille-de-nori-pour-sushis-makis-edomae\\\/\"]}]},{\"@type\":\"ImageObject\",\"inLanguage\":\"nl-BE\",\"@id\":\"https:\\\/\\\/easy-sushi.com\\\/boutique\\\/feuille-de-nori-pour-sushis-makis-edomae\\\/#primaryimage\",\"url\":\"https:\\\/\\\/easy-sushi.com\\\/wp-content\\\/uploads\\\/2019\\\/09\\\/Feuille-de-nori-edomae-x10-yamamotoyama.jpg\",\"contentUrl\":\"https:\\\/\\\/easy-sushi.com\\\/wp-content\\\/uploads\\\/2019\\\/09\\\/Feuille-de-nori-edomae-x10-yamamotoyama.jpg\",\"width\":1200,\"height\":1200,\"caption\":\"Feuille-de-nori-edomae-x10-yamamotoyama\"},{\"@type\":\"BreadcrumbList\",\"@id\":\"https:\\\/\\\/easy-sushi.com\\\/boutique\\\/feuille-de-nori-pour-sushis-makis-edomae\\\/#breadcrumb\",\"itemListElement\":[{\"@type\":\"ListItem\",\"position\":1,\"name\":\"Accueil\",\"item\":\"https:\\\/\\\/easy-sushi.com\\\/\"},{\"@type\":\"ListItem\",\"position\":2,\"name\":\"Boutique\",\"item\":\"https:\\\/\\\/easy-sushi.com\\\/pt\\\/boutique\\\/\"},{\"@type\":\"ListItem\",\"position\":3,\"name\":\"\u00c9picerie\",\"item\":\"https:\\\/\\\/easy-sushi.com\\\/categorie-produit\\\/epicerie\\\/\"},{\"@type\":\"ListItem\",\"position\":4,\"name\":\"Feuille de Nori pour Sushis &amp; Makis Edomae\"}]},{\"@type\":\"WebSite\",\"@id\":\"https:\\\/\\\/easy-sushi.com\\\/nl\\\/#website\",\"url\":\"https:\\\/\\\/easy-sushi.com\\\/nl\\\/\",\"name\":\"Easy Sushi\u00ae\",\"description\":\"\",\"publisher\":{\"@id\":\"https:\\\/\\\/easy-sushi.com\\\/nl\\\/#organization\"},\"potentialAction\":[{\"@type\":\"SearchAction\",\"target\":{\"@type\":\"EntryPoint\",\"urlTemplate\":\"https:\\\/\\\/easy-sushi.com\\\/nl\\\/?s={search_term_string}\"},\"query-input\":{\"@type\":\"PropertyValueSpecification\",\"valueRequired\":true,\"valueName\":\"search_term_string\"}}],\"inLanguage\":\"nl-BE\"},{\"@type\":\"Organization\",\"@id\":\"https:\\\/\\\/easy-sushi.com\\\/nl\\\/#organization\",\"name\":\"Easy Sushi\u00ae\",\"url\":\"https:\\\/\\\/easy-sushi.com\\\/nl\\\/\",\"logo\":{\"@type\":\"ImageObject\",\"inLanguage\":\"nl-BE\",\"@id\":\"https:\\\/\\\/easy-sushi.com\\\/nl\\\/#\\\/schema\\\/logo\\\/image\\\/\",\"url\":\"https:\\\/\\\/easy-sushi.com\\\/wp-content\\\/uploads\\\/2021\\\/01\\\/easy_sushi_logotype.svg\",\"contentUrl\":\"https:\\\/\\\/easy-sushi.com\\\/wp-content\\\/uploads\\\/2021\\\/01\\\/easy_sushi_logotype.svg\",\"width\":513,\"height\":357,\"caption\":\"Easy Sushi\u00ae\"},\"image\":{\"@id\":\"https:\\\/\\\/easy-sushi.com\\\/nl\\\/#\\\/schema\\\/logo\\\/image\\\/\"},\"sameAs\":[\"https:\\\/\\\/www.facebook.com\\\/EasySushi\\\/\",\"https:\\\/\\\/x.com\\\/EasySushi\",\"https:\\\/\\\/www.instagram.com\\\/easysushieasyrolls\\\/\",\"https:\\\/\\\/www.youtube.com\\\/user\\\/EasysushiEasyrolls\"]}]}<\/script>\n<!-- \/ Yoast SEO plugin. -->","yoast_head_json":{"title":"Nori blad voor Sushis &amp; Makis Edomae - Easy Sushi\u00ae","description":"Sushi Nori is een Japans zeewier dat op verschillende manieren gebruikt kan worden. Het norivel heeft een hoog eiwit- en vitamine A-gehalte en is daarom perfect geschikt voor vegetarische di\u00ebten. Ideaal voor Easy Sushi\u00ae 2.5, 3.5 &amp; 4.5","robots":{"index":"index","follow":"follow","max-snippet":"max-snippet:-1","max-image-preview":"max-image-preview:large","max-video-preview":"max-video-preview:-1"},"canonical":"https:\/\/easy-sushi.com\/nl\/kledingwinkel-2\/nori-sheet-voor-sushi-makis-edomae\/","og_locale":"nl_BE","og_type":"article","og_title":"Feuille de Nori pour Sushis &amp; Makis Edomae - Easy Sushi\u00ae","og_description":"Le Sushi Nori est une algue marine japonaise qui peut s\u2019utiliser de diverses fa\u00e7ons. La feuille de nori a une forte teneur en prot\u00e9ines et Vitamine A et est donc parfaitement adapt\u00e9e aux r\u00e9gimes v\u00e9g\u00e9tariens. Id\u00e9al pour les Easy Sushi\u00ae 2.5, 3.5 & 4.5","og_url":"https:\/\/easy-sushi.com\/nl\/kledingwinkel-2\/nori-sheet-voor-sushi-makis-edomae\/","og_site_name":"Easy Sushi\u00ae","article_publisher":"https:\/\/www.facebook.com\/EasySushi\/","article_modified_time":"2023-06-23T10:07:59+00:00","og_image":[{"width":1200,"height":1200,"url":"https:\/\/easy-sushi.com\/wp-content\/uploads\/2019\/09\/Feuille-de-nori-edomae-x10-yamamotoyama.jpg","type":"image\/jpeg"}],"twitter_card":"summary_large_image","twitter_site":"@EasySushi","twitter_misc":{"Geschatte leestijd":"1 minuut"},"schema":{"@context":"https:\/\/schema.org","@graph":[{"@type":"WebPage","@id":"https:\/\/easy-sushi.com\/boutique\/feuille-de-nori-pour-sushis-makis-edomae\/","url":"https:\/\/easy-sushi.com\/boutique\/feuille-de-nori-pour-sushis-makis-edomae\/","name":"Nori blad voor Sushis &amp; Makis Edomae - Easy Sushi\u00ae","isPartOf":{"@id":"https:\/\/easy-sushi.com\/nl\/#website"},"primaryImageOfPage":{"@id":"https:\/\/easy-sushi.com\/boutique\/feuille-de-nori-pour-sushis-makis-edomae\/#primaryimage"},"image":{"@id":"https:\/\/easy-sushi.com\/boutique\/feuille-de-nori-pour-sushis-makis-edomae\/#primaryimage"},"thumbnailUrl":"https:\/\/easy-sushi.com\/wp-content\/uploads\/2019\/09\/Feuille-de-nori-edomae-x10-yamamotoyama.jpg","datePublished":"2019-09-24T09:43:19+00:00","dateModified":"2023-06-23T10:07:59+00:00","description":"Sushi Nori is een Japans zeewier dat op verschillende manieren gebruikt kan worden. Het norivel heeft een hoog eiwit- en vitamine A-gehalte en is daarom perfect geschikt voor vegetarische di\u00ebten. Ideaal voor Easy Sushi\u00ae 2.5, 3.5 &amp; 4.5","breadcrumb":{"@id":"https:\/\/easy-sushi.com\/boutique\/feuille-de-nori-pour-sushis-makis-edomae\/#breadcrumb"},"inLanguage":"nl-BE","potentialAction":[{"@type":"ReadAction","target":["https:\/\/easy-sushi.com\/boutique\/feuille-de-nori-pour-sushis-makis-edomae\/"]}]},{"@type":"ImageObject","inLanguage":"nl-BE","@id":"https:\/\/easy-sushi.com\/boutique\/feuille-de-nori-pour-sushis-makis-edomae\/#primaryimage","url":"https:\/\/easy-sushi.com\/wp-content\/uploads\/2019\/09\/Feuille-de-nori-edomae-x10-yamamotoyama.jpg","contentUrl":"https:\/\/easy-sushi.com\/wp-content\/uploads\/2019\/09\/Feuille-de-nori-edomae-x10-yamamotoyama.jpg","width":1200,"height":1200,"caption":"Feuille-de-nori-edomae-x10-yamamotoyama"},{"@type":"BreadcrumbList","@id":"https:\/\/easy-sushi.com\/boutique\/feuille-de-nori-pour-sushis-makis-edomae\/#breadcrumb","itemListElement":[{"@type":"ListItem","position":1,"name":"Accueil","item":"https:\/\/easy-sushi.com\/"},{"@type":"ListItem","position":2,"name":"Boutique","item":"https:\/\/easy-sushi.com\/pt\/boutique\/"},{"@type":"ListItem","position":3,"name":"\u00c9picerie","item":"https:\/\/easy-sushi.com\/categorie-produit\/epicerie\/"},{"@type":"ListItem","position":4,"name":"Feuille de Nori pour Sushis &amp; Makis Edomae"}]},{"@type":"WebSite","@id":"https:\/\/easy-sushi.com\/nl\/#website","url":"https:\/\/easy-sushi.com\/nl\/","name":"Makkelijk Sushi\u00ae","description":"","publisher":{"@id":"https:\/\/easy-sushi.com\/nl\/#organization"},"potentialAction":[{"@type":"SearchAction","target":{"@type":"EntryPoint","urlTemplate":"https:\/\/easy-sushi.com\/nl\/?s={search_term_string}"},"query-input":{"@type":"PropertyValueSpecification","valueRequired":true,"valueName":"search_term_string"}}],"inLanguage":"nl-BE"},{"@type":"Organization","@id":"https:\/\/easy-sushi.com\/nl\/#organization","name":"Makkelijk Sushi\u00ae","url":"https:\/\/easy-sushi.com\/nl\/","logo":{"@type":"ImageObject","inLanguage":"nl-BE","@id":"https:\/\/easy-sushi.com\/nl\/#\/schema\/logo\/image\/","url":"https:\/\/easy-sushi.com\/wp-content\/uploads\/2021\/01\/easy_sushi_logotype.svg","contentUrl":"https:\/\/easy-sushi.com\/wp-content\/uploads\/2021\/01\/easy_sushi_logotype.svg","width":513,"height":357,"caption":"Easy Sushi\u00ae"},"image":{"@id":"https:\/\/easy-sushi.com\/nl\/#\/schema\/logo\/image\/"},"sameAs":["https:\/\/www.facebook.com\/EasySushi\/","https:\/\/x.com\/EasySushi","https:\/\/www.instagram.com\/easysushieasyrolls\/","https:\/\/www.youtube.com\/user\/EasysushiEasyrolls"]}]}},"_links":{"self":[{"href":"https:\/\/easy-sushi.com\/nl\/wp-json\/wp\/v2\/product\/944","targetHints":{"allow":["GET"]}}],"collection":[{"href":"https:\/\/easy-sushi.com\/nl\/wp-json\/wp\/v2\/product"}],"about":[{"href":"https:\/\/easy-sushi.com\/nl\/wp-json\/wp\/v2\/types\/product"}],"replies":[{"embeddable":true,"href":"https:\/\/easy-sushi.com\/nl\/wp-json\/wp\/v2\/comments?post=944"}],"wp:featuredmedia":[{"embeddable":true,"href":"https:\/\/easy-sushi.com\/nl\/wp-json\/wp\/v2\/media\/945"}],"wp:attachment":[{"href":"https:\/\/easy-sushi.com\/nl\/wp-json\/wp\/v2\/media?parent=944"}],"wp:term":[{"taxonomy":"product_brand","embeddable":true,"href":"https:\/\/easy-sushi.com\/nl\/wp-json\/wp\/v2\/product_brand?post=944"},{"taxonomy":"product_cat","embeddable":true,"href":"https:\/\/easy-sushi.com\/nl\/wp-json\/wp\/v2\/product_cat?post=944"},{"taxonomy":"product_tag","embeddable":true,"href":"https:\/\/easy-sushi.com\/nl\/wp-json\/wp\/v2\/product_tag?post=944"}],"curies":[{"name":"wp","href":"https:\/\/api.w.org\/{rel}","templated":true}]}}