{"id":930,"date":"2019-09-23T15:32:13","date_gmt":"2019-09-23T13:32:13","guid":{"rendered":"https:\/\/easy-sushi.com\/?post_type=product&#038;p=930"},"modified":"2023-06-23T11:59:42","modified_gmt":"2023-06-23T09:59:42","slug":"kruiden-voor-sushi-rijst","status":"publish","type":"product","link":"https:\/\/easy-sushi.com\/nl\/kledingwinkel-2\/kruiden-voor-sushi-rijst\/","title":{"rendered":"Sushi Rijst Kruiden"},"content":{"rendered":"<p>Kikkoman Sushi Rice Seasoning is ideaal voor het bereiden van je rijst.<\/p>\n<p>Zachter en minder zuur dan gewone azijn, maar ook geschikt om je salades en marinades op smaak te brengen.<\/p>\n<p><strong>Samenstelling:<\/strong> Water, Rijstazijn (31%), Suiker, Zout.<\/p>\n<p><strong>Handmatig : <\/strong>Voeg voor je sushirijst 150 ml sushiazijn toe voor 1200 g gekookte rijst (ongeveer 500 g droge rijst).<\/p>\n<p>Meng goed terwijl de rijst heet is en zorg ervoor dat de rijst niet verpletterd wordt.<\/p>\n<p><strong>Voedingswaarde (voor 100ml)<\/strong> :<\/p>\n<table class=\"producttable\" summary=\"\">\n<tbody>\n<tr>\n<td>Energie (kJ \/ kcal)<\/td>\n<td>706 \/ 166<\/td>\n<\/tr>\n<tr>\n<td>Vet (g)<\/td>\n<td>0<\/td>\n<\/tr>\n<tr>\n<td>\u00a0waarvan verzadigde vetzuren (g)<\/td>\n<td>0<\/td>\n<\/tr>\n<tr>\n<td>Koolhydraten (g)<\/td>\n<td>38<\/td>\n<\/tr>\n<tr>\n<td>\u00a0 waarvan suikers (g)<\/td>\n<td>37<\/td>\n<\/tr>\n<tr>\n<td>Eiwitten (g)<\/td>\n<td>0<\/td>\n<\/tr>\n<tr>\n<td>Zout (g)<\/td>\n<td>7,5<\/td>\n<\/tr>\n<\/tbody>\n<\/table>","protected":false},"excerpt":{"rendered":"<div class=\"product_description\">\n<p>De essenti\u00eble Kikkoman ketjapsaus voor je bereidingen met zoete en gekarameliseerde accenten...<\/p>\n<ul>\n<li>Ideaal voor sushirijst<\/li>\n<li>Hersluitbare fles van 300 ml<\/li>\n<li>Zachter en minder zuur dan de gebruikelijke azijn<\/li>\n<li>Ook te gebruiken voor salades en marinades...<\/li>\n<li>Na openen in de koelkast houdbaar<\/li>\n<\/ul>\n<\/div>","protected":false},"featured_media":931,"comment_status":"closed","ping_status":"closed","template":"","meta":{"neve_meta_sidebar":"","neve_meta_container":"","neve_meta_enable_content_width":"off","neve_meta_content_width":100,"neve_meta_title_alignment":"","neve_meta_author_avatar":"","neve_post_elements_order":"","neve_meta_disable_header":"","neve_meta_disable_footer":"","neve_meta_disable_title":""},"product_brand":[],"product_cat":[26],"product_tag":[],"class_list":{"0":"post-930","1":"product","2":"type-product","3":"status-publish","4":"has-post-thumbnail","6":"product_cat-epicerie","8":"first","9":"outofstock","10":"taxable","11":"shipping-taxable","12":"purchasable","13":"product-type-simple"},"yoast_head":"<!-- This site is optimized with the Yoast SEO plugin v27.5 - https:\/\/yoast.com\/product\/yoast-seo-wordpress\/ -->\n<title>Assaisonnement pour Riz \u00e0 Sushi - Easy Sushi\u00ae<\/title>\n<meta name=\"description\" content=\"L&#039;assaisonnement pour riz \u00e0 sushi Kikkoman est id\u00e9al pour la pr\u00e9paration de votre riz. Plus doux et moins acide que le vinaigre courant, il convient \u00e9galement pour l&#039;assaisonnement de vos salades et marinades.\" \/>\n<meta name=\"robots\" content=\"index, follow, max-snippet:-1, max-image-preview:large, max-video-preview:-1\" \/>\n<link rel=\"canonical\" href=\"https:\/\/easy-sushi.com\/nl\/kledingwinkel-2\/kruiden-voor-sushi-rijst\/\" \/>\n<meta property=\"og:locale\" content=\"nl_BE\" \/>\n<meta property=\"og:type\" content=\"article\" \/>\n<meta property=\"og:title\" content=\"Assaisonnement pour Riz \u00e0 Sushi - Easy Sushi\u00ae\" \/>\n<meta property=\"og:description\" content=\"L&#039;assaisonnement pour riz \u00e0 sushi Kikkoman est id\u00e9al pour la pr\u00e9paration de votre riz. Plus doux et moins acide que le vinaigre courant, il convient \u00e9galement pour l&#039;assaisonnement de vos salades et marinades.\" \/>\n<meta property=\"og:url\" content=\"https:\/\/easy-sushi.com\/nl\/kledingwinkel-2\/kruiden-voor-sushi-rijst\/\" \/>\n<meta property=\"og:site_name\" content=\"Easy Sushi\u00ae\" \/>\n<meta property=\"article:publisher\" content=\"https:\/\/www.facebook.com\/EasySushi\/\" \/>\n<meta property=\"article:modified_time\" content=\"2023-06-23T09:59:42+00:00\" \/>\n<meta property=\"og:image\" content=\"https:\/\/easy-sushi.com\/wp-content\/uploads\/2019\/09\/Assaisonnement-pour-riz-a-sushi-seasonning-for-sushi-300ml.jpg\" \/>\n\t<meta property=\"og:image:width\" content=\"1200\" \/>\n\t<meta property=\"og:image:height\" content=\"1200\" \/>\n\t<meta property=\"og:image:type\" content=\"image\/jpeg\" \/>\n<meta name=\"twitter:card\" content=\"summary_large_image\" \/>\n<meta name=\"twitter:site\" content=\"@EasySushi\" \/>\n<meta name=\"twitter:label1\" content=\"Geschatte leestijd\" \/>\n\t<meta name=\"twitter:data1\" content=\"1 minuut\" \/>\n<script type=\"application\/ld+json\" class=\"yoast-schema-graph\">{\"@context\":\"https:\\\/\\\/schema.org\",\"@graph\":[{\"@type\":\"WebPage\",\"@id\":\"https:\\\/\\\/easy-sushi.com\\\/boutique\\\/assaisonnement-pour-riz-a-sushi\\\/\",\"url\":\"https:\\\/\\\/easy-sushi.com\\\/boutique\\\/assaisonnement-pour-riz-a-sushi\\\/\",\"name\":\"Assaisonnement pour Riz \u00e0 Sushi - Easy Sushi\u00ae\",\"isPartOf\":{\"@id\":\"https:\\\/\\\/easy-sushi.com\\\/nl\\\/#website\"},\"primaryImageOfPage\":{\"@id\":\"https:\\\/\\\/easy-sushi.com\\\/boutique\\\/assaisonnement-pour-riz-a-sushi\\\/#primaryimage\"},\"image\":{\"@id\":\"https:\\\/\\\/easy-sushi.com\\\/boutique\\\/assaisonnement-pour-riz-a-sushi\\\/#primaryimage\"},\"thumbnailUrl\":\"https:\\\/\\\/easy-sushi.com\\\/wp-content\\\/uploads\\\/2019\\\/09\\\/Assaisonnement-pour-riz-a-sushi-seasonning-for-sushi-300ml.jpg\",\"datePublished\":\"2019-09-23T13:32:13+00:00\",\"dateModified\":\"2023-06-23T09:59:42+00:00\",\"description\":\"L'assaisonnement pour riz \u00e0 sushi Kikkoman est id\u00e9al pour la pr\u00e9paration de votre riz. Plus doux et moins acide que le vinaigre courant, il convient \u00e9galement pour l'assaisonnement de vos salades et marinades.\",\"breadcrumb\":{\"@id\":\"https:\\\/\\\/easy-sushi.com\\\/boutique\\\/assaisonnement-pour-riz-a-sushi\\\/#breadcrumb\"},\"inLanguage\":\"nl-BE\",\"potentialAction\":[{\"@type\":\"ReadAction\",\"target\":[\"https:\\\/\\\/easy-sushi.com\\\/boutique\\\/assaisonnement-pour-riz-a-sushi\\\/\"]}]},{\"@type\":\"ImageObject\",\"inLanguage\":\"nl-BE\",\"@id\":\"https:\\\/\\\/easy-sushi.com\\\/boutique\\\/assaisonnement-pour-riz-a-sushi\\\/#primaryimage\",\"url\":\"https:\\\/\\\/easy-sushi.com\\\/wp-content\\\/uploads\\\/2019\\\/09\\\/Assaisonnement-pour-riz-a-sushi-seasonning-for-sushi-300ml.jpg\",\"contentUrl\":\"https:\\\/\\\/easy-sushi.com\\\/wp-content\\\/uploads\\\/2019\\\/09\\\/Assaisonnement-pour-riz-a-sushi-seasonning-for-sushi-300ml.jpg\",\"width\":1200,\"height\":1200,\"caption\":\"Assaisonnement-pour-riz-a-sushi-seasonning-for-sushi-300ml\"},{\"@type\":\"BreadcrumbList\",\"@id\":\"https:\\\/\\\/easy-sushi.com\\\/boutique\\\/assaisonnement-pour-riz-a-sushi\\\/#breadcrumb\",\"itemListElement\":[{\"@type\":\"ListItem\",\"position\":1,\"name\":\"Accueil\",\"item\":\"https:\\\/\\\/easy-sushi.com\\\/\"},{\"@type\":\"ListItem\",\"position\":2,\"name\":\"Boutique\",\"item\":\"https:\\\/\\\/easy-sushi.com\\\/pt\\\/boutique\\\/\"},{\"@type\":\"ListItem\",\"position\":3,\"name\":\"\u00c9picerie\",\"item\":\"https:\\\/\\\/easy-sushi.com\\\/categorie-produit\\\/epicerie\\\/\"},{\"@type\":\"ListItem\",\"position\":4,\"name\":\"Assaisonnement pour Riz \u00e0 Sushi\"}]},{\"@type\":\"WebSite\",\"@id\":\"https:\\\/\\\/easy-sushi.com\\\/nl\\\/#website\",\"url\":\"https:\\\/\\\/easy-sushi.com\\\/nl\\\/\",\"name\":\"Easy Sushi\u00ae\",\"description\":\"\",\"publisher\":{\"@id\":\"https:\\\/\\\/easy-sushi.com\\\/nl\\\/#organization\"},\"potentialAction\":[{\"@type\":\"SearchAction\",\"target\":{\"@type\":\"EntryPoint\",\"urlTemplate\":\"https:\\\/\\\/easy-sushi.com\\\/nl\\\/?s={search_term_string}\"},\"query-input\":{\"@type\":\"PropertyValueSpecification\",\"valueRequired\":true,\"valueName\":\"search_term_string\"}}],\"inLanguage\":\"nl-BE\"},{\"@type\":\"Organization\",\"@id\":\"https:\\\/\\\/easy-sushi.com\\\/nl\\\/#organization\",\"name\":\"Easy Sushi\u00ae\",\"url\":\"https:\\\/\\\/easy-sushi.com\\\/nl\\\/\",\"logo\":{\"@type\":\"ImageObject\",\"inLanguage\":\"nl-BE\",\"@id\":\"https:\\\/\\\/easy-sushi.com\\\/nl\\\/#\\\/schema\\\/logo\\\/image\\\/\",\"url\":\"https:\\\/\\\/easy-sushi.com\\\/wp-content\\\/uploads\\\/2021\\\/01\\\/easy_sushi_logotype.svg\",\"contentUrl\":\"https:\\\/\\\/easy-sushi.com\\\/wp-content\\\/uploads\\\/2021\\\/01\\\/easy_sushi_logotype.svg\",\"width\":513,\"height\":357,\"caption\":\"Easy Sushi\u00ae\"},\"image\":{\"@id\":\"https:\\\/\\\/easy-sushi.com\\\/nl\\\/#\\\/schema\\\/logo\\\/image\\\/\"},\"sameAs\":[\"https:\\\/\\\/www.facebook.com\\\/EasySushi\\\/\",\"https:\\\/\\\/x.com\\\/EasySushi\",\"https:\\\/\\\/www.instagram.com\\\/easysushieasyrolls\\\/\",\"https:\\\/\\\/www.youtube.com\\\/user\\\/EasysushiEasyrolls\"]}]}<\/script>\n<!-- \/ Yoast SEO plugin. -->","yoast_head_json":{"title":"Sushi Rijst Kruiden - Easy Sushi\u00ae","description":"Kikkoman Sushi Rice Seasoning is ideaal voor het bereiden van je rijst. Zachter en minder zuur dan gewone azijn, maar ook geschikt om je salades en marinades op smaak te brengen.","robots":{"index":"index","follow":"follow","max-snippet":"max-snippet:-1","max-image-preview":"max-image-preview:large","max-video-preview":"max-video-preview:-1"},"canonical":"https:\/\/easy-sushi.com\/nl\/kledingwinkel-2\/kruiden-voor-sushi-rijst\/","og_locale":"nl_BE","og_type":"article","og_title":"Assaisonnement pour Riz \u00e0 Sushi - Easy Sushi\u00ae","og_description":"L'assaisonnement pour riz \u00e0 sushi Kikkoman est id\u00e9al pour la pr\u00e9paration de votre riz. Plus doux et moins acide que le vinaigre courant, il convient \u00e9galement pour l'assaisonnement de vos salades et marinades.","og_url":"https:\/\/easy-sushi.com\/nl\/kledingwinkel-2\/kruiden-voor-sushi-rijst\/","og_site_name":"Easy Sushi\u00ae","article_publisher":"https:\/\/www.facebook.com\/EasySushi\/","article_modified_time":"2023-06-23T09:59:42+00:00","og_image":[{"width":1200,"height":1200,"url":"https:\/\/easy-sushi.com\/wp-content\/uploads\/2019\/09\/Assaisonnement-pour-riz-a-sushi-seasonning-for-sushi-300ml.jpg","type":"image\/jpeg"}],"twitter_card":"summary_large_image","twitter_site":"@EasySushi","twitter_misc":{"Geschatte leestijd":"1 minuut"},"schema":{"@context":"https:\/\/schema.org","@graph":[{"@type":"WebPage","@id":"https:\/\/easy-sushi.com\/boutique\/assaisonnement-pour-riz-a-sushi\/","url":"https:\/\/easy-sushi.com\/boutique\/assaisonnement-pour-riz-a-sushi\/","name":"Sushi Rijst Kruiden - Easy Sushi\u00ae","isPartOf":{"@id":"https:\/\/easy-sushi.com\/nl\/#website"},"primaryImageOfPage":{"@id":"https:\/\/easy-sushi.com\/boutique\/assaisonnement-pour-riz-a-sushi\/#primaryimage"},"image":{"@id":"https:\/\/easy-sushi.com\/boutique\/assaisonnement-pour-riz-a-sushi\/#primaryimage"},"thumbnailUrl":"https:\/\/easy-sushi.com\/wp-content\/uploads\/2019\/09\/Assaisonnement-pour-riz-a-sushi-seasonning-for-sushi-300ml.jpg","datePublished":"2019-09-23T13:32:13+00:00","dateModified":"2023-06-23T09:59:42+00:00","description":"Kikkoman Sushi Rice Seasoning is ideaal voor het bereiden van je rijst. Zachter en minder zuur dan gewone azijn, maar ook geschikt om je salades en marinades op smaak te brengen.","breadcrumb":{"@id":"https:\/\/easy-sushi.com\/boutique\/assaisonnement-pour-riz-a-sushi\/#breadcrumb"},"inLanguage":"nl-BE","potentialAction":[{"@type":"ReadAction","target":["https:\/\/easy-sushi.com\/boutique\/assaisonnement-pour-riz-a-sushi\/"]}]},{"@type":"ImageObject","inLanguage":"nl-BE","@id":"https:\/\/easy-sushi.com\/boutique\/assaisonnement-pour-riz-a-sushi\/#primaryimage","url":"https:\/\/easy-sushi.com\/wp-content\/uploads\/2019\/09\/Assaisonnement-pour-riz-a-sushi-seasonning-for-sushi-300ml.jpg","contentUrl":"https:\/\/easy-sushi.com\/wp-content\/uploads\/2019\/09\/Assaisonnement-pour-riz-a-sushi-seasonning-for-sushi-300ml.jpg","width":1200,"height":1200,"caption":"Assaisonnement-pour-riz-a-sushi-seasonning-for-sushi-300ml"},{"@type":"BreadcrumbList","@id":"https:\/\/easy-sushi.com\/boutique\/assaisonnement-pour-riz-a-sushi\/#breadcrumb","itemListElement":[{"@type":"ListItem","position":1,"name":"Accueil","item":"https:\/\/easy-sushi.com\/"},{"@type":"ListItem","position":2,"name":"Boutique","item":"https:\/\/easy-sushi.com\/pt\/boutique\/"},{"@type":"ListItem","position":3,"name":"\u00c9picerie","item":"https:\/\/easy-sushi.com\/categorie-produit\/epicerie\/"},{"@type":"ListItem","position":4,"name":"Assaisonnement pour Riz \u00e0 Sushi"}]},{"@type":"WebSite","@id":"https:\/\/easy-sushi.com\/nl\/#website","url":"https:\/\/easy-sushi.com\/nl\/","name":"Makkelijk Sushi\u00ae","description":"","publisher":{"@id":"https:\/\/easy-sushi.com\/nl\/#organization"},"potentialAction":[{"@type":"SearchAction","target":{"@type":"EntryPoint","urlTemplate":"https:\/\/easy-sushi.com\/nl\/?s={search_term_string}"},"query-input":{"@type":"PropertyValueSpecification","valueRequired":true,"valueName":"search_term_string"}}],"inLanguage":"nl-BE"},{"@type":"Organization","@id":"https:\/\/easy-sushi.com\/nl\/#organization","name":"Makkelijk Sushi\u00ae","url":"https:\/\/easy-sushi.com\/nl\/","logo":{"@type":"ImageObject","inLanguage":"nl-BE","@id":"https:\/\/easy-sushi.com\/nl\/#\/schema\/logo\/image\/","url":"https:\/\/easy-sushi.com\/wp-content\/uploads\/2021\/01\/easy_sushi_logotype.svg","contentUrl":"https:\/\/easy-sushi.com\/wp-content\/uploads\/2021\/01\/easy_sushi_logotype.svg","width":513,"height":357,"caption":"Easy Sushi\u00ae"},"image":{"@id":"https:\/\/easy-sushi.com\/nl\/#\/schema\/logo\/image\/"},"sameAs":["https:\/\/www.facebook.com\/EasySushi\/","https:\/\/x.com\/EasySushi","https:\/\/www.instagram.com\/easysushieasyrolls\/","https:\/\/www.youtube.com\/user\/EasysushiEasyrolls"]}]}},"_links":{"self":[{"href":"https:\/\/easy-sushi.com\/nl\/wp-json\/wp\/v2\/product\/930","targetHints":{"allow":["GET"]}}],"collection":[{"href":"https:\/\/easy-sushi.com\/nl\/wp-json\/wp\/v2\/product"}],"about":[{"href":"https:\/\/easy-sushi.com\/nl\/wp-json\/wp\/v2\/types\/product"}],"replies":[{"embeddable":true,"href":"https:\/\/easy-sushi.com\/nl\/wp-json\/wp\/v2\/comments?post=930"}],"wp:featuredmedia":[{"embeddable":true,"href":"https:\/\/easy-sushi.com\/nl\/wp-json\/wp\/v2\/media\/931"}],"wp:attachment":[{"href":"https:\/\/easy-sushi.com\/nl\/wp-json\/wp\/v2\/media?parent=930"}],"wp:term":[{"taxonomy":"product_brand","embeddable":true,"href":"https:\/\/easy-sushi.com\/nl\/wp-json\/wp\/v2\/product_brand?post=930"},{"taxonomy":"product_cat","embeddable":true,"href":"https:\/\/easy-sushi.com\/nl\/wp-json\/wp\/v2\/product_cat?post=930"},{"taxonomy":"product_tag","embeddable":true,"href":"https:\/\/easy-sushi.com\/nl\/wp-json\/wp\/v2\/product_tag?post=930"}],"curies":[{"name":"wp","href":"https:\/\/api.w.org\/{rel}","templated":true}]}}