{"id":759,"date":"2019-09-16T16:21:18","date_gmt":"2019-09-16T14:21:18","guid":{"rendered":"https:\/\/easy-sushi.com\/?post_type=product&#038;p=759"},"modified":"2026-03-25T11:00:38","modified_gmt":"2026-03-25T10:00:38","slug":"easy_sushi_2_5_noir","status":"publish","type":"product","link":"https:\/\/easy-sushi.com\/nl\/kledingwinkel-2\/easy_sushi_2_5_noir\/","title":{"rendered":"Easy Sushi\u00ae 2.5 Zwart"},"content":{"rendered":"<h2>Hoe werkt Easy Sushi\u00ae 2.5?<\/h2>\n<p>Het apparaat bestaat uit een cilinder bestaande uit twee ABS-schalen van voedselkwaliteit die vaatwasmachinebestendig zijn en een flexibele polypropyleen tractiefilm van voedselkwaliteit, die kan worden gereinigd met een niet-schurende spons en zeepsop. <strong>Makkelijk te gebruiken<\/strong>, kunt u nu in recordtijd tussen de zes en acht maki&#039;s of andere soorten broodjes maken van bladerdeeg, omeletten, pannenkoeken en meer. Bekijk onze <a href=\"\/nl\/categorie\/videos-2\/\" target=\"_blank\" rel=\"noopener\">demonstratievideo&#039;s<\/a>.<\/p>\n<h2>Onze favoriete recepten voor Easy Sushi\u00ae 2.5 Zwart<\/h2>\n<p>Easy Sushi\u00ae biedt u een selectie van gastronomische recepten: tonijnmaki-recept, california maki-recept met surimi en meer. Ontdekken <a href=\"\/nl\/categorie\/bonnetjes\/\" target=\"_blank\" rel=\"noopener\">onze recepten<\/a>.<\/p>\n<h2>Beoordeel Easy Sushi\u00ae 2.5 Zwart<\/h2>\n<p>Ze praten erover, raadplegen de <a href=\"https:\/\/fr.trustpilot.com\/review\/easy-sushi.com\" target=\"_blank\" rel=\"noopener\">geverifieerde gebruikersrecensies<\/a> door Easy Sushi.<\/p>\n<h2>Hulp nodig bij Easy Sushi\u00ae 2.5 Zwart?<\/h2>\n<p>Ontdekken <a href=\"\/nl\/handmatig\/\" target=\"_blank\" rel=\"noopener\">onze gebruikershandleiding<\/a> in foto&#039;s en word een meester in de kunst van het maken van sushi.<\/p>","protected":false},"excerpt":{"rendered":"<p>Maak eenvoudig en snel je sushi met Easy Sushi\u00ae<\/p>\n<ul>\n<li>Easy Sushi\u00ae 2.5 Zwart<\/li>\n<li>Hosomaki &amp; Aperitiefhapjes<\/li>\n<li>Franse makelij<\/li>\n<li>Gebruiksaanwijzing inbegrepen<\/li>\n<li>Afmetingen 24 x 2,5 x 4,5 cm<\/li>\n<li>Makkelijk te wassen<\/li>\n<\/ul>\n<p>Easy Sushi\u00ae 2.5 Zwart van Easy Sushi\u00ae<\/p>","protected":false},"featured_media":27395,"comment_status":"open","ping_status":"closed","template":"","meta":{"neve_meta_sidebar":"","neve_meta_container":"","neve_meta_enable_content_width":"off","neve_meta_content_width":100,"neve_meta_title_alignment":"","neve_meta_author_avatar":"","neve_post_elements_order":"","neve_meta_disable_header":"","neve_meta_disable_footer":"","neve_meta_disable_title":""},"product_brand":[],"product_cat":[86,21],"product_tag":[],"class_list":{"0":"post-759","1":"product","2":"type-product","3":"status-publish","4":"has-post-thumbnail","6":"product_cat-machine-a-sushi","7":"product_cat-easy-sushi","9":"first","10":"instock","11":"taxable","12":"shipping-taxable","13":"purchasable","14":"product-type-simple"},"yoast_head":"<!-- This site is optimized with the Yoast SEO plugin v27.4 - https:\/\/yoast.com\/product\/yoast-seo-wordpress\/ -->\n<title>Easy Sushi\u00ae 2.5 Noir | Appareil \u00e0 makis | Kit sushi - Easy Sushi\u00ae<\/title>\n<meta name=\"description\" content=\"Pr\u00e9parer des makis maison n&#039;a jamais \u00e9t\u00e9 aussi simple gr\u00e2ce \u00e0 la machine \u00e0 sushi Easy Sushi 2.5\u00ae Noir. Livraison offerte en France d\u00e8s 39\u20ac\" \/>\n<meta name=\"robots\" content=\"index, follow, max-snippet:-1, max-image-preview:large, max-video-preview:-1\" \/>\n<link rel=\"canonical\" href=\"https:\/\/easy-sushi.com\/nl\/kledingwinkel-2\/easy_sushi_2_5_noir\/\" \/>\n<meta property=\"og:locale\" content=\"nl_BE\" \/>\n<meta property=\"og:type\" content=\"article\" \/>\n<meta property=\"og:title\" content=\"Easy Sushi\u00ae 2.5 Noir | Appareil \u00e0 makis | Kit sushi - Easy Sushi\u00ae\" \/>\n<meta property=\"og:description\" content=\"Pr\u00e9parer des makis maison n&#039;a jamais \u00e9t\u00e9 aussi simple gr\u00e2ce \u00e0 la machine \u00e0 sushi Easy Sushi 2.5\u00ae Noir. Livraison offerte en France d\u00e8s 39\u20ac\" \/>\n<meta property=\"og:url\" content=\"https:\/\/easy-sushi.com\/nl\/kledingwinkel-2\/easy_sushi_2_5_noir\/\" \/>\n<meta property=\"og:site_name\" content=\"Easy Sushi\u00ae\" \/>\n<meta property=\"article:publisher\" content=\"https:\/\/www.facebook.com\/EasySushi\/\" \/>\n<meta property=\"article:modified_time\" content=\"2026-03-25T10:00:38+00:00\" \/>\n<meta property=\"og:image\" content=\"https:\/\/easy-sushi.com\/wp-content\/uploads\/2019\/09\/easy-sushi-2-5.jpg\" \/>\n\t<meta property=\"og:image:width\" content=\"1200\" \/>\n\t<meta property=\"og:image:height\" content=\"1200\" \/>\n\t<meta property=\"og:image:type\" content=\"image\/jpeg\" \/>\n<meta name=\"twitter:card\" content=\"summary_large_image\" \/>\n<meta name=\"twitter:site\" content=\"@EasySushi\" \/>\n<meta name=\"twitter:label1\" content=\"Geschatte leestijd\" \/>\n\t<meta name=\"twitter:data1\" content=\"1 minuut\" \/>\n<script type=\"application\/ld+json\" class=\"yoast-schema-graph\">{\"@context\":\"https:\\\/\\\/schema.org\",\"@graph\":[{\"@type\":\"WebPage\",\"@id\":\"https:\\\/\\\/easy-sushi.com\\\/boutique\\\/easy-sushi-2-5-noir\\\/\",\"url\":\"https:\\\/\\\/easy-sushi.com\\\/boutique\\\/easy-sushi-2-5-noir\\\/\",\"name\":\"Easy Sushi\u00ae 2.5 Noir | Appareil \u00e0 makis | Kit sushi - Easy Sushi\u00ae\",\"isPartOf\":{\"@id\":\"https:\\\/\\\/easy-sushi.com\\\/nl\\\/#website\"},\"primaryImageOfPage\":{\"@id\":\"https:\\\/\\\/easy-sushi.com\\\/boutique\\\/easy-sushi-2-5-noir\\\/#primaryimage\"},\"image\":{\"@id\":\"https:\\\/\\\/easy-sushi.com\\\/boutique\\\/easy-sushi-2-5-noir\\\/#primaryimage\"},\"thumbnailUrl\":\"https:\\\/\\\/easy-sushi.com\\\/wp-content\\\/uploads\\\/2019\\\/09\\\/easy-sushi-2-5.jpg\",\"datePublished\":\"2019-09-16T14:21:18+00:00\",\"dateModified\":\"2026-03-25T10:00:38+00:00\",\"description\":\"Pr\u00e9parer des makis maison n'a jamais \u00e9t\u00e9 aussi simple gr\u00e2ce \u00e0 la machine \u00e0 sushi Easy Sushi 2.5\u00ae Noir. Livraison offerte en France d\u00e8s 39\u20ac\",\"breadcrumb\":{\"@id\":\"https:\\\/\\\/easy-sushi.com\\\/boutique\\\/easy-sushi-2-5-noir\\\/#breadcrumb\"},\"inLanguage\":\"nl-BE\",\"potentialAction\":[{\"@type\":\"ReadAction\",\"target\":[\"https:\\\/\\\/easy-sushi.com\\\/boutique\\\/easy-sushi-2-5-noir\\\/\"]}]},{\"@type\":\"ImageObject\",\"inLanguage\":\"nl-BE\",\"@id\":\"https:\\\/\\\/easy-sushi.com\\\/boutique\\\/easy-sushi-2-5-noir\\\/#primaryimage\",\"url\":\"https:\\\/\\\/easy-sushi.com\\\/wp-content\\\/uploads\\\/2019\\\/09\\\/easy-sushi-2-5.jpg\",\"contentUrl\":\"https:\\\/\\\/easy-sushi.com\\\/wp-content\\\/uploads\\\/2019\\\/09\\\/easy-sushi-2-5.jpg\",\"width\":1200,\"height\":1200},{\"@type\":\"BreadcrumbList\",\"@id\":\"https:\\\/\\\/easy-sushi.com\\\/boutique\\\/easy-sushi-2-5-noir\\\/#breadcrumb\",\"itemListElement\":[{\"@type\":\"ListItem\",\"position\":1,\"name\":\"Accueil\",\"item\":\"https:\\\/\\\/easy-sushi.com\\\/\"},{\"@type\":\"ListItem\",\"position\":2,\"name\":\"Boutique\",\"item\":\"https:\\\/\\\/easy-sushi.com\\\/pt\\\/boutique\\\/\"},{\"@type\":\"ListItem\",\"position\":3,\"name\":\"Machine \u00e0 sushi\",\"item\":\"https:\\\/\\\/easy-sushi.com\\\/categorie-produit\\\/machine-a-sushi\\\/\"},{\"@type\":\"ListItem\",\"position\":4,\"name\":\"Easy Sushi\u00ae 2.5 Noir\"}]},{\"@type\":\"WebSite\",\"@id\":\"https:\\\/\\\/easy-sushi.com\\\/nl\\\/#website\",\"url\":\"https:\\\/\\\/easy-sushi.com\\\/nl\\\/\",\"name\":\"Easy Sushi\u00ae\",\"description\":\"\",\"publisher\":{\"@id\":\"https:\\\/\\\/easy-sushi.com\\\/nl\\\/#organization\"},\"potentialAction\":[{\"@type\":\"SearchAction\",\"target\":{\"@type\":\"EntryPoint\",\"urlTemplate\":\"https:\\\/\\\/easy-sushi.com\\\/nl\\\/?s={search_term_string}\"},\"query-input\":{\"@type\":\"PropertyValueSpecification\",\"valueRequired\":true,\"valueName\":\"search_term_string\"}}],\"inLanguage\":\"nl-BE\"},{\"@type\":\"Organization\",\"@id\":\"https:\\\/\\\/easy-sushi.com\\\/nl\\\/#organization\",\"name\":\"Easy Sushi\u00ae\",\"url\":\"https:\\\/\\\/easy-sushi.com\\\/nl\\\/\",\"logo\":{\"@type\":\"ImageObject\",\"inLanguage\":\"nl-BE\",\"@id\":\"https:\\\/\\\/easy-sushi.com\\\/nl\\\/#\\\/schema\\\/logo\\\/image\\\/\",\"url\":\"https:\\\/\\\/easy-sushi.com\\\/wp-content\\\/uploads\\\/2021\\\/01\\\/easy_sushi_logotype.svg\",\"contentUrl\":\"https:\\\/\\\/easy-sushi.com\\\/wp-content\\\/uploads\\\/2021\\\/01\\\/easy_sushi_logotype.svg\",\"width\":513,\"height\":357,\"caption\":\"Easy Sushi\u00ae\"},\"image\":{\"@id\":\"https:\\\/\\\/easy-sushi.com\\\/nl\\\/#\\\/schema\\\/logo\\\/image\\\/\"},\"sameAs\":[\"https:\\\/\\\/www.facebook.com\\\/EasySushi\\\/\",\"https:\\\/\\\/x.com\\\/EasySushi\",\"https:\\\/\\\/www.instagram.com\\\/easysushieasyrolls\\\/\",\"https:\\\/\\\/www.youtube.com\\\/user\\\/EasysushiEasyrolls\"]}]}<\/script>\n<!-- \/ Yoast SEO plugin. -->","yoast_head_json":{"title":"Easy Sushi\u00ae 2.5 Zwart | maki-machine | Sushipakket - Easy Sushi\u00ae","description":"Zelfgemaakte maki bereiden was nog nooit zo eenvoudig dankzij de Easy Sushi 2.5\u00ae Black sushimachine. Gratis levering in Frankrijk vanaf 39\u20ac","robots":{"index":"index","follow":"follow","max-snippet":"max-snippet:-1","max-image-preview":"max-image-preview:large","max-video-preview":"max-video-preview:-1"},"canonical":"https:\/\/easy-sushi.com\/nl\/kledingwinkel-2\/easy_sushi_2_5_noir\/","og_locale":"nl_BE","og_type":"article","og_title":"Easy Sushi\u00ae 2.5 Noir | Appareil \u00e0 makis | Kit sushi - Easy Sushi\u00ae","og_description":"Pr\u00e9parer des makis maison n'a jamais \u00e9t\u00e9 aussi simple gr\u00e2ce \u00e0 la machine \u00e0 sushi Easy Sushi 2.5\u00ae Noir. Livraison offerte en France d\u00e8s 39\u20ac","og_url":"https:\/\/easy-sushi.com\/nl\/kledingwinkel-2\/easy_sushi_2_5_noir\/","og_site_name":"Easy Sushi\u00ae","article_publisher":"https:\/\/www.facebook.com\/EasySushi\/","article_modified_time":"2026-03-25T10:00:38+00:00","og_image":[{"width":1200,"height":1200,"url":"https:\/\/easy-sushi.com\/wp-content\/uploads\/2019\/09\/easy-sushi-2-5.jpg","type":"image\/jpeg"}],"twitter_card":"summary_large_image","twitter_site":"@EasySushi","twitter_misc":{"Geschatte leestijd":"1 minuut"},"schema":{"@context":"https:\/\/schema.org","@graph":[{"@type":"WebPage","@id":"https:\/\/easy-sushi.com\/boutique\/easy-sushi-2-5-noir\/","url":"https:\/\/easy-sushi.com\/boutique\/easy-sushi-2-5-noir\/","name":"Easy Sushi\u00ae 2.5 Zwart | maki-machine | Sushipakket - Easy Sushi\u00ae","isPartOf":{"@id":"https:\/\/easy-sushi.com\/nl\/#website"},"primaryImageOfPage":{"@id":"https:\/\/easy-sushi.com\/boutique\/easy-sushi-2-5-noir\/#primaryimage"},"image":{"@id":"https:\/\/easy-sushi.com\/boutique\/easy-sushi-2-5-noir\/#primaryimage"},"thumbnailUrl":"https:\/\/easy-sushi.com\/wp-content\/uploads\/2019\/09\/easy-sushi-2-5.jpg","datePublished":"2019-09-16T14:21:18+00:00","dateModified":"2026-03-25T10:00:38+00:00","description":"Zelfgemaakte maki bereiden was nog nooit zo eenvoudig dankzij de Easy Sushi 2.5\u00ae Black sushimachine. Gratis levering in Frankrijk vanaf 39\u20ac","breadcrumb":{"@id":"https:\/\/easy-sushi.com\/boutique\/easy-sushi-2-5-noir\/#breadcrumb"},"inLanguage":"nl-BE","potentialAction":[{"@type":"ReadAction","target":["https:\/\/easy-sushi.com\/boutique\/easy-sushi-2-5-noir\/"]}]},{"@type":"ImageObject","inLanguage":"nl-BE","@id":"https:\/\/easy-sushi.com\/boutique\/easy-sushi-2-5-noir\/#primaryimage","url":"https:\/\/easy-sushi.com\/wp-content\/uploads\/2019\/09\/easy-sushi-2-5.jpg","contentUrl":"https:\/\/easy-sushi.com\/wp-content\/uploads\/2019\/09\/easy-sushi-2-5.jpg","width":1200,"height":1200},{"@type":"BreadcrumbList","@id":"https:\/\/easy-sushi.com\/boutique\/easy-sushi-2-5-noir\/#breadcrumb","itemListElement":[{"@type":"ListItem","position":1,"name":"Accueil","item":"https:\/\/easy-sushi.com\/"},{"@type":"ListItem","position":2,"name":"Boutique","item":"https:\/\/easy-sushi.com\/pt\/boutique\/"},{"@type":"ListItem","position":3,"name":"Machine \u00e0 sushi","item":"https:\/\/easy-sushi.com\/categorie-produit\/machine-a-sushi\/"},{"@type":"ListItem","position":4,"name":"Easy Sushi\u00ae 2.5 Noir"}]},{"@type":"WebSite","@id":"https:\/\/easy-sushi.com\/nl\/#website","url":"https:\/\/easy-sushi.com\/nl\/","name":"Makkelijk Sushi\u00ae","description":"","publisher":{"@id":"https:\/\/easy-sushi.com\/nl\/#organization"},"potentialAction":[{"@type":"SearchAction","target":{"@type":"EntryPoint","urlTemplate":"https:\/\/easy-sushi.com\/nl\/?s={search_term_string}"},"query-input":{"@type":"PropertyValueSpecification","valueRequired":true,"valueName":"search_term_string"}}],"inLanguage":"nl-BE"},{"@type":"Organization","@id":"https:\/\/easy-sushi.com\/nl\/#organization","name":"Makkelijk Sushi\u00ae","url":"https:\/\/easy-sushi.com\/nl\/","logo":{"@type":"ImageObject","inLanguage":"nl-BE","@id":"https:\/\/easy-sushi.com\/nl\/#\/schema\/logo\/image\/","url":"https:\/\/easy-sushi.com\/wp-content\/uploads\/2021\/01\/easy_sushi_logotype.svg","contentUrl":"https:\/\/easy-sushi.com\/wp-content\/uploads\/2021\/01\/easy_sushi_logotype.svg","width":513,"height":357,"caption":"Easy Sushi\u00ae"},"image":{"@id":"https:\/\/easy-sushi.com\/nl\/#\/schema\/logo\/image\/"},"sameAs":["https:\/\/www.facebook.com\/EasySushi\/","https:\/\/x.com\/EasySushi","https:\/\/www.instagram.com\/easysushieasyrolls\/","https:\/\/www.youtube.com\/user\/EasysushiEasyrolls"]}]}},"_links":{"self":[{"href":"https:\/\/easy-sushi.com\/nl\/wp-json\/wp\/v2\/product\/759","targetHints":{"allow":["GET"]}}],"collection":[{"href":"https:\/\/easy-sushi.com\/nl\/wp-json\/wp\/v2\/product"}],"about":[{"href":"https:\/\/easy-sushi.com\/nl\/wp-json\/wp\/v2\/types\/product"}],"replies":[{"embeddable":true,"href":"https:\/\/easy-sushi.com\/nl\/wp-json\/wp\/v2\/comments?post=759"}],"wp:featuredmedia":[{"embeddable":true,"href":"https:\/\/easy-sushi.com\/nl\/wp-json\/wp\/v2\/media\/27395"}],"wp:attachment":[{"href":"https:\/\/easy-sushi.com\/nl\/wp-json\/wp\/v2\/media?parent=759"}],"wp:term":[{"taxonomy":"product_brand","embeddable":true,"href":"https:\/\/easy-sushi.com\/nl\/wp-json\/wp\/v2\/product_brand?post=759"},{"taxonomy":"product_cat","embeddable":true,"href":"https:\/\/easy-sushi.com\/nl\/wp-json\/wp\/v2\/product_cat?post=759"},{"taxonomy":"product_tag","embeddable":true,"href":"https:\/\/easy-sushi.com\/nl\/wp-json\/wp\/v2\/product_tag?post=759"}],"curies":[{"name":"wp","href":"https:\/\/api.w.org\/{rel}","templated":true}]}}