{"id":57,"date":"2019-09-04T10:34:26","date_gmt":"2019-09-04T08:34:26","guid":{"rendered":"https:\/\/easy-sushi.com\/?post_type=product&#038;p=57"},"modified":"2026-04-16T16:50:31","modified_gmt":"2026-04-16T14:50:31","slug":"easy_sushi_trio_roller_maker","status":"publish","type":"product","link":"https:\/\/easy-sushi.com\/nl\/kledingwinkel-2\/easy_sushi_trio_roller_maker\/","title":{"rendered":"Easy Sushi\u00ae Trio Roller Maker (2,5, 3,5, 4,5)"},"content":{"rendered":"<ul>\n<li>Hoe het werkt ?<\/li>\n<\/ul>\n<p>Het apparaat bestaat uit een cilinder die bestaat uit twee ABS-schalen van voedselkwaliteit, die vaatwasmachinebestendig zijn, en een flexibele polypropyleen tractiefilm van voedselkwaliteit, die kan worden gereinigd met een niet-schurende spons en zeepsop. Gemakkelijk te gebruiken, je kunt nu in een recordtijd tussen de zes en acht maki&#039;s of alle andere soorten wraps maken van bladerdeeg, omelet, cr\u00eape en meer. Bekijk onze demonstratievideo&#039;s. <a href=\"\/nl\/concept\/videos-2\/\">ik kijk<\/a>.<\/p>\n<ul>\n<li>Onze favoriete recepten<\/li>\n<\/ul>\n<p>Easy Sushi\u00ae biedt u zijn selectie gegroepeerd aan in 3 gastronomische receptenboeken. <a href=\"\/nl\/bonnetjes\/\">Ik ga.<\/a><\/p>\n<ul>\n<li>Hulp nodig ?<\/li>\n<\/ul>\n<p>Ontdek onze gebruiksaanwijzing en word een meester in het maken van sushi. <a href=\"\/nl\/handmatig\/\">Lees verder<\/a>.<\/p>","protected":false},"excerpt":{"rendered":"<p>Maak eenvoudig en snel je sushi met Easy Sushi\u00ae<\/p>\n<ul>\n<li>Easy Sushi\u00ae 2.5, 3.5 &amp; 4.5 Black Box<\/li>\n<li>3 originele kookboeken<\/li>\n<li>Hosomaki, Makisushi, Futomaki &amp; Rolls<\/li>\n<li>Franse makelij<\/li>\n<li>Gebruiksaanwijzing inbegrepen<\/li>\n<li>Afmetingen 20 x 6 x 24 cm<\/li>\n<li>Makkelijk te wassen<\/li>\n<\/ul>\n<p>Easy Sushi\u00ae 3.5 Zwart van Easy Sushi\u00ae<\/p>","protected":false},"featured_media":27496,"comment_status":"open","ping_status":"closed","template":"","meta":{"neve_meta_sidebar":"","neve_meta_container":"","neve_meta_enable_content_width":"off","neve_meta_content_width":100,"neve_meta_title_alignment":"","neve_meta_author_avatar":"","neve_post_elements_order":"","neve_meta_disable_header":"","neve_meta_disable_footer":"","neve_meta_disable_title":""},"product_brand":[],"product_cat":[86,21,22],"product_tag":[],"class_list":{"0":"post-57","1":"product","2":"type-product","3":"status-publish","4":"has-post-thumbnail","6":"product_cat-machine-a-sushi","7":"product_cat-easy-sushi","8":"product_cat-coffrets","10":"first","11":"instock","12":"taxable","13":"shipping-taxable","14":"purchasable","15":"product-type-variable","16":"has-default-attributes"},"yoast_head":"<!-- This site is optimized with the Yoast SEO plugin v27.4 - https:\/\/yoast.com\/product\/yoast-seo-wordpress\/ -->\n<title>Easy Sushi\u00ae Trio Roller Maker (2.5, 3.5, 4.5) - Easy Sushi\u00ae<\/title>\n<meta name=\"description\" content=\"acile d\u2019utilisation, vous pourrez d\u00e9sormais r\u00e9aliser, en un temps record, entre six et huit makis ou toutes autres sortes de roul\u00e9s\" \/>\n<meta name=\"robots\" content=\"index, follow, max-snippet:-1, max-image-preview:large, max-video-preview:-1\" \/>\n<link rel=\"canonical\" href=\"https:\/\/easy-sushi.com\/nl\/kledingwinkel-2\/easy_sushi_trio_roller_maker\/\" \/>\n<meta property=\"og:locale\" content=\"nl_BE\" \/>\n<meta property=\"og:type\" content=\"article\" \/>\n<meta property=\"og:title\" content=\"Easy Sushi\u00ae Trio Roller Maker (2.5, 3.5, 4.5) - Easy Sushi\u00ae\" \/>\n<meta property=\"og:description\" content=\"acile d\u2019utilisation, vous pourrez d\u00e9sormais r\u00e9aliser, en un temps record, entre six et huit makis ou toutes autres sortes de roul\u00e9s\" \/>\n<meta property=\"og:url\" content=\"https:\/\/easy-sushi.com\/nl\/kledingwinkel-2\/easy_sushi_trio_roller_maker\/\" \/>\n<meta property=\"og:site_name\" content=\"Easy Sushi\u00ae\" \/>\n<meta property=\"article:publisher\" content=\"https:\/\/www.facebook.com\/EasySushi\/\" \/>\n<meta property=\"article:modified_time\" content=\"2026-04-16T14:50:31+00:00\" \/>\n<meta property=\"og:image\" content=\"https:\/\/easy-sushi.com\/wp-content\/uploads\/2019\/09\/easy-sushi-7.jpg\" \/>\n\t<meta property=\"og:image:width\" content=\"789\" \/>\n\t<meta property=\"og:image:height\" content=\"789\" \/>\n\t<meta property=\"og:image:type\" content=\"image\/jpeg\" \/>\n<meta name=\"twitter:card\" content=\"summary_large_image\" \/>\n<meta name=\"twitter:site\" content=\"@EasySushi\" \/>\n<meta name=\"twitter:label1\" content=\"Geschatte leestijd\" \/>\n\t<meta name=\"twitter:data1\" content=\"1 minuut\" \/>\n<script type=\"application\/ld+json\" class=\"yoast-schema-graph\">{\"@context\":\"https:\\\/\\\/schema.org\",\"@graph\":[{\"@type\":\"WebPage\",\"@id\":\"https:\\\/\\\/easy-sushi.com\\\/boutique\\\/easy_sushi_trio_roller_maker\\\/\",\"url\":\"https:\\\/\\\/easy-sushi.com\\\/boutique\\\/easy_sushi_trio_roller_maker\\\/\",\"name\":\"Easy Sushi\u00ae Trio Roller Maker (2.5, 3.5, 4.5) - Easy Sushi\u00ae\",\"isPartOf\":{\"@id\":\"https:\\\/\\\/easy-sushi.com\\\/nl\\\/#website\"},\"primaryImageOfPage\":{\"@id\":\"https:\\\/\\\/easy-sushi.com\\\/boutique\\\/easy_sushi_trio_roller_maker\\\/#primaryimage\"},\"image\":{\"@id\":\"https:\\\/\\\/easy-sushi.com\\\/boutique\\\/easy_sushi_trio_roller_maker\\\/#primaryimage\"},\"thumbnailUrl\":\"https:\\\/\\\/easy-sushi.com\\\/wp-content\\\/uploads\\\/2019\\\/09\\\/easy-sushi-7.jpg\",\"datePublished\":\"2019-09-04T08:34:26+00:00\",\"dateModified\":\"2026-04-16T14:50:31+00:00\",\"description\":\"acile d\u2019utilisation, vous pourrez d\u00e9sormais r\u00e9aliser, en un temps record, entre six et huit makis ou toutes autres sortes de roul\u00e9s\",\"breadcrumb\":{\"@id\":\"https:\\\/\\\/easy-sushi.com\\\/boutique\\\/easy_sushi_trio_roller_maker\\\/#breadcrumb\"},\"inLanguage\":\"nl-BE\",\"potentialAction\":[{\"@type\":\"ReadAction\",\"target\":[\"https:\\\/\\\/easy-sushi.com\\\/boutique\\\/easy_sushi_trio_roller_maker\\\/\"]}]},{\"@type\":\"ImageObject\",\"inLanguage\":\"nl-BE\",\"@id\":\"https:\\\/\\\/easy-sushi.com\\\/boutique\\\/easy_sushi_trio_roller_maker\\\/#primaryimage\",\"url\":\"https:\\\/\\\/easy-sushi.com\\\/wp-content\\\/uploads\\\/2019\\\/09\\\/easy-sushi-7.jpg\",\"contentUrl\":\"https:\\\/\\\/easy-sushi.com\\\/wp-content\\\/uploads\\\/2019\\\/09\\\/easy-sushi-7.jpg\",\"width\":789,\"height\":789},{\"@type\":\"BreadcrumbList\",\"@id\":\"https:\\\/\\\/easy-sushi.com\\\/boutique\\\/easy_sushi_trio_roller_maker\\\/#breadcrumb\",\"itemListElement\":[{\"@type\":\"ListItem\",\"position\":1,\"name\":\"Accueil\",\"item\":\"https:\\\/\\\/easy-sushi.com\\\/\"},{\"@type\":\"ListItem\",\"position\":2,\"name\":\"Boutique\",\"item\":\"https:\\\/\\\/easy-sushi.com\\\/pt\\\/boutique\\\/\"},{\"@type\":\"ListItem\",\"position\":3,\"name\":\"Coffrets Easy Sushi\u00ae\",\"item\":\"https:\\\/\\\/easy-sushi.com\\\/categorie-produit\\\/coffrets\\\/\"},{\"@type\":\"ListItem\",\"position\":4,\"name\":\"Easy Sushi\u00ae Trio Roller Maker (2.5, 3.5, 4.5)\"}]},{\"@type\":\"WebSite\",\"@id\":\"https:\\\/\\\/easy-sushi.com\\\/nl\\\/#website\",\"url\":\"https:\\\/\\\/easy-sushi.com\\\/nl\\\/\",\"name\":\"Easy Sushi\u00ae\",\"description\":\"\",\"publisher\":{\"@id\":\"https:\\\/\\\/easy-sushi.com\\\/nl\\\/#organization\"},\"potentialAction\":[{\"@type\":\"SearchAction\",\"target\":{\"@type\":\"EntryPoint\",\"urlTemplate\":\"https:\\\/\\\/easy-sushi.com\\\/nl\\\/?s={search_term_string}\"},\"query-input\":{\"@type\":\"PropertyValueSpecification\",\"valueRequired\":true,\"valueName\":\"search_term_string\"}}],\"inLanguage\":\"nl-BE\"},{\"@type\":\"Organization\",\"@id\":\"https:\\\/\\\/easy-sushi.com\\\/nl\\\/#organization\",\"name\":\"Easy Sushi\u00ae\",\"url\":\"https:\\\/\\\/easy-sushi.com\\\/nl\\\/\",\"logo\":{\"@type\":\"ImageObject\",\"inLanguage\":\"nl-BE\",\"@id\":\"https:\\\/\\\/easy-sushi.com\\\/nl\\\/#\\\/schema\\\/logo\\\/image\\\/\",\"url\":\"https:\\\/\\\/easy-sushi.com\\\/wp-content\\\/uploads\\\/2021\\\/01\\\/easy_sushi_logotype.svg\",\"contentUrl\":\"https:\\\/\\\/easy-sushi.com\\\/wp-content\\\/uploads\\\/2021\\\/01\\\/easy_sushi_logotype.svg\",\"width\":513,\"height\":357,\"caption\":\"Easy Sushi\u00ae\"},\"image\":{\"@id\":\"https:\\\/\\\/easy-sushi.com\\\/nl\\\/#\\\/schema\\\/logo\\\/image\\\/\"},\"sameAs\":[\"https:\\\/\\\/www.facebook.com\\\/EasySushi\\\/\",\"https:\\\/\\\/x.com\\\/EasySushi\",\"https:\\\/\\\/www.instagram.com\\\/easysushieasyrolls\\\/\",\"https:\\\/\\\/www.youtube.com\\\/user\\\/EasysushiEasyrolls\"]}]}<\/script>\n<!-- \/ Yoast SEO plugin. -->","yoast_head_json":{"title":"Easy Sushi\u00ae Trio Roller Maker (2,5, 3,5, 4,5) - Easy Sushi\u00ae","description":"gemakkelijk te gebruiken, je kunt nu in een recordtijd tussen de zes en acht maki&#039;s of alle andere soorten broodjes maken","robots":{"index":"index","follow":"follow","max-snippet":"max-snippet:-1","max-image-preview":"max-image-preview:large","max-video-preview":"max-video-preview:-1"},"canonical":"https:\/\/easy-sushi.com\/nl\/kledingwinkel-2\/easy_sushi_trio_roller_maker\/","og_locale":"nl_BE","og_type":"article","og_title":"Easy Sushi\u00ae Trio Roller Maker (2.5, 3.5, 4.5) - Easy Sushi\u00ae","og_description":"acile d\u2019utilisation, vous pourrez d\u00e9sormais r\u00e9aliser, en un temps record, entre six et huit makis ou toutes autres sortes de roul\u00e9s","og_url":"https:\/\/easy-sushi.com\/nl\/kledingwinkel-2\/easy_sushi_trio_roller_maker\/","og_site_name":"Easy Sushi\u00ae","article_publisher":"https:\/\/www.facebook.com\/EasySushi\/","article_modified_time":"2026-04-16T14:50:31+00:00","og_image":[{"width":789,"height":789,"url":"https:\/\/easy-sushi.com\/wp-content\/uploads\/2019\/09\/easy-sushi-7.jpg","type":"image\/jpeg"}],"twitter_card":"summary_large_image","twitter_site":"@EasySushi","twitter_misc":{"Geschatte leestijd":"1 minuut"},"schema":{"@context":"https:\/\/schema.org","@graph":[{"@type":"WebPage","@id":"https:\/\/easy-sushi.com\/boutique\/easy_sushi_trio_roller_maker\/","url":"https:\/\/easy-sushi.com\/boutique\/easy_sushi_trio_roller_maker\/","name":"Easy Sushi\u00ae Trio Roller Maker (2,5, 3,5, 4,5) - Easy Sushi\u00ae","isPartOf":{"@id":"https:\/\/easy-sushi.com\/nl\/#website"},"primaryImageOfPage":{"@id":"https:\/\/easy-sushi.com\/boutique\/easy_sushi_trio_roller_maker\/#primaryimage"},"image":{"@id":"https:\/\/easy-sushi.com\/boutique\/easy_sushi_trio_roller_maker\/#primaryimage"},"thumbnailUrl":"https:\/\/easy-sushi.com\/wp-content\/uploads\/2019\/09\/easy-sushi-7.jpg","datePublished":"2019-09-04T08:34:26+00:00","dateModified":"2026-04-16T14:50:31+00:00","description":"gemakkelijk te gebruiken, je kunt nu in een recordtijd tussen de zes en acht maki&#039;s of alle andere soorten broodjes maken","breadcrumb":{"@id":"https:\/\/easy-sushi.com\/boutique\/easy_sushi_trio_roller_maker\/#breadcrumb"},"inLanguage":"nl-BE","potentialAction":[{"@type":"ReadAction","target":["https:\/\/easy-sushi.com\/boutique\/easy_sushi_trio_roller_maker\/"]}]},{"@type":"ImageObject","inLanguage":"nl-BE","@id":"https:\/\/easy-sushi.com\/boutique\/easy_sushi_trio_roller_maker\/#primaryimage","url":"https:\/\/easy-sushi.com\/wp-content\/uploads\/2019\/09\/easy-sushi-7.jpg","contentUrl":"https:\/\/easy-sushi.com\/wp-content\/uploads\/2019\/09\/easy-sushi-7.jpg","width":789,"height":789},{"@type":"BreadcrumbList","@id":"https:\/\/easy-sushi.com\/boutique\/easy_sushi_trio_roller_maker\/#breadcrumb","itemListElement":[{"@type":"ListItem","position":1,"name":"Accueil","item":"https:\/\/easy-sushi.com\/"},{"@type":"ListItem","position":2,"name":"Boutique","item":"https:\/\/easy-sushi.com\/pt\/boutique\/"},{"@type":"ListItem","position":3,"name":"Coffrets Easy Sushi\u00ae","item":"https:\/\/easy-sushi.com\/categorie-produit\/coffrets\/"},{"@type":"ListItem","position":4,"name":"Easy Sushi\u00ae Trio Roller Maker (2.5, 3.5, 4.5)"}]},{"@type":"WebSite","@id":"https:\/\/easy-sushi.com\/nl\/#website","url":"https:\/\/easy-sushi.com\/nl\/","name":"Makkelijk Sushi\u00ae","description":"","publisher":{"@id":"https:\/\/easy-sushi.com\/nl\/#organization"},"potentialAction":[{"@type":"SearchAction","target":{"@type":"EntryPoint","urlTemplate":"https:\/\/easy-sushi.com\/nl\/?s={search_term_string}"},"query-input":{"@type":"PropertyValueSpecification","valueRequired":true,"valueName":"search_term_string"}}],"inLanguage":"nl-BE"},{"@type":"Organization","@id":"https:\/\/easy-sushi.com\/nl\/#organization","name":"Makkelijk Sushi\u00ae","url":"https:\/\/easy-sushi.com\/nl\/","logo":{"@type":"ImageObject","inLanguage":"nl-BE","@id":"https:\/\/easy-sushi.com\/nl\/#\/schema\/logo\/image\/","url":"https:\/\/easy-sushi.com\/wp-content\/uploads\/2021\/01\/easy_sushi_logotype.svg","contentUrl":"https:\/\/easy-sushi.com\/wp-content\/uploads\/2021\/01\/easy_sushi_logotype.svg","width":513,"height":357,"caption":"Easy Sushi\u00ae"},"image":{"@id":"https:\/\/easy-sushi.com\/nl\/#\/schema\/logo\/image\/"},"sameAs":["https:\/\/www.facebook.com\/EasySushi\/","https:\/\/x.com\/EasySushi","https:\/\/www.instagram.com\/easysushieasyrolls\/","https:\/\/www.youtube.com\/user\/EasysushiEasyrolls"]}]}},"_links":{"self":[{"href":"https:\/\/easy-sushi.com\/nl\/wp-json\/wp\/v2\/product\/57","targetHints":{"allow":["GET"]}}],"collection":[{"href":"https:\/\/easy-sushi.com\/nl\/wp-json\/wp\/v2\/product"}],"about":[{"href":"https:\/\/easy-sushi.com\/nl\/wp-json\/wp\/v2\/types\/product"}],"replies":[{"embeddable":true,"href":"https:\/\/easy-sushi.com\/nl\/wp-json\/wp\/v2\/comments?post=57"}],"wp:featuredmedia":[{"embeddable":true,"href":"https:\/\/easy-sushi.com\/nl\/wp-json\/wp\/v2\/media\/27496"}],"wp:attachment":[{"href":"https:\/\/easy-sushi.com\/nl\/wp-json\/wp\/v2\/media?parent=57"}],"wp:term":[{"taxonomy":"product_brand","embeddable":true,"href":"https:\/\/easy-sushi.com\/nl\/wp-json\/wp\/v2\/product_brand?post=57"},{"taxonomy":"product_cat","embeddable":true,"href":"https:\/\/easy-sushi.com\/nl\/wp-json\/wp\/v2\/product_cat?post=57"},{"taxonomy":"product_tag","embeddable":true,"href":"https:\/\/easy-sushi.com\/nl\/wp-json\/wp\/v2\/product_tag?post=57"}],"curies":[{"name":"wp","href":"https:\/\/api.w.org\/{rel}","templated":true}]}}