{"id":20179,"date":"2020-11-19T15:32:51","date_gmt":"2020-11-19T14:32:51","guid":{"rendered":"https:\/\/easy-sushi.com\/?post_type=product&#038;p=20179"},"modified":"2026-03-24T09:13:20","modified_gmt":"2026-03-24T08:13:20","slug":"baby-panda-vorm-voor-onigiri","status":"publish","type":"product","link":"https:\/\/easy-sushi.com\/nl\/kledingwinkel-2\/baby-panda-vorm-voor-onigiri\/","title":{"rendered":"Baby Panda mal voor Onigiri"},"content":{"rendered":"<p><strong>Handmatig :<\/strong><\/p>\n<ol>\n<li>Plaats de gekookte rijst (kamertemperatuur) in de vorm<\/li>\n<li>Doe het deksel erop en druk licht aan<\/li>\n<li>Verwijder het deksel en draai de vorm om<\/li>\n<\/ol>","protected":false},"excerpt":{"rendered":"<p>Baby Panda mal voor Onigiri<\/p>\n<ul>\n<li>Ideaal voor uw avonden met familie of vrienden<\/li>\n<li>Zeer gemakkelijk te gebruiken<\/li>\n<li>Set bestaande uit 5 stuks<\/li>\n<li>Handreiniging<\/li>\n<li>Afmetingen van de mal: 13 x 5 x 2 cm<\/li>\n<\/ul>\n<p>Ontdek ons assortiment mallen <strong>Makkelijk Sushi\u00ae<\/strong><\/p>","protected":false},"featured_media":24395,"comment_status":"open","ping_status":"closed","template":"","meta":{"neve_meta_sidebar":"","neve_meta_container":"","neve_meta_enable_content_width":"","neve_meta_content_width":0,"neve_meta_title_alignment":"","neve_meta_author_avatar":"","neve_post_elements_order":"","neve_meta_disable_header":"","neve_meta_disable_footer":"","neve_meta_disable_title":""},"product_brand":[],"product_cat":[24,34],"product_tag":[],"class_list":{"0":"post-20179","1":"product","2":"type-product","3":"status-publish","4":"has-post-thumbnail","6":"product_cat-accessoires","7":"product_cat-moules","9":"first","10":"instock","11":"taxable","12":"shipping-taxable","13":"purchasable","14":"product-type-simple"},"yoast_head":"<!-- This site is optimized with the Yoast SEO plugin v27.4 - https:\/\/yoast.com\/product\/yoast-seo-wordpress\/ -->\n<title>Moule Baby Panda pour Onigiri - Easy Sushi\u00ae<\/title>\n<meta name=\"robots\" content=\"index, follow, max-snippet:-1, max-image-preview:large, max-video-preview:-1\" \/>\n<link rel=\"canonical\" href=\"https:\/\/easy-sushi.com\/nl\/kledingwinkel-2\/baby-panda-vorm-voor-onigiri\/\" \/>\n<meta property=\"og:locale\" content=\"nl_BE\" \/>\n<meta property=\"og:type\" content=\"article\" \/>\n<meta property=\"og:title\" content=\"Moule Baby Panda pour Onigiri - Easy Sushi\u00ae\" \/>\n<meta property=\"og:description\" content=\"Moule Baby Panda pour Onigiri   Id\u00e9al pour vos soir\u00e9es en famille ou entre amis  Tr\u00e8s simple d&#039;utilisation  Set compos\u00e9 de 5 pi\u00e8ces  Nettoyage \u00e0 la main  Dimensions du moule : 13 x 5 x 2 cm  D\u00e9couvrez notre gamme de moules Easy Sushi\u00ae\" \/>\n<meta property=\"og:url\" content=\"https:\/\/easy-sushi.com\/nl\/kledingwinkel-2\/baby-panda-vorm-voor-onigiri\/\" \/>\n<meta property=\"og:site_name\" content=\"Easy Sushi\u00ae\" \/>\n<meta property=\"article:publisher\" content=\"https:\/\/www.facebook.com\/EasySushi\/\" \/>\n<meta property=\"article:modified_time\" content=\"2026-03-24T08:13:20+00:00\" \/>\n<meta property=\"og:image\" content=\"https:\/\/mlwz8lwoesaq.i.optimole.com\/w:1080\/h:1080\/q:mauto\/f:best\/https:\/\/easy-sushi.com\/wp-content\/uploads\/2020\/11\/easy-sushi-moule-onigiri-baby-panda.jpg\" \/>\n\t<meta property=\"og:image:width\" content=\"1200\" \/>\n\t<meta property=\"og:image:height\" content=\"1200\" \/>\n\t<meta property=\"og:image:type\" content=\"image\/jpeg\" \/>\n<meta name=\"twitter:card\" content=\"summary_large_image\" \/>\n<meta name=\"twitter:site\" content=\"@EasySushi\" \/>\n<meta name=\"twitter:label1\" content=\"Geschatte leestijd\" \/>\n\t<meta name=\"twitter:data1\" content=\"1 minuut\" \/>\n<script type=\"application\/ld+json\" class=\"yoast-schema-graph\">{\"@context\":\"https:\\\/\\\/schema.org\",\"@graph\":[{\"@type\":\"WebPage\",\"@id\":\"https:\\\/\\\/easy-sushi.com\\\/boutique\\\/moule-baby-panda-pour-onigiri\\\/\",\"url\":\"https:\\\/\\\/easy-sushi.com\\\/boutique\\\/moule-baby-panda-pour-onigiri\\\/\",\"name\":\"Moule Baby Panda pour Onigiri - Easy Sushi\u00ae\",\"isPartOf\":{\"@id\":\"https:\\\/\\\/easy-sushi.com\\\/nl\\\/#website\"},\"primaryImageOfPage\":{\"@id\":\"https:\\\/\\\/easy-sushi.com\\\/boutique\\\/moule-baby-panda-pour-onigiri\\\/#primaryimage\"},\"image\":{\"@id\":\"https:\\\/\\\/easy-sushi.com\\\/boutique\\\/moule-baby-panda-pour-onigiri\\\/#primaryimage\"},\"thumbnailUrl\":\"https:\\\/\\\/easy-sushi.com\\\/wp-content\\\/uploads\\\/2020\\\/11\\\/easy-sushi-moule-onigiri-baby-panda.jpg\",\"datePublished\":\"2020-11-19T14:32:51+00:00\",\"dateModified\":\"2026-03-24T08:13:20+00:00\",\"breadcrumb\":{\"@id\":\"https:\\\/\\\/easy-sushi.com\\\/boutique\\\/moule-baby-panda-pour-onigiri\\\/#breadcrumb\"},\"inLanguage\":\"nl-BE\",\"potentialAction\":[{\"@type\":\"ReadAction\",\"target\":[\"https:\\\/\\\/easy-sushi.com\\\/boutique\\\/moule-baby-panda-pour-onigiri\\\/\"]}]},{\"@type\":\"ImageObject\",\"inLanguage\":\"nl-BE\",\"@id\":\"https:\\\/\\\/easy-sushi.com\\\/boutique\\\/moule-baby-panda-pour-onigiri\\\/#primaryimage\",\"url\":\"https:\\\/\\\/easy-sushi.com\\\/wp-content\\\/uploads\\\/2020\\\/11\\\/easy-sushi-moule-onigiri-baby-panda.jpg\",\"contentUrl\":\"https:\\\/\\\/easy-sushi.com\\\/wp-content\\\/uploads\\\/2020\\\/11\\\/easy-sushi-moule-onigiri-baby-panda.jpg\",\"width\":1200,\"height\":1200,\"caption\":\"Kit pour faire des onigiri en forme de panda, avec des d\u00e9coupoirs et un moule.\"},{\"@type\":\"BreadcrumbList\",\"@id\":\"https:\\\/\\\/easy-sushi.com\\\/boutique\\\/moule-baby-panda-pour-onigiri\\\/#breadcrumb\",\"itemListElement\":[{\"@type\":\"ListItem\",\"position\":1,\"name\":\"Accueil\",\"item\":\"https:\\\/\\\/easy-sushi.com\\\/\"},{\"@type\":\"ListItem\",\"position\":2,\"name\":\"Boutique\",\"item\":\"https:\\\/\\\/easy-sushi.com\\\/pt\\\/boutique\\\/\"},{\"@type\":\"ListItem\",\"position\":3,\"name\":\"Accessoires de cuisine Japonaise\",\"item\":\"https:\\\/\\\/easy-sushi.com\\\/categorie-produit\\\/accessoires\\\/\"},{\"@type\":\"ListItem\",\"position\":4,\"name\":\"Moules Onigiri\",\"item\":\"https:\\\/\\\/easy-sushi.com\\\/categorie-produit\\\/accessoires\\\/moules\\\/\"},{\"@type\":\"ListItem\",\"position\":5,\"name\":\"Moule Baby Panda pour Onigiri\"}]},{\"@type\":\"WebSite\",\"@id\":\"https:\\\/\\\/easy-sushi.com\\\/nl\\\/#website\",\"url\":\"https:\\\/\\\/easy-sushi.com\\\/nl\\\/\",\"name\":\"Easy Sushi\u00ae\",\"description\":\"\",\"publisher\":{\"@id\":\"https:\\\/\\\/easy-sushi.com\\\/nl\\\/#organization\"},\"potentialAction\":[{\"@type\":\"SearchAction\",\"target\":{\"@type\":\"EntryPoint\",\"urlTemplate\":\"https:\\\/\\\/easy-sushi.com\\\/nl\\\/?s={search_term_string}\"},\"query-input\":{\"@type\":\"PropertyValueSpecification\",\"valueRequired\":true,\"valueName\":\"search_term_string\"}}],\"inLanguage\":\"nl-BE\"},{\"@type\":\"Organization\",\"@id\":\"https:\\\/\\\/easy-sushi.com\\\/nl\\\/#organization\",\"name\":\"Easy Sushi\u00ae\",\"url\":\"https:\\\/\\\/easy-sushi.com\\\/nl\\\/\",\"logo\":{\"@type\":\"ImageObject\",\"inLanguage\":\"nl-BE\",\"@id\":\"https:\\\/\\\/easy-sushi.com\\\/nl\\\/#\\\/schema\\\/logo\\\/image\\\/\",\"url\":\"https:\\\/\\\/easy-sushi.com\\\/wp-content\\\/uploads\\\/2021\\\/01\\\/easy_sushi_logotype.svg\",\"contentUrl\":\"https:\\\/\\\/easy-sushi.com\\\/wp-content\\\/uploads\\\/2021\\\/01\\\/easy_sushi_logotype.svg\",\"width\":513,\"height\":357,\"caption\":\"Easy Sushi\u00ae\"},\"image\":{\"@id\":\"https:\\\/\\\/easy-sushi.com\\\/nl\\\/#\\\/schema\\\/logo\\\/image\\\/\"},\"sameAs\":[\"https:\\\/\\\/www.facebook.com\\\/EasySushi\\\/\",\"https:\\\/\\\/x.com\\\/EasySushi\",\"https:\\\/\\\/www.instagram.com\\\/easysushieasyrolls\\\/\",\"https:\\\/\\\/www.youtube.com\\\/user\\\/EasysushiEasyrolls\"]}]}<\/script>\n<!-- \/ Yoast SEO plugin. -->","yoast_head_json":{"title":"Baby Panda Mould voor Onigiri - Easy Sushi\u00ae","robots":{"index":"index","follow":"follow","max-snippet":"max-snippet:-1","max-image-preview":"max-image-preview:large","max-video-preview":"max-video-preview:-1"},"canonical":"https:\/\/easy-sushi.com\/nl\/kledingwinkel-2\/baby-panda-vorm-voor-onigiri\/","og_locale":"nl_BE","og_type":"article","og_title":"Moule Baby Panda pour Onigiri - Easy Sushi\u00ae","og_description":"Moule Baby Panda pour Onigiri   Id\u00e9al pour vos soir\u00e9es en famille ou entre amis  Tr\u00e8s simple d'utilisation  Set compos\u00e9 de 5 pi\u00e8ces  Nettoyage \u00e0 la main  Dimensions du moule : 13 x 5 x 2 cm  D\u00e9couvrez notre gamme de moules Easy Sushi\u00ae","og_url":"https:\/\/easy-sushi.com\/nl\/kledingwinkel-2\/baby-panda-vorm-voor-onigiri\/","og_site_name":"Easy Sushi\u00ae","article_publisher":"https:\/\/www.facebook.com\/EasySushi\/","article_modified_time":"2026-03-24T08:13:20+00:00","og_image":[{"width":1200,"height":1200,"url":"https:\/\/mlwz8lwoesaq.i.optimole.com\/w:1080\/h:1080\/q:mauto\/f:best\/https:\/\/easy-sushi.com\/wp-content\/uploads\/2020\/11\/easy-sushi-moule-onigiri-baby-panda.jpg","type":"image\/jpeg"}],"twitter_card":"summary_large_image","twitter_site":"@EasySushi","twitter_misc":{"Geschatte leestijd":"1 minuut"},"schema":{"@context":"https:\/\/schema.org","@graph":[{"@type":"WebPage","@id":"https:\/\/easy-sushi.com\/boutique\/moule-baby-panda-pour-onigiri\/","url":"https:\/\/easy-sushi.com\/boutique\/moule-baby-panda-pour-onigiri\/","name":"Baby Panda Mould voor Onigiri - Easy Sushi\u00ae","isPartOf":{"@id":"https:\/\/easy-sushi.com\/nl\/#website"},"primaryImageOfPage":{"@id":"https:\/\/easy-sushi.com\/boutique\/moule-baby-panda-pour-onigiri\/#primaryimage"},"image":{"@id":"https:\/\/easy-sushi.com\/boutique\/moule-baby-panda-pour-onigiri\/#primaryimage"},"thumbnailUrl":"https:\/\/easy-sushi.com\/wp-content\/uploads\/2020\/11\/easy-sushi-moule-onigiri-baby-panda.jpg","datePublished":"2020-11-19T14:32:51+00:00","dateModified":"2026-03-24T08:13:20+00:00","breadcrumb":{"@id":"https:\/\/easy-sushi.com\/boutique\/moule-baby-panda-pour-onigiri\/#breadcrumb"},"inLanguage":"nl-BE","potentialAction":[{"@type":"ReadAction","target":["https:\/\/easy-sushi.com\/boutique\/moule-baby-panda-pour-onigiri\/"]}]},{"@type":"ImageObject","inLanguage":"nl-BE","@id":"https:\/\/easy-sushi.com\/boutique\/moule-baby-panda-pour-onigiri\/#primaryimage","url":"https:\/\/easy-sushi.com\/wp-content\/uploads\/2020\/11\/easy-sushi-moule-onigiri-baby-panda.jpg","contentUrl":"https:\/\/easy-sushi.com\/wp-content\/uploads\/2020\/11\/easy-sushi-moule-onigiri-baby-panda.jpg","width":1200,"height":1200,"caption":"Kit pour faire des onigiri en forme de panda, avec des d\u00e9coupoirs et un moule."},{"@type":"BreadcrumbList","@id":"https:\/\/easy-sushi.com\/boutique\/moule-baby-panda-pour-onigiri\/#breadcrumb","itemListElement":[{"@type":"ListItem","position":1,"name":"Accueil","item":"https:\/\/easy-sushi.com\/"},{"@type":"ListItem","position":2,"name":"Boutique","item":"https:\/\/easy-sushi.com\/pt\/boutique\/"},{"@type":"ListItem","position":3,"name":"Accessoires de cuisine Japonaise","item":"https:\/\/easy-sushi.com\/categorie-produit\/accessoires\/"},{"@type":"ListItem","position":4,"name":"Moules Onigiri","item":"https:\/\/easy-sushi.com\/categorie-produit\/accessoires\/moules\/"},{"@type":"ListItem","position":5,"name":"Moule Baby Panda pour Onigiri"}]},{"@type":"WebSite","@id":"https:\/\/easy-sushi.com\/nl\/#website","url":"https:\/\/easy-sushi.com\/nl\/","name":"Makkelijk Sushi\u00ae","description":"","publisher":{"@id":"https:\/\/easy-sushi.com\/nl\/#organization"},"potentialAction":[{"@type":"SearchAction","target":{"@type":"EntryPoint","urlTemplate":"https:\/\/easy-sushi.com\/nl\/?s={search_term_string}"},"query-input":{"@type":"PropertyValueSpecification","valueRequired":true,"valueName":"search_term_string"}}],"inLanguage":"nl-BE"},{"@type":"Organization","@id":"https:\/\/easy-sushi.com\/nl\/#organization","name":"Makkelijk Sushi\u00ae","url":"https:\/\/easy-sushi.com\/nl\/","logo":{"@type":"ImageObject","inLanguage":"nl-BE","@id":"https:\/\/easy-sushi.com\/nl\/#\/schema\/logo\/image\/","url":"https:\/\/easy-sushi.com\/wp-content\/uploads\/2021\/01\/easy_sushi_logotype.svg","contentUrl":"https:\/\/easy-sushi.com\/wp-content\/uploads\/2021\/01\/easy_sushi_logotype.svg","width":513,"height":357,"caption":"Easy Sushi\u00ae"},"image":{"@id":"https:\/\/easy-sushi.com\/nl\/#\/schema\/logo\/image\/"},"sameAs":["https:\/\/www.facebook.com\/EasySushi\/","https:\/\/x.com\/EasySushi","https:\/\/www.instagram.com\/easysushieasyrolls\/","https:\/\/www.youtube.com\/user\/EasysushiEasyrolls"]}]}},"_links":{"self":[{"href":"https:\/\/easy-sushi.com\/nl\/wp-json\/wp\/v2\/product\/20179","targetHints":{"allow":["GET"]}}],"collection":[{"href":"https:\/\/easy-sushi.com\/nl\/wp-json\/wp\/v2\/product"}],"about":[{"href":"https:\/\/easy-sushi.com\/nl\/wp-json\/wp\/v2\/types\/product"}],"replies":[{"embeddable":true,"href":"https:\/\/easy-sushi.com\/nl\/wp-json\/wp\/v2\/comments?post=20179"}],"wp:featuredmedia":[{"embeddable":true,"href":"https:\/\/easy-sushi.com\/nl\/wp-json\/wp\/v2\/media\/24395"}],"wp:attachment":[{"href":"https:\/\/easy-sushi.com\/nl\/wp-json\/wp\/v2\/media?parent=20179"}],"wp:term":[{"taxonomy":"product_brand","embeddable":true,"href":"https:\/\/easy-sushi.com\/nl\/wp-json\/wp\/v2\/product_brand?post=20179"},{"taxonomy":"product_cat","embeddable":true,"href":"https:\/\/easy-sushi.com\/nl\/wp-json\/wp\/v2\/product_cat?post=20179"},{"taxonomy":"product_tag","embeddable":true,"href":"https:\/\/easy-sushi.com\/nl\/wp-json\/wp\/v2\/product_tag?post=20179"}],"curies":[{"name":"wp","href":"https:\/\/api.w.org\/{rel}","templated":true}]}}