{"id":19741,"date":"2020-07-16T16:25:42","date_gmt":"2020-07-16T14:25:42","guid":{"rendered":"https:\/\/easy-sushi.com\/?post_type=product&#038;p=19741"},"modified":"2022-11-25T19:11:49","modified_gmt":"2022-11-25T18:11:49","slug":"assortiment-sojabonen-voor-maki-sushi-rolls","status":"publish","type":"product","link":"https:\/\/easy-sushi.com\/nl\/kledingwinkel-2\/assortiment-sojabonen-voor-maki-sushi-rolls\/","title":{"rendered":"Assortiment sojabladeren voor Maki Sushi &amp; Wraps"},"content":{"rendered":"<p>YamaMotoYama&#039;s &quot;SushiParty&quot; sojabladeren zijn ideaal voor gebruik met onze Easy Sushi\u00ae 2.5.<\/p>\n<p>Ze vervangen het traditionele norivel in al je meest gedurfde creaties. Geef kleur aan je maki sushi, dessertbroodjes, aperitiefbroodjes, wraps etc\u2026!<\/p>\n<p><strong>Samenstelling:<\/strong> Sojabonenpoeder (63%), Bevochtigingsmiddel E422, Sojaolie (10%), Water, Rijstsiroop, Kleurstof E129<\/p>\n<p>De verpakking bevat een zakje met een chemisch middel dat vocht absorbeert om het product te beschermen. <strong>Niet openen, de inhoud van dit sachet niet consumeren<\/strong>.<\/p>\n<p><strong>Voedingswaarde (per 100g)<\/strong> :<\/p>\n<table class=\"producttable\" summary=\"\">\n<tbody>\n<tr>\n<td>Energie (kJ \/ kcal)<\/td>\n<td>1551 \/ 369<\/td>\n<\/tr>\n<tr>\n<td>Vet (g)<\/td>\n<td>9.6<\/td>\n<\/tr>\n<tr>\n<td>\u00a0waarvan verzadigde vetzuren (g)<\/td>\n<td>1.6<\/td>\n<\/tr>\n<tr>\n<td>Koolhydraten (g)<\/td>\n<td>22<\/td>\n<\/tr>\n<tr>\n<td>\u00a0 waarvan suikers (g)<\/td>\n<td>4.5<\/td>\n<\/tr>\n<tr>\n<td>Eiwitten (g)<\/td>\n<td>45<\/td>\n<\/tr>\n<tr>\n<td>Zout (g)<\/td>\n<td>1.2<\/td>\n<\/tr>\n<\/tbody>\n<\/table>\n<p><strong>Behoud:<\/strong> Bewaar uit de buurt van direct zonlicht op een koele, droge plaats. Na opening snel consumeren.<\/p>","protected":false},"excerpt":{"rendered":"<div class=\"product_description\">\n<p>Maak perfecte sushi makis, wraps en wraps met dit assortiment &quot;SushiParty&quot; sojabladeren<\/p>\n<ul>\n<li>Assortiment van 10 vellen (10 x 18 cm)<\/li>\n<li>Zak met ritssluiting<\/li>\n<li>5 kleuren (Sesam, groen, geel, roze, oranje)<\/li>\n<li>Glutenvrij<\/li>\n<li>Geschikt voor een vegetarisch dieet<\/li>\n<li>Geproduceerd in de VS door YamaMotoYama<\/li>\n<\/ul>\n<\/div>","protected":false},"featured_media":19747,"comment_status":"open","ping_status":"closed","template":"","meta":{"neve_meta_sidebar":"","neve_meta_container":"","neve_meta_enable_content_width":"","neve_meta_content_width":0,"neve_meta_title_alignment":"","neve_meta_author_avatar":"","neve_post_elements_order":"","neve_meta_disable_header":"","neve_meta_disable_footer":"","neve_meta_disable_title":""},"product_brand":[],"product_cat":[26],"product_tag":[],"class_list":{"0":"post-19741","1":"product","2":"type-product","3":"status-publish","4":"has-post-thumbnail","6":"product_cat-epicerie","8":"first","9":"outofstock","10":"taxable","11":"shipping-taxable","12":"purchasable","13":"product-type-simple"},"yoast_head":"<!-- This site is optimized with the Yoast SEO plugin v27.5 - https:\/\/yoast.com\/product\/yoast-seo-wordpress\/ -->\n<title>Assortiment de Feuilles de Soja pour Maki Sushis &amp; roul\u00e9s - Easy Sushi\u00ae<\/title>\n<meta name=\"description\" content=\"Mettez de la couleur dans vos maki sushis, roul\u00e9s desserts, roul\u00e9s ap\u00e9ro, wrap avec les feuilles de soja disponibles en 5 coloris par Easy Sushi\u00ae\" \/>\n<meta name=\"robots\" content=\"index, follow, max-snippet:-1, max-image-preview:large, max-video-preview:-1\" \/>\n<link rel=\"canonical\" href=\"https:\/\/easy-sushi.com\/nl\/kledingwinkel-2\/assortiment-sojabonen-voor-maki-sushi-rolls\/\" \/>\n<meta property=\"og:locale\" content=\"nl_BE\" \/>\n<meta property=\"og:type\" content=\"article\" \/>\n<meta property=\"og:title\" content=\"Assortiment de Feuilles de Soja pour Maki Sushis &amp; roul\u00e9s - Easy Sushi\u00ae\" \/>\n<meta property=\"og:description\" content=\"Mettez de la couleur dans vos maki sushis, roul\u00e9s desserts, roul\u00e9s ap\u00e9ro, wrap avec les feuilles de soja disponibles en 5 coloris par Easy Sushi\u00ae\" \/>\n<meta property=\"og:url\" content=\"https:\/\/easy-sushi.com\/nl\/kledingwinkel-2\/assortiment-sojabonen-voor-maki-sushi-rolls\/\" \/>\n<meta property=\"og:site_name\" content=\"Easy Sushi\u00ae\" \/>\n<meta property=\"article:publisher\" content=\"https:\/\/www.facebook.com\/EasySushi\/\" \/>\n<meta property=\"article:modified_time\" content=\"2022-11-25T18:11:49+00:00\" \/>\n<meta property=\"og:image\" content=\"https:\/\/mlwz8lwoesaq.i.optimole.com\/w:1080\/h:1080\/q:mauto\/f:best\/https:\/\/easy-sushi.com\/wp-content\/uploads\/2020\/07\/Assortiment-feuille-de-soja-soy-wrapper.jpg\" \/>\n\t<meta property=\"og:image:width\" content=\"1200\" \/>\n\t<meta property=\"og:image:height\" content=\"1200\" \/>\n\t<meta property=\"og:image:type\" content=\"image\/jpeg\" \/>\n<meta name=\"twitter:card\" content=\"summary_large_image\" \/>\n<meta name=\"twitter:site\" content=\"@EasySushi\" \/>\n<meta name=\"twitter:label1\" content=\"Geschatte leestijd\" \/>\n\t<meta name=\"twitter:data1\" content=\"1 minuut\" \/>\n<script type=\"application\/ld+json\" class=\"yoast-schema-graph\">{\"@context\":\"https:\\\/\\\/schema.org\",\"@graph\":[{\"@type\":\"WebPage\",\"@id\":\"https:\\\/\\\/easy-sushi.com\\\/nl\\\/kledingwinkel-2\\\/assortiment-sojabonen-voor-maki-sushi-rolls\\\/\",\"url\":\"https:\\\/\\\/easy-sushi.com\\\/nl\\\/kledingwinkel-2\\\/assortiment-sojabonen-voor-maki-sushi-rolls\\\/\",\"name\":\"Assortiment de Feuilles de Soja pour Maki Sushis & roul\u00e9s - Easy Sushi\u00ae\",\"isPartOf\":{\"@id\":\"https:\\\/\\\/easy-sushi.com\\\/nl\\\/#website\"},\"primaryImageOfPage\":{\"@id\":\"https:\\\/\\\/easy-sushi.com\\\/nl\\\/kledingwinkel-2\\\/assortiment-sojabonen-voor-maki-sushi-rolls\\\/#primaryimage\"},\"image\":{\"@id\":\"https:\\\/\\\/easy-sushi.com\\\/nl\\\/kledingwinkel-2\\\/assortiment-sojabonen-voor-maki-sushi-rolls\\\/#primaryimage\"},\"thumbnailUrl\":\"https:\\\/\\\/easy-sushi.com\\\/wp-content\\\/uploads\\\/2020\\\/07\\\/Assortiment-feuille-de-soja-soy-wrapper.jpg\",\"datePublished\":\"2020-07-16T14:25:42+00:00\",\"dateModified\":\"2022-11-25T18:11:49+00:00\",\"description\":\"Mettez de la couleur dans vos maki sushis, roul\u00e9s desserts, roul\u00e9s ap\u00e9ro, wrap avec les feuilles de soja disponibles en 5 coloris par Easy Sushi\u00ae\",\"breadcrumb\":{\"@id\":\"https:\\\/\\\/easy-sushi.com\\\/nl\\\/kledingwinkel-2\\\/assortiment-sojabonen-voor-maki-sushi-rolls\\\/#breadcrumb\"},\"inLanguage\":\"nl-BE\",\"potentialAction\":[{\"@type\":\"ReadAction\",\"target\":[\"https:\\\/\\\/easy-sushi.com\\\/nl\\\/kledingwinkel-2\\\/assortiment-sojabonen-voor-maki-sushi-rolls\\\/\"]}]},{\"@type\":\"ImageObject\",\"inLanguage\":\"nl-BE\",\"@id\":\"https:\\\/\\\/easy-sushi.com\\\/nl\\\/kledingwinkel-2\\\/assortiment-sojabonen-voor-maki-sushi-rolls\\\/#primaryimage\",\"url\":\"https:\\\/\\\/easy-sushi.com\\\/wp-content\\\/uploads\\\/2020\\\/07\\\/Assortiment-feuille-de-soja-soy-wrapper.jpg\",\"contentUrl\":\"https:\\\/\\\/easy-sushi.com\\\/wp-content\\\/uploads\\\/2020\\\/07\\\/Assortiment-feuille-de-soja-soy-wrapper.jpg\",\"width\":1200,\"height\":1200,\"caption\":\"Assortiment-feuille-de-soja--soy-wrapper\"},{\"@type\":\"BreadcrumbList\",\"@id\":\"https:\\\/\\\/easy-sushi.com\\\/nl\\\/kledingwinkel-2\\\/assortiment-sojabonen-voor-maki-sushi-rolls\\\/#breadcrumb\",\"itemListElement\":[{\"@type\":\"ListItem\",\"position\":1,\"name\":\"Accueil\",\"item\":\"https:\\\/\\\/easy-sushi.com\\\/\"},{\"@type\":\"ListItem\",\"position\":2,\"name\":\"Boutique\",\"item\":\"https:\\\/\\\/easy-sushi.com\\\/pt\\\/boutique\\\/\"},{\"@type\":\"ListItem\",\"position\":3,\"name\":\"\u00c9picerie\",\"item\":\"https:\\\/\\\/easy-sushi.com\\\/categorie-produit\\\/epicerie\\\/\"},{\"@type\":\"ListItem\",\"position\":4,\"name\":\"Assortiment de Feuilles de Soja pour Maki Sushis &#038; roul\u00e9s\"}]},{\"@type\":\"WebSite\",\"@id\":\"https:\\\/\\\/easy-sushi.com\\\/nl\\\/#website\",\"url\":\"https:\\\/\\\/easy-sushi.com\\\/nl\\\/\",\"name\":\"Easy Sushi\u00ae\",\"description\":\"\",\"publisher\":{\"@id\":\"https:\\\/\\\/easy-sushi.com\\\/nl\\\/#organization\"},\"potentialAction\":[{\"@type\":\"SearchAction\",\"target\":{\"@type\":\"EntryPoint\",\"urlTemplate\":\"https:\\\/\\\/easy-sushi.com\\\/nl\\\/?s={search_term_string}\"},\"query-input\":{\"@type\":\"PropertyValueSpecification\",\"valueRequired\":true,\"valueName\":\"search_term_string\"}}],\"inLanguage\":\"nl-BE\"},{\"@type\":\"Organization\",\"@id\":\"https:\\\/\\\/easy-sushi.com\\\/nl\\\/#organization\",\"name\":\"Easy Sushi\u00ae\",\"url\":\"https:\\\/\\\/easy-sushi.com\\\/nl\\\/\",\"logo\":{\"@type\":\"ImageObject\",\"inLanguage\":\"nl-BE\",\"@id\":\"https:\\\/\\\/easy-sushi.com\\\/nl\\\/#\\\/schema\\\/logo\\\/image\\\/\",\"url\":\"https:\\\/\\\/easy-sushi.com\\\/wp-content\\\/uploads\\\/2021\\\/01\\\/easy_sushi_logotype.svg\",\"contentUrl\":\"https:\\\/\\\/easy-sushi.com\\\/wp-content\\\/uploads\\\/2021\\\/01\\\/easy_sushi_logotype.svg\",\"width\":513,\"height\":357,\"caption\":\"Easy Sushi\u00ae\"},\"image\":{\"@id\":\"https:\\\/\\\/easy-sushi.com\\\/nl\\\/#\\\/schema\\\/logo\\\/image\\\/\"},\"sameAs\":[\"https:\\\/\\\/www.facebook.com\\\/EasySushi\\\/\",\"https:\\\/\\\/x.com\\\/EasySushi\",\"https:\\\/\\\/www.instagram.com\\\/easysushieasyrolls\\\/\",\"https:\\\/\\\/www.youtube.com\\\/user\\\/EasysushiEasyrolls\"]}]}<\/script>\n<!-- \/ Yoast SEO plugin. -->","yoast_head_json":{"title":"Assortiment Sojabladeren voor Maki Sushis &amp; Wraps - Easy Sushi\u00ae","description":"Geef kleur aan je maki sushi, dessertbroodjes, aperitiefbroodjes, wrap met sojabladeren verkrijgbaar in 5 kleuren door Easy Sushi\u00ae","robots":{"index":"index","follow":"follow","max-snippet":"max-snippet:-1","max-image-preview":"max-image-preview:large","max-video-preview":"max-video-preview:-1"},"canonical":"https:\/\/easy-sushi.com\/nl\/kledingwinkel-2\/assortiment-sojabonen-voor-maki-sushi-rolls\/","og_locale":"nl_BE","og_type":"article","og_title":"Assortiment de Feuilles de Soja pour Maki Sushis & roul\u00e9s - Easy Sushi\u00ae","og_description":"Mettez de la couleur dans vos maki sushis, roul\u00e9s desserts, roul\u00e9s ap\u00e9ro, wrap avec les feuilles de soja disponibles en 5 coloris par Easy Sushi\u00ae","og_url":"https:\/\/easy-sushi.com\/nl\/kledingwinkel-2\/assortiment-sojabonen-voor-maki-sushi-rolls\/","og_site_name":"Easy Sushi\u00ae","article_publisher":"https:\/\/www.facebook.com\/EasySushi\/","article_modified_time":"2022-11-25T18:11:49+00:00","og_image":[{"width":1200,"height":1200,"url":"https:\/\/mlwz8lwoesaq.i.optimole.com\/w:1080\/h:1080\/q:mauto\/f:best\/https:\/\/easy-sushi.com\/wp-content\/uploads\/2020\/07\/Assortiment-feuille-de-soja-soy-wrapper.jpg","type":"image\/jpeg"}],"twitter_card":"summary_large_image","twitter_site":"@EasySushi","twitter_misc":{"Geschatte leestijd":"1 minuut"},"schema":{"@context":"https:\/\/schema.org","@graph":[{"@type":"WebPage","@id":"https:\/\/easy-sushi.com\/nl\/kledingwinkel-2\/assortiment-sojabonen-voor-maki-sushi-rolls\/","url":"https:\/\/easy-sushi.com\/nl\/kledingwinkel-2\/assortiment-sojabonen-voor-maki-sushi-rolls\/","name":"Assortiment Sojabladeren voor Maki Sushis &amp; Wraps - Easy Sushi\u00ae","isPartOf":{"@id":"https:\/\/easy-sushi.com\/nl\/#website"},"primaryImageOfPage":{"@id":"https:\/\/easy-sushi.com\/nl\/kledingwinkel-2\/assortiment-sojabonen-voor-maki-sushi-rolls\/#primaryimage"},"image":{"@id":"https:\/\/easy-sushi.com\/nl\/kledingwinkel-2\/assortiment-sojabonen-voor-maki-sushi-rolls\/#primaryimage"},"thumbnailUrl":"https:\/\/easy-sushi.com\/wp-content\/uploads\/2020\/07\/Assortiment-feuille-de-soja-soy-wrapper.jpg","datePublished":"2020-07-16T14:25:42+00:00","dateModified":"2022-11-25T18:11:49+00:00","description":"Geef kleur aan je maki sushi, dessertbroodjes, aperitiefbroodjes, wrap met sojabladeren verkrijgbaar in 5 kleuren door Easy Sushi\u00ae","breadcrumb":{"@id":"https:\/\/easy-sushi.com\/nl\/kledingwinkel-2\/assortiment-sojabonen-voor-maki-sushi-rolls\/#breadcrumb"},"inLanguage":"nl-BE","potentialAction":[{"@type":"ReadAction","target":["https:\/\/easy-sushi.com\/nl\/kledingwinkel-2\/assortiment-sojabonen-voor-maki-sushi-rolls\/"]}]},{"@type":"ImageObject","inLanguage":"nl-BE","@id":"https:\/\/easy-sushi.com\/nl\/kledingwinkel-2\/assortiment-sojabonen-voor-maki-sushi-rolls\/#primaryimage","url":"https:\/\/easy-sushi.com\/wp-content\/uploads\/2020\/07\/Assortiment-feuille-de-soja-soy-wrapper.jpg","contentUrl":"https:\/\/easy-sushi.com\/wp-content\/uploads\/2020\/07\/Assortiment-feuille-de-soja-soy-wrapper.jpg","width":1200,"height":1200,"caption":"Assortiment-feuille-de-soja--soy-wrapper"},{"@type":"BreadcrumbList","@id":"https:\/\/easy-sushi.com\/nl\/kledingwinkel-2\/assortiment-sojabonen-voor-maki-sushi-rolls\/#breadcrumb","itemListElement":[{"@type":"ListItem","position":1,"name":"Accueil","item":"https:\/\/easy-sushi.com\/"},{"@type":"ListItem","position":2,"name":"Boutique","item":"https:\/\/easy-sushi.com\/pt\/boutique\/"},{"@type":"ListItem","position":3,"name":"\u00c9picerie","item":"https:\/\/easy-sushi.com\/categorie-produit\/epicerie\/"},{"@type":"ListItem","position":4,"name":"Assortiment de Feuilles de Soja pour Maki Sushis &#038; roul\u00e9s"}]},{"@type":"WebSite","@id":"https:\/\/easy-sushi.com\/nl\/#website","url":"https:\/\/easy-sushi.com\/nl\/","name":"Makkelijk Sushi\u00ae","description":"","publisher":{"@id":"https:\/\/easy-sushi.com\/nl\/#organization"},"potentialAction":[{"@type":"SearchAction","target":{"@type":"EntryPoint","urlTemplate":"https:\/\/easy-sushi.com\/nl\/?s={search_term_string}"},"query-input":{"@type":"PropertyValueSpecification","valueRequired":true,"valueName":"search_term_string"}}],"inLanguage":"nl-BE"},{"@type":"Organization","@id":"https:\/\/easy-sushi.com\/nl\/#organization","name":"Makkelijk Sushi\u00ae","url":"https:\/\/easy-sushi.com\/nl\/","logo":{"@type":"ImageObject","inLanguage":"nl-BE","@id":"https:\/\/easy-sushi.com\/nl\/#\/schema\/logo\/image\/","url":"https:\/\/easy-sushi.com\/wp-content\/uploads\/2021\/01\/easy_sushi_logotype.svg","contentUrl":"https:\/\/easy-sushi.com\/wp-content\/uploads\/2021\/01\/easy_sushi_logotype.svg","width":513,"height":357,"caption":"Easy Sushi\u00ae"},"image":{"@id":"https:\/\/easy-sushi.com\/nl\/#\/schema\/logo\/image\/"},"sameAs":["https:\/\/www.facebook.com\/EasySushi\/","https:\/\/x.com\/EasySushi","https:\/\/www.instagram.com\/easysushieasyrolls\/","https:\/\/www.youtube.com\/user\/EasysushiEasyrolls"]}]}},"_links":{"self":[{"href":"https:\/\/easy-sushi.com\/nl\/wp-json\/wp\/v2\/product\/19741","targetHints":{"allow":["GET"]}}],"collection":[{"href":"https:\/\/easy-sushi.com\/nl\/wp-json\/wp\/v2\/product"}],"about":[{"href":"https:\/\/easy-sushi.com\/nl\/wp-json\/wp\/v2\/types\/product"}],"replies":[{"embeddable":true,"href":"https:\/\/easy-sushi.com\/nl\/wp-json\/wp\/v2\/comments?post=19741"}],"wp:featuredmedia":[{"embeddable":true,"href":"https:\/\/easy-sushi.com\/nl\/wp-json\/wp\/v2\/media\/19747"}],"wp:attachment":[{"href":"https:\/\/easy-sushi.com\/nl\/wp-json\/wp\/v2\/media?parent=19741"}],"wp:term":[{"taxonomy":"product_brand","embeddable":true,"href":"https:\/\/easy-sushi.com\/nl\/wp-json\/wp\/v2\/product_brand?post=19741"},{"taxonomy":"product_cat","embeddable":true,"href":"https:\/\/easy-sushi.com\/nl\/wp-json\/wp\/v2\/product_cat?post=19741"},{"taxonomy":"product_tag","embeddable":true,"href":"https:\/\/easy-sushi.com\/nl\/wp-json\/wp\/v2\/product_tag?post=19741"}],"curies":[{"name":"wp","href":"https:\/\/api.w.org\/{rel}","templated":true}]}}