{"id":21248,"date":"2021-01-21T21:58:33","date_gmt":"2021-01-21T20:58:33","guid":{"rendered":"https:\/\/easy-sushi.com\/?page_id=21248"},"modified":"2024-06-20T11:24:11","modified_gmt":"2024-06-20T09:24:11","slug":"privacybeleid","status":"publish","type":"page","link":"https:\/\/easy-sushi.com\/nl\/privacybeleid\/","title":{"rendered":"Privacy"},"content":{"rendered":"\t\t<div data-elementor-type=\"wp-page\" data-elementor-id=\"21248\" class=\"elementor elementor-21248\" data-elementor-post-type=\"page\">\n\t\t\t\t<div class=\"elementor-element elementor-element-6fa15cd e-flex e-con-boxed e-con e-parent\" data-id=\"6fa15cd\" data-element_type=\"container\" data-e-type=\"container\">\n\t\t\t\t\t<div class=\"e-con-inner\">\n\t\t<div class=\"elementor-element elementor-element-8399333 e-con-full e-flex e-con e-child\" data-id=\"8399333\" data-element_type=\"container\" data-e-type=\"container\">\n\t\t\t\t<div class=\"elementor-element elementor-element-a804c5b elementor-widget elementor-widget-heading\" data-id=\"a804c5b\" data-element_type=\"widget\" data-e-type=\"widget\" data-widget_type=\"heading.default\">\n\t\t\t\t<div class=\"elementor-widget-container\">\n\t\t\t\t\t<h1 class=\"elementor-heading-title elementor-size-default\">Confidentialit\u00e9<\/h1>\t\t\t\t<\/div>\n\t\t\t\t<\/div>\n\t\t\t\t<div class=\"elementor-element elementor-element-afb32bf elementor-widget elementor-widget-text-editor\" data-id=\"afb32bf\" data-element_type=\"widget\" data-e-type=\"widget\" data-widget_type=\"text-editor.default\">\n\t\t\t\t<div class=\"elementor-widget-container\">\n\t\t\t\t\t\t\t\t\t<div class=\"w-full border-b border-black\/10 dark:border-gray-900\/50 text-gray-800 dark:text-gray-100 group bg-gray-50 dark:bg-[#444654]\">\n<div class=\"text-base gap-4 md:gap-6 m-auto md:max-w-2xl lg:max-w-2xl xl:max-w-3xl p-4 md:py-6 flex lg:px-0\">\n<div class=\"relative flex w-[calc(100%-50px)] md:flex-col lg:w-[calc(100%-115px)]\">\n<div class=\"flex flex-grow flex-col gap-3\">\n<div class=\"min-h-[20px] flex flex-col items-start gap-4 whitespace-pre-wrap\">\n<div class=\"markdown prose w-full break-words dark:prose-invert light\">\n<p><b>Mis \u00e0 jour le 06\/01\/2023<\/b><\/p>\n<p>Notre entreprise s\u2019engage \u00e0 prot\u00e9ger votre vie priv\u00e9e. Cette politique de confidentialit\u00e9 s\u2019applique \u00e0 toutes les informations que nous collectons sur notre site web et \u00e0 toutes les interactions que nous avons avec vous.<\/p>\n<h4><strong>Collecte d\u2019informations<\/strong><\/h4>\n<p>Nous collectons des informations sur vous lorsque vous vous inscrivez sur notre site, effectuez un achat, remplissez un formulaire ou communiquez avec nous. Les informations que nous collectons peuvent inclure votre nom, votre adresse e-mail, votre num\u00e9ro de t\u00e9l\u00e9phone et votre adresse postale.<\/p>\n<h4><strong>Utilisation des informations<\/strong><\/h4>\n<p>Nous utilisons les informations que nous collectons \u00e0 des fins de marketing, de gestion de la relation client et de personnalisation de votre exp\u00e9rience sur notre site web. Nous pouvons \u00e9galement utiliser ces informations pour vous contacter et r\u00e9pondre \u00e0 vos demandes d\u2019assistance.<\/p>\n<h4><strong>Partage d\u2019informations<\/strong><\/h4>\n<p>Nous ne vendons pas, n\u2019\u00e9changeons pas et ne transf\u00e9rons pas vos informations personnelles \u00e0 des tiers \u00e0 des fins de marketing. Cependant, nous pouvons partager vos informations avec nos partenaires de confiance qui fournissent des services pour notre compte, tels que la livraison de produits ou l\u2019ex\u00e9cution de campagnes de marketing. Ces tiers ont acc\u00e8s aux informations n\u00e9cessaires pour accomplir leur mission, mais ils sont tenus de ne pas utiliser ces informations \u00e0 d\u2019autres fins.\u00a0Nous pouvons partager vos donn\u00e9es personnelles avec d&#8217;autres sites de vente de notre entreprise afin de vous offrir une exp\u00e9rience de shopping en ligne plus fluide et personnalis\u00e9e.<\/p>\n<h4><strong>Protection des informations<\/strong><\/h4>\n<p>Nous prenons des mesures de s\u00e9curit\u00e9 raisonnables pour prot\u00e9ger vos informations contre la perte, l\u2019utilisation abusive et l\u2019acc\u00e8s non autoris\u00e9. Nous utilisons \u00e9galement des mesures de s\u00e9curit\u00e9 pour prot\u00e9ger vos informations lors de la transmission de donn\u00e9es sur notre site.<\/p>\n<h4><strong>Cookies<\/strong><\/h4>\n<p>Nous utilisons des cookies pour am\u00e9liorer votre exp\u00e9rience sur notre site web et pour suivre l\u2019utilisation de notre site. Un cookie est un petit fichier de donn\u00e9es qui est enregistr\u00e9 sur votre ordinateur lorsque vous visitez un site web. Vous pouvez configurer votre navigateur pour refuser les cookies, mais cela peut affecter votre utilisation de notre site.<\/p>\n<h4><strong>Liens vers d\u2019autres sites<\/strong><\/h4>\n<p>Notre site peut contenir des liens vers d\u2019autres sites qui ne sont pas sous notre contr\u00f4le. Nous ne sommes pas responsables des pratiques de confidentialit\u00e9 de ces sites. Nous vous encourageons \u00e0 lire les politiques de confidentialit\u00e9 de ces sites avant de soumettre vos informations personnelles.<\/p>\n<p>Modifications de notre politique de confidentialit\u00e9<\/p>\n<\/div>\n<\/div>\n<\/div>\n<\/div>\n<\/div>\n<\/div>\n<div class=\"w-full border-b border-black\/10 dark:border-gray-900\/50 text-gray-800 dark:text-gray-100 group bg-gray-50 dark:bg-[#444654]\">\n<div class=\"text-base gap-4 md:gap-6 m-auto md:max-w-2xl lg:max-w-2xl xl:max-w-3xl p-4 md:py-6 flex lg:px-0\">\n<div class=\"relative flex w-[calc(100%-50px)] md:flex-col lg:w-[calc(100%-115px)]\">\n<div class=\"flex flex-grow flex-col gap-3\">\n<div class=\"min-h-[20px] flex flex-col items-start gap-4 whitespace-pre-wrap\">\n<div class=\"markdown prose w-full break-words dark:prose-invert light\">\n<h4><strong>Notification de changements<\/strong><\/h4>\n<p>Si nous d\u00e9cidons de modifier notre politique de confidentialit\u00e9, nous publierons ces modifications sur cette page pour que vous soyez toujours au courant des informations que nous collectons, de la mani\u00e8re dont nous les utilisons et dans quelles circonstances nous les divulguons.<\/p>\n<h4><strong>Consentement<\/strong><\/h4>\n<p>En utilisant notre site, vous consentez \u00e0 notre politique de confidentialit\u00e9.<\/p>\n<h4><strong>Contactez-nous<\/strong><\/h4>\n<p>Si vous avez des questions sur notre politique de confidentialit\u00e9, n\u2019h\u00e9sitez pas \u00e0\u00a0<a href=\"\/contact\">nous contacter<\/a>.<\/p>\n<\/div>\n<\/div>\n<\/div>\n<\/div>\n<\/div>\n<\/div>\t\t\t\t\t\t\t\t<\/div>\n\t\t\t\t<\/div>\n\t\t\t\t<\/div>\n\t\t\t\t\t<\/div>\n\t\t\t\t<\/div>\n\t\t\t\t<\/div>\n\t\t","protected":false},"excerpt":{"rendered":"<p>Privacy Bijgewerkt 01\/06\/2023 Ons bedrijf doet er alles aan om uw privacy te beschermen. Dit privacybeleid is van toepassing op alle informatie die we op onze website verzamelen en op alle interacties die we met u hebben. Verzameling van informatie Wij verzamelen informatie over u wanneer u zich registreert op onze site,\u2026&nbsp;<a href=\"https:\/\/easy-sushi.com\/nl\/privacybeleid\/\" rel=\"bookmark\">Lees verder &quot;<span class=\"screen-reader-text\">Privacy<\/span><\/a><\/p>","protected":false},"author":1,"featured_media":0,"parent":0,"menu_order":0,"comment_status":"closed","ping_status":"closed","template":"elementor_header_footer","meta":{"neve_meta_sidebar":"","neve_meta_container":"","neve_meta_enable_content_width":"","neve_meta_content_width":0,"neve_meta_title_alignment":"","neve_meta_author_avatar":"","neve_post_elements_order":"","neve_meta_disable_header":"","neve_meta_disable_footer":"","neve_meta_disable_title":"","footnotes":""},"class_list":["post-21248","page","type-page","status-publish","hentry"],"yoast_head":"<!-- This site is optimized with the Yoast SEO plugin v27.5 - https:\/\/yoast.com\/product\/yoast-seo-wordpress\/ -->\n<title>Confidentialit\u00e9 - Easy Sushi\u00ae<\/title>\n<meta name=\"robots\" content=\"noindex, follow\" \/>\n<meta property=\"og:locale\" content=\"nl_BE\" \/>\n<meta property=\"og:type\" content=\"article\" \/>\n<meta property=\"og:title\" content=\"Confidentialit\u00e9 - Easy Sushi\u00ae\" \/>\n<meta property=\"og:description\" content=\"Confidentialit\u00e9 Mis \u00e0 jour le 06\/01\/2023 Notre entreprise s\u2019engage \u00e0 prot\u00e9ger votre vie priv\u00e9e. Cette politique de confidentialit\u00e9 s\u2019applique \u00e0 toutes les informations que nous collectons sur notre site web et \u00e0 toutes les interactions que nous avons avec vous. Collecte d\u2019informations Nous collectons des informations sur vous lorsque vous vous inscrivez sur notre site,&hellip;&nbsp;Lees meer &raquo;Confidentialit\u00e9\" \/>\n<meta property=\"og:url\" content=\"https:\/\/easy-sushi.com\/nl\/privacybeleid\/\" \/>\n<meta property=\"og:site_name\" content=\"Easy Sushi\u00ae\" \/>\n<meta property=\"article:publisher\" content=\"https:\/\/www.facebook.com\/EasySushi\/\" \/>\n<meta property=\"article:modified_time\" content=\"2024-06-20T09:24:11+00:00\" \/>\n<meta property=\"og:image\" content=\"https:\/\/easy-sushi.com\/wp-content\/uploads\/2021\/01\/easy_sushi_thumb_fb.jpg\" \/>\n\t<meta property=\"og:image:width\" content=\"1200\" \/>\n\t<meta property=\"og:image:height\" content=\"627\" \/>\n\t<meta property=\"og:image:type\" content=\"image\/jpeg\" \/>\n<meta name=\"twitter:card\" content=\"summary_large_image\" \/>\n<meta name=\"twitter:site\" content=\"@EasySushi\" \/>\n<meta name=\"twitter:label1\" content=\"Geschatte leestijd\" \/>\n\t<meta name=\"twitter:data1\" content=\"3 minuten\" \/>\n<script type=\"application\/ld+json\" class=\"yoast-schema-graph\">{\"@context\":\"https:\\\/\\\/schema.org\",\"@graph\":[{\"@type\":\"WebPage\",\"@id\":\"https:\\\/\\\/easy-sushi.com\\\/confidentialite\\\/\",\"url\":\"https:\\\/\\\/easy-sushi.com\\\/confidentialite\\\/\",\"name\":\"Confidentialit\u00e9 - Easy Sushi\u00ae\",\"isPartOf\":{\"@id\":\"https:\\\/\\\/easy-sushi.com\\\/nl\\\/#website\"},\"datePublished\":\"2021-01-21T20:58:33+00:00\",\"dateModified\":\"2024-06-20T09:24:11+00:00\",\"breadcrumb\":{\"@id\":\"https:\\\/\\\/easy-sushi.com\\\/confidentialite\\\/#breadcrumb\"},\"inLanguage\":\"nl-BE\",\"potentialAction\":[{\"@type\":\"ReadAction\",\"target\":[\"https:\\\/\\\/easy-sushi.com\\\/confidentialite\\\/\"]}]},{\"@type\":\"BreadcrumbList\",\"@id\":\"https:\\\/\\\/easy-sushi.com\\\/confidentialite\\\/#breadcrumb\",\"itemListElement\":[{\"@type\":\"ListItem\",\"position\":1,\"name\":\"Accueil\",\"item\":\"https:\\\/\\\/easy-sushi.com\\\/\"},{\"@type\":\"ListItem\",\"position\":2,\"name\":\"Confidentialit\u00e9\"}]},{\"@type\":\"WebSite\",\"@id\":\"https:\\\/\\\/easy-sushi.com\\\/nl\\\/#website\",\"url\":\"https:\\\/\\\/easy-sushi.com\\\/nl\\\/\",\"name\":\"Easy Sushi\u00ae\",\"description\":\"\",\"publisher\":{\"@id\":\"https:\\\/\\\/easy-sushi.com\\\/nl\\\/#organization\"},\"potentialAction\":[{\"@type\":\"SearchAction\",\"target\":{\"@type\":\"EntryPoint\",\"urlTemplate\":\"https:\\\/\\\/easy-sushi.com\\\/nl\\\/?s={search_term_string}\"},\"query-input\":{\"@type\":\"PropertyValueSpecification\",\"valueRequired\":true,\"valueName\":\"search_term_string\"}}],\"inLanguage\":\"nl-BE\"},{\"@type\":\"Organization\",\"@id\":\"https:\\\/\\\/easy-sushi.com\\\/nl\\\/#organization\",\"name\":\"Easy Sushi\u00ae\",\"url\":\"https:\\\/\\\/easy-sushi.com\\\/nl\\\/\",\"logo\":{\"@type\":\"ImageObject\",\"inLanguage\":\"nl-BE\",\"@id\":\"https:\\\/\\\/easy-sushi.com\\\/nl\\\/#\\\/schema\\\/logo\\\/image\\\/\",\"url\":\"https:\\\/\\\/easy-sushi.com\\\/wp-content\\\/uploads\\\/2021\\\/01\\\/easy_sushi_logotype.svg\",\"contentUrl\":\"https:\\\/\\\/easy-sushi.com\\\/wp-content\\\/uploads\\\/2021\\\/01\\\/easy_sushi_logotype.svg\",\"width\":513,\"height\":357,\"caption\":\"Easy Sushi\u00ae\"},\"image\":{\"@id\":\"https:\\\/\\\/easy-sushi.com\\\/nl\\\/#\\\/schema\\\/logo\\\/image\\\/\"},\"sameAs\":[\"https:\\\/\\\/www.facebook.com\\\/EasySushi\\\/\",\"https:\\\/\\\/x.com\\\/EasySushi\",\"https:\\\/\\\/www.instagram.com\\\/easysushieasyrolls\\\/\",\"https:\\\/\\\/www.youtube.com\\\/user\\\/EasysushiEasyrolls\"]}]}<\/script>\n<!-- \/ Yoast SEO plugin. -->","yoast_head_json":{"title":"Vertrouwelijkheid - Easy Sushi\u00ae","robots":{"index":"noindex","follow":"follow"},"og_locale":"nl_BE","og_type":"article","og_title":"Confidentialit\u00e9 - Easy Sushi\u00ae","og_description":"Confidentialit\u00e9 Mis \u00e0 jour le 06\/01\/2023 Notre entreprise s\u2019engage \u00e0 prot\u00e9ger votre vie priv\u00e9e. Cette politique de confidentialit\u00e9 s\u2019applique \u00e0 toutes les informations que nous collectons sur notre site web et \u00e0 toutes les interactions que nous avons avec vous. Collecte d\u2019informations Nous collectons des informations sur vous lorsque vous vous inscrivez sur notre site,&hellip;&nbsp;Lees meer &raquo;Confidentialit\u00e9","og_url":"https:\/\/easy-sushi.com\/nl\/privacybeleid\/","og_site_name":"Easy Sushi\u00ae","article_publisher":"https:\/\/www.facebook.com\/EasySushi\/","article_modified_time":"2024-06-20T09:24:11+00:00","og_image":[{"width":1200,"height":627,"url":"https:\/\/easy-sushi.com\/wp-content\/uploads\/2021\/01\/easy_sushi_thumb_fb.jpg","type":"image\/jpeg"}],"twitter_card":"summary_large_image","twitter_site":"@EasySushi","twitter_misc":{"Geschatte leestijd":"3 minuten"},"schema":{"@context":"https:\/\/schema.org","@graph":[{"@type":"WebPage","@id":"https:\/\/easy-sushi.com\/confidentialite\/","url":"https:\/\/easy-sushi.com\/confidentialite\/","name":"Vertrouwelijkheid - Easy Sushi\u00ae","isPartOf":{"@id":"https:\/\/easy-sushi.com\/nl\/#website"},"datePublished":"2021-01-21T20:58:33+00:00","dateModified":"2024-06-20T09:24:11+00:00","breadcrumb":{"@id":"https:\/\/easy-sushi.com\/confidentialite\/#breadcrumb"},"inLanguage":"nl-BE","potentialAction":[{"@type":"ReadAction","target":["https:\/\/easy-sushi.com\/confidentialite\/"]}]},{"@type":"BreadcrumbList","@id":"https:\/\/easy-sushi.com\/confidentialite\/#breadcrumb","itemListElement":[{"@type":"ListItem","position":1,"name":"Accueil","item":"https:\/\/easy-sushi.com\/"},{"@type":"ListItem","position":2,"name":"Confidentialit\u00e9"}]},{"@type":"WebSite","@id":"https:\/\/easy-sushi.com\/nl\/#website","url":"https:\/\/easy-sushi.com\/nl\/","name":"Makkelijk Sushi\u00ae","description":"","publisher":{"@id":"https:\/\/easy-sushi.com\/nl\/#organization"},"potentialAction":[{"@type":"SearchAction","target":{"@type":"EntryPoint","urlTemplate":"https:\/\/easy-sushi.com\/nl\/?s={search_term_string}"},"query-input":{"@type":"PropertyValueSpecification","valueRequired":true,"valueName":"search_term_string"}}],"inLanguage":"nl-BE"},{"@type":"Organization","@id":"https:\/\/easy-sushi.com\/nl\/#organization","name":"Makkelijk Sushi\u00ae","url":"https:\/\/easy-sushi.com\/nl\/","logo":{"@type":"ImageObject","inLanguage":"nl-BE","@id":"https:\/\/easy-sushi.com\/nl\/#\/schema\/logo\/image\/","url":"https:\/\/easy-sushi.com\/wp-content\/uploads\/2021\/01\/easy_sushi_logotype.svg","contentUrl":"https:\/\/easy-sushi.com\/wp-content\/uploads\/2021\/01\/easy_sushi_logotype.svg","width":513,"height":357,"caption":"Easy Sushi\u00ae"},"image":{"@id":"https:\/\/easy-sushi.com\/nl\/#\/schema\/logo\/image\/"},"sameAs":["https:\/\/www.facebook.com\/EasySushi\/","https:\/\/x.com\/EasySushi","https:\/\/www.instagram.com\/easysushieasyrolls\/","https:\/\/www.youtube.com\/user\/EasysushiEasyrolls"]}]}},"_links":{"self":[{"href":"https:\/\/easy-sushi.com\/nl\/wp-json\/wp\/v2\/pages\/21248","targetHints":{"allow":["GET"]}}],"collection":[{"href":"https:\/\/easy-sushi.com\/nl\/wp-json\/wp\/v2\/pages"}],"about":[{"href":"https:\/\/easy-sushi.com\/nl\/wp-json\/wp\/v2\/types\/page"}],"author":[{"embeddable":true,"href":"https:\/\/easy-sushi.com\/nl\/wp-json\/wp\/v2\/users\/1"}],"replies":[{"embeddable":true,"href":"https:\/\/easy-sushi.com\/nl\/wp-json\/wp\/v2\/comments?post=21248"}],"version-history":[{"count":0,"href":"https:\/\/easy-sushi.com\/nl\/wp-json\/wp\/v2\/pages\/21248\/revisions"}],"wp:attachment":[{"href":"https:\/\/easy-sushi.com\/nl\/wp-json\/wp\/v2\/media?parent=21248"}],"curies":[{"name":"wp","href":"https:\/\/api.w.org\/{rel}","templated":true}]}}