{"id":947,"date":"2019-09-24T17:06:51","date_gmt":"2019-09-24T15:06:51","guid":{"rendered":"https:\/\/easy-sushi.com\/?post_type=product&#038;p=947"},"modified":"2022-11-25T19:11:59","modified_gmt":"2022-11-25T18:11:59","slug":"wasabi-in-tube-43g-sb","status":"publish","type":"product","link":"https:\/\/easy-sushi.com\/it\/negozio-2\/wasabi-in-tube-43g-sb\/","title":{"rendered":"Wasabi Tube 43g S&amp;B"},"content":{"rendered":"<p>Ravviva i tuoi piatti con questa pasta Wasabi pronta all&#039;uso. Utilizzato principalmente con makis e sushi, il wasabi, che \u00e8 simile alla senape, pu\u00f2 anche dare una spinta a noodles freddi di soba, carni, insalate, salsa di soia ...<\/p>\n<p><strong>Composizione:<\/strong> Rafano 31.7%, umettante E420, olio di crusca di riso, sale, destrina, wasabi japonica 4.5%, fecola di patate, acqua, aroma, curcuma, acidificante E330, addensante E415, colorante E133.<\/p>\n<p><strong>Conservazione:<\/strong> Si conserva in frigorifero dopo l&#039;apertura.<\/p>\n<p><strong>Valore nutritivo (per 100 g)<\/strong> :<\/p>\n<table style=\"height: 270px;\" width=\"347\">\n<tbody>\n<tr>\n<td width=\"212\">Valori energetici (kJ \/ kcal)<\/td>\n<td width=\"80\">1305 \/ 312<\/td>\n<\/tr>\n<tr>\n<td width=\"212\">Grasso (g)<\/td>\n<td style=\"text-align: left;\" width=\"80\">13,9<\/td>\n<\/tr>\n<tr>\n<td width=\"212\">Di cui acidi grassi saturi (g)<\/td>\n<td width=\"80\">2,3<\/td>\n<\/tr>\n<tr>\n<td width=\"212\">Carboidrati (g)<\/td>\n<td width=\"80\">44,1<\/td>\n<\/tr>\n<tr>\n<td width=\"212\">Di cui zuccheri (g)<\/td>\n<td width=\"80\">8,3<\/td>\n<\/tr>\n<tr>\n<td width=\"212\">Fibra alimentare (g)<\/td>\n<td width=\"80\">5,1<\/td>\n<\/tr>\n<tr>\n<td width=\"212\">Proteine (g)<\/td>\n<td width=\"80\">2,7<\/td>\n<\/tr>\n<tr>\n<td width=\"212\">Sale (g)<\/td>\n<td width=\"80\">8,3<\/td>\n<\/tr>\n<\/tbody>\n<\/table>","protected":false},"excerpt":{"rendered":"<div class=\"product_description\">\n<p>Ravviva i tuoi piatti con la pasta Wasabi S&amp;B pronta per l&#039;uso<\/p>\n<ul>\n<li>Gusto potente<\/li>\n<li>Tubo da 43 g<\/li>\n<li>Pronto all&#039;uso<\/li>\n<li>Tubo richiudibile per una conservazione ottimale<\/li>\n<li>Prodotto in Giappone<\/li>\n<\/ul>\n<\/div>","protected":false},"featured_media":948,"comment_status":"closed","ping_status":"closed","template":"","meta":{"neve_meta_sidebar":"","neve_meta_container":"","neve_meta_enable_content_width":"","neve_meta_content_width":0,"neve_meta_title_alignment":"","neve_meta_author_avatar":"","neve_post_elements_order":"","neve_meta_disable_header":"","neve_meta_disable_footer":"","neve_meta_disable_title":""},"product_brand":[],"product_cat":[26],"product_tag":[],"class_list":{"0":"post-947","1":"product","2":"type-product","3":"status-publish","4":"has-post-thumbnail","6":"product_cat-epicerie","8":"first","9":"outofstock","10":"taxable","11":"shipping-taxable","12":"purchasable","13":"product-type-simple"},"yoast_head":"<!-- This site is optimized with the Yoast SEO plugin v27.5 - https:\/\/yoast.com\/product\/yoast-seo-wordpress\/ -->\n<title>Wasabi en Tube 43g S&amp;B - Easy Sushi\u00ae<\/title>\n<meta name=\"description\" content=\"Relevez vos plats avec cette p\u00e2te de Wasabi pr\u00eate \u00e0 l&#039;emploi. Principalement utilis\u00e9 avec les makis et sushis, le wasabi, qui s&#039;apparente \u00e0 de la moutarde, peut \u00e9galement donner un coup de chaud aux nouilles soba froides, viandes, salades, sauce soja...\" \/>\n<meta name=\"robots\" content=\"index, follow, max-snippet:-1, max-image-preview:large, max-video-preview:-1\" \/>\n<link rel=\"canonical\" href=\"https:\/\/easy-sushi.com\/it\/negozio-2\/wasabi-in-tube-43g-sb\/\" \/>\n<meta property=\"og:locale\" content=\"it_IT\" \/>\n<meta property=\"og:type\" content=\"article\" \/>\n<meta property=\"og:title\" content=\"Wasabi en Tube 43g S&amp;B - Easy Sushi\u00ae\" \/>\n<meta property=\"og:description\" content=\"Relevez vos plats avec cette p\u00e2te de Wasabi pr\u00eate \u00e0 l&#039;emploi. Principalement utilis\u00e9 avec les makis et sushis, le wasabi, qui s&#039;apparente \u00e0 de la moutarde, peut \u00e9galement donner un coup de chaud aux nouilles soba froides, viandes, salades, sauce soja...\" \/>\n<meta property=\"og:url\" content=\"https:\/\/easy-sushi.com\/it\/negozio-2\/wasabi-in-tube-43g-sb\/\" \/>\n<meta property=\"og:site_name\" content=\"Easy Sushi\u00ae\" \/>\n<meta property=\"article:publisher\" content=\"https:\/\/www.facebook.com\/EasySushi\/\" \/>\n<meta property=\"article:modified_time\" content=\"2022-11-25T18:11:59+00:00\" \/>\n<meta property=\"og:image\" content=\"https:\/\/easy-sushi.com\/wp-content\/uploads\/2019\/09\/wasabi-43g-SB.jpg\" \/>\n\t<meta property=\"og:image:width\" content=\"1200\" \/>\n\t<meta property=\"og:image:height\" content=\"1200\" \/>\n\t<meta property=\"og:image:type\" content=\"image\/jpeg\" \/>\n<meta name=\"twitter:card\" content=\"summary_large_image\" \/>\n<meta name=\"twitter:site\" content=\"@EasySushi\" \/>\n<meta name=\"twitter:label1\" content=\"Tempo di lettura stimato\" \/>\n\t<meta name=\"twitter:data1\" content=\"1 minuto\" \/>\n<script type=\"application\/ld+json\" class=\"yoast-schema-graph\">{\"@context\":\"https:\\\/\\\/schema.org\",\"@graph\":[{\"@type\":\"WebPage\",\"@id\":\"https:\\\/\\\/easy-sushi.com\\\/boutique\\\/wasabi-en-tube-43g-sb\\\/\",\"url\":\"https:\\\/\\\/easy-sushi.com\\\/boutique\\\/wasabi-en-tube-43g-sb\\\/\",\"name\":\"Wasabi en Tube 43g S&amp;B - Easy Sushi\u00ae\",\"isPartOf\":{\"@id\":\"https:\\\/\\\/easy-sushi.com\\\/nl\\\/#website\"},\"primaryImageOfPage\":{\"@id\":\"https:\\\/\\\/easy-sushi.com\\\/boutique\\\/wasabi-en-tube-43g-sb\\\/#primaryimage\"},\"image\":{\"@id\":\"https:\\\/\\\/easy-sushi.com\\\/boutique\\\/wasabi-en-tube-43g-sb\\\/#primaryimage\"},\"thumbnailUrl\":\"https:\\\/\\\/easy-sushi.com\\\/wp-content\\\/uploads\\\/2019\\\/09\\\/wasabi-43g-SB.jpg\",\"datePublished\":\"2019-09-24T15:06:51+00:00\",\"dateModified\":\"2022-11-25T18:11:59+00:00\",\"description\":\"Relevez vos plats avec cette p\u00e2te de Wasabi pr\u00eate \u00e0 l'emploi. Principalement utilis\u00e9 avec les makis et sushis, le wasabi, qui s'apparente \u00e0 de la moutarde, peut \u00e9galement donner un coup de chaud aux nouilles soba froides, viandes, salades, sauce soja...\",\"breadcrumb\":{\"@id\":\"https:\\\/\\\/easy-sushi.com\\\/boutique\\\/wasabi-en-tube-43g-sb\\\/#breadcrumb\"},\"inLanguage\":\"it-IT\",\"potentialAction\":[{\"@type\":\"ReadAction\",\"target\":[\"https:\\\/\\\/easy-sushi.com\\\/boutique\\\/wasabi-en-tube-43g-sb\\\/\"]}]},{\"@type\":\"ImageObject\",\"inLanguage\":\"it-IT\",\"@id\":\"https:\\\/\\\/easy-sushi.com\\\/boutique\\\/wasabi-en-tube-43g-sb\\\/#primaryimage\",\"url\":\"https:\\\/\\\/easy-sushi.com\\\/wp-content\\\/uploads\\\/2019\\\/09\\\/wasabi-43g-SB.jpg\",\"contentUrl\":\"https:\\\/\\\/easy-sushi.com\\\/wp-content\\\/uploads\\\/2019\\\/09\\\/wasabi-43g-SB.jpg\",\"width\":1200,\"height\":1200,\"caption\":\"wasabi-43g-SB\"},{\"@type\":\"BreadcrumbList\",\"@id\":\"https:\\\/\\\/easy-sushi.com\\\/boutique\\\/wasabi-en-tube-43g-sb\\\/#breadcrumb\",\"itemListElement\":[{\"@type\":\"ListItem\",\"position\":1,\"name\":\"Accueil\",\"item\":\"https:\\\/\\\/easy-sushi.com\\\/\"},{\"@type\":\"ListItem\",\"position\":2,\"name\":\"Boutique\",\"item\":\"https:\\\/\\\/easy-sushi.com\\\/pt\\\/boutique\\\/\"},{\"@type\":\"ListItem\",\"position\":3,\"name\":\"\u00c9picerie\",\"item\":\"https:\\\/\\\/easy-sushi.com\\\/categorie-produit\\\/epicerie\\\/\"},{\"@type\":\"ListItem\",\"position\":4,\"name\":\"Wasabi en Tube 43g S&amp;B\"}]},{\"@type\":\"WebSite\",\"@id\":\"https:\\\/\\\/easy-sushi.com\\\/nl\\\/#website\",\"url\":\"https:\\\/\\\/easy-sushi.com\\\/nl\\\/\",\"name\":\"Easy Sushi\u00ae\",\"description\":\"\",\"publisher\":{\"@id\":\"https:\\\/\\\/easy-sushi.com\\\/nl\\\/#organization\"},\"potentialAction\":[{\"@type\":\"SearchAction\",\"target\":{\"@type\":\"EntryPoint\",\"urlTemplate\":\"https:\\\/\\\/easy-sushi.com\\\/nl\\\/?s={search_term_string}\"},\"query-input\":{\"@type\":\"PropertyValueSpecification\",\"valueRequired\":true,\"valueName\":\"search_term_string\"}}],\"inLanguage\":\"it-IT\"},{\"@type\":\"Organization\",\"@id\":\"https:\\\/\\\/easy-sushi.com\\\/nl\\\/#organization\",\"name\":\"Easy Sushi\u00ae\",\"url\":\"https:\\\/\\\/easy-sushi.com\\\/nl\\\/\",\"logo\":{\"@type\":\"ImageObject\",\"inLanguage\":\"it-IT\",\"@id\":\"https:\\\/\\\/easy-sushi.com\\\/nl\\\/#\\\/schema\\\/logo\\\/image\\\/\",\"url\":\"https:\\\/\\\/easy-sushi.com\\\/wp-content\\\/uploads\\\/2021\\\/01\\\/easy_sushi_logotype.svg\",\"contentUrl\":\"https:\\\/\\\/easy-sushi.com\\\/wp-content\\\/uploads\\\/2021\\\/01\\\/easy_sushi_logotype.svg\",\"width\":513,\"height\":357,\"caption\":\"Easy Sushi\u00ae\"},\"image\":{\"@id\":\"https:\\\/\\\/easy-sushi.com\\\/nl\\\/#\\\/schema\\\/logo\\\/image\\\/\"},\"sameAs\":[\"https:\\\/\\\/www.facebook.com\\\/EasySushi\\\/\",\"https:\\\/\\\/x.com\\\/EasySushi\",\"https:\\\/\\\/www.instagram.com\\\/easysushieasyrolls\\\/\",\"https:\\\/\\\/www.youtube.com\\\/user\\\/EasysushiEasyrolls\"]}]}<\/script>\n<!-- \/ Yoast SEO plugin. -->","yoast_head_json":{"title":"Wasabi in Tubo 43g S&amp;B - Easy Sushi\u00ae","description":"Ravviva i tuoi piatti con questa pasta Wasabi pronta all&#039;uso. Utilizzato principalmente con maki e sushi, il wasabi, che \u00e8 simile alla senape, pu\u00f2 anche dare una spinta a soba noodles freddi, carni, insalate, salsa di soia...","robots":{"index":"index","follow":"follow","max-snippet":"max-snippet:-1","max-image-preview":"max-image-preview:large","max-video-preview":"max-video-preview:-1"},"canonical":"https:\/\/easy-sushi.com\/it\/negozio-2\/wasabi-in-tube-43g-sb\/","og_locale":"it_IT","og_type":"article","og_title":"Wasabi en Tube 43g S&amp;B - Easy Sushi\u00ae","og_description":"Relevez vos plats avec cette p\u00e2te de Wasabi pr\u00eate \u00e0 l'emploi. Principalement utilis\u00e9 avec les makis et sushis, le wasabi, qui s'apparente \u00e0 de la moutarde, peut \u00e9galement donner un coup de chaud aux nouilles soba froides, viandes, salades, sauce soja...","og_url":"https:\/\/easy-sushi.com\/it\/negozio-2\/wasabi-in-tube-43g-sb\/","og_site_name":"Easy Sushi\u00ae","article_publisher":"https:\/\/www.facebook.com\/EasySushi\/","article_modified_time":"2022-11-25T18:11:59+00:00","og_image":[{"width":1200,"height":1200,"url":"https:\/\/easy-sushi.com\/wp-content\/uploads\/2019\/09\/wasabi-43g-SB.jpg","type":"image\/jpeg"}],"twitter_card":"summary_large_image","twitter_site":"@EasySushi","twitter_misc":{"Tempo di lettura stimato":"1 minuto"},"schema":{"@context":"https:\/\/schema.org","@graph":[{"@type":"WebPage","@id":"https:\/\/easy-sushi.com\/boutique\/wasabi-en-tube-43g-sb\/","url":"https:\/\/easy-sushi.com\/boutique\/wasabi-en-tube-43g-sb\/","name":"Wasabi in Tubo 43g S&amp;B - Easy Sushi\u00ae","isPartOf":{"@id":"https:\/\/easy-sushi.com\/nl\/#website"},"primaryImageOfPage":{"@id":"https:\/\/easy-sushi.com\/boutique\/wasabi-en-tube-43g-sb\/#primaryimage"},"image":{"@id":"https:\/\/easy-sushi.com\/boutique\/wasabi-en-tube-43g-sb\/#primaryimage"},"thumbnailUrl":"https:\/\/easy-sushi.com\/wp-content\/uploads\/2019\/09\/wasabi-43g-SB.jpg","datePublished":"2019-09-24T15:06:51+00:00","dateModified":"2022-11-25T18:11:59+00:00","description":"Ravviva i tuoi piatti con questa pasta Wasabi pronta all&#039;uso. Utilizzato principalmente con maki e sushi, il wasabi, che \u00e8 simile alla senape, pu\u00f2 anche dare una spinta a soba noodles freddi, carni, insalate, salsa di soia...","breadcrumb":{"@id":"https:\/\/easy-sushi.com\/boutique\/wasabi-en-tube-43g-sb\/#breadcrumb"},"inLanguage":"it-IT","potentialAction":[{"@type":"ReadAction","target":["https:\/\/easy-sushi.com\/boutique\/wasabi-en-tube-43g-sb\/"]}]},{"@type":"ImageObject","inLanguage":"it-IT","@id":"https:\/\/easy-sushi.com\/boutique\/wasabi-en-tube-43g-sb\/#primaryimage","url":"https:\/\/easy-sushi.com\/wp-content\/uploads\/2019\/09\/wasabi-43g-SB.jpg","contentUrl":"https:\/\/easy-sushi.com\/wp-content\/uploads\/2019\/09\/wasabi-43g-SB.jpg","width":1200,"height":1200,"caption":"wasabi-43g-SB"},{"@type":"BreadcrumbList","@id":"https:\/\/easy-sushi.com\/boutique\/wasabi-en-tube-43g-sb\/#breadcrumb","itemListElement":[{"@type":"ListItem","position":1,"name":"Accueil","item":"https:\/\/easy-sushi.com\/"},{"@type":"ListItem","position":2,"name":"Boutique","item":"https:\/\/easy-sushi.com\/pt\/boutique\/"},{"@type":"ListItem","position":3,"name":"\u00c9picerie","item":"https:\/\/easy-sushi.com\/categorie-produit\/epicerie\/"},{"@type":"ListItem","position":4,"name":"Wasabi en Tube 43g S&amp;B"}]},{"@type":"WebSite","@id":"https:\/\/easy-sushi.com\/nl\/#website","url":"https:\/\/easy-sushi.com\/nl\/","name":"Easy Sushi\u00ae","description":"","publisher":{"@id":"https:\/\/easy-sushi.com\/nl\/#organization"},"potentialAction":[{"@type":"SearchAction","target":{"@type":"EntryPoint","urlTemplate":"https:\/\/easy-sushi.com\/nl\/?s={search_term_string}"},"query-input":{"@type":"PropertyValueSpecification","valueRequired":true,"valueName":"search_term_string"}}],"inLanguage":"it-IT"},{"@type":"Organization","@id":"https:\/\/easy-sushi.com\/nl\/#organization","name":"Easy Sushi\u00ae","url":"https:\/\/easy-sushi.com\/nl\/","logo":{"@type":"ImageObject","inLanguage":"it-IT","@id":"https:\/\/easy-sushi.com\/nl\/#\/schema\/logo\/image\/","url":"https:\/\/easy-sushi.com\/wp-content\/uploads\/2021\/01\/easy_sushi_logotype.svg","contentUrl":"https:\/\/easy-sushi.com\/wp-content\/uploads\/2021\/01\/easy_sushi_logotype.svg","width":513,"height":357,"caption":"Easy Sushi\u00ae"},"image":{"@id":"https:\/\/easy-sushi.com\/nl\/#\/schema\/logo\/image\/"},"sameAs":["https:\/\/www.facebook.com\/EasySushi\/","https:\/\/x.com\/EasySushi","https:\/\/www.instagram.com\/easysushieasyrolls\/","https:\/\/www.youtube.com\/user\/EasysushiEasyrolls"]}]}},"_links":{"self":[{"href":"https:\/\/easy-sushi.com\/it\/wp-json\/wp\/v2\/product\/947","targetHints":{"allow":["GET"]}}],"collection":[{"href":"https:\/\/easy-sushi.com\/it\/wp-json\/wp\/v2\/product"}],"about":[{"href":"https:\/\/easy-sushi.com\/it\/wp-json\/wp\/v2\/types\/product"}],"replies":[{"embeddable":true,"href":"https:\/\/easy-sushi.com\/it\/wp-json\/wp\/v2\/comments?post=947"}],"wp:featuredmedia":[{"embeddable":true,"href":"https:\/\/easy-sushi.com\/it\/wp-json\/wp\/v2\/media\/948"}],"wp:attachment":[{"href":"https:\/\/easy-sushi.com\/it\/wp-json\/wp\/v2\/media?parent=947"}],"wp:term":[{"taxonomy":"product_brand","embeddable":true,"href":"https:\/\/easy-sushi.com\/it\/wp-json\/wp\/v2\/product_brand?post=947"},{"taxonomy":"product_cat","embeddable":true,"href":"https:\/\/easy-sushi.com\/it\/wp-json\/wp\/v2\/product_cat?post=947"},{"taxonomy":"product_tag","embeddable":true,"href":"https:\/\/easy-sushi.com\/it\/wp-json\/wp\/v2\/product_tag?post=947"}],"curies":[{"name":"wp","href":"https:\/\/api.w.org\/{rel}","templated":true}]}}