{"id":944,"date":"2019-09-24T11:43:19","date_gmt":"2019-09-24T09:43:19","guid":{"rendered":"https:\/\/easy-sushi.com\/?post_type=product&#038;p=944"},"modified":"2023-06-23T12:07:59","modified_gmt":"2023-06-23T10:07:59","slug":"nori-foglio-per-sushi-makis-edomae","status":"publish","type":"product","link":"https:\/\/easy-sushi.com\/it\/negozio-2\/nori-foglio-per-sushi-makis-edomae\/","title":{"rendered":"Foglio Nori per Sushi &amp; Makis Edomae"},"content":{"rendered":"<p>Sushi Nori \u00e8 un&#039;alga giapponese che pu\u00f2 essere utilizzata in vari modi. Una volta raccolte, le alghe vengono poi essiccate, poi tostate e trasformate in foglia. Il foglio nori ha un alto contenuto di proteine e vitamina A ed \u00e8 quindi perfettamente adatto alle diete vegetariane.<\/p>\n<p>\u00c8 ideale per l&#039;uso con il nostro Easy Sushi\u00ae 2.5, 3.5 e 4.5<\/p>\n<p><strong>Composizione:<\/strong> Alga Nori (100%). La confezione contiene una bustina di agente chimico che assorbe l&#039;umidit\u00e0 per proteggere il prodotto. <strong>Non aprire, non consumare il contenuto di questa bustina<\/strong>.<\/p>\n<p><strong>Conservazione:<\/strong> Conservare in luogo fresco e asciutto<\/p>\n<p><strong>Attenzione :<\/strong> le alghe marine hanno un alto contenuto di iodio. \u00c8 quindi preferibile non consumare questo prodotto in caso di allergia allo iodio o problemi alla tiroide.<\/p>","protected":false},"excerpt":{"rendered":"<div class=\"product_description\">\n<p>Prepara sushi e makis perfetti con queste fogli di Sushi Nori Edomae<\/p>\n<ul>\n<li>Contiene 10 fogli<\/li>\n<li>Prodotto di qualit\u00e0<\/li>\n<li>Pronto all&#039;uso<\/li>\n<li>Peso: 25 g<\/li>\n<li>Prodotto in Corea del Sud<\/li>\n<\/ul>\n<\/div>","protected":false},"featured_media":945,"comment_status":"closed","ping_status":"closed","template":"","meta":{"neve_meta_sidebar":"","neve_meta_container":"","neve_meta_enable_content_width":"off","neve_meta_content_width":100,"neve_meta_title_alignment":"","neve_meta_author_avatar":"","neve_post_elements_order":"","neve_meta_disable_header":"","neve_meta_disable_footer":"","neve_meta_disable_title":""},"product_brand":[],"product_cat":[26],"product_tag":[],"class_list":{"0":"post-944","1":"product","2":"type-product","3":"status-publish","4":"has-post-thumbnail","6":"product_cat-epicerie","8":"first","9":"outofstock","10":"taxable","11":"shipping-taxable","12":"purchasable","13":"product-type-simple"},"yoast_head":"<!-- This site is optimized with the Yoast SEO plugin v27.5 - https:\/\/yoast.com\/product\/yoast-seo-wordpress\/ -->\n<title>Feuille de Nori pour Sushis &amp; Makis Edomae - Easy Sushi\u00ae<\/title>\n<meta name=\"description\" content=\"Le Sushi Nori est une algue marine japonaise qui peut s\u2019utiliser de diverses fa\u00e7ons. La feuille de nori a une forte teneur en prot\u00e9ines et Vitamine A et est donc parfaitement adapt\u00e9e aux r\u00e9gimes v\u00e9g\u00e9tariens. Id\u00e9al pour les Easy Sushi\u00ae 2.5, 3.5 &amp; 4.5\" \/>\n<meta name=\"robots\" content=\"index, follow, max-snippet:-1, max-image-preview:large, max-video-preview:-1\" \/>\n<link rel=\"canonical\" href=\"https:\/\/easy-sushi.com\/it\/negozio-2\/nori-foglio-per-sushi-makis-edomae\/\" \/>\n<meta property=\"og:locale\" content=\"it_IT\" \/>\n<meta property=\"og:type\" content=\"article\" \/>\n<meta property=\"og:title\" content=\"Feuille de Nori pour Sushis &amp; Makis Edomae - Easy Sushi\u00ae\" \/>\n<meta property=\"og:description\" content=\"Le Sushi Nori est une algue marine japonaise qui peut s\u2019utiliser de diverses fa\u00e7ons. La feuille de nori a une forte teneur en prot\u00e9ines et Vitamine A et est donc parfaitement adapt\u00e9e aux r\u00e9gimes v\u00e9g\u00e9tariens. Id\u00e9al pour les Easy Sushi\u00ae 2.5, 3.5 &amp; 4.5\" \/>\n<meta property=\"og:url\" content=\"https:\/\/easy-sushi.com\/it\/negozio-2\/nori-foglio-per-sushi-makis-edomae\/\" \/>\n<meta property=\"og:site_name\" content=\"Easy Sushi\u00ae\" \/>\n<meta property=\"article:publisher\" content=\"https:\/\/www.facebook.com\/EasySushi\/\" \/>\n<meta property=\"article:modified_time\" content=\"2023-06-23T10:07:59+00:00\" \/>\n<meta property=\"og:image\" content=\"https:\/\/easy-sushi.com\/wp-content\/uploads\/2019\/09\/Feuille-de-nori-edomae-x10-yamamotoyama.jpg\" \/>\n\t<meta property=\"og:image:width\" content=\"1200\" \/>\n\t<meta property=\"og:image:height\" content=\"1200\" \/>\n\t<meta property=\"og:image:type\" content=\"image\/jpeg\" \/>\n<meta name=\"twitter:card\" content=\"summary_large_image\" \/>\n<meta name=\"twitter:site\" content=\"@EasySushi\" \/>\n<meta name=\"twitter:label1\" content=\"Tempo di lettura stimato\" \/>\n\t<meta name=\"twitter:data1\" content=\"1 minuto\" \/>\n<script type=\"application\/ld+json\" class=\"yoast-schema-graph\">{\"@context\":\"https:\\\/\\\/schema.org\",\"@graph\":[{\"@type\":\"WebPage\",\"@id\":\"https:\\\/\\\/easy-sushi.com\\\/boutique\\\/feuille-de-nori-pour-sushis-makis-edomae\\\/\",\"url\":\"https:\\\/\\\/easy-sushi.com\\\/boutique\\\/feuille-de-nori-pour-sushis-makis-edomae\\\/\",\"name\":\"Feuille de Nori pour Sushis &amp; Makis Edomae - Easy Sushi\u00ae\",\"isPartOf\":{\"@id\":\"https:\\\/\\\/easy-sushi.com\\\/nl\\\/#website\"},\"primaryImageOfPage\":{\"@id\":\"https:\\\/\\\/easy-sushi.com\\\/boutique\\\/feuille-de-nori-pour-sushis-makis-edomae\\\/#primaryimage\"},\"image\":{\"@id\":\"https:\\\/\\\/easy-sushi.com\\\/boutique\\\/feuille-de-nori-pour-sushis-makis-edomae\\\/#primaryimage\"},\"thumbnailUrl\":\"https:\\\/\\\/easy-sushi.com\\\/wp-content\\\/uploads\\\/2019\\\/09\\\/Feuille-de-nori-edomae-x10-yamamotoyama.jpg\",\"datePublished\":\"2019-09-24T09:43:19+00:00\",\"dateModified\":\"2023-06-23T10:07:59+00:00\",\"description\":\"Le Sushi Nori est une algue marine japonaise qui peut s\u2019utiliser de diverses fa\u00e7ons. La feuille de nori a une forte teneur en prot\u00e9ines et Vitamine A et est donc parfaitement adapt\u00e9e aux r\u00e9gimes v\u00e9g\u00e9tariens. Id\u00e9al pour les Easy Sushi\u00ae 2.5, 3.5 & 4.5\",\"breadcrumb\":{\"@id\":\"https:\\\/\\\/easy-sushi.com\\\/boutique\\\/feuille-de-nori-pour-sushis-makis-edomae\\\/#breadcrumb\"},\"inLanguage\":\"it-IT\",\"potentialAction\":[{\"@type\":\"ReadAction\",\"target\":[\"https:\\\/\\\/easy-sushi.com\\\/boutique\\\/feuille-de-nori-pour-sushis-makis-edomae\\\/\"]}]},{\"@type\":\"ImageObject\",\"inLanguage\":\"it-IT\",\"@id\":\"https:\\\/\\\/easy-sushi.com\\\/boutique\\\/feuille-de-nori-pour-sushis-makis-edomae\\\/#primaryimage\",\"url\":\"https:\\\/\\\/easy-sushi.com\\\/wp-content\\\/uploads\\\/2019\\\/09\\\/Feuille-de-nori-edomae-x10-yamamotoyama.jpg\",\"contentUrl\":\"https:\\\/\\\/easy-sushi.com\\\/wp-content\\\/uploads\\\/2019\\\/09\\\/Feuille-de-nori-edomae-x10-yamamotoyama.jpg\",\"width\":1200,\"height\":1200,\"caption\":\"Feuille-de-nori-edomae-x10-yamamotoyama\"},{\"@type\":\"BreadcrumbList\",\"@id\":\"https:\\\/\\\/easy-sushi.com\\\/boutique\\\/feuille-de-nori-pour-sushis-makis-edomae\\\/#breadcrumb\",\"itemListElement\":[{\"@type\":\"ListItem\",\"position\":1,\"name\":\"Accueil\",\"item\":\"https:\\\/\\\/easy-sushi.com\\\/\"},{\"@type\":\"ListItem\",\"position\":2,\"name\":\"Boutique\",\"item\":\"https:\\\/\\\/easy-sushi.com\\\/pt\\\/boutique\\\/\"},{\"@type\":\"ListItem\",\"position\":3,\"name\":\"\u00c9picerie\",\"item\":\"https:\\\/\\\/easy-sushi.com\\\/categorie-produit\\\/epicerie\\\/\"},{\"@type\":\"ListItem\",\"position\":4,\"name\":\"Feuille de Nori pour Sushis &amp; Makis Edomae\"}]},{\"@type\":\"WebSite\",\"@id\":\"https:\\\/\\\/easy-sushi.com\\\/nl\\\/#website\",\"url\":\"https:\\\/\\\/easy-sushi.com\\\/nl\\\/\",\"name\":\"Easy Sushi\u00ae\",\"description\":\"\",\"publisher\":{\"@id\":\"https:\\\/\\\/easy-sushi.com\\\/nl\\\/#organization\"},\"potentialAction\":[{\"@type\":\"SearchAction\",\"target\":{\"@type\":\"EntryPoint\",\"urlTemplate\":\"https:\\\/\\\/easy-sushi.com\\\/nl\\\/?s={search_term_string}\"},\"query-input\":{\"@type\":\"PropertyValueSpecification\",\"valueRequired\":true,\"valueName\":\"search_term_string\"}}],\"inLanguage\":\"it-IT\"},{\"@type\":\"Organization\",\"@id\":\"https:\\\/\\\/easy-sushi.com\\\/nl\\\/#organization\",\"name\":\"Easy Sushi\u00ae\",\"url\":\"https:\\\/\\\/easy-sushi.com\\\/nl\\\/\",\"logo\":{\"@type\":\"ImageObject\",\"inLanguage\":\"it-IT\",\"@id\":\"https:\\\/\\\/easy-sushi.com\\\/nl\\\/#\\\/schema\\\/logo\\\/image\\\/\",\"url\":\"https:\\\/\\\/easy-sushi.com\\\/wp-content\\\/uploads\\\/2021\\\/01\\\/easy_sushi_logotype.svg\",\"contentUrl\":\"https:\\\/\\\/easy-sushi.com\\\/wp-content\\\/uploads\\\/2021\\\/01\\\/easy_sushi_logotype.svg\",\"width\":513,\"height\":357,\"caption\":\"Easy Sushi\u00ae\"},\"image\":{\"@id\":\"https:\\\/\\\/easy-sushi.com\\\/nl\\\/#\\\/schema\\\/logo\\\/image\\\/\"},\"sameAs\":[\"https:\\\/\\\/www.facebook.com\\\/EasySushi\\\/\",\"https:\\\/\\\/x.com\\\/EasySushi\",\"https:\\\/\\\/www.instagram.com\\\/easysushieasyrolls\\\/\",\"https:\\\/\\\/www.youtube.com\\\/user\\\/EasysushiEasyrolls\"]}]}<\/script>\n<!-- \/ Yoast SEO plugin. -->","yoast_head_json":{"title":"Foglio Nori per Sushis &amp; Makis Edomae - Easy Sushi\u00ae","description":"Sushi Nori \u00e8 un&#039;alga giapponese che pu\u00f2 essere utilizzata in vari modi. Il foglio nori ha un alto contenuto di proteine e vitamina A ed \u00e8 quindi perfettamente adatto alle diete vegetariane. Ideale per Easy Sushi\u00ae 2.5, 3.5 e 4.5","robots":{"index":"index","follow":"follow","max-snippet":"max-snippet:-1","max-image-preview":"max-image-preview:large","max-video-preview":"max-video-preview:-1"},"canonical":"https:\/\/easy-sushi.com\/it\/negozio-2\/nori-foglio-per-sushi-makis-edomae\/","og_locale":"it_IT","og_type":"article","og_title":"Feuille de Nori pour Sushis &amp; Makis Edomae - Easy Sushi\u00ae","og_description":"Le Sushi Nori est une algue marine japonaise qui peut s\u2019utiliser de diverses fa\u00e7ons. La feuille de nori a une forte teneur en prot\u00e9ines et Vitamine A et est donc parfaitement adapt\u00e9e aux r\u00e9gimes v\u00e9g\u00e9tariens. Id\u00e9al pour les Easy Sushi\u00ae 2.5, 3.5 & 4.5","og_url":"https:\/\/easy-sushi.com\/it\/negozio-2\/nori-foglio-per-sushi-makis-edomae\/","og_site_name":"Easy Sushi\u00ae","article_publisher":"https:\/\/www.facebook.com\/EasySushi\/","article_modified_time":"2023-06-23T10:07:59+00:00","og_image":[{"width":1200,"height":1200,"url":"https:\/\/easy-sushi.com\/wp-content\/uploads\/2019\/09\/Feuille-de-nori-edomae-x10-yamamotoyama.jpg","type":"image\/jpeg"}],"twitter_card":"summary_large_image","twitter_site":"@EasySushi","twitter_misc":{"Tempo di lettura stimato":"1 minuto"},"schema":{"@context":"https:\/\/schema.org","@graph":[{"@type":"WebPage","@id":"https:\/\/easy-sushi.com\/boutique\/feuille-de-nori-pour-sushis-makis-edomae\/","url":"https:\/\/easy-sushi.com\/boutique\/feuille-de-nori-pour-sushis-makis-edomae\/","name":"Foglio Nori per Sushis &amp; Makis Edomae - Easy Sushi\u00ae","isPartOf":{"@id":"https:\/\/easy-sushi.com\/nl\/#website"},"primaryImageOfPage":{"@id":"https:\/\/easy-sushi.com\/boutique\/feuille-de-nori-pour-sushis-makis-edomae\/#primaryimage"},"image":{"@id":"https:\/\/easy-sushi.com\/boutique\/feuille-de-nori-pour-sushis-makis-edomae\/#primaryimage"},"thumbnailUrl":"https:\/\/easy-sushi.com\/wp-content\/uploads\/2019\/09\/Feuille-de-nori-edomae-x10-yamamotoyama.jpg","datePublished":"2019-09-24T09:43:19+00:00","dateModified":"2023-06-23T10:07:59+00:00","description":"Sushi Nori \u00e8 un&#039;alga giapponese che pu\u00f2 essere utilizzata in vari modi. Il foglio nori ha un alto contenuto di proteine e vitamina A ed \u00e8 quindi perfettamente adatto alle diete vegetariane. Ideale per Easy Sushi\u00ae 2.5, 3.5 e 4.5","breadcrumb":{"@id":"https:\/\/easy-sushi.com\/boutique\/feuille-de-nori-pour-sushis-makis-edomae\/#breadcrumb"},"inLanguage":"it-IT","potentialAction":[{"@type":"ReadAction","target":["https:\/\/easy-sushi.com\/boutique\/feuille-de-nori-pour-sushis-makis-edomae\/"]}]},{"@type":"ImageObject","inLanguage":"it-IT","@id":"https:\/\/easy-sushi.com\/boutique\/feuille-de-nori-pour-sushis-makis-edomae\/#primaryimage","url":"https:\/\/easy-sushi.com\/wp-content\/uploads\/2019\/09\/Feuille-de-nori-edomae-x10-yamamotoyama.jpg","contentUrl":"https:\/\/easy-sushi.com\/wp-content\/uploads\/2019\/09\/Feuille-de-nori-edomae-x10-yamamotoyama.jpg","width":1200,"height":1200,"caption":"Feuille-de-nori-edomae-x10-yamamotoyama"},{"@type":"BreadcrumbList","@id":"https:\/\/easy-sushi.com\/boutique\/feuille-de-nori-pour-sushis-makis-edomae\/#breadcrumb","itemListElement":[{"@type":"ListItem","position":1,"name":"Accueil","item":"https:\/\/easy-sushi.com\/"},{"@type":"ListItem","position":2,"name":"Boutique","item":"https:\/\/easy-sushi.com\/pt\/boutique\/"},{"@type":"ListItem","position":3,"name":"\u00c9picerie","item":"https:\/\/easy-sushi.com\/categorie-produit\/epicerie\/"},{"@type":"ListItem","position":4,"name":"Feuille de Nori pour Sushis &amp; Makis Edomae"}]},{"@type":"WebSite","@id":"https:\/\/easy-sushi.com\/nl\/#website","url":"https:\/\/easy-sushi.com\/nl\/","name":"Easy Sushi\u00ae","description":"","publisher":{"@id":"https:\/\/easy-sushi.com\/nl\/#organization"},"potentialAction":[{"@type":"SearchAction","target":{"@type":"EntryPoint","urlTemplate":"https:\/\/easy-sushi.com\/nl\/?s={search_term_string}"},"query-input":{"@type":"PropertyValueSpecification","valueRequired":true,"valueName":"search_term_string"}}],"inLanguage":"it-IT"},{"@type":"Organization","@id":"https:\/\/easy-sushi.com\/nl\/#organization","name":"Easy Sushi\u00ae","url":"https:\/\/easy-sushi.com\/nl\/","logo":{"@type":"ImageObject","inLanguage":"it-IT","@id":"https:\/\/easy-sushi.com\/nl\/#\/schema\/logo\/image\/","url":"https:\/\/easy-sushi.com\/wp-content\/uploads\/2021\/01\/easy_sushi_logotype.svg","contentUrl":"https:\/\/easy-sushi.com\/wp-content\/uploads\/2021\/01\/easy_sushi_logotype.svg","width":513,"height":357,"caption":"Easy Sushi\u00ae"},"image":{"@id":"https:\/\/easy-sushi.com\/nl\/#\/schema\/logo\/image\/"},"sameAs":["https:\/\/www.facebook.com\/EasySushi\/","https:\/\/x.com\/EasySushi","https:\/\/www.instagram.com\/easysushieasyrolls\/","https:\/\/www.youtube.com\/user\/EasysushiEasyrolls"]}]}},"_links":{"self":[{"href":"https:\/\/easy-sushi.com\/it\/wp-json\/wp\/v2\/product\/944","targetHints":{"allow":["GET"]}}],"collection":[{"href":"https:\/\/easy-sushi.com\/it\/wp-json\/wp\/v2\/product"}],"about":[{"href":"https:\/\/easy-sushi.com\/it\/wp-json\/wp\/v2\/types\/product"}],"replies":[{"embeddable":true,"href":"https:\/\/easy-sushi.com\/it\/wp-json\/wp\/v2\/comments?post=944"}],"wp:featuredmedia":[{"embeddable":true,"href":"https:\/\/easy-sushi.com\/it\/wp-json\/wp\/v2\/media\/945"}],"wp:attachment":[{"href":"https:\/\/easy-sushi.com\/it\/wp-json\/wp\/v2\/media?parent=944"}],"wp:term":[{"taxonomy":"product_brand","embeddable":true,"href":"https:\/\/easy-sushi.com\/it\/wp-json\/wp\/v2\/product_brand?post=944"},{"taxonomy":"product_cat","embeddable":true,"href":"https:\/\/easy-sushi.com\/it\/wp-json\/wp\/v2\/product_cat?post=944"},{"taxonomy":"product_tag","embeddable":true,"href":"https:\/\/easy-sushi.com\/it\/wp-json\/wp\/v2\/product_tag?post=944"}],"curies":[{"name":"wp","href":"https:\/\/api.w.org\/{rel}","templated":true}]}}