{"id":932,"date":"2019-09-23T16:35:11","date_gmt":"2019-09-23T14:35:11","guid":{"rendered":"https:\/\/easy-sushi.com\/?post_type=product&#038;p=932"},"modified":"2022-12-13T09:54:19","modified_gmt":"2022-12-13T08:54:19","slug":"riso-a-sushi-haruka-1kg","status":"publish","type":"product","link":"https:\/\/easy-sushi.com\/it\/negozio-2\/riso-a-sushi-haruka-1kg\/","title":{"rendered":"Sushi Riso Haruka 1kg"},"content":{"rendered":"<p>Questo riso Haruca \u00e8 un riso rotondo di qualit\u00e0 ideale per il tuo sushi e maki.<\/p>\n<p>Ha la giusta dose di aderenza per rendere le tue creazioni di successo. Si abbina anche a piatti della tradizione.<\/p>\n<p><strong>Composizione:<\/strong> Riso rotondo Japonica<\/p>\n<p><strong>Preparazione:<\/strong> https:\/\/easy-sushi.com\/recettes\/#riz-a-sushis<\/p>\n<p><strong>Valore nutritivo (per 100 g)<\/strong> :<\/p>\n<table style=\"height: 295px;\" width=\"372\">\n<tbody>\n<tr>\n<td width=\"136\">Energia (kJ \/ kcal)<\/td>\n<td width=\"96\">1458 \/ 345<\/td>\n<\/tr>\n<tr>\n<td width=\"136\">Grasso (g)<\/td>\n<td width=\"96\">0,6<\/td>\n<\/tr>\n<tr>\n<td width=\"136\">\u00a0di cui acidi grassi saturi (g)<\/td>\n<td width=\"96\">0,4<\/td>\n<\/tr>\n<tr>\n<td width=\"136\">Carboidrati (g)<\/td>\n<td width=\"96\">76,3<\/td>\n<\/tr>\n<tr>\n<td width=\"136\">\u00a0 di cui zuccheri (g)<\/td>\n<td width=\"96\">0,1<\/td>\n<\/tr>\n<tr>\n<td width=\"136\">Fibre (g)<\/td>\n<td width=\"96\">1,3<\/td>\n<\/tr>\n<tr>\n<td width=\"136\">Proteine (g)<\/td>\n<td width=\"96\">6,9<\/td>\n<\/tr>\n<tr>\n<td width=\"136\">Sale (g)<\/td>\n<td width=\"96\">0,36<\/td>\n<\/tr>\n<\/tbody>\n<\/table>\n<p>&nbsp;<\/p>","protected":false},"excerpt":{"rendered":"<p>Questo riso Haruca e la sua pratica confezione \u00e8 l&#039;ideale per preparare i tuoi maki, sushi e piatti.<\/p>\n<ul>\n<li>Riso tondo di qualit\u00e0<\/li>\n<li>2 buste sottovuoto da 500g<\/li>\n<li>Collant ideali per facilitare le tue preparazioni<\/li>\n<li>Coltivato in Italia da esperti di riso<\/li>\n<\/ul>","protected":false},"featured_media":933,"comment_status":"closed","ping_status":"closed","template":"","meta":{"neve_meta_sidebar":"","neve_meta_container":"","neve_meta_enable_content_width":"","neve_meta_content_width":0,"neve_meta_title_alignment":"","neve_meta_author_avatar":"","neve_post_elements_order":"","neve_meta_disable_header":"","neve_meta_disable_footer":"","neve_meta_disable_title":""},"product_brand":[],"product_cat":[26],"product_tag":[],"class_list":{"0":"post-932","1":"product","2":"type-product","3":"status-publish","4":"has-post-thumbnail","6":"product_cat-epicerie","8":"first","9":"outofstock","10":"taxable","11":"shipping-taxable","12":"purchasable","13":"product-type-simple"},"yoast_head":"<!-- This site is optimized with the Yoast SEO plugin v27.5 - https:\/\/yoast.com\/product\/yoast-seo-wordpress\/ -->\n<title>Riz \u00e0 Sushi Haruka 1kg - Easy Sushi\u00ae<\/title>\n<meta name=\"description\" content=\"Ce riz Haruca est un riz rond de qualit\u00e9 id\u00e9al pour vos sushis et makis. Il accompagnera \u00e9galement de la meilleure des mani\u00e8res les plats traditionnels.\" \/>\n<meta name=\"robots\" content=\"index, follow, max-snippet:-1, max-image-preview:large, max-video-preview:-1\" \/>\n<link rel=\"canonical\" href=\"https:\/\/easy-sushi.com\/it\/negozio-2\/riso-a-sushi-haruka-1kg\/\" \/>\n<meta property=\"og:locale\" content=\"it_IT\" \/>\n<meta property=\"og:type\" content=\"article\" \/>\n<meta property=\"og:title\" content=\"Riz \u00e0 Sushi Haruka 1kg - Easy Sushi\u00ae\" \/>\n<meta property=\"og:description\" content=\"Ce riz Haruca est un riz rond de qualit\u00e9 id\u00e9al pour vos sushis et makis. Il accompagnera \u00e9galement de la meilleure des mani\u00e8res les plats traditionnels.\" \/>\n<meta property=\"og:url\" content=\"https:\/\/easy-sushi.com\/it\/negozio-2\/riso-a-sushi-haruka-1kg\/\" \/>\n<meta property=\"og:site_name\" content=\"Easy Sushi\u00ae\" \/>\n<meta property=\"article:publisher\" content=\"https:\/\/www.facebook.com\/EasySushi\/\" \/>\n<meta property=\"article:modified_time\" content=\"2022-12-13T08:54:19+00:00\" \/>\n<meta property=\"og:image\" content=\"https:\/\/easy-sushi.com\/wp-content\/uploads\/2019\/09\/Riz-Haruka-Rice-1kg.jpg\" \/>\n\t<meta property=\"og:image:width\" content=\"1200\" \/>\n\t<meta property=\"og:image:height\" content=\"1200\" \/>\n\t<meta property=\"og:image:type\" content=\"image\/jpeg\" \/>\n<meta name=\"twitter:card\" content=\"summary_large_image\" \/>\n<meta name=\"twitter:site\" content=\"@EasySushi\" \/>\n<script type=\"application\/ld+json\" class=\"yoast-schema-graph\">{\"@context\":\"https:\\\/\\\/schema.org\",\"@graph\":[{\"@type\":\"WebPage\",\"@id\":\"https:\\\/\\\/easy-sushi.com\\\/boutique\\\/riz-a-sushi-haruka-1kg\\\/\",\"url\":\"https:\\\/\\\/easy-sushi.com\\\/boutique\\\/riz-a-sushi-haruka-1kg\\\/\",\"name\":\"Riz \u00e0 Sushi Haruka 1kg - Easy Sushi\u00ae\",\"isPartOf\":{\"@id\":\"https:\\\/\\\/easy-sushi.com\\\/nl\\\/#website\"},\"primaryImageOfPage\":{\"@id\":\"https:\\\/\\\/easy-sushi.com\\\/boutique\\\/riz-a-sushi-haruka-1kg\\\/#primaryimage\"},\"image\":{\"@id\":\"https:\\\/\\\/easy-sushi.com\\\/boutique\\\/riz-a-sushi-haruka-1kg\\\/#primaryimage\"},\"thumbnailUrl\":\"https:\\\/\\\/easy-sushi.com\\\/wp-content\\\/uploads\\\/2019\\\/09\\\/Riz-Haruka-Rice-1kg.jpg\",\"datePublished\":\"2019-09-23T14:35:11+00:00\",\"dateModified\":\"2022-12-13T08:54:19+00:00\",\"description\":\"Ce riz Haruca est un riz rond de qualit\u00e9 id\u00e9al pour vos sushis et makis. Il accompagnera \u00e9galement de la meilleure des mani\u00e8res les plats traditionnels.\",\"breadcrumb\":{\"@id\":\"https:\\\/\\\/easy-sushi.com\\\/boutique\\\/riz-a-sushi-haruka-1kg\\\/#breadcrumb\"},\"inLanguage\":\"it-IT\",\"potentialAction\":[{\"@type\":\"ReadAction\",\"target\":[\"https:\\\/\\\/easy-sushi.com\\\/boutique\\\/riz-a-sushi-haruka-1kg\\\/\"]}]},{\"@type\":\"ImageObject\",\"inLanguage\":\"it-IT\",\"@id\":\"https:\\\/\\\/easy-sushi.com\\\/boutique\\\/riz-a-sushi-haruka-1kg\\\/#primaryimage\",\"url\":\"https:\\\/\\\/easy-sushi.com\\\/wp-content\\\/uploads\\\/2019\\\/09\\\/Riz-Haruka-Rice-1kg.jpg\",\"contentUrl\":\"https:\\\/\\\/easy-sushi.com\\\/wp-content\\\/uploads\\\/2019\\\/09\\\/Riz-Haruka-Rice-1kg.jpg\",\"width\":1200,\"height\":1200,\"caption\":\"Riz-Haruka-Rice-1kg\"},{\"@type\":\"BreadcrumbList\",\"@id\":\"https:\\\/\\\/easy-sushi.com\\\/boutique\\\/riz-a-sushi-haruka-1kg\\\/#breadcrumb\",\"itemListElement\":[{\"@type\":\"ListItem\",\"position\":1,\"name\":\"Accueil\",\"item\":\"https:\\\/\\\/easy-sushi.com\\\/\"},{\"@type\":\"ListItem\",\"position\":2,\"name\":\"Boutique\",\"item\":\"https:\\\/\\\/easy-sushi.com\\\/pt\\\/boutique\\\/\"},{\"@type\":\"ListItem\",\"position\":3,\"name\":\"\u00c9picerie\",\"item\":\"https:\\\/\\\/easy-sushi.com\\\/categorie-produit\\\/epicerie\\\/\"},{\"@type\":\"ListItem\",\"position\":4,\"name\":\"Riz \u00e0 Sushi Haruka 1kg\"}]},{\"@type\":\"WebSite\",\"@id\":\"https:\\\/\\\/easy-sushi.com\\\/nl\\\/#website\",\"url\":\"https:\\\/\\\/easy-sushi.com\\\/nl\\\/\",\"name\":\"Easy Sushi\u00ae\",\"description\":\"\",\"publisher\":{\"@id\":\"https:\\\/\\\/easy-sushi.com\\\/nl\\\/#organization\"},\"potentialAction\":[{\"@type\":\"SearchAction\",\"target\":{\"@type\":\"EntryPoint\",\"urlTemplate\":\"https:\\\/\\\/easy-sushi.com\\\/nl\\\/?s={search_term_string}\"},\"query-input\":{\"@type\":\"PropertyValueSpecification\",\"valueRequired\":true,\"valueName\":\"search_term_string\"}}],\"inLanguage\":\"it-IT\"},{\"@type\":\"Organization\",\"@id\":\"https:\\\/\\\/easy-sushi.com\\\/nl\\\/#organization\",\"name\":\"Easy Sushi\u00ae\",\"url\":\"https:\\\/\\\/easy-sushi.com\\\/nl\\\/\",\"logo\":{\"@type\":\"ImageObject\",\"inLanguage\":\"it-IT\",\"@id\":\"https:\\\/\\\/easy-sushi.com\\\/nl\\\/#\\\/schema\\\/logo\\\/image\\\/\",\"url\":\"https:\\\/\\\/easy-sushi.com\\\/wp-content\\\/uploads\\\/2021\\\/01\\\/easy_sushi_logotype.svg\",\"contentUrl\":\"https:\\\/\\\/easy-sushi.com\\\/wp-content\\\/uploads\\\/2021\\\/01\\\/easy_sushi_logotype.svg\",\"width\":513,\"height\":357,\"caption\":\"Easy Sushi\u00ae\"},\"image\":{\"@id\":\"https:\\\/\\\/easy-sushi.com\\\/nl\\\/#\\\/schema\\\/logo\\\/image\\\/\"},\"sameAs\":[\"https:\\\/\\\/www.facebook.com\\\/EasySushi\\\/\",\"https:\\\/\\\/x.com\\\/EasySushi\",\"https:\\\/\\\/www.instagram.com\\\/easysushieasyrolls\\\/\",\"https:\\\/\\\/www.youtube.com\\\/user\\\/EasysushiEasyrolls\"]}]}<\/script>\n<!-- \/ Yoast SEO plugin. -->","yoast_head_json":{"title":"Riso Sushi Haruka 1kg - Easy Sushi\u00ae","description":"Questo riso Haruca \u00e8 un riso rotondo di qualit\u00e0 ideale per il tuo sushi e maki. Accompagner\u00e0 anche i piatti della tradizione nel miglior modo possibile.","robots":{"index":"index","follow":"follow","max-snippet":"max-snippet:-1","max-image-preview":"max-image-preview:large","max-video-preview":"max-video-preview:-1"},"canonical":"https:\/\/easy-sushi.com\/it\/negozio-2\/riso-a-sushi-haruka-1kg\/","og_locale":"it_IT","og_type":"article","og_title":"Riz \u00e0 Sushi Haruka 1kg - Easy Sushi\u00ae","og_description":"Ce riz Haruca est un riz rond de qualit\u00e9 id\u00e9al pour vos sushis et makis. Il accompagnera \u00e9galement de la meilleure des mani\u00e8res les plats traditionnels.","og_url":"https:\/\/easy-sushi.com\/it\/negozio-2\/riso-a-sushi-haruka-1kg\/","og_site_name":"Easy Sushi\u00ae","article_publisher":"https:\/\/www.facebook.com\/EasySushi\/","article_modified_time":"2022-12-13T08:54:19+00:00","og_image":[{"width":1200,"height":1200,"url":"https:\/\/easy-sushi.com\/wp-content\/uploads\/2019\/09\/Riz-Haruka-Rice-1kg.jpg","type":"image\/jpeg"}],"twitter_card":"summary_large_image","twitter_site":"@EasySushi","schema":{"@context":"https:\/\/schema.org","@graph":[{"@type":"WebPage","@id":"https:\/\/easy-sushi.com\/boutique\/riz-a-sushi-haruka-1kg\/","url":"https:\/\/easy-sushi.com\/boutique\/riz-a-sushi-haruka-1kg\/","name":"Riso Sushi Haruka 1kg - Easy Sushi\u00ae","isPartOf":{"@id":"https:\/\/easy-sushi.com\/nl\/#website"},"primaryImageOfPage":{"@id":"https:\/\/easy-sushi.com\/boutique\/riz-a-sushi-haruka-1kg\/#primaryimage"},"image":{"@id":"https:\/\/easy-sushi.com\/boutique\/riz-a-sushi-haruka-1kg\/#primaryimage"},"thumbnailUrl":"https:\/\/easy-sushi.com\/wp-content\/uploads\/2019\/09\/Riz-Haruka-Rice-1kg.jpg","datePublished":"2019-09-23T14:35:11+00:00","dateModified":"2022-12-13T08:54:19+00:00","description":"Questo riso Haruca \u00e8 un riso rotondo di qualit\u00e0 ideale per il tuo sushi e maki. Accompagner\u00e0 anche i piatti della tradizione nel miglior modo possibile.","breadcrumb":{"@id":"https:\/\/easy-sushi.com\/boutique\/riz-a-sushi-haruka-1kg\/#breadcrumb"},"inLanguage":"it-IT","potentialAction":[{"@type":"ReadAction","target":["https:\/\/easy-sushi.com\/boutique\/riz-a-sushi-haruka-1kg\/"]}]},{"@type":"ImageObject","inLanguage":"it-IT","@id":"https:\/\/easy-sushi.com\/boutique\/riz-a-sushi-haruka-1kg\/#primaryimage","url":"https:\/\/easy-sushi.com\/wp-content\/uploads\/2019\/09\/Riz-Haruka-Rice-1kg.jpg","contentUrl":"https:\/\/easy-sushi.com\/wp-content\/uploads\/2019\/09\/Riz-Haruka-Rice-1kg.jpg","width":1200,"height":1200,"caption":"Riz-Haruka-Rice-1kg"},{"@type":"BreadcrumbList","@id":"https:\/\/easy-sushi.com\/boutique\/riz-a-sushi-haruka-1kg\/#breadcrumb","itemListElement":[{"@type":"ListItem","position":1,"name":"Accueil","item":"https:\/\/easy-sushi.com\/"},{"@type":"ListItem","position":2,"name":"Boutique","item":"https:\/\/easy-sushi.com\/pt\/boutique\/"},{"@type":"ListItem","position":3,"name":"\u00c9picerie","item":"https:\/\/easy-sushi.com\/categorie-produit\/epicerie\/"},{"@type":"ListItem","position":4,"name":"Riz \u00e0 Sushi Haruka 1kg"}]},{"@type":"WebSite","@id":"https:\/\/easy-sushi.com\/nl\/#website","url":"https:\/\/easy-sushi.com\/nl\/","name":"Easy Sushi\u00ae","description":"","publisher":{"@id":"https:\/\/easy-sushi.com\/nl\/#organization"},"potentialAction":[{"@type":"SearchAction","target":{"@type":"EntryPoint","urlTemplate":"https:\/\/easy-sushi.com\/nl\/?s={search_term_string}"},"query-input":{"@type":"PropertyValueSpecification","valueRequired":true,"valueName":"search_term_string"}}],"inLanguage":"it-IT"},{"@type":"Organization","@id":"https:\/\/easy-sushi.com\/nl\/#organization","name":"Easy Sushi\u00ae","url":"https:\/\/easy-sushi.com\/nl\/","logo":{"@type":"ImageObject","inLanguage":"it-IT","@id":"https:\/\/easy-sushi.com\/nl\/#\/schema\/logo\/image\/","url":"https:\/\/easy-sushi.com\/wp-content\/uploads\/2021\/01\/easy_sushi_logotype.svg","contentUrl":"https:\/\/easy-sushi.com\/wp-content\/uploads\/2021\/01\/easy_sushi_logotype.svg","width":513,"height":357,"caption":"Easy Sushi\u00ae"},"image":{"@id":"https:\/\/easy-sushi.com\/nl\/#\/schema\/logo\/image\/"},"sameAs":["https:\/\/www.facebook.com\/EasySushi\/","https:\/\/x.com\/EasySushi","https:\/\/www.instagram.com\/easysushieasyrolls\/","https:\/\/www.youtube.com\/user\/EasysushiEasyrolls"]}]}},"_links":{"self":[{"href":"https:\/\/easy-sushi.com\/it\/wp-json\/wp\/v2\/product\/932","targetHints":{"allow":["GET"]}}],"collection":[{"href":"https:\/\/easy-sushi.com\/it\/wp-json\/wp\/v2\/product"}],"about":[{"href":"https:\/\/easy-sushi.com\/it\/wp-json\/wp\/v2\/types\/product"}],"replies":[{"embeddable":true,"href":"https:\/\/easy-sushi.com\/it\/wp-json\/wp\/v2\/comments?post=932"}],"wp:featuredmedia":[{"embeddable":true,"href":"https:\/\/easy-sushi.com\/it\/wp-json\/wp\/v2\/media\/933"}],"wp:attachment":[{"href":"https:\/\/easy-sushi.com\/it\/wp-json\/wp\/v2\/media?parent=932"}],"wp:term":[{"taxonomy":"product_brand","embeddable":true,"href":"https:\/\/easy-sushi.com\/it\/wp-json\/wp\/v2\/product_brand?post=932"},{"taxonomy":"product_cat","embeddable":true,"href":"https:\/\/easy-sushi.com\/it\/wp-json\/wp\/v2\/product_cat?post=932"},{"taxonomy":"product_tag","embeddable":true,"href":"https:\/\/easy-sushi.com\/it\/wp-json\/wp\/v2\/product_tag?post=932"}],"curies":[{"name":"wp","href":"https:\/\/api.w.org\/{rel}","templated":true}]}}