{"id":21581,"date":"2021-02-16T15:22:00","date_gmt":"2021-02-16T14:22:00","guid":{"rendered":"https:\/\/easy-sushi.com\/boutique\/sauce-de-soja-tamari-250ml\/"},"modified":"2022-11-25T19:03:53","modified_gmt":"2022-11-25T18:03:53","slug":"salsa-di-soia-tamari-250ml","status":"publish","type":"product","link":"https:\/\/easy-sushi.com\/it\/negozio-2\/salsa-di-soia-tamari-250ml\/","title":{"rendered":"Salsa di soia Tamari 250ml"},"content":{"rendered":"","protected":false},"excerpt":{"rendered":"<p>Salsa di soia antiquata. Il Tamari shoyu \u00e8 pi\u00f9 denso, di colore pi\u00f9 scuro e con un aroma pi\u00f9 potente. Il Tamari \u00e8 prodotto utilizzando pi\u00f9 soia e meno grano rispetto a una normale salsa di soia.<\/p>","protected":false},"featured_media":21580,"comment_status":"open","ping_status":"closed","template":"","meta":{"neve_meta_sidebar":"","neve_meta_container":"","neve_meta_enable_content_width":"","neve_meta_content_width":0,"neve_meta_title_alignment":"","neve_meta_author_avatar":"","neve_post_elements_order":"","neve_meta_disable_header":"","neve_meta_disable_footer":"","neve_meta_disable_title":""},"product_brand":[],"product_cat":[26],"product_tag":[],"class_list":{"0":"post-21581","1":"product","2":"type-product","3":"status-publish","4":"has-post-thumbnail","6":"product_cat-epicerie","8":"first","9":"outofstock","10":"taxable","11":"shipping-taxable","12":"purchasable","13":"product-type-simple"},"yoast_head":"<!-- This site is optimized with the Yoast SEO plugin v27.5 - https:\/\/yoast.com\/product\/yoast-seo-wordpress\/ -->\n<title>Sauce de soja tamari 250ml - Easy Sushi\u00ae<\/title>\n<meta name=\"robots\" content=\"index, follow, max-snippet:-1, max-image-preview:large, max-video-preview:-1\" \/>\n<link rel=\"canonical\" href=\"https:\/\/easy-sushi.com\/it\/negozio-2\/salsa-di-soia-tamari-250ml\/\" \/>\n<meta property=\"og:locale\" content=\"it_IT\" \/>\n<meta property=\"og:type\" content=\"article\" \/>\n<meta property=\"og:title\" content=\"Sauce de soja tamari 250ml - Easy Sushi\u00ae\" \/>\n<meta property=\"og:description\" content=\"Sauce de soja &quot;\u00e0 l&#039;ancienne&quot;. Le tamari shoyu est plus dense, de couleur plus fonc\u00e9e et d&#039;un ar\u00f4me plus puissant. Le tamari est fabriqu\u00e9 en utilisant plus de soja et moins de bl\u00e9 qu&#039;une sauce de soja habituelle.\" \/>\n<meta property=\"og:url\" content=\"https:\/\/easy-sushi.com\/it\/negozio-2\/salsa-di-soia-tamari-250ml\/\" \/>\n<meta property=\"og:site_name\" content=\"Easy Sushi\u00ae\" \/>\n<meta property=\"article:publisher\" content=\"https:\/\/www.facebook.com\/EasySushi\/\" \/>\n<meta property=\"article:modified_time\" content=\"2022-11-25T18:03:53+00:00\" \/>\n<meta property=\"og:image\" content=\"https:\/\/mlwz8lwoesaq.i.optimole.com\/w:575\/h:575\/q:mauto\/f:best\/https:\/\/easy-sushi.com\/wp-content\/uploads\/2021\/02\/product_972934b.jpg\" \/>\n\t<meta property=\"og:image:width\" content=\"575\" \/>\n\t<meta property=\"og:image:height\" content=\"575\" \/>\n\t<meta property=\"og:image:type\" content=\"image\/jpeg\" \/>\n<meta name=\"twitter:card\" content=\"summary_large_image\" \/>\n<meta name=\"twitter:site\" content=\"@EasySushi\" \/>\n<script type=\"application\/ld+json\" class=\"yoast-schema-graph\">{\"@context\":\"https:\\\/\\\/schema.org\",\"@graph\":[{\"@type\":\"WebPage\",\"@id\":\"https:\\\/\\\/easy-sushi.com\\\/it\\\/negozio-2\\\/salsa-di-soia-tamari-250ml\\\/\",\"url\":\"https:\\\/\\\/easy-sushi.com\\\/it\\\/negozio-2\\\/salsa-di-soia-tamari-250ml\\\/\",\"name\":\"Sauce de soja tamari 250ml - Easy Sushi\u00ae\",\"isPartOf\":{\"@id\":\"https:\\\/\\\/easy-sushi.com\\\/nl\\\/#website\"},\"primaryImageOfPage\":{\"@id\":\"https:\\\/\\\/easy-sushi.com\\\/it\\\/negozio-2\\\/salsa-di-soia-tamari-250ml\\\/#primaryimage\"},\"image\":{\"@id\":\"https:\\\/\\\/easy-sushi.com\\\/it\\\/negozio-2\\\/salsa-di-soia-tamari-250ml\\\/#primaryimage\"},\"thumbnailUrl\":\"https:\\\/\\\/easy-sushi.com\\\/wp-content\\\/uploads\\\/2021\\\/02\\\/product_972934b.jpg\",\"datePublished\":\"2021-02-16T14:22:00+00:00\",\"dateModified\":\"2022-11-25T18:03:53+00:00\",\"breadcrumb\":{\"@id\":\"https:\\\/\\\/easy-sushi.com\\\/it\\\/negozio-2\\\/salsa-di-soia-tamari-250ml\\\/#breadcrumb\"},\"inLanguage\":\"it-IT\",\"potentialAction\":[{\"@type\":\"ReadAction\",\"target\":[\"https:\\\/\\\/easy-sushi.com\\\/it\\\/negozio-2\\\/salsa-di-soia-tamari-250ml\\\/\"]}]},{\"@type\":\"ImageObject\",\"inLanguage\":\"it-IT\",\"@id\":\"https:\\\/\\\/easy-sushi.com\\\/it\\\/negozio-2\\\/salsa-di-soia-tamari-250ml\\\/#primaryimage\",\"url\":\"https:\\\/\\\/easy-sushi.com\\\/wp-content\\\/uploads\\\/2021\\\/02\\\/product_972934b.jpg\",\"contentUrl\":\"https:\\\/\\\/easy-sushi.com\\\/wp-content\\\/uploads\\\/2021\\\/02\\\/product_972934b.jpg\",\"width\":575,\"height\":575},{\"@type\":\"BreadcrumbList\",\"@id\":\"https:\\\/\\\/easy-sushi.com\\\/it\\\/negozio-2\\\/salsa-di-soia-tamari-250ml\\\/#breadcrumb\",\"itemListElement\":[{\"@type\":\"ListItem\",\"position\":1,\"name\":\"Accueil\",\"item\":\"https:\\\/\\\/easy-sushi.com\\\/\"},{\"@type\":\"ListItem\",\"position\":2,\"name\":\"Boutique\",\"item\":\"https:\\\/\\\/easy-sushi.com\\\/pt\\\/boutique\\\/\"},{\"@type\":\"ListItem\",\"position\":3,\"name\":\"\u00c9picerie\",\"item\":\"https:\\\/\\\/easy-sushi.com\\\/categorie-produit\\\/epicerie\\\/\"},{\"@type\":\"ListItem\",\"position\":4,\"name\":\"Sauce de soja tamari 250ml\"}]},{\"@type\":\"WebSite\",\"@id\":\"https:\\\/\\\/easy-sushi.com\\\/nl\\\/#website\",\"url\":\"https:\\\/\\\/easy-sushi.com\\\/nl\\\/\",\"name\":\"Easy Sushi\u00ae\",\"description\":\"\",\"publisher\":{\"@id\":\"https:\\\/\\\/easy-sushi.com\\\/nl\\\/#organization\"},\"potentialAction\":[{\"@type\":\"SearchAction\",\"target\":{\"@type\":\"EntryPoint\",\"urlTemplate\":\"https:\\\/\\\/easy-sushi.com\\\/nl\\\/?s={search_term_string}\"},\"query-input\":{\"@type\":\"PropertyValueSpecification\",\"valueRequired\":true,\"valueName\":\"search_term_string\"}}],\"inLanguage\":\"it-IT\"},{\"@type\":\"Organization\",\"@id\":\"https:\\\/\\\/easy-sushi.com\\\/nl\\\/#organization\",\"name\":\"Easy Sushi\u00ae\",\"url\":\"https:\\\/\\\/easy-sushi.com\\\/nl\\\/\",\"logo\":{\"@type\":\"ImageObject\",\"inLanguage\":\"it-IT\",\"@id\":\"https:\\\/\\\/easy-sushi.com\\\/nl\\\/#\\\/schema\\\/logo\\\/image\\\/\",\"url\":\"https:\\\/\\\/easy-sushi.com\\\/wp-content\\\/uploads\\\/2021\\\/01\\\/easy_sushi_logotype.svg\",\"contentUrl\":\"https:\\\/\\\/easy-sushi.com\\\/wp-content\\\/uploads\\\/2021\\\/01\\\/easy_sushi_logotype.svg\",\"width\":513,\"height\":357,\"caption\":\"Easy Sushi\u00ae\"},\"image\":{\"@id\":\"https:\\\/\\\/easy-sushi.com\\\/nl\\\/#\\\/schema\\\/logo\\\/image\\\/\"},\"sameAs\":[\"https:\\\/\\\/www.facebook.com\\\/EasySushi\\\/\",\"https:\\\/\\\/x.com\\\/EasySushi\",\"https:\\\/\\\/www.instagram.com\\\/easysushieasyrolls\\\/\",\"https:\\\/\\\/www.youtube.com\\\/user\\\/EasysushiEasyrolls\"]}]}<\/script>\n<!-- \/ Yoast SEO plugin. -->","yoast_head_json":{"title":"Salsa di soia Tamari 250ml - Easy Sushi\u00ae","robots":{"index":"index","follow":"follow","max-snippet":"max-snippet:-1","max-image-preview":"max-image-preview:large","max-video-preview":"max-video-preview:-1"},"canonical":"https:\/\/easy-sushi.com\/it\/negozio-2\/salsa-di-soia-tamari-250ml\/","og_locale":"it_IT","og_type":"article","og_title":"Sauce de soja tamari 250ml - Easy Sushi\u00ae","og_description":"Sauce de soja \"\u00e0 l'ancienne\". Le tamari shoyu est plus dense, de couleur plus fonc\u00e9e et d'un ar\u00f4me plus puissant. Le tamari est fabriqu\u00e9 en utilisant plus de soja et moins de bl\u00e9 qu'une sauce de soja habituelle.","og_url":"https:\/\/easy-sushi.com\/it\/negozio-2\/salsa-di-soia-tamari-250ml\/","og_site_name":"Easy Sushi\u00ae","article_publisher":"https:\/\/www.facebook.com\/EasySushi\/","article_modified_time":"2022-11-25T18:03:53+00:00","og_image":[{"width":575,"height":575,"url":"https:\/\/mlwz8lwoesaq.i.optimole.com\/w:575\/h:575\/q:mauto\/f:best\/https:\/\/easy-sushi.com\/wp-content\/uploads\/2021\/02\/product_972934b.jpg","type":"image\/jpeg"}],"twitter_card":"summary_large_image","twitter_site":"@EasySushi","schema":{"@context":"https:\/\/schema.org","@graph":[{"@type":"WebPage","@id":"https:\/\/easy-sushi.com\/it\/negozio-2\/salsa-di-soia-tamari-250ml\/","url":"https:\/\/easy-sushi.com\/it\/negozio-2\/salsa-di-soia-tamari-250ml\/","name":"Salsa di soia Tamari 250ml - Easy Sushi\u00ae","isPartOf":{"@id":"https:\/\/easy-sushi.com\/nl\/#website"},"primaryImageOfPage":{"@id":"https:\/\/easy-sushi.com\/it\/negozio-2\/salsa-di-soia-tamari-250ml\/#primaryimage"},"image":{"@id":"https:\/\/easy-sushi.com\/it\/negozio-2\/salsa-di-soia-tamari-250ml\/#primaryimage"},"thumbnailUrl":"https:\/\/easy-sushi.com\/wp-content\/uploads\/2021\/02\/product_972934b.jpg","datePublished":"2021-02-16T14:22:00+00:00","dateModified":"2022-11-25T18:03:53+00:00","breadcrumb":{"@id":"https:\/\/easy-sushi.com\/it\/negozio-2\/salsa-di-soia-tamari-250ml\/#breadcrumb"},"inLanguage":"it-IT","potentialAction":[{"@type":"ReadAction","target":["https:\/\/easy-sushi.com\/it\/negozio-2\/salsa-di-soia-tamari-250ml\/"]}]},{"@type":"ImageObject","inLanguage":"it-IT","@id":"https:\/\/easy-sushi.com\/it\/negozio-2\/salsa-di-soia-tamari-250ml\/#primaryimage","url":"https:\/\/easy-sushi.com\/wp-content\/uploads\/2021\/02\/product_972934b.jpg","contentUrl":"https:\/\/easy-sushi.com\/wp-content\/uploads\/2021\/02\/product_972934b.jpg","width":575,"height":575},{"@type":"BreadcrumbList","@id":"https:\/\/easy-sushi.com\/it\/negozio-2\/salsa-di-soia-tamari-250ml\/#breadcrumb","itemListElement":[{"@type":"ListItem","position":1,"name":"Accueil","item":"https:\/\/easy-sushi.com\/"},{"@type":"ListItem","position":2,"name":"Boutique","item":"https:\/\/easy-sushi.com\/pt\/boutique\/"},{"@type":"ListItem","position":3,"name":"\u00c9picerie","item":"https:\/\/easy-sushi.com\/categorie-produit\/epicerie\/"},{"@type":"ListItem","position":4,"name":"Sauce de soja tamari 250ml"}]},{"@type":"WebSite","@id":"https:\/\/easy-sushi.com\/nl\/#website","url":"https:\/\/easy-sushi.com\/nl\/","name":"Easy Sushi\u00ae","description":"","publisher":{"@id":"https:\/\/easy-sushi.com\/nl\/#organization"},"potentialAction":[{"@type":"SearchAction","target":{"@type":"EntryPoint","urlTemplate":"https:\/\/easy-sushi.com\/nl\/?s={search_term_string}"},"query-input":{"@type":"PropertyValueSpecification","valueRequired":true,"valueName":"search_term_string"}}],"inLanguage":"it-IT"},{"@type":"Organization","@id":"https:\/\/easy-sushi.com\/nl\/#organization","name":"Easy Sushi\u00ae","url":"https:\/\/easy-sushi.com\/nl\/","logo":{"@type":"ImageObject","inLanguage":"it-IT","@id":"https:\/\/easy-sushi.com\/nl\/#\/schema\/logo\/image\/","url":"https:\/\/easy-sushi.com\/wp-content\/uploads\/2021\/01\/easy_sushi_logotype.svg","contentUrl":"https:\/\/easy-sushi.com\/wp-content\/uploads\/2021\/01\/easy_sushi_logotype.svg","width":513,"height":357,"caption":"Easy Sushi\u00ae"},"image":{"@id":"https:\/\/easy-sushi.com\/nl\/#\/schema\/logo\/image\/"},"sameAs":["https:\/\/www.facebook.com\/EasySushi\/","https:\/\/x.com\/EasySushi","https:\/\/www.instagram.com\/easysushieasyrolls\/","https:\/\/www.youtube.com\/user\/EasysushiEasyrolls"]}]}},"_links":{"self":[{"href":"https:\/\/easy-sushi.com\/it\/wp-json\/wp\/v2\/product\/21581","targetHints":{"allow":["GET"]}}],"collection":[{"href":"https:\/\/easy-sushi.com\/it\/wp-json\/wp\/v2\/product"}],"about":[{"href":"https:\/\/easy-sushi.com\/it\/wp-json\/wp\/v2\/types\/product"}],"replies":[{"embeddable":true,"href":"https:\/\/easy-sushi.com\/it\/wp-json\/wp\/v2\/comments?post=21581"}],"wp:featuredmedia":[{"embeddable":true,"href":"https:\/\/easy-sushi.com\/it\/wp-json\/wp\/v2\/media\/21580"}],"wp:attachment":[{"href":"https:\/\/easy-sushi.com\/it\/wp-json\/wp\/v2\/media?parent=21581"}],"wp:term":[{"taxonomy":"product_brand","embeddable":true,"href":"https:\/\/easy-sushi.com\/it\/wp-json\/wp\/v2\/product_brand?post=21581"},{"taxonomy":"product_cat","embeddable":true,"href":"https:\/\/easy-sushi.com\/it\/wp-json\/wp\/v2\/product_cat?post=21581"},{"taxonomy":"product_tag","embeddable":true,"href":"https:\/\/easy-sushi.com\/it\/wp-json\/wp\/v2\/product_tag?post=21581"}],"curies":[{"name":"wp","href":"https:\/\/api.w.org\/{rel}","templated":true}]}}