{"id":20409,"date":"2020-12-01T17:51:14","date_gmt":"2020-12-01T16:51:14","guid":{"rendered":"https:\/\/easy-sushi.com\/?post_type=product&#038;p=20409"},"modified":"2026-04-16T16:50:29","modified_gmt":"2026-04-16T14:50:29","slug":"confezione-regalo-sushi-facile","status":"publish","type":"product","link":"https:\/\/easy-sushi.com\/it\/negozio-2\/confezione-regalo-sushi-facile\/","title":{"rendered":"Confezione regalo e confezione Easy Sushi\u00ae"},"content":{"rendered":"","protected":false},"excerpt":{"rendered":"<p>Confezione regalo scoperta Easy Sushi\u00ae<\/p>\n<ul>\n<li>Ideale per tutte le occasioni, compleanni, festa della mamma<\/li>\n<li>Include Easy Sushi\u00ae 3.5<\/li>\n<li>Confezione regalo di qualit\u00e0 con patta magnetica<\/li>\n<li>Include anche: 1 kg di riso, 1 pacchetto di fogli di nori, 1 wasabi, 1 bustina di zenzero, 1 salsa di soia salata e 1 condimento per riso sushi<\/li>\n<\/ul>\n<p>Tratta un amante del maki e del sushi con Easy Sushi\u00ae<\/p>","protected":false},"featured_media":20423,"comment_status":"open","ping_status":"closed","template":"","meta":{"neve_meta_sidebar":"","neve_meta_container":"","neve_meta_enable_content_width":"","neve_meta_content_width":0,"neve_meta_title_alignment":"","neve_meta_author_avatar":"","neve_post_elements_order":"","neve_meta_disable_header":"","neve_meta_disable_footer":"","neve_meta_disable_title":""},"product_brand":[],"product_cat":[21,22],"product_tag":[],"class_list":{"0":"post-20409","1":"product","2":"type-product","3":"status-publish","4":"has-post-thumbnail","6":"product_cat-easy-sushi","7":"product_cat-coffrets","9":"first","10":"outofstock","11":"taxable","12":"shipping-taxable","13":"purchasable","14":"product-type-simple"},"yoast_head":"<!-- This site is optimized with the Yoast SEO plugin v27.5 - https:\/\/yoast.com\/product\/yoast-seo-wordpress\/ -->\n<title>Coffret Cadeau &amp; Pack Easy Sushi\u00ae - Easy Sushi\u00ae<\/title>\n<meta name=\"robots\" content=\"index, follow, max-snippet:-1, max-image-preview:large, max-video-preview:-1\" \/>\n<link rel=\"canonical\" href=\"https:\/\/easy-sushi.com\/it\/negozio-2\/confezione-regalo-sushi-facile\/\" \/>\n<meta property=\"og:locale\" content=\"it_IT\" \/>\n<meta property=\"og:type\" content=\"article\" \/>\n<meta property=\"og:title\" content=\"Coffret Cadeau &amp; Pack Easy Sushi\u00ae - Easy Sushi\u00ae\" \/>\n<meta property=\"og:description\" content=\"Coffret cadeau d\u00e9couverte Easy Sushi\u00ae   Id\u00e9al pour toutes occasions, anniversaires, f\u00eates des m\u00e8res  Inclus le Easy Sushi\u00ae 3.5  Coffret cadeau de qualit\u00e9 avec rabat aimant\u00e9  Comprend \u00e9galement : 1 kg de riz, 1 paquet de feuilles de nori, 1 wasabi, 1 sachet de gingembre, 1 sauce soja sal\u00e9e et 1 assaisonnement pour riz \u00e0 sushi  Faites plaisir \u00e0 un amateur de makis et sushis avec Easy Sushi\u00ae\" \/>\n<meta property=\"og:url\" content=\"https:\/\/easy-sushi.com\/it\/negozio-2\/confezione-regalo-sushi-facile\/\" \/>\n<meta property=\"og:site_name\" content=\"Easy Sushi\u00ae\" \/>\n<meta property=\"article:publisher\" content=\"https:\/\/www.facebook.com\/EasySushi\/\" \/>\n<meta property=\"article:modified_time\" content=\"2026-04-16T14:50:29+00:00\" \/>\n<meta property=\"og:image\" content=\"https:\/\/easy-sushi.com\/wp-content\/uploads\/2020\/12\/easy_sushi_coffret_noel.jpg\" \/>\n\t<meta property=\"og:image:width\" content=\"1000\" \/>\n\t<meta property=\"og:image:height\" content=\"1000\" \/>\n\t<meta property=\"og:image:type\" content=\"image\/jpeg\" \/>\n<meta name=\"twitter:card\" content=\"summary_large_image\" \/>\n<meta name=\"twitter:site\" content=\"@EasySushi\" \/>\n<script type=\"application\/ld+json\" class=\"yoast-schema-graph\">{\"@context\":\"https:\\\/\\\/schema.org\",\"@graph\":[{\"@type\":\"WebPage\",\"@id\":\"https:\\\/\\\/easy-sushi.com\\\/boutique\\\/coffret-cadeau-et-pack-easy-sushi\\\/\",\"url\":\"https:\\\/\\\/easy-sushi.com\\\/boutique\\\/coffret-cadeau-et-pack-easy-sushi\\\/\",\"name\":\"Coffret Cadeau & Pack Easy Sushi\u00ae - Easy Sushi\u00ae\",\"isPartOf\":{\"@id\":\"https:\\\/\\\/easy-sushi.com\\\/nl\\\/#website\"},\"primaryImageOfPage\":{\"@id\":\"https:\\\/\\\/easy-sushi.com\\\/boutique\\\/coffret-cadeau-et-pack-easy-sushi\\\/#primaryimage\"},\"image\":{\"@id\":\"https:\\\/\\\/easy-sushi.com\\\/boutique\\\/coffret-cadeau-et-pack-easy-sushi\\\/#primaryimage\"},\"thumbnailUrl\":\"https:\\\/\\\/easy-sushi.com\\\/wp-content\\\/uploads\\\/2020\\\/12\\\/easy_sushi_coffret_noel.jpg\",\"datePublished\":\"2020-12-01T16:51:14+00:00\",\"dateModified\":\"2026-04-16T14:50:29+00:00\",\"breadcrumb\":{\"@id\":\"https:\\\/\\\/easy-sushi.com\\\/boutique\\\/coffret-cadeau-et-pack-easy-sushi\\\/#breadcrumb\"},\"inLanguage\":\"it-IT\",\"potentialAction\":[{\"@type\":\"ReadAction\",\"target\":[\"https:\\\/\\\/easy-sushi.com\\\/boutique\\\/coffret-cadeau-et-pack-easy-sushi\\\/\"]}]},{\"@type\":\"ImageObject\",\"inLanguage\":\"it-IT\",\"@id\":\"https:\\\/\\\/easy-sushi.com\\\/boutique\\\/coffret-cadeau-et-pack-easy-sushi\\\/#primaryimage\",\"url\":\"https:\\\/\\\/easy-sushi.com\\\/wp-content\\\/uploads\\\/2020\\\/12\\\/easy_sushi_coffret_noel.jpg\",\"contentUrl\":\"https:\\\/\\\/easy-sushi.com\\\/wp-content\\\/uploads\\\/2020\\\/12\\\/easy_sushi_coffret_noel.jpg\",\"width\":1000,\"height\":1000},{\"@type\":\"BreadcrumbList\",\"@id\":\"https:\\\/\\\/easy-sushi.com\\\/boutique\\\/coffret-cadeau-et-pack-easy-sushi\\\/#breadcrumb\",\"itemListElement\":[{\"@type\":\"ListItem\",\"position\":1,\"name\":\"Accueil\",\"item\":\"https:\\\/\\\/easy-sushi.com\\\/\"},{\"@type\":\"ListItem\",\"position\":2,\"name\":\"Boutique\",\"item\":\"https:\\\/\\\/easy-sushi.com\\\/pt\\\/boutique\\\/\"},{\"@type\":\"ListItem\",\"position\":3,\"name\":\"Easy Sushi\u00ae\",\"item\":\"https:\\\/\\\/easy-sushi.com\\\/categorie-produit\\\/easy-sushi\\\/\"},{\"@type\":\"ListItem\",\"position\":4,\"name\":\"Coffret Cadeau &#038; Pack Easy Sushi\u00ae\"}]},{\"@type\":\"WebSite\",\"@id\":\"https:\\\/\\\/easy-sushi.com\\\/nl\\\/#website\",\"url\":\"https:\\\/\\\/easy-sushi.com\\\/nl\\\/\",\"name\":\"Easy Sushi\u00ae\",\"description\":\"\",\"publisher\":{\"@id\":\"https:\\\/\\\/easy-sushi.com\\\/nl\\\/#organization\"},\"potentialAction\":[{\"@type\":\"SearchAction\",\"target\":{\"@type\":\"EntryPoint\",\"urlTemplate\":\"https:\\\/\\\/easy-sushi.com\\\/nl\\\/?s={search_term_string}\"},\"query-input\":{\"@type\":\"PropertyValueSpecification\",\"valueRequired\":true,\"valueName\":\"search_term_string\"}}],\"inLanguage\":\"it-IT\"},{\"@type\":\"Organization\",\"@id\":\"https:\\\/\\\/easy-sushi.com\\\/nl\\\/#organization\",\"name\":\"Easy Sushi\u00ae\",\"url\":\"https:\\\/\\\/easy-sushi.com\\\/nl\\\/\",\"logo\":{\"@type\":\"ImageObject\",\"inLanguage\":\"it-IT\",\"@id\":\"https:\\\/\\\/easy-sushi.com\\\/nl\\\/#\\\/schema\\\/logo\\\/image\\\/\",\"url\":\"https:\\\/\\\/easy-sushi.com\\\/wp-content\\\/uploads\\\/2021\\\/01\\\/easy_sushi_logotype.svg\",\"contentUrl\":\"https:\\\/\\\/easy-sushi.com\\\/wp-content\\\/uploads\\\/2021\\\/01\\\/easy_sushi_logotype.svg\",\"width\":513,\"height\":357,\"caption\":\"Easy Sushi\u00ae\"},\"image\":{\"@id\":\"https:\\\/\\\/easy-sushi.com\\\/nl\\\/#\\\/schema\\\/logo\\\/image\\\/\"},\"sameAs\":[\"https:\\\/\\\/www.facebook.com\\\/EasySushi\\\/\",\"https:\\\/\\\/x.com\\\/EasySushi\",\"https:\\\/\\\/www.instagram.com\\\/easysushieasyrolls\\\/\",\"https:\\\/\\\/www.youtube.com\\\/user\\\/EasysushiEasyrolls\"]}]}<\/script>\n<!-- \/ Yoast SEO plugin. -->","yoast_head_json":{"title":"Confezione regalo e confezione Easy Sushi\u00ae - Easy Sushi\u00ae","robots":{"index":"index","follow":"follow","max-snippet":"max-snippet:-1","max-image-preview":"max-image-preview:large","max-video-preview":"max-video-preview:-1"},"canonical":"https:\/\/easy-sushi.com\/it\/negozio-2\/confezione-regalo-sushi-facile\/","og_locale":"it_IT","og_type":"article","og_title":"Coffret Cadeau & Pack Easy Sushi\u00ae - Easy Sushi\u00ae","og_description":"Coffret cadeau d\u00e9couverte Easy Sushi\u00ae   Id\u00e9al pour toutes occasions, anniversaires, f\u00eates des m\u00e8res  Inclus le Easy Sushi\u00ae 3.5  Coffret cadeau de qualit\u00e9 avec rabat aimant\u00e9  Comprend \u00e9galement : 1 kg de riz, 1 paquet de feuilles de nori, 1 wasabi, 1 sachet de gingembre, 1 sauce soja sal\u00e9e et 1 assaisonnement pour riz \u00e0 sushi  Faites plaisir \u00e0 un amateur de makis et sushis avec Easy Sushi\u00ae","og_url":"https:\/\/easy-sushi.com\/it\/negozio-2\/confezione-regalo-sushi-facile\/","og_site_name":"Easy Sushi\u00ae","article_publisher":"https:\/\/www.facebook.com\/EasySushi\/","article_modified_time":"2026-04-16T14:50:29+00:00","og_image":[{"width":1000,"height":1000,"url":"https:\/\/easy-sushi.com\/wp-content\/uploads\/2020\/12\/easy_sushi_coffret_noel.jpg","type":"image\/jpeg"}],"twitter_card":"summary_large_image","twitter_site":"@EasySushi","schema":{"@context":"https:\/\/schema.org","@graph":[{"@type":"WebPage","@id":"https:\/\/easy-sushi.com\/boutique\/coffret-cadeau-et-pack-easy-sushi\/","url":"https:\/\/easy-sushi.com\/boutique\/coffret-cadeau-et-pack-easy-sushi\/","name":"Confezione regalo e confezione Easy Sushi\u00ae - Easy Sushi\u00ae","isPartOf":{"@id":"https:\/\/easy-sushi.com\/nl\/#website"},"primaryImageOfPage":{"@id":"https:\/\/easy-sushi.com\/boutique\/coffret-cadeau-et-pack-easy-sushi\/#primaryimage"},"image":{"@id":"https:\/\/easy-sushi.com\/boutique\/coffret-cadeau-et-pack-easy-sushi\/#primaryimage"},"thumbnailUrl":"https:\/\/easy-sushi.com\/wp-content\/uploads\/2020\/12\/easy_sushi_coffret_noel.jpg","datePublished":"2020-12-01T16:51:14+00:00","dateModified":"2026-04-16T14:50:29+00:00","breadcrumb":{"@id":"https:\/\/easy-sushi.com\/boutique\/coffret-cadeau-et-pack-easy-sushi\/#breadcrumb"},"inLanguage":"it-IT","potentialAction":[{"@type":"ReadAction","target":["https:\/\/easy-sushi.com\/boutique\/coffret-cadeau-et-pack-easy-sushi\/"]}]},{"@type":"ImageObject","inLanguage":"it-IT","@id":"https:\/\/easy-sushi.com\/boutique\/coffret-cadeau-et-pack-easy-sushi\/#primaryimage","url":"https:\/\/easy-sushi.com\/wp-content\/uploads\/2020\/12\/easy_sushi_coffret_noel.jpg","contentUrl":"https:\/\/easy-sushi.com\/wp-content\/uploads\/2020\/12\/easy_sushi_coffret_noel.jpg","width":1000,"height":1000},{"@type":"BreadcrumbList","@id":"https:\/\/easy-sushi.com\/boutique\/coffret-cadeau-et-pack-easy-sushi\/#breadcrumb","itemListElement":[{"@type":"ListItem","position":1,"name":"Accueil","item":"https:\/\/easy-sushi.com\/"},{"@type":"ListItem","position":2,"name":"Boutique","item":"https:\/\/easy-sushi.com\/pt\/boutique\/"},{"@type":"ListItem","position":3,"name":"Easy Sushi\u00ae","item":"https:\/\/easy-sushi.com\/categorie-produit\/easy-sushi\/"},{"@type":"ListItem","position":4,"name":"Coffret Cadeau &#038; Pack Easy Sushi\u00ae"}]},{"@type":"WebSite","@id":"https:\/\/easy-sushi.com\/nl\/#website","url":"https:\/\/easy-sushi.com\/nl\/","name":"Easy Sushi\u00ae","description":"","publisher":{"@id":"https:\/\/easy-sushi.com\/nl\/#organization"},"potentialAction":[{"@type":"SearchAction","target":{"@type":"EntryPoint","urlTemplate":"https:\/\/easy-sushi.com\/nl\/?s={search_term_string}"},"query-input":{"@type":"PropertyValueSpecification","valueRequired":true,"valueName":"search_term_string"}}],"inLanguage":"it-IT"},{"@type":"Organization","@id":"https:\/\/easy-sushi.com\/nl\/#organization","name":"Easy Sushi\u00ae","url":"https:\/\/easy-sushi.com\/nl\/","logo":{"@type":"ImageObject","inLanguage":"it-IT","@id":"https:\/\/easy-sushi.com\/nl\/#\/schema\/logo\/image\/","url":"https:\/\/easy-sushi.com\/wp-content\/uploads\/2021\/01\/easy_sushi_logotype.svg","contentUrl":"https:\/\/easy-sushi.com\/wp-content\/uploads\/2021\/01\/easy_sushi_logotype.svg","width":513,"height":357,"caption":"Easy Sushi\u00ae"},"image":{"@id":"https:\/\/easy-sushi.com\/nl\/#\/schema\/logo\/image\/"},"sameAs":["https:\/\/www.facebook.com\/EasySushi\/","https:\/\/x.com\/EasySushi","https:\/\/www.instagram.com\/easysushieasyrolls\/","https:\/\/www.youtube.com\/user\/EasysushiEasyrolls"]}]}},"_links":{"self":[{"href":"https:\/\/easy-sushi.com\/it\/wp-json\/wp\/v2\/product\/20409","targetHints":{"allow":["GET"]}}],"collection":[{"href":"https:\/\/easy-sushi.com\/it\/wp-json\/wp\/v2\/product"}],"about":[{"href":"https:\/\/easy-sushi.com\/it\/wp-json\/wp\/v2\/types\/product"}],"replies":[{"embeddable":true,"href":"https:\/\/easy-sushi.com\/it\/wp-json\/wp\/v2\/comments?post=20409"}],"wp:featuredmedia":[{"embeddable":true,"href":"https:\/\/easy-sushi.com\/it\/wp-json\/wp\/v2\/media\/20423"}],"wp:attachment":[{"href":"https:\/\/easy-sushi.com\/it\/wp-json\/wp\/v2\/media?parent=20409"}],"wp:term":[{"taxonomy":"product_brand","embeddable":true,"href":"https:\/\/easy-sushi.com\/it\/wp-json\/wp\/v2\/product_brand?post=20409"},{"taxonomy":"product_cat","embeddable":true,"href":"https:\/\/easy-sushi.com\/it\/wp-json\/wp\/v2\/product_cat?post=20409"},{"taxonomy":"product_tag","embeddable":true,"href":"https:\/\/easy-sushi.com\/it\/wp-json\/wp\/v2\/product_tag?post=20409"}],"curies":[{"name":"wp","href":"https:\/\/api.w.org\/{rel}","templated":true}]}}