{"id":1148,"date":"2019-10-21T10:21:18","date_gmt":"2019-10-21T08:21:18","guid":{"rendered":"https:\/\/easy-sushi.com\/?post_type=product&#038;p=1148"},"modified":"2026-04-16T16:53:43","modified_gmt":"2026-04-16T14:53:43","slug":"duo-pack-easy-sushi-35-round-the-world-of-sushi-and-25","status":"publish","type":"product","link":"https:\/\/easy-sushi.com\/it\/negozio-2\/duo-pack-easy-sushi-35-round-the-world-of-sushi-and-25\/","title":{"rendered":"Duo Pack Easy Sushi\u00ae 3.5 Il giro del mondo del sushi e 2.5"},"content":{"rendered":"<ul>\n<li>Come funziona ?<\/li>\n<\/ul>\n<p>Il dispositivo \u00e8 costituito da un cilindro composto da due gusci in ABS alimentare, lavabili in lavastoviglie, e da un film di trazione flessibile in polipropilene alimentare, che pu\u00f2 essere pulito utilizzando una spugna non abrasiva, con acqua saponosa. Facile da usare, ora puoi realizzare, a tempo di record, da sei a otto makis o tutti gli altri tipi di impacchi a base di sfoglie, frittate, crepe e altro ancora. Guarda i nostri video dimostrativi. <a href=\"\/it\/concetto\/video\/\">io guardo<\/a>.<\/p>\n<ul>\n<li>Le nostre ricette preferite<\/li>\n<\/ul>\n<p>Easy Sushi\u00ae ti propone la sua selezione raggruppata in 3 ricettari gourmet. <a href=\"\/it\/ricette\/\">Io vado.<\/a><\/p>\n<ul>\n<li>Ho bisogno di aiuto ?<\/li>\n<\/ul>\n<p>Scopri le nostre istruzioni per l&#039;uso e diventa un maestro nell&#039;arte di fare il sushi. <a href=\"\/it\/manuale\/\">Leggi di pi\u00f9<\/a>.<\/p>","protected":false},"excerpt":{"rendered":"<p>Prepara il tuo sushi in modo facile e veloce con Easy Sushi\u00ae e questo intelligente cofanetto dedicato agli appassionati di maki and roll di tutto il mondo<\/p>\n<ul>\n<li>Scatola Easy Sushi\u00ae 3.5 Black &amp; Easy Sushi\u00ae 2.5<\/li>\n<li>1 libro Around the World of Sushi<\/li>\n<li>25 ricette originali<\/li>\n<li>Prodotto francese<\/li>\n<li>Istruzioni incluse<\/li>\n<li>Facile da lavare<\/li>\n<\/ul>\n<p>Easy Sushi\u00ae 3.5 e 2.5 Black di Easy Sushi\u00ae<\/p>","protected":false},"featured_media":1153,"comment_status":"open","ping_status":"closed","template":"","meta":{"neve_meta_sidebar":"","neve_meta_container":"","neve_meta_enable_content_width":"","neve_meta_content_width":0,"neve_meta_title_alignment":"","neve_meta_author_avatar":"","neve_post_elements_order":"","neve_meta_disable_header":"","neve_meta_disable_footer":"","neve_meta_disable_title":""},"product_brand":[],"product_cat":[27],"product_tag":[],"class_list":{"0":"post-1148","1":"product","2":"type-product","3":"status-publish","4":"has-post-thumbnail","6":"product_cat-bons-plans","8":"first","9":"instock","10":"sale","11":"taxable","12":"shipping-taxable","13":"purchasable","14":"product-type-variable","15":"has-default-attributes"},"yoast_head":"<!-- This site is optimized with the Yoast SEO plugin v27.4 - https:\/\/yoast.com\/product\/yoast-seo-wordpress\/ -->\n<title>Pack Duo Easy Sushi\u00ae 3.5 Tour du Monde des Sushis &amp; 2.5 - Easy Sushi\u00ae<\/title>\n<meta name=\"description\" content=\"R\u00e9alisez vos sushis facilement et rapidement avec Easy Sushi\u00ae et ce coffret astucieux d\u00e9di\u00e9 aux aficionados de makis et roul\u00e9s du monde entier\" \/>\n<meta name=\"robots\" content=\"index, follow, max-snippet:-1, max-image-preview:large, max-video-preview:-1\" \/>\n<link rel=\"canonical\" href=\"https:\/\/easy-sushi.com\/it\/negozio-2\/duo-pack-easy-sushi-35-round-the-world-of-sushi-and-25\/\" \/>\n<meta property=\"og:locale\" content=\"it_IT\" \/>\n<meta property=\"og:type\" content=\"article\" \/>\n<meta property=\"og:title\" content=\"Pack Duo Easy Sushi\u00ae 3.5 Tour du Monde des Sushis &amp; 2.5 - Easy Sushi\u00ae\" \/>\n<meta property=\"og:description\" content=\"R\u00e9alisez vos sushis facilement et rapidement avec Easy Sushi\u00ae et ce coffret astucieux d\u00e9di\u00e9 aux aficionados de makis et roul\u00e9s du monde entier\" \/>\n<meta property=\"og:url\" content=\"https:\/\/easy-sushi.com\/it\/negozio-2\/duo-pack-easy-sushi-35-round-the-world-of-sushi-and-25\/\" \/>\n<meta property=\"og:site_name\" content=\"Easy Sushi\u00ae\" \/>\n<meta property=\"article:publisher\" content=\"https:\/\/www.facebook.com\/EasySushi\/\" \/>\n<meta property=\"article:modified_time\" content=\"2026-04-16T14:53:43+00:00\" \/>\n<meta property=\"og:image\" content=\"https:\/\/easy-sushi.com\/wp-content\/uploads\/2019\/10\/Easy-Sushi-TOUR-DU-MONDE-Duo-pack.jpg\" \/>\n\t<meta property=\"og:image:width\" content=\"1200\" \/>\n\t<meta property=\"og:image:height\" content=\"1200\" \/>\n\t<meta property=\"og:image:type\" content=\"image\/jpeg\" \/>\n<meta name=\"twitter:card\" content=\"summary_large_image\" \/>\n<meta name=\"twitter:site\" content=\"@EasySushi\" \/>\n<meta name=\"twitter:label1\" content=\"Tempo di lettura stimato\" \/>\n\t<meta name=\"twitter:data1\" content=\"1 minuto\" \/>\n<script type=\"application\/ld+json\" class=\"yoast-schema-graph\">{\"@context\":\"https:\\\/\\\/schema.org\",\"@graph\":[{\"@type\":\"WebPage\",\"@id\":\"https:\\\/\\\/easy-sushi.com\\\/boutique\\\/pack-duo-easy-sushi-35-tour-du-monde-des-sushis-et-25\\\/\",\"url\":\"https:\\\/\\\/easy-sushi.com\\\/boutique\\\/pack-duo-easy-sushi-35-tour-du-monde-des-sushis-et-25\\\/\",\"name\":\"Pack Duo Easy Sushi\u00ae 3.5 Tour du Monde des Sushis & 2.5 - Easy Sushi\u00ae\",\"isPartOf\":{\"@id\":\"https:\\\/\\\/easy-sushi.com\\\/nl\\\/#website\"},\"primaryImageOfPage\":{\"@id\":\"https:\\\/\\\/easy-sushi.com\\\/boutique\\\/pack-duo-easy-sushi-35-tour-du-monde-des-sushis-et-25\\\/#primaryimage\"},\"image\":{\"@id\":\"https:\\\/\\\/easy-sushi.com\\\/boutique\\\/pack-duo-easy-sushi-35-tour-du-monde-des-sushis-et-25\\\/#primaryimage\"},\"thumbnailUrl\":\"https:\\\/\\\/easy-sushi.com\\\/wp-content\\\/uploads\\\/2019\\\/10\\\/Easy-Sushi-TOUR-DU-MONDE-Duo-pack.jpg\",\"datePublished\":\"2019-10-21T08:21:18+00:00\",\"dateModified\":\"2026-04-16T14:53:43+00:00\",\"description\":\"R\u00e9alisez vos sushis facilement et rapidement avec Easy Sushi\u00ae et ce coffret astucieux d\u00e9di\u00e9 aux aficionados de makis et roul\u00e9s du monde entier\",\"breadcrumb\":{\"@id\":\"https:\\\/\\\/easy-sushi.com\\\/boutique\\\/pack-duo-easy-sushi-35-tour-du-monde-des-sushis-et-25\\\/#breadcrumb\"},\"inLanguage\":\"it-IT\",\"potentialAction\":[{\"@type\":\"ReadAction\",\"target\":[\"https:\\\/\\\/easy-sushi.com\\\/boutique\\\/pack-duo-easy-sushi-35-tour-du-monde-des-sushis-et-25\\\/\"]}]},{\"@type\":\"ImageObject\",\"inLanguage\":\"it-IT\",\"@id\":\"https:\\\/\\\/easy-sushi.com\\\/boutique\\\/pack-duo-easy-sushi-35-tour-du-monde-des-sushis-et-25\\\/#primaryimage\",\"url\":\"https:\\\/\\\/easy-sushi.com\\\/wp-content\\\/uploads\\\/2019\\\/10\\\/Easy-Sushi-TOUR-DU-MONDE-Duo-pack.jpg\",\"contentUrl\":\"https:\\\/\\\/easy-sushi.com\\\/wp-content\\\/uploads\\\/2019\\\/10\\\/Easy-Sushi-TOUR-DU-MONDE-Duo-pack.jpg\",\"width\":1200,\"height\":1200,\"caption\":\"Easy-Sushi-TOUR-DU-MONDE-Duo-pack\"},{\"@type\":\"BreadcrumbList\",\"@id\":\"https:\\\/\\\/easy-sushi.com\\\/boutique\\\/pack-duo-easy-sushi-35-tour-du-monde-des-sushis-et-25\\\/#breadcrumb\",\"itemListElement\":[{\"@type\":\"ListItem\",\"position\":1,\"name\":\"Accueil\",\"item\":\"https:\\\/\\\/easy-sushi.com\\\/\"},{\"@type\":\"ListItem\",\"position\":2,\"name\":\"Boutique\",\"item\":\"https:\\\/\\\/easy-sushi.com\\\/pt\\\/boutique\\\/\"},{\"@type\":\"ListItem\",\"position\":3,\"name\":\"Bons plans\",\"item\":\"https:\\\/\\\/easy-sushi.com\\\/categorie-produit\\\/bons-plans\\\/\"},{\"@type\":\"ListItem\",\"position\":4,\"name\":\"Pack Duo Easy Sushi\u00ae 3.5 Tour du Monde des Sushis &#038; 2.5\"}]},{\"@type\":\"WebSite\",\"@id\":\"https:\\\/\\\/easy-sushi.com\\\/nl\\\/#website\",\"url\":\"https:\\\/\\\/easy-sushi.com\\\/nl\\\/\",\"name\":\"Easy Sushi\u00ae\",\"description\":\"\",\"publisher\":{\"@id\":\"https:\\\/\\\/easy-sushi.com\\\/nl\\\/#organization\"},\"potentialAction\":[{\"@type\":\"SearchAction\",\"target\":{\"@type\":\"EntryPoint\",\"urlTemplate\":\"https:\\\/\\\/easy-sushi.com\\\/nl\\\/?s={search_term_string}\"},\"query-input\":{\"@type\":\"PropertyValueSpecification\",\"valueRequired\":true,\"valueName\":\"search_term_string\"}}],\"inLanguage\":\"it-IT\"},{\"@type\":\"Organization\",\"@id\":\"https:\\\/\\\/easy-sushi.com\\\/nl\\\/#organization\",\"name\":\"Easy Sushi\u00ae\",\"url\":\"https:\\\/\\\/easy-sushi.com\\\/nl\\\/\",\"logo\":{\"@type\":\"ImageObject\",\"inLanguage\":\"it-IT\",\"@id\":\"https:\\\/\\\/easy-sushi.com\\\/nl\\\/#\\\/schema\\\/logo\\\/image\\\/\",\"url\":\"https:\\\/\\\/easy-sushi.com\\\/wp-content\\\/uploads\\\/2021\\\/01\\\/easy_sushi_logotype.svg\",\"contentUrl\":\"https:\\\/\\\/easy-sushi.com\\\/wp-content\\\/uploads\\\/2021\\\/01\\\/easy_sushi_logotype.svg\",\"width\":513,\"height\":357,\"caption\":\"Easy Sushi\u00ae\"},\"image\":{\"@id\":\"https:\\\/\\\/easy-sushi.com\\\/nl\\\/#\\\/schema\\\/logo\\\/image\\\/\"},\"sameAs\":[\"https:\\\/\\\/www.facebook.com\\\/EasySushi\\\/\",\"https:\\\/\\\/x.com\\\/EasySushi\",\"https:\\\/\\\/www.instagram.com\\\/easysushieasyrolls\\\/\",\"https:\\\/\\\/www.youtube.com\\\/user\\\/EasysushiEasyrolls\"]}]}<\/script>\n<!-- \/ Yoast SEO plugin. -->","yoast_head_json":{"title":"Pacchetto Duo Easy Sushi\u00ae 3.5 Sushi World Tour &amp; 2.5 - Easy Sushi\u00ae","description":"Prepara il tuo sushi in modo facile e veloce con Easy Sushi\u00ae e questo intelligente cofanetto dedicato agli appassionati di maki and roll di tutto il mondo","robots":{"index":"index","follow":"follow","max-snippet":"max-snippet:-1","max-image-preview":"max-image-preview:large","max-video-preview":"max-video-preview:-1"},"canonical":"https:\/\/easy-sushi.com\/it\/negozio-2\/duo-pack-easy-sushi-35-round-the-world-of-sushi-and-25\/","og_locale":"it_IT","og_type":"article","og_title":"Pack Duo Easy Sushi\u00ae 3.5 Tour du Monde des Sushis & 2.5 - Easy Sushi\u00ae","og_description":"R\u00e9alisez vos sushis facilement et rapidement avec Easy Sushi\u00ae et ce coffret astucieux d\u00e9di\u00e9 aux aficionados de makis et roul\u00e9s du monde entier","og_url":"https:\/\/easy-sushi.com\/it\/negozio-2\/duo-pack-easy-sushi-35-round-the-world-of-sushi-and-25\/","og_site_name":"Easy Sushi\u00ae","article_publisher":"https:\/\/www.facebook.com\/EasySushi\/","article_modified_time":"2026-04-16T14:53:43+00:00","og_image":[{"width":1200,"height":1200,"url":"https:\/\/easy-sushi.com\/wp-content\/uploads\/2019\/10\/Easy-Sushi-TOUR-DU-MONDE-Duo-pack.jpg","type":"image\/jpeg"}],"twitter_card":"summary_large_image","twitter_site":"@EasySushi","twitter_misc":{"Tempo di lettura stimato":"1 minuto"},"schema":{"@context":"https:\/\/schema.org","@graph":[{"@type":"WebPage","@id":"https:\/\/easy-sushi.com\/boutique\/pack-duo-easy-sushi-35-tour-du-monde-des-sushis-et-25\/","url":"https:\/\/easy-sushi.com\/boutique\/pack-duo-easy-sushi-35-tour-du-monde-des-sushis-et-25\/","name":"Pacchetto Duo Easy Sushi\u00ae 3.5 Sushi World Tour &amp; 2.5 - Easy Sushi\u00ae","isPartOf":{"@id":"https:\/\/easy-sushi.com\/nl\/#website"},"primaryImageOfPage":{"@id":"https:\/\/easy-sushi.com\/boutique\/pack-duo-easy-sushi-35-tour-du-monde-des-sushis-et-25\/#primaryimage"},"image":{"@id":"https:\/\/easy-sushi.com\/boutique\/pack-duo-easy-sushi-35-tour-du-monde-des-sushis-et-25\/#primaryimage"},"thumbnailUrl":"https:\/\/easy-sushi.com\/wp-content\/uploads\/2019\/10\/Easy-Sushi-TOUR-DU-MONDE-Duo-pack.jpg","datePublished":"2019-10-21T08:21:18+00:00","dateModified":"2026-04-16T14:53:43+00:00","description":"Prepara il tuo sushi in modo facile e veloce con Easy Sushi\u00ae e questo intelligente cofanetto dedicato agli appassionati di maki and roll di tutto il mondo","breadcrumb":{"@id":"https:\/\/easy-sushi.com\/boutique\/pack-duo-easy-sushi-35-tour-du-monde-des-sushis-et-25\/#breadcrumb"},"inLanguage":"it-IT","potentialAction":[{"@type":"ReadAction","target":["https:\/\/easy-sushi.com\/boutique\/pack-duo-easy-sushi-35-tour-du-monde-des-sushis-et-25\/"]}]},{"@type":"ImageObject","inLanguage":"it-IT","@id":"https:\/\/easy-sushi.com\/boutique\/pack-duo-easy-sushi-35-tour-du-monde-des-sushis-et-25\/#primaryimage","url":"https:\/\/easy-sushi.com\/wp-content\/uploads\/2019\/10\/Easy-Sushi-TOUR-DU-MONDE-Duo-pack.jpg","contentUrl":"https:\/\/easy-sushi.com\/wp-content\/uploads\/2019\/10\/Easy-Sushi-TOUR-DU-MONDE-Duo-pack.jpg","width":1200,"height":1200,"caption":"Easy-Sushi-TOUR-DU-MONDE-Duo-pack"},{"@type":"BreadcrumbList","@id":"https:\/\/easy-sushi.com\/boutique\/pack-duo-easy-sushi-35-tour-du-monde-des-sushis-et-25\/#breadcrumb","itemListElement":[{"@type":"ListItem","position":1,"name":"Accueil","item":"https:\/\/easy-sushi.com\/"},{"@type":"ListItem","position":2,"name":"Boutique","item":"https:\/\/easy-sushi.com\/pt\/boutique\/"},{"@type":"ListItem","position":3,"name":"Bons plans","item":"https:\/\/easy-sushi.com\/categorie-produit\/bons-plans\/"},{"@type":"ListItem","position":4,"name":"Pack Duo Easy Sushi\u00ae 3.5 Tour du Monde des Sushis &#038; 2.5"}]},{"@type":"WebSite","@id":"https:\/\/easy-sushi.com\/nl\/#website","url":"https:\/\/easy-sushi.com\/nl\/","name":"Easy Sushi\u00ae","description":"","publisher":{"@id":"https:\/\/easy-sushi.com\/nl\/#organization"},"potentialAction":[{"@type":"SearchAction","target":{"@type":"EntryPoint","urlTemplate":"https:\/\/easy-sushi.com\/nl\/?s={search_term_string}"},"query-input":{"@type":"PropertyValueSpecification","valueRequired":true,"valueName":"search_term_string"}}],"inLanguage":"it-IT"},{"@type":"Organization","@id":"https:\/\/easy-sushi.com\/nl\/#organization","name":"Easy Sushi\u00ae","url":"https:\/\/easy-sushi.com\/nl\/","logo":{"@type":"ImageObject","inLanguage":"it-IT","@id":"https:\/\/easy-sushi.com\/nl\/#\/schema\/logo\/image\/","url":"https:\/\/easy-sushi.com\/wp-content\/uploads\/2021\/01\/easy_sushi_logotype.svg","contentUrl":"https:\/\/easy-sushi.com\/wp-content\/uploads\/2021\/01\/easy_sushi_logotype.svg","width":513,"height":357,"caption":"Easy Sushi\u00ae"},"image":{"@id":"https:\/\/easy-sushi.com\/nl\/#\/schema\/logo\/image\/"},"sameAs":["https:\/\/www.facebook.com\/EasySushi\/","https:\/\/x.com\/EasySushi","https:\/\/www.instagram.com\/easysushieasyrolls\/","https:\/\/www.youtube.com\/user\/EasysushiEasyrolls"]}]}},"_links":{"self":[{"href":"https:\/\/easy-sushi.com\/it\/wp-json\/wp\/v2\/product\/1148","targetHints":{"allow":["GET"]}}],"collection":[{"href":"https:\/\/easy-sushi.com\/it\/wp-json\/wp\/v2\/product"}],"about":[{"href":"https:\/\/easy-sushi.com\/it\/wp-json\/wp\/v2\/types\/product"}],"replies":[{"embeddable":true,"href":"https:\/\/easy-sushi.com\/it\/wp-json\/wp\/v2\/comments?post=1148"}],"wp:featuredmedia":[{"embeddable":true,"href":"https:\/\/easy-sushi.com\/it\/wp-json\/wp\/v2\/media\/1153"}],"wp:attachment":[{"href":"https:\/\/easy-sushi.com\/it\/wp-json\/wp\/v2\/media?parent=1148"}],"wp:term":[{"taxonomy":"product_brand","embeddable":true,"href":"https:\/\/easy-sushi.com\/it\/wp-json\/wp\/v2\/product_brand?post=1148"},{"taxonomy":"product_cat","embeddable":true,"href":"https:\/\/easy-sushi.com\/it\/wp-json\/wp\/v2\/product_cat?post=1148"},{"taxonomy":"product_tag","embeddable":true,"href":"https:\/\/easy-sushi.com\/it\/wp-json\/wp\/v2\/product_tag?post=1148"}],"curies":[{"name":"wp","href":"https:\/\/api.w.org\/{rel}","templated":true}]}}