{"id":594,"date":"2019-09-12T14:26:59","date_gmt":"2019-09-12T12:26:59","guid":{"rendered":"https:\/\/easy-sushi.com\/?page_id=594"},"modified":"2024-06-20T11:30:59","modified_gmt":"2024-06-20T09:30:59","slug":"consegne-e-resi","status":"publish","type":"page","link":"https:\/\/easy-sushi.com\/it\/consegne-e-resi\/","title":{"rendered":"Consegne e resi"},"content":{"rendered":"<div data-elementor-type=\"wp-page\" data-elementor-id=\"594\" class=\"elementor elementor-594\" data-elementor-post-type=\"page\">\n\t\t\t\t<div class=\"elementor-element elementor-element-506c321 e-flex e-con-boxed e-con e-parent\" data-id=\"506c321\" data-element_type=\"container\" data-e-type=\"container\">\n\t\t\t\t\t<div class=\"e-con-inner\">\n\t\t<div class=\"elementor-element elementor-element-88f9fdc e-con-full e-flex e-con e-child\" data-id=\"88f9fdc\" data-element_type=\"container\" data-e-type=\"container\">\n\t\t\t\t<div class=\"elementor-element elementor-element-05af9b2 elementor-widget elementor-widget-heading\" data-id=\"05af9b2\" data-element_type=\"widget\" data-e-type=\"widget\" data-widget_type=\"heading.default\">\n\t\t\t\t<div class=\"elementor-widget-container\">\n\t\t\t\t\t<h1 class=\"elementor-heading-title elementor-size-default\">Consegne e resi<\/h1>\t\t\t\t<\/div>\n\t\t\t\t<\/div>\n\t\t\t\t<div class=\"elementor-element elementor-element-614c028 elementor-widget elementor-widget-text-editor\" data-id=\"614c028\" data-element_type=\"widget\" data-e-type=\"widget\" data-widget_type=\"text-editor.default\">\n\t\t\t\t<div class=\"elementor-widget-container\">\n\t\t\t\t\t\t\t\t\t<h4>Consegna per privati in Francia metropolitana:<\/h4>\r\n<ul>\r\n \t<li>Gratuito (punto di ritrasmissione Shop2shop di Chronopost), a partire da 39\u20ac di acquisti in Francia metropolitana per le spedizioni (vedi a seconda della destinazione, entro il limite di 5 kg).<\/li>\r\n \t<li>Pagando (Colissimo), da \u20ac 4,90 in Francia continentale per le spedizioni (vedi a seconda della destinazione).<\/li>\r\n \t<li>A pagamento (Colissimo), da 9,90 \u20ac per spedizioni Francia d&#039;oltremare (vedi a seconda della destinazione).<\/li>\r\n<\/ul>\r\n<h4>Consegna in altri paesi:<\/h4>\r\n<ul>\r\n \t<li>A pagamento (Colissimo), da 8,90 \u20ac per spedizioni in UE e Svizzera (vedi a seconda della destinazione).<\/li>\r\n \t<li>A pagamento (Colissimo), da 14,90 \u20ac per spedizioni in tutto il mondo (vedi a seconda della destinazione).<\/li>\r\n<\/ul>\r\n<h4>Resi ordini:<\/h4>\r\n<ul>\r\n \t<li style=\"list-style-type: none;\">\r\n<ul>\r\n \t<li>I resi sono accettati entro 14 giorni dalla data dell&#039;ordine (articoli nuovi, non utilizzati e restituiti nella loro confezione originale - esclusi gli articoli alimentari) e sono a carico dell&#039;acquirente. Il rimborso viene effettuato (carta di credito o PayPal) entro 8 giorni dalla data di ricezione dell&#039;ordine (le spese di consegna iniziale non sono coperte dal rimborso).<\/li>\r\n \t<li>Per le tue richieste di reso, ti chiediamo gentilmente <a style=\"background-color: #ffffff;\" href=\"\/it\/contatto\/\">Contattaci<\/a> in anticipo.<\/li>\r\n<\/ul>\r\n<\/li>\r\n<\/ul>\t\t\t\t\t\t\t\t<\/div>\n\t\t\t\t<\/div>\n\t\t\t\t<\/div>\n\t\t\t\t\t<\/div>\n\t\t\t\t<\/div>\n\t\t\t\t<\/div>","protected":false},"excerpt":{"rendered":"<p>Livraisons et retours Livraison pour les particuliers en France M\u00e9tropolitaine : Offerte (Point relais Shop2shop par Chronopost), d\u00e8s 39\u20ac d&#8217;achats sur la France M\u00e9tropolitaine pour les envois (cf. selon destination, dans la limite de 5 kg). Payante (Colissimo), \u00e0 partir de 4,90\u20ac sur la France M\u00e9tropolitaine pour les envois (cf. selon destination). Payante (Colissimo), \u00e0&hellip;&nbsp;<a href=\"https:\/\/easy-sushi.com\/it\/consegne-e-resi\/\" rel=\"bookmark\">Leggi tutto \u00bb<span class=\"screen-reader-text\">Consegne e resi<\/span><\/a><\/p>","protected":false},"author":1,"featured_media":0,"parent":0,"menu_order":0,"comment_status":"closed","ping_status":"closed","template":"elementor_header_footer","meta":{"neve_meta_sidebar":"","neve_meta_container":"","neve_meta_enable_content_width":"","neve_meta_content_width":0,"neve_meta_title_alignment":"","neve_meta_author_avatar":"","neve_post_elements_order":"","neve_meta_disable_header":"","neve_meta_disable_footer":"","neve_meta_disable_title":"","footnotes":""},"class_list":["post-594","page","type-page","status-publish","hentry"],"yoast_head":"<!-- This site is optimized with the Yoast SEO plugin v27.5 - https:\/\/yoast.com\/product\/yoast-seo-wordpress\/ -->\n<title>Livraisons et retours - Easy Sushi\u00ae<\/title>\n<meta name=\"description\" content=\"Tout savoir \u00e0 propos de livraison Easy Sushi : d\u00e9lais, transporteurs, tarifs et pays \u00e9ligibles \u00e0 la livraison des produits Easy Sushi\u00ae\" \/>\n<meta name=\"robots\" content=\"index, follow, max-snippet:-1, max-image-preview:large, max-video-preview:-1\" \/>\n<link rel=\"canonical\" href=\"https:\/\/easy-sushi.com\/it\/consegne-e-resi\/\" \/>\n<meta property=\"og:locale\" content=\"it_IT\" \/>\n<meta property=\"og:type\" content=\"article\" \/>\n<meta property=\"og:title\" content=\"Livraisons et retours - Easy Sushi\u00ae\" \/>\n<meta property=\"og:description\" content=\"Tout savoir \u00e0 propos de livraison Easy Sushi : d\u00e9lais, transporteurs, tarifs et pays \u00e9ligibles \u00e0 la livraison des produits Easy Sushi\u00ae\" \/>\n<meta property=\"og:url\" content=\"https:\/\/easy-sushi.com\/it\/consegne-e-resi\/\" \/>\n<meta property=\"og:site_name\" content=\"Easy Sushi\u00ae\" \/>\n<meta property=\"article:publisher\" content=\"https:\/\/www.facebook.com\/EasySushi\/\" \/>\n<meta property=\"article:modified_time\" content=\"2024-06-20T09:30:59+00:00\" \/>\n<meta property=\"og:image\" content=\"https:\/\/easy-sushi.com\/wp-content\/uploads\/2021\/01\/easy_sushi_thumb_fb.jpg\" \/>\n\t<meta property=\"og:image:width\" content=\"1200\" \/>\n\t<meta property=\"og:image:height\" content=\"627\" \/>\n\t<meta property=\"og:image:type\" content=\"image\/jpeg\" \/>\n<meta name=\"twitter:card\" content=\"summary_large_image\" \/>\n<meta name=\"twitter:site\" content=\"@EasySushi\" \/>\n<meta name=\"twitter:label1\" content=\"Tempo di lettura stimato\" \/>\n\t<meta name=\"twitter:data1\" content=\"1 minuto\" \/>\n<script type=\"application\/ld+json\" class=\"yoast-schema-graph\">{\"@context\":\"https:\\\/\\\/schema.org\",\"@graph\":[{\"@type\":\"WebPage\",\"@id\":\"https:\\\/\\\/easy-sushi.com\\\/livraisons-et-retours\\\/\",\"url\":\"https:\\\/\\\/easy-sushi.com\\\/livraisons-et-retours\\\/\",\"name\":\"Livraisons et retours - Easy Sushi\u00ae\",\"isPartOf\":{\"@id\":\"https:\\\/\\\/easy-sushi.com\\\/nl\\\/#website\"},\"datePublished\":\"2019-09-12T12:26:59+00:00\",\"dateModified\":\"2024-06-20T09:30:59+00:00\",\"description\":\"Tout savoir \u00e0 propos de livraison Easy Sushi : d\u00e9lais, transporteurs, tarifs et pays \u00e9ligibles \u00e0 la livraison des produits Easy Sushi\u00ae\",\"breadcrumb\":{\"@id\":\"https:\\\/\\\/easy-sushi.com\\\/livraisons-et-retours\\\/#breadcrumb\"},\"inLanguage\":\"it-IT\",\"potentialAction\":[{\"@type\":\"ReadAction\",\"target\":[\"https:\\\/\\\/easy-sushi.com\\\/livraisons-et-retours\\\/\"]}]},{\"@type\":\"BreadcrumbList\",\"@id\":\"https:\\\/\\\/easy-sushi.com\\\/livraisons-et-retours\\\/#breadcrumb\",\"itemListElement\":[{\"@type\":\"ListItem\",\"position\":1,\"name\":\"Accueil\",\"item\":\"https:\\\/\\\/easy-sushi.com\\\/\"},{\"@type\":\"ListItem\",\"position\":2,\"name\":\"Livraisons et retours\"}]},{\"@type\":\"WebSite\",\"@id\":\"https:\\\/\\\/easy-sushi.com\\\/nl\\\/#website\",\"url\":\"https:\\\/\\\/easy-sushi.com\\\/nl\\\/\",\"name\":\"Easy Sushi\u00ae\",\"description\":\"\",\"publisher\":{\"@id\":\"https:\\\/\\\/easy-sushi.com\\\/nl\\\/#organization\"},\"potentialAction\":[{\"@type\":\"SearchAction\",\"target\":{\"@type\":\"EntryPoint\",\"urlTemplate\":\"https:\\\/\\\/easy-sushi.com\\\/nl\\\/?s={search_term_string}\"},\"query-input\":{\"@type\":\"PropertyValueSpecification\",\"valueRequired\":true,\"valueName\":\"search_term_string\"}}],\"inLanguage\":\"it-IT\"},{\"@type\":\"Organization\",\"@id\":\"https:\\\/\\\/easy-sushi.com\\\/nl\\\/#organization\",\"name\":\"Easy Sushi\u00ae\",\"url\":\"https:\\\/\\\/easy-sushi.com\\\/nl\\\/\",\"logo\":{\"@type\":\"ImageObject\",\"inLanguage\":\"it-IT\",\"@id\":\"https:\\\/\\\/easy-sushi.com\\\/nl\\\/#\\\/schema\\\/logo\\\/image\\\/\",\"url\":\"https:\\\/\\\/easy-sushi.com\\\/wp-content\\\/uploads\\\/2021\\\/01\\\/easy_sushi_logotype.svg\",\"contentUrl\":\"https:\\\/\\\/easy-sushi.com\\\/wp-content\\\/uploads\\\/2021\\\/01\\\/easy_sushi_logotype.svg\",\"width\":513,\"height\":357,\"caption\":\"Easy Sushi\u00ae\"},\"image\":{\"@id\":\"https:\\\/\\\/easy-sushi.com\\\/nl\\\/#\\\/schema\\\/logo\\\/image\\\/\"},\"sameAs\":[\"https:\\\/\\\/www.facebook.com\\\/EasySushi\\\/\",\"https:\\\/\\\/x.com\\\/EasySushi\",\"https:\\\/\\\/www.instagram.com\\\/easysushieasyrolls\\\/\",\"https:\\\/\\\/www.youtube.com\\\/user\\\/EasysushiEasyrolls\"]}]}<\/script>\n<!-- \/ Yoast SEO plugin. -->","yoast_head_json":{"title":"Consegne e resi - Easy Sushi\u00ae","description":"Tutto sulla consegna Easy Sushi: scadenze, corrieri, prezzi e paesi idonei per la consegna dei prodotti Easy Sushi\u00ae","robots":{"index":"index","follow":"follow","max-snippet":"max-snippet:-1","max-image-preview":"max-image-preview:large","max-video-preview":"max-video-preview:-1"},"canonical":"https:\/\/easy-sushi.com\/it\/consegne-e-resi\/","og_locale":"it_IT","og_type":"article","og_title":"Livraisons et retours - Easy Sushi\u00ae","og_description":"Tout savoir \u00e0 propos de livraison Easy Sushi : d\u00e9lais, transporteurs, tarifs et pays \u00e9ligibles \u00e0 la livraison des produits Easy Sushi\u00ae","og_url":"https:\/\/easy-sushi.com\/it\/consegne-e-resi\/","og_site_name":"Easy Sushi\u00ae","article_publisher":"https:\/\/www.facebook.com\/EasySushi\/","article_modified_time":"2024-06-20T09:30:59+00:00","og_image":[{"width":1200,"height":627,"url":"https:\/\/easy-sushi.com\/wp-content\/uploads\/2021\/01\/easy_sushi_thumb_fb.jpg","type":"image\/jpeg"}],"twitter_card":"summary_large_image","twitter_site":"@EasySushi","twitter_misc":{"Tempo di lettura stimato":"1 minuto"},"schema":{"@context":"https:\/\/schema.org","@graph":[{"@type":"WebPage","@id":"https:\/\/easy-sushi.com\/livraisons-et-retours\/","url":"https:\/\/easy-sushi.com\/livraisons-et-retours\/","name":"Consegne e resi - Easy Sushi\u00ae","isPartOf":{"@id":"https:\/\/easy-sushi.com\/nl\/#website"},"datePublished":"2019-09-12T12:26:59+00:00","dateModified":"2024-06-20T09:30:59+00:00","description":"Tutto sulla consegna Easy Sushi: scadenze, corrieri, prezzi e paesi idonei per la consegna dei prodotti Easy Sushi\u00ae","breadcrumb":{"@id":"https:\/\/easy-sushi.com\/livraisons-et-retours\/#breadcrumb"},"inLanguage":"it-IT","potentialAction":[{"@type":"ReadAction","target":["https:\/\/easy-sushi.com\/livraisons-et-retours\/"]}]},{"@type":"BreadcrumbList","@id":"https:\/\/easy-sushi.com\/livraisons-et-retours\/#breadcrumb","itemListElement":[{"@type":"ListItem","position":1,"name":"Accueil","item":"https:\/\/easy-sushi.com\/"},{"@type":"ListItem","position":2,"name":"Livraisons et retours"}]},{"@type":"WebSite","@id":"https:\/\/easy-sushi.com\/nl\/#website","url":"https:\/\/easy-sushi.com\/nl\/","name":"Easy Sushi\u00ae","description":"","publisher":{"@id":"https:\/\/easy-sushi.com\/nl\/#organization"},"potentialAction":[{"@type":"SearchAction","target":{"@type":"EntryPoint","urlTemplate":"https:\/\/easy-sushi.com\/nl\/?s={search_term_string}"},"query-input":{"@type":"PropertyValueSpecification","valueRequired":true,"valueName":"search_term_string"}}],"inLanguage":"it-IT"},{"@type":"Organization","@id":"https:\/\/easy-sushi.com\/nl\/#organization","name":"Easy Sushi\u00ae","url":"https:\/\/easy-sushi.com\/nl\/","logo":{"@type":"ImageObject","inLanguage":"it-IT","@id":"https:\/\/easy-sushi.com\/nl\/#\/schema\/logo\/image\/","url":"https:\/\/easy-sushi.com\/wp-content\/uploads\/2021\/01\/easy_sushi_logotype.svg","contentUrl":"https:\/\/easy-sushi.com\/wp-content\/uploads\/2021\/01\/easy_sushi_logotype.svg","width":513,"height":357,"caption":"Easy Sushi\u00ae"},"image":{"@id":"https:\/\/easy-sushi.com\/nl\/#\/schema\/logo\/image\/"},"sameAs":["https:\/\/www.facebook.com\/EasySushi\/","https:\/\/x.com\/EasySushi","https:\/\/www.instagram.com\/easysushieasyrolls\/","https:\/\/www.youtube.com\/user\/EasysushiEasyrolls"]}]}},"_links":{"self":[{"href":"https:\/\/easy-sushi.com\/it\/wp-json\/wp\/v2\/pages\/594","targetHints":{"allow":["GET"]}}],"collection":[{"href":"https:\/\/easy-sushi.com\/it\/wp-json\/wp\/v2\/pages"}],"about":[{"href":"https:\/\/easy-sushi.com\/it\/wp-json\/wp\/v2\/types\/page"}],"author":[{"embeddable":true,"href":"https:\/\/easy-sushi.com\/it\/wp-json\/wp\/v2\/users\/1"}],"replies":[{"embeddable":true,"href":"https:\/\/easy-sushi.com\/it\/wp-json\/wp\/v2\/comments?post=594"}],"version-history":[{"count":0,"href":"https:\/\/easy-sushi.com\/it\/wp-json\/wp\/v2\/pages\/594\/revisions"}],"wp:attachment":[{"href":"https:\/\/easy-sushi.com\/it\/wp-json\/wp\/v2\/media?parent=594"}],"curies":[{"name":"wp","href":"https:\/\/api.w.org\/{rel}","templated":true}]}}