{"id":897,"date":"2019-09-19T17:35:46","date_gmt":"2019-09-19T15:35:46","guid":{"rendered":"https:\/\/easy-sushi.com\/?post_type=product&#038;p=897"},"modified":"2022-12-13T09:54:22","modified_gmt":"2022-12-13T08:54:22","slug":"jengibre-marino-organico-para-sushi-clearpring","status":"publish","type":"product","link":"https:\/\/easy-sushi.com\/es\/tienda-2\/jengibre-marino-organico-para-sushi-clearpring\/","title":{"rendered":"Jengibre marinado org\u00e1nico para sushi Clearspring"},"content":{"rendered":"<p>Este jengibre ecol\u00f3gico estimular\u00e1 tu paladar con su toque refrescante y picante y dar\u00e1 car\u00e1cter a tus platos, sushi, ensaladas ...<\/p>\n<p>Sin colorante ni conservante, la coloraci\u00f3n se obtiene agregando hojas de shiso<\/p>\n<p><strong>Composici\u00f3n:<\/strong> Ra\u00edz de jengibre fresco (48%), vinagre de arroz, hojas de shiso (perilla 5%), sal marina.<\/p>","protected":false},"excerpt":{"rendered":"<p>Dale un impulso a tus platos con este jengibre org\u00e1nico de Clearspring<\/p>\n<ul>\n<li>Producto procedente de agricultura ecol\u00f3gica<\/li>\n<li>Bolsa de 50g<\/li>\n<li>F\u00e1cil y r\u00e1pido de preparar<\/li>\n<li>Sin colorantes ni conservantes<\/li>\n<li>Producido en jap\u00f3n<\/li>\n<\/ul>","protected":false},"featured_media":920,"comment_status":"closed","ping_status":"closed","template":"","meta":{"neve_meta_sidebar":"","neve_meta_container":"","neve_meta_enable_content_width":"","neve_meta_content_width":0,"neve_meta_title_alignment":"","neve_meta_author_avatar":"","neve_post_elements_order":"","neve_meta_disable_header":"","neve_meta_disable_footer":"","neve_meta_disable_title":""},"product_brand":[],"product_cat":[26],"product_tag":[],"class_list":{"0":"post-897","1":"product","2":"type-product","3":"status-publish","4":"has-post-thumbnail","6":"product_cat-epicerie","8":"first","9":"outofstock","10":"taxable","11":"shipping-taxable","12":"purchasable","13":"product-type-simple"},"yoast_head":"<!-- This site is optimized with the Yoast SEO plugin v27.5 - https:\/\/yoast.com\/product\/yoast-seo-wordpress\/ -->\n<title>Gingembre BIO Marin\u00e9 pour sushi Clearspring - Easy Sushi\u00ae<\/title>\n<meta name=\"robots\" content=\"index, follow, max-snippet:-1, max-image-preview:large, max-video-preview:-1\" \/>\n<link rel=\"canonical\" href=\"https:\/\/easy-sushi.com\/es\/tienda-2\/jengibre-marino-organico-para-sushi-clearpring\/\" \/>\n<meta property=\"og:locale\" content=\"es_ES\" \/>\n<meta property=\"og:type\" content=\"article\" \/>\n<meta property=\"og:title\" content=\"Gingembre BIO Marin\u00e9 pour sushi Clearspring - Easy Sushi\u00ae\" \/>\n<meta property=\"og:description\" content=\"Donnez un coup de fouet \u00e0 vos plats avec ce gingembre Bio Clearspring   Produit issu de l\u2019agriculture biologique  Sachet de 50g  Facile et rapide \u00e0 pr\u00e9parer  Sans colorant ni conservateur  Produit au Japon\" \/>\n<meta property=\"og:url\" content=\"https:\/\/easy-sushi.com\/es\/tienda-2\/jengibre-marino-organico-para-sushi-clearpring\/\" \/>\n<meta property=\"og:site_name\" content=\"Easy Sushi\u00ae\" \/>\n<meta property=\"article:publisher\" content=\"https:\/\/www.facebook.com\/EasySushi\/\" \/>\n<meta property=\"article:modified_time\" content=\"2022-12-13T08:54:22+00:00\" \/>\n<meta property=\"og:image\" content=\"https:\/\/easy-sushi.com\/wp-content\/uploads\/2019\/09\/Organic-Japanese-Sushi-Ginger-Clearspring-Gingembre-Marin\u00e9-Bio-50g.jpg\" \/>\n\t<meta property=\"og:image:width\" content=\"1200\" \/>\n\t<meta property=\"og:image:height\" content=\"1200\" \/>\n\t<meta property=\"og:image:type\" content=\"image\/jpeg\" \/>\n<meta name=\"twitter:card\" content=\"summary_large_image\" \/>\n<meta name=\"twitter:site\" content=\"@EasySushi\" \/>\n<script type=\"application\/ld+json\" class=\"yoast-schema-graph\">{\"@context\":\"https:\\\/\\\/schema.org\",\"@graph\":[{\"@type\":\"WebPage\",\"@id\":\"https:\\\/\\\/easy-sushi.com\\\/boutique\\\/gingembre-bio-marine-pour-sushi-clearspring\\\/\",\"url\":\"https:\\\/\\\/easy-sushi.com\\\/boutique\\\/gingembre-bio-marine-pour-sushi-clearspring\\\/\",\"name\":\"Gingembre BIO Marin\u00e9 pour sushi Clearspring - Easy Sushi\u00ae\",\"isPartOf\":{\"@id\":\"https:\\\/\\\/easy-sushi.com\\\/nl\\\/#website\"},\"primaryImageOfPage\":{\"@id\":\"https:\\\/\\\/easy-sushi.com\\\/boutique\\\/gingembre-bio-marine-pour-sushi-clearspring\\\/#primaryimage\"},\"image\":{\"@id\":\"https:\\\/\\\/easy-sushi.com\\\/boutique\\\/gingembre-bio-marine-pour-sushi-clearspring\\\/#primaryimage\"},\"thumbnailUrl\":\"https:\\\/\\\/easy-sushi.com\\\/wp-content\\\/uploads\\\/2019\\\/09\\\/Organic-Japanese-Sushi-Ginger-Clearspring-Gingembre-Marin\u00e9-Bio-50g.jpg\",\"datePublished\":\"2019-09-19T15:35:46+00:00\",\"dateModified\":\"2022-12-13T08:54:22+00:00\",\"breadcrumb\":{\"@id\":\"https:\\\/\\\/easy-sushi.com\\\/boutique\\\/gingembre-bio-marine-pour-sushi-clearspring\\\/#breadcrumb\"},\"inLanguage\":\"es\",\"potentialAction\":[{\"@type\":\"ReadAction\",\"target\":[\"https:\\\/\\\/easy-sushi.com\\\/boutique\\\/gingembre-bio-marine-pour-sushi-clearspring\\\/\"]}]},{\"@type\":\"ImageObject\",\"inLanguage\":\"es\",\"@id\":\"https:\\\/\\\/easy-sushi.com\\\/boutique\\\/gingembre-bio-marine-pour-sushi-clearspring\\\/#primaryimage\",\"url\":\"https:\\\/\\\/easy-sushi.com\\\/wp-content\\\/uploads\\\/2019\\\/09\\\/Organic-Japanese-Sushi-Ginger-Clearspring-Gingembre-Marin\u00e9-Bio-50g.jpg\",\"contentUrl\":\"https:\\\/\\\/easy-sushi.com\\\/wp-content\\\/uploads\\\/2019\\\/09\\\/Organic-Japanese-Sushi-Ginger-Clearspring-Gingembre-Marin\u00e9-Bio-50g.jpg\",\"width\":1200,\"height\":1200,\"caption\":\"Organic-Japanese-Sushi-Ginger-Clearspring-Gingembre-Marin\u00e9-Bio-50g\"},{\"@type\":\"BreadcrumbList\",\"@id\":\"https:\\\/\\\/easy-sushi.com\\\/boutique\\\/gingembre-bio-marine-pour-sushi-clearspring\\\/#breadcrumb\",\"itemListElement\":[{\"@type\":\"ListItem\",\"position\":1,\"name\":\"Accueil\",\"item\":\"https:\\\/\\\/easy-sushi.com\\\/\"},{\"@type\":\"ListItem\",\"position\":2,\"name\":\"Boutique\",\"item\":\"https:\\\/\\\/easy-sushi.com\\\/pt\\\/boutique\\\/\"},{\"@type\":\"ListItem\",\"position\":3,\"name\":\"\u00c9picerie\",\"item\":\"https:\\\/\\\/easy-sushi.com\\\/categorie-produit\\\/epicerie\\\/\"},{\"@type\":\"ListItem\",\"position\":4,\"name\":\"Gingembre BIO Marin\u00e9 pour sushi Clearspring\"}]},{\"@type\":\"WebSite\",\"@id\":\"https:\\\/\\\/easy-sushi.com\\\/nl\\\/#website\",\"url\":\"https:\\\/\\\/easy-sushi.com\\\/nl\\\/\",\"name\":\"Easy Sushi\u00ae\",\"description\":\"\",\"publisher\":{\"@id\":\"https:\\\/\\\/easy-sushi.com\\\/nl\\\/#organization\"},\"potentialAction\":[{\"@type\":\"SearchAction\",\"target\":{\"@type\":\"EntryPoint\",\"urlTemplate\":\"https:\\\/\\\/easy-sushi.com\\\/nl\\\/?s={search_term_string}\"},\"query-input\":{\"@type\":\"PropertyValueSpecification\",\"valueRequired\":true,\"valueName\":\"search_term_string\"}}],\"inLanguage\":\"es\"},{\"@type\":\"Organization\",\"@id\":\"https:\\\/\\\/easy-sushi.com\\\/nl\\\/#organization\",\"name\":\"Easy Sushi\u00ae\",\"url\":\"https:\\\/\\\/easy-sushi.com\\\/nl\\\/\",\"logo\":{\"@type\":\"ImageObject\",\"inLanguage\":\"es\",\"@id\":\"https:\\\/\\\/easy-sushi.com\\\/nl\\\/#\\\/schema\\\/logo\\\/image\\\/\",\"url\":\"https:\\\/\\\/easy-sushi.com\\\/wp-content\\\/uploads\\\/2021\\\/01\\\/easy_sushi_logotype.svg\",\"contentUrl\":\"https:\\\/\\\/easy-sushi.com\\\/wp-content\\\/uploads\\\/2021\\\/01\\\/easy_sushi_logotype.svg\",\"width\":513,\"height\":357,\"caption\":\"Easy Sushi\u00ae\"},\"image\":{\"@id\":\"https:\\\/\\\/easy-sushi.com\\\/nl\\\/#\\\/schema\\\/logo\\\/image\\\/\"},\"sameAs\":[\"https:\\\/\\\/www.facebook.com\\\/EasySushi\\\/\",\"https:\\\/\\\/x.com\\\/EasySushi\",\"https:\\\/\\\/www.instagram.com\\\/easysushieasyrolls\\\/\",\"https:\\\/\\\/www.youtube.com\\\/user\\\/EasysushiEasyrolls\"]}]}<\/script>\n<!-- \/ Yoast SEO plugin. -->","yoast_head_json":{"title":"Jengibre marinado org\u00e1nico para sushi Clearspring - Easy Sushi\u00ae","robots":{"index":"index","follow":"follow","max-snippet":"max-snippet:-1","max-image-preview":"max-image-preview:large","max-video-preview":"max-video-preview:-1"},"canonical":"https:\/\/easy-sushi.com\/es\/tienda-2\/jengibre-marino-organico-para-sushi-clearpring\/","og_locale":"es_ES","og_type":"article","og_title":"Gingembre BIO Marin\u00e9 pour sushi Clearspring - Easy Sushi\u00ae","og_description":"Donnez un coup de fouet \u00e0 vos plats avec ce gingembre Bio Clearspring   Produit issu de l\u2019agriculture biologique  Sachet de 50g  Facile et rapide \u00e0 pr\u00e9parer  Sans colorant ni conservateur  Produit au Japon","og_url":"https:\/\/easy-sushi.com\/es\/tienda-2\/jengibre-marino-organico-para-sushi-clearpring\/","og_site_name":"Easy Sushi\u00ae","article_publisher":"https:\/\/www.facebook.com\/EasySushi\/","article_modified_time":"2022-12-13T08:54:22+00:00","og_image":[{"width":1200,"height":1200,"url":"https:\/\/easy-sushi.com\/wp-content\/uploads\/2019\/09\/Organic-Japanese-Sushi-Ginger-Clearspring-Gingembre-Marin\u00e9-Bio-50g.jpg","type":"image\/jpeg"}],"twitter_card":"summary_large_image","twitter_site":"@EasySushi","schema":{"@context":"https:\/\/schema.org","@graph":[{"@type":"WebPage","@id":"https:\/\/easy-sushi.com\/boutique\/gingembre-bio-marine-pour-sushi-clearspring\/","url":"https:\/\/easy-sushi.com\/boutique\/gingembre-bio-marine-pour-sushi-clearspring\/","name":"Jengibre marinado org\u00e1nico para sushi Clearspring - Easy Sushi\u00ae","isPartOf":{"@id":"https:\/\/easy-sushi.com\/nl\/#website"},"primaryImageOfPage":{"@id":"https:\/\/easy-sushi.com\/boutique\/gingembre-bio-marine-pour-sushi-clearspring\/#primaryimage"},"image":{"@id":"https:\/\/easy-sushi.com\/boutique\/gingembre-bio-marine-pour-sushi-clearspring\/#primaryimage"},"thumbnailUrl":"https:\/\/easy-sushi.com\/wp-content\/uploads\/2019\/09\/Organic-Japanese-Sushi-Ginger-Clearspring-Gingembre-Marin\u00e9-Bio-50g.jpg","datePublished":"2019-09-19T15:35:46+00:00","dateModified":"2022-12-13T08:54:22+00:00","breadcrumb":{"@id":"https:\/\/easy-sushi.com\/boutique\/gingembre-bio-marine-pour-sushi-clearspring\/#breadcrumb"},"inLanguage":"es","potentialAction":[{"@type":"ReadAction","target":["https:\/\/easy-sushi.com\/boutique\/gingembre-bio-marine-pour-sushi-clearspring\/"]}]},{"@type":"ImageObject","inLanguage":"es","@id":"https:\/\/easy-sushi.com\/boutique\/gingembre-bio-marine-pour-sushi-clearspring\/#primaryimage","url":"https:\/\/easy-sushi.com\/wp-content\/uploads\/2019\/09\/Organic-Japanese-Sushi-Ginger-Clearspring-Gingembre-Marin\u00e9-Bio-50g.jpg","contentUrl":"https:\/\/easy-sushi.com\/wp-content\/uploads\/2019\/09\/Organic-Japanese-Sushi-Ginger-Clearspring-Gingembre-Marin\u00e9-Bio-50g.jpg","width":1200,"height":1200,"caption":"Organic-Japanese-Sushi-Ginger-Clearspring-Gingembre-Marin\u00e9-Bio-50g"},{"@type":"BreadcrumbList","@id":"https:\/\/easy-sushi.com\/boutique\/gingembre-bio-marine-pour-sushi-clearspring\/#breadcrumb","itemListElement":[{"@type":"ListItem","position":1,"name":"Accueil","item":"https:\/\/easy-sushi.com\/"},{"@type":"ListItem","position":2,"name":"Boutique","item":"https:\/\/easy-sushi.com\/pt\/boutique\/"},{"@type":"ListItem","position":3,"name":"\u00c9picerie","item":"https:\/\/easy-sushi.com\/categorie-produit\/epicerie\/"},{"@type":"ListItem","position":4,"name":"Gingembre BIO Marin\u00e9 pour sushi Clearspring"}]},{"@type":"WebSite","@id":"https:\/\/easy-sushi.com\/nl\/#website","url":"https:\/\/easy-sushi.com\/nl\/","name":"Easy Sushi\u00ae","description":"","publisher":{"@id":"https:\/\/easy-sushi.com\/nl\/#organization"},"potentialAction":[{"@type":"SearchAction","target":{"@type":"EntryPoint","urlTemplate":"https:\/\/easy-sushi.com\/nl\/?s={search_term_string}"},"query-input":{"@type":"PropertyValueSpecification","valueRequired":true,"valueName":"search_term_string"}}],"inLanguage":"es"},{"@type":"Organization","@id":"https:\/\/easy-sushi.com\/nl\/#organization","name":"Easy Sushi\u00ae","url":"https:\/\/easy-sushi.com\/nl\/","logo":{"@type":"ImageObject","inLanguage":"es","@id":"https:\/\/easy-sushi.com\/nl\/#\/schema\/logo\/image\/","url":"https:\/\/easy-sushi.com\/wp-content\/uploads\/2021\/01\/easy_sushi_logotype.svg","contentUrl":"https:\/\/easy-sushi.com\/wp-content\/uploads\/2021\/01\/easy_sushi_logotype.svg","width":513,"height":357,"caption":"Easy Sushi\u00ae"},"image":{"@id":"https:\/\/easy-sushi.com\/nl\/#\/schema\/logo\/image\/"},"sameAs":["https:\/\/www.facebook.com\/EasySushi\/","https:\/\/x.com\/EasySushi","https:\/\/www.instagram.com\/easysushieasyrolls\/","https:\/\/www.youtube.com\/user\/EasysushiEasyrolls"]}]}},"_links":{"self":[{"href":"https:\/\/easy-sushi.com\/es\/wp-json\/wp\/v2\/product\/897","targetHints":{"allow":["GET"]}}],"collection":[{"href":"https:\/\/easy-sushi.com\/es\/wp-json\/wp\/v2\/product"}],"about":[{"href":"https:\/\/easy-sushi.com\/es\/wp-json\/wp\/v2\/types\/product"}],"replies":[{"embeddable":true,"href":"https:\/\/easy-sushi.com\/es\/wp-json\/wp\/v2\/comments?post=897"}],"wp:featuredmedia":[{"embeddable":true,"href":"https:\/\/easy-sushi.com\/es\/wp-json\/wp\/v2\/media\/920"}],"wp:attachment":[{"href":"https:\/\/easy-sushi.com\/es\/wp-json\/wp\/v2\/media?parent=897"}],"wp:term":[{"taxonomy":"product_brand","embeddable":true,"href":"https:\/\/easy-sushi.com\/es\/wp-json\/wp\/v2\/product_brand?post=897"},{"taxonomy":"product_cat","embeddable":true,"href":"https:\/\/easy-sushi.com\/es\/wp-json\/wp\/v2\/product_cat?post=897"},{"taxonomy":"product_tag","embeddable":true,"href":"https:\/\/easy-sushi.com\/es\/wp-json\/wp\/v2\/product_tag?post=897"}],"curies":[{"name":"gracias","href":"https:\/\/api.w.org\/{rel}","templated":true}]}}