{"id":825,"date":"2019-09-17T16:12:43","date_gmt":"2019-09-17T14:12:43","guid":{"rendered":"https:\/\/easy-sushi.com\/?post_type=product&#038;p=825"},"modified":"2026-04-16T16:50:33","modified_gmt":"2026-04-16T14:50:33","slug":"coffret_easy_sushi_vegetarien_vegetalien","status":"publish","type":"product","link":"https:\/\/easy-sushi.com\/es\/tienda-2\/coffret_easy_sushi_vegetarien_vegetalien\/","title":{"rendered":"Caja Easy Sushi\u00ae 3.5 Vegetariana, Vegana"},"content":{"rendered":"<ul>\n<li>Como funciona ?<\/li>\n<\/ul>\n<p>El dispositivo consta de un cilindro compuesto por dos carcasas de ABS de grado alimenticio, que son aptas para lavavajillas, y una pel\u00edcula de tracci\u00f3n de polipropileno de grado alimenticio flexible, que se puede limpiar con una esponja no abrasiva. con agua jabonosa. F\u00e1cil de usar, ahora puede hacer, en un tiempo r\u00e9cord, entre seis y ocho makis o cualquier otro tipo de envolturas hechas con l\u00e1minas de hojaldre, tortilla, crepe y m\u00e1s. Vea nuestros videos de demostraci\u00f3n. <a href=\"\/es\/concepto\/videos\/\">Yo miro<\/a>.<\/p>\n<ul>\n<li>Nuestras recetas favoritas<\/li>\n<\/ul>\n<p>Easy Sushi\u00ae te ofrece su selecci\u00f3n agrupada en 3 recetarios gourmet. <a href=\"\/es\/recetas\/\">Yo voy.<\/a><\/p>\n<ul>\n<li>Necesidad de ayuda ?<\/li>\n<\/ul>\n<p>Descubre nuestras instrucciones de uso y convi\u00e9rtete en un maestro en el arte de hacer sushi. <a href=\"\/es\/modo-de-empleo\/\">Lee mas<\/a>.<\/p>","protected":false},"excerpt":{"rendered":"<p>Prepare su sushi f\u00e1cil y r\u00e1pidamente con Easy Sushi\u00ae y esta caja inteligente especialmente dedicada a vegetarianos y veganos<\/p>\n<ul>\n<li>Caja negra Easy Sushi\u00ae 3.5<\/li>\n<li>1 libra vegetariana, vegana<\/li>\n<li>25 recetas originales<\/li>\n<li>Franc\u00e9s hecho<\/li>\n<li>Instrucciones incluidas<\/li>\n<li>Dimensiones 28 x 4,7 x 31 cm<\/li>\n<li>Lavado f\u00e1cil<\/li>\n<\/ul>\n<p>Easy Sushi\u00ae 3.5 Black de Easy Sushi\u00ae<\/p>","protected":false},"featured_media":27495,"comment_status":"open","ping_status":"closed","template":"","meta":{"neve_meta_sidebar":"","neve_meta_container":"","neve_meta_enable_content_width":"off","neve_meta_content_width":100,"neve_meta_title_alignment":"","neve_meta_author_avatar":"","neve_post_elements_order":"","neve_meta_disable_header":"","neve_meta_disable_footer":"","neve_meta_disable_title":""},"product_brand":[],"product_cat":[86,22],"product_tag":[],"class_list":{"0":"post-825","1":"product","2":"type-product","3":"status-publish","4":"has-post-thumbnail","6":"product_cat-machine-a-sushi","7":"product_cat-coffrets","9":"first","10":"instock","11":"taxable","12":"shipping-taxable","13":"purchasable","14":"product-type-variable","15":"has-default-attributes"},"yoast_head":"<!-- This site is optimized with the Yoast SEO plugin v27.4 - https:\/\/yoast.com\/product\/yoast-seo-wordpress\/ -->\n<title>Coffret Easy Sushi\u00ae 3.5 V\u00e9g\u00e9tarien, V\u00e9g\u00e9talien - Easy Sushi\u00ae<\/title>\n<meta name=\"description\" content=\"R\u00e9alisez vos sushis facilement et rapidement avec Easy Sushi\u00ae et ce coffret astucieux sp\u00e9cialement d\u00e9di\u00e9 aux V\u00e9g\u00e9tariens et V\u00e9g\u00e9taliens\" \/>\n<meta name=\"robots\" content=\"index, follow, max-snippet:-1, max-image-preview:large, max-video-preview:-1\" \/>\n<link rel=\"canonical\" href=\"https:\/\/easy-sushi.com\/es\/tienda-2\/coffret_easy_sushi_vegetarien_vegetalien\/\" \/>\n<meta property=\"og:locale\" content=\"es_ES\" \/>\n<meta property=\"og:type\" content=\"article\" \/>\n<meta property=\"og:title\" content=\"Coffret Easy Sushi\u00ae 3.5 V\u00e9g\u00e9tarien, V\u00e9g\u00e9talien - Easy Sushi\u00ae\" \/>\n<meta property=\"og:description\" content=\"R\u00e9alisez vos sushis facilement et rapidement avec Easy Sushi\u00ae et ce coffret astucieux sp\u00e9cialement d\u00e9di\u00e9 aux V\u00e9g\u00e9tariens et V\u00e9g\u00e9taliens\" \/>\n<meta property=\"og:url\" content=\"https:\/\/easy-sushi.com\/es\/tienda-2\/coffret_easy_sushi_vegetarien_vegetalien\/\" \/>\n<meta property=\"og:site_name\" content=\"Easy Sushi\u00ae\" \/>\n<meta property=\"article:publisher\" content=\"https:\/\/www.facebook.com\/EasySushi\/\" \/>\n<meta property=\"article:modified_time\" content=\"2026-04-16T14:50:33+00:00\" \/>\n<meta property=\"og:image\" content=\"https:\/\/easy-sushi.com\/wp-content\/uploads\/2019\/09\/easy-sushi-6.jpg\" \/>\n\t<meta property=\"og:image:width\" content=\"789\" \/>\n\t<meta property=\"og:image:height\" content=\"789\" \/>\n\t<meta property=\"og:image:type\" content=\"image\/jpeg\" \/>\n<meta name=\"twitter:card\" content=\"summary_large_image\" \/>\n<meta name=\"twitter:site\" content=\"@EasySushi\" \/>\n<meta name=\"twitter:label1\" content=\"Tiempo de lectura\" \/>\n\t<meta name=\"twitter:data1\" content=\"1 minuto\" \/>\n<script type=\"application\/ld+json\" class=\"yoast-schema-graph\">{\"@context\":\"https:\\\/\\\/schema.org\",\"@graph\":[{\"@type\":\"WebPage\",\"@id\":\"https:\\\/\\\/easy-sushi.com\\\/boutique\\\/coffret_easy_sushi_vegetarien_vegetalien\\\/\",\"url\":\"https:\\\/\\\/easy-sushi.com\\\/boutique\\\/coffret_easy_sushi_vegetarien_vegetalien\\\/\",\"name\":\"Coffret Easy Sushi\u00ae 3.5 V\u00e9g\u00e9tarien, V\u00e9g\u00e9talien - Easy Sushi\u00ae\",\"isPartOf\":{\"@id\":\"https:\\\/\\\/easy-sushi.com\\\/nl\\\/#website\"},\"primaryImageOfPage\":{\"@id\":\"https:\\\/\\\/easy-sushi.com\\\/boutique\\\/coffret_easy_sushi_vegetarien_vegetalien\\\/#primaryimage\"},\"image\":{\"@id\":\"https:\\\/\\\/easy-sushi.com\\\/boutique\\\/coffret_easy_sushi_vegetarien_vegetalien\\\/#primaryimage\"},\"thumbnailUrl\":\"https:\\\/\\\/easy-sushi.com\\\/wp-content\\\/uploads\\\/2019\\\/09\\\/easy-sushi-6.jpg\",\"datePublished\":\"2019-09-17T14:12:43+00:00\",\"dateModified\":\"2026-04-16T14:50:33+00:00\",\"description\":\"R\u00e9alisez vos sushis facilement et rapidement avec Easy Sushi\u00ae et ce coffret astucieux sp\u00e9cialement d\u00e9di\u00e9 aux V\u00e9g\u00e9tariens et V\u00e9g\u00e9taliens\",\"breadcrumb\":{\"@id\":\"https:\\\/\\\/easy-sushi.com\\\/boutique\\\/coffret_easy_sushi_vegetarien_vegetalien\\\/#breadcrumb\"},\"inLanguage\":\"es\",\"potentialAction\":[{\"@type\":\"ReadAction\",\"target\":[\"https:\\\/\\\/easy-sushi.com\\\/boutique\\\/coffret_easy_sushi_vegetarien_vegetalien\\\/\"]}]},{\"@type\":\"ImageObject\",\"inLanguage\":\"es\",\"@id\":\"https:\\\/\\\/easy-sushi.com\\\/boutique\\\/coffret_easy_sushi_vegetarien_vegetalien\\\/#primaryimage\",\"url\":\"https:\\\/\\\/easy-sushi.com\\\/wp-content\\\/uploads\\\/2019\\\/09\\\/easy-sushi-6.jpg\",\"contentUrl\":\"https:\\\/\\\/easy-sushi.com\\\/wp-content\\\/uploads\\\/2019\\\/09\\\/easy-sushi-6.jpg\",\"width\":789,\"height\":789},{\"@type\":\"BreadcrumbList\",\"@id\":\"https:\\\/\\\/easy-sushi.com\\\/boutique\\\/coffret_easy_sushi_vegetarien_vegetalien\\\/#breadcrumb\",\"itemListElement\":[{\"@type\":\"ListItem\",\"position\":1,\"name\":\"Accueil\",\"item\":\"https:\\\/\\\/easy-sushi.com\\\/\"},{\"@type\":\"ListItem\",\"position\":2,\"name\":\"Boutique\",\"item\":\"https:\\\/\\\/easy-sushi.com\\\/pt\\\/boutique\\\/\"},{\"@type\":\"ListItem\",\"position\":3,\"name\":\"Coffrets Easy Sushi\u00ae\",\"item\":\"https:\\\/\\\/easy-sushi.com\\\/categorie-produit\\\/coffrets\\\/\"},{\"@type\":\"ListItem\",\"position\":4,\"name\":\"Coffret Easy Sushi\u00ae 3.5 V\u00e9g\u00e9tarien, V\u00e9g\u00e9talien\"}]},{\"@type\":\"WebSite\",\"@id\":\"https:\\\/\\\/easy-sushi.com\\\/nl\\\/#website\",\"url\":\"https:\\\/\\\/easy-sushi.com\\\/nl\\\/\",\"name\":\"Easy Sushi\u00ae\",\"description\":\"\",\"publisher\":{\"@id\":\"https:\\\/\\\/easy-sushi.com\\\/nl\\\/#organization\"},\"potentialAction\":[{\"@type\":\"SearchAction\",\"target\":{\"@type\":\"EntryPoint\",\"urlTemplate\":\"https:\\\/\\\/easy-sushi.com\\\/nl\\\/?s={search_term_string}\"},\"query-input\":{\"@type\":\"PropertyValueSpecification\",\"valueRequired\":true,\"valueName\":\"search_term_string\"}}],\"inLanguage\":\"es\"},{\"@type\":\"Organization\",\"@id\":\"https:\\\/\\\/easy-sushi.com\\\/nl\\\/#organization\",\"name\":\"Easy Sushi\u00ae\",\"url\":\"https:\\\/\\\/easy-sushi.com\\\/nl\\\/\",\"logo\":{\"@type\":\"ImageObject\",\"inLanguage\":\"es\",\"@id\":\"https:\\\/\\\/easy-sushi.com\\\/nl\\\/#\\\/schema\\\/logo\\\/image\\\/\",\"url\":\"https:\\\/\\\/easy-sushi.com\\\/wp-content\\\/uploads\\\/2021\\\/01\\\/easy_sushi_logotype.svg\",\"contentUrl\":\"https:\\\/\\\/easy-sushi.com\\\/wp-content\\\/uploads\\\/2021\\\/01\\\/easy_sushi_logotype.svg\",\"width\":513,\"height\":357,\"caption\":\"Easy Sushi\u00ae\"},\"image\":{\"@id\":\"https:\\\/\\\/easy-sushi.com\\\/nl\\\/#\\\/schema\\\/logo\\\/image\\\/\"},\"sameAs\":[\"https:\\\/\\\/www.facebook.com\\\/EasySushi\\\/\",\"https:\\\/\\\/x.com\\\/EasySushi\",\"https:\\\/\\\/www.instagram.com\\\/easysushieasyrolls\\\/\",\"https:\\\/\\\/www.youtube.com\\\/user\\\/EasysushiEasyrolls\"]}]}<\/script>\n<!-- \/ Yoast SEO plugin. -->","yoast_head_json":{"title":"Easy Sushi\u00ae 3.5 Caja vegetariana y vegana - Easy Sushi\u00ae","description":"Prepare su sushi f\u00e1cil y r\u00e1pidamente con Easy Sushi\u00ae y esta caja inteligente especialmente dedicada a vegetarianos y veganos","robots":{"index":"index","follow":"follow","max-snippet":"max-snippet:-1","max-image-preview":"max-image-preview:large","max-video-preview":"max-video-preview:-1"},"canonical":"https:\/\/easy-sushi.com\/es\/tienda-2\/coffret_easy_sushi_vegetarien_vegetalien\/","og_locale":"es_ES","og_type":"article","og_title":"Coffret Easy Sushi\u00ae 3.5 V\u00e9g\u00e9tarien, V\u00e9g\u00e9talien - Easy Sushi\u00ae","og_description":"R\u00e9alisez vos sushis facilement et rapidement avec Easy Sushi\u00ae et ce coffret astucieux sp\u00e9cialement d\u00e9di\u00e9 aux V\u00e9g\u00e9tariens et V\u00e9g\u00e9taliens","og_url":"https:\/\/easy-sushi.com\/es\/tienda-2\/coffret_easy_sushi_vegetarien_vegetalien\/","og_site_name":"Easy Sushi\u00ae","article_publisher":"https:\/\/www.facebook.com\/EasySushi\/","article_modified_time":"2026-04-16T14:50:33+00:00","og_image":[{"width":789,"height":789,"url":"https:\/\/easy-sushi.com\/wp-content\/uploads\/2019\/09\/easy-sushi-6.jpg","type":"image\/jpeg"}],"twitter_card":"summary_large_image","twitter_site":"@EasySushi","twitter_misc":{"Tiempo de lectura":"1 minuto"},"schema":{"@context":"https:\/\/schema.org","@graph":[{"@type":"WebPage","@id":"https:\/\/easy-sushi.com\/boutique\/coffret_easy_sushi_vegetarien_vegetalien\/","url":"https:\/\/easy-sushi.com\/boutique\/coffret_easy_sushi_vegetarien_vegetalien\/","name":"Easy Sushi\u00ae 3.5 Caja vegetariana y vegana - Easy Sushi\u00ae","isPartOf":{"@id":"https:\/\/easy-sushi.com\/nl\/#website"},"primaryImageOfPage":{"@id":"https:\/\/easy-sushi.com\/boutique\/coffret_easy_sushi_vegetarien_vegetalien\/#primaryimage"},"image":{"@id":"https:\/\/easy-sushi.com\/boutique\/coffret_easy_sushi_vegetarien_vegetalien\/#primaryimage"},"thumbnailUrl":"https:\/\/easy-sushi.com\/wp-content\/uploads\/2019\/09\/easy-sushi-6.jpg","datePublished":"2019-09-17T14:12:43+00:00","dateModified":"2026-04-16T14:50:33+00:00","description":"Prepare su sushi f\u00e1cil y r\u00e1pidamente con Easy Sushi\u00ae y esta caja inteligente especialmente dedicada a vegetarianos y veganos","breadcrumb":{"@id":"https:\/\/easy-sushi.com\/boutique\/coffret_easy_sushi_vegetarien_vegetalien\/#breadcrumb"},"inLanguage":"es","potentialAction":[{"@type":"ReadAction","target":["https:\/\/easy-sushi.com\/boutique\/coffret_easy_sushi_vegetarien_vegetalien\/"]}]},{"@type":"ImageObject","inLanguage":"es","@id":"https:\/\/easy-sushi.com\/boutique\/coffret_easy_sushi_vegetarien_vegetalien\/#primaryimage","url":"https:\/\/easy-sushi.com\/wp-content\/uploads\/2019\/09\/easy-sushi-6.jpg","contentUrl":"https:\/\/easy-sushi.com\/wp-content\/uploads\/2019\/09\/easy-sushi-6.jpg","width":789,"height":789},{"@type":"BreadcrumbList","@id":"https:\/\/easy-sushi.com\/boutique\/coffret_easy_sushi_vegetarien_vegetalien\/#breadcrumb","itemListElement":[{"@type":"ListItem","position":1,"name":"Accueil","item":"https:\/\/easy-sushi.com\/"},{"@type":"ListItem","position":2,"name":"Boutique","item":"https:\/\/easy-sushi.com\/pt\/boutique\/"},{"@type":"ListItem","position":3,"name":"Coffrets Easy Sushi\u00ae","item":"https:\/\/easy-sushi.com\/categorie-produit\/coffrets\/"},{"@type":"ListItem","position":4,"name":"Coffret Easy Sushi\u00ae 3.5 V\u00e9g\u00e9tarien, V\u00e9g\u00e9talien"}]},{"@type":"WebSite","@id":"https:\/\/easy-sushi.com\/nl\/#website","url":"https:\/\/easy-sushi.com\/nl\/","name":"Easy Sushi\u00ae","description":"","publisher":{"@id":"https:\/\/easy-sushi.com\/nl\/#organization"},"potentialAction":[{"@type":"SearchAction","target":{"@type":"EntryPoint","urlTemplate":"https:\/\/easy-sushi.com\/nl\/?s={search_term_string}"},"query-input":{"@type":"PropertyValueSpecification","valueRequired":true,"valueName":"search_term_string"}}],"inLanguage":"es"},{"@type":"Organization","@id":"https:\/\/easy-sushi.com\/nl\/#organization","name":"Easy Sushi\u00ae","url":"https:\/\/easy-sushi.com\/nl\/","logo":{"@type":"ImageObject","inLanguage":"es","@id":"https:\/\/easy-sushi.com\/nl\/#\/schema\/logo\/image\/","url":"https:\/\/easy-sushi.com\/wp-content\/uploads\/2021\/01\/easy_sushi_logotype.svg","contentUrl":"https:\/\/easy-sushi.com\/wp-content\/uploads\/2021\/01\/easy_sushi_logotype.svg","width":513,"height":357,"caption":"Easy Sushi\u00ae"},"image":{"@id":"https:\/\/easy-sushi.com\/nl\/#\/schema\/logo\/image\/"},"sameAs":["https:\/\/www.facebook.com\/EasySushi\/","https:\/\/x.com\/EasySushi","https:\/\/www.instagram.com\/easysushieasyrolls\/","https:\/\/www.youtube.com\/user\/EasysushiEasyrolls"]}]}},"_links":{"self":[{"href":"https:\/\/easy-sushi.com\/es\/wp-json\/wp\/v2\/product\/825","targetHints":{"allow":["GET"]}}],"collection":[{"href":"https:\/\/easy-sushi.com\/es\/wp-json\/wp\/v2\/product"}],"about":[{"href":"https:\/\/easy-sushi.com\/es\/wp-json\/wp\/v2\/types\/product"}],"replies":[{"embeddable":true,"href":"https:\/\/easy-sushi.com\/es\/wp-json\/wp\/v2\/comments?post=825"}],"wp:featuredmedia":[{"embeddable":true,"href":"https:\/\/easy-sushi.com\/es\/wp-json\/wp\/v2\/media\/27495"}],"wp:attachment":[{"href":"https:\/\/easy-sushi.com\/es\/wp-json\/wp\/v2\/media?parent=825"}],"wp:term":[{"taxonomy":"product_brand","embeddable":true,"href":"https:\/\/easy-sushi.com\/es\/wp-json\/wp\/v2\/product_brand?post=825"},{"taxonomy":"product_cat","embeddable":true,"href":"https:\/\/easy-sushi.com\/es\/wp-json\/wp\/v2\/product_cat?post=825"},{"taxonomy":"product_tag","embeddable":true,"href":"https:\/\/easy-sushi.com\/es\/wp-json\/wp\/v2\/product_tag?post=825"}],"curies":[{"name":"gracias","href":"https:\/\/api.w.org\/{rel}","templated":true}]}}