{"id":759,"date":"2019-09-16T16:21:18","date_gmt":"2019-09-16T14:21:18","guid":{"rendered":"https:\/\/easy-sushi.com\/?post_type=product&#038;p=759"},"modified":"2026-03-25T11:00:38","modified_gmt":"2026-03-25T10:00:38","slug":"easy_sushi_2_5_noir","status":"publish","type":"product","link":"https:\/\/easy-sushi.com\/es\/tienda-2\/easy_sushi_2_5_noir\/","title":{"rendered":"Easy Sushi\u00ae 2.5 Negro"},"content":{"rendered":"<h2>\u00bfC\u00f3mo funciona Easy Sushi\u00ae 2.5?<\/h2>\n<p>El dispositivo consta de un cilindro formado por dos carcasas de ABS apto para uso alimentario que se pueden lavar en el lavavajillas y una pel\u00edcula de tracci\u00f3n de polipropileno flexible para uso alimentario, que se puede limpiar con una esponja no abrasiva y agua jabonosa. <strong>F\u00e1cil de utilizar<\/strong>, ahora podr\u00e1s hacer, en un tiempo r\u00e9cord, entre seis y ocho makis o cualquier otro tipo de rollos elaborados con l\u00e1minas de hojaldre, tortillas, tortitas y m\u00e1s. Mira nuestro <a href=\"\/es\/categoria\/videos\/\" target=\"_blank\" rel=\"noopener\">v\u00eddeos de demostraci\u00f3n<\/a>.<\/p>\n<h2>Nuestras recetas favoritas de Easy Sushi\u00ae 2.5 Black<\/h2>\n<p>Easy Sushi\u00ae te ofrece su selecci\u00f3n de recetas gourmet: receta de maki de at\u00fan, receta de maki california con surimi y m\u00e1s. Descubrir <a href=\"\/es\/categoria\/recetas\/\" target=\"_blank\" rel=\"noopener\">nuestras recetas<\/a>.<\/p>\n<h2>Eval\u00faa Easy Sushi\u00ae 2.5 Negro<\/h2>\n<p>Hablan de ello, consultan al <a href=\"https:\/\/fr.trustpilot.com\/review\/easy-sushi.com\" target=\"_blank\" rel=\"noopener\">rese\u00f1as de usuarios verificados<\/a> de Easy Sushi.<\/p>\n<h2>\u00bfNecesitas ayuda con Easy Sushi\u00ae 2.5 Negro?<\/h2>\n<p>Descubrir <a href=\"\/es\/modo-de-empleo\/\" target=\"_blank\" rel=\"noopener\">nuestra gu\u00eda de usuario<\/a> en im\u00e1genes y convi\u00e9rtete en un maestro en el arte de hacer sushi.<\/p>","protected":false},"excerpt":{"rendered":"<p>Prepara tu sushi f\u00e1cil y r\u00e1pidamente con Easy Sushi\u00ae<\/p>\n<ul>\n<li>Easy Sushi\u00ae 2.5 Negro<\/li>\n<li>Hosomaki y aperitivos<\/li>\n<li>Franc\u00e9s hecho<\/li>\n<li>Instrucciones incluidas<\/li>\n<li>Dimensiones 24 x 2,5 x 4,5 cm<\/li>\n<li>Lavado f\u00e1cil<\/li>\n<\/ul>\n<p>Easy Sushi\u00ae 2.5 Black de Easy Sushi\u00ae<\/p>","protected":false},"featured_media":27395,"comment_status":"open","ping_status":"closed","template":"","meta":{"neve_meta_sidebar":"","neve_meta_container":"","neve_meta_enable_content_width":"off","neve_meta_content_width":100,"neve_meta_title_alignment":"","neve_meta_author_avatar":"","neve_post_elements_order":"","neve_meta_disable_header":"","neve_meta_disable_footer":"","neve_meta_disable_title":""},"product_brand":[],"product_cat":[86,21],"product_tag":[],"class_list":{"0":"post-759","1":"product","2":"type-product","3":"status-publish","4":"has-post-thumbnail","6":"product_cat-machine-a-sushi","7":"product_cat-easy-sushi","9":"first","10":"instock","11":"taxable","12":"shipping-taxable","13":"purchasable","14":"product-type-simple"},"yoast_head":"<!-- This site is optimized with the Yoast SEO plugin v27.4 - https:\/\/yoast.com\/product\/yoast-seo-wordpress\/ -->\n<title>Easy Sushi\u00ae 2.5 Noir | Appareil \u00e0 makis | Kit sushi - Easy Sushi\u00ae<\/title>\n<meta name=\"description\" content=\"Pr\u00e9parer des makis maison n&#039;a jamais \u00e9t\u00e9 aussi simple gr\u00e2ce \u00e0 la machine \u00e0 sushi Easy Sushi 2.5\u00ae Noir. Livraison offerte en France d\u00e8s 39\u20ac\" \/>\n<meta name=\"robots\" content=\"index, follow, max-snippet:-1, max-image-preview:large, max-video-preview:-1\" \/>\n<link rel=\"canonical\" href=\"https:\/\/easy-sushi.com\/es\/tienda-2\/easy_sushi_2_5_noir\/\" \/>\n<meta property=\"og:locale\" content=\"es_ES\" \/>\n<meta property=\"og:type\" content=\"article\" \/>\n<meta property=\"og:title\" content=\"Easy Sushi\u00ae 2.5 Noir | Appareil \u00e0 makis | Kit sushi - Easy Sushi\u00ae\" \/>\n<meta property=\"og:description\" content=\"Pr\u00e9parer des makis maison n&#039;a jamais \u00e9t\u00e9 aussi simple gr\u00e2ce \u00e0 la machine \u00e0 sushi Easy Sushi 2.5\u00ae Noir. Livraison offerte en France d\u00e8s 39\u20ac\" \/>\n<meta property=\"og:url\" content=\"https:\/\/easy-sushi.com\/es\/tienda-2\/easy_sushi_2_5_noir\/\" \/>\n<meta property=\"og:site_name\" content=\"Easy Sushi\u00ae\" \/>\n<meta property=\"article:publisher\" content=\"https:\/\/www.facebook.com\/EasySushi\/\" \/>\n<meta property=\"article:modified_time\" content=\"2026-03-25T10:00:38+00:00\" \/>\n<meta property=\"og:image\" content=\"https:\/\/easy-sushi.com\/wp-content\/uploads\/2019\/09\/easy-sushi-2-5.jpg\" \/>\n\t<meta property=\"og:image:width\" content=\"1200\" \/>\n\t<meta property=\"og:image:height\" content=\"1200\" \/>\n\t<meta property=\"og:image:type\" content=\"image\/jpeg\" \/>\n<meta name=\"twitter:card\" content=\"summary_large_image\" \/>\n<meta name=\"twitter:site\" content=\"@EasySushi\" \/>\n<meta name=\"twitter:label1\" content=\"Tiempo de lectura\" \/>\n\t<meta name=\"twitter:data1\" content=\"1 minuto\" \/>\n<script type=\"application\/ld+json\" class=\"yoast-schema-graph\">{\"@context\":\"https:\\\/\\\/schema.org\",\"@graph\":[{\"@type\":\"WebPage\",\"@id\":\"https:\\\/\\\/easy-sushi.com\\\/boutique\\\/easy-sushi-2-5-noir\\\/\",\"url\":\"https:\\\/\\\/easy-sushi.com\\\/boutique\\\/easy-sushi-2-5-noir\\\/\",\"name\":\"Easy Sushi\u00ae 2.5 Noir | Appareil \u00e0 makis | Kit sushi - Easy Sushi\u00ae\",\"isPartOf\":{\"@id\":\"https:\\\/\\\/easy-sushi.com\\\/nl\\\/#website\"},\"primaryImageOfPage\":{\"@id\":\"https:\\\/\\\/easy-sushi.com\\\/boutique\\\/easy-sushi-2-5-noir\\\/#primaryimage\"},\"image\":{\"@id\":\"https:\\\/\\\/easy-sushi.com\\\/boutique\\\/easy-sushi-2-5-noir\\\/#primaryimage\"},\"thumbnailUrl\":\"https:\\\/\\\/easy-sushi.com\\\/wp-content\\\/uploads\\\/2019\\\/09\\\/easy-sushi-2-5.jpg\",\"datePublished\":\"2019-09-16T14:21:18+00:00\",\"dateModified\":\"2026-03-25T10:00:38+00:00\",\"description\":\"Pr\u00e9parer des makis maison n'a jamais \u00e9t\u00e9 aussi simple gr\u00e2ce \u00e0 la machine \u00e0 sushi Easy Sushi 2.5\u00ae Noir. Livraison offerte en France d\u00e8s 39\u20ac\",\"breadcrumb\":{\"@id\":\"https:\\\/\\\/easy-sushi.com\\\/boutique\\\/easy-sushi-2-5-noir\\\/#breadcrumb\"},\"inLanguage\":\"es\",\"potentialAction\":[{\"@type\":\"ReadAction\",\"target\":[\"https:\\\/\\\/easy-sushi.com\\\/boutique\\\/easy-sushi-2-5-noir\\\/\"]}]},{\"@type\":\"ImageObject\",\"inLanguage\":\"es\",\"@id\":\"https:\\\/\\\/easy-sushi.com\\\/boutique\\\/easy-sushi-2-5-noir\\\/#primaryimage\",\"url\":\"https:\\\/\\\/easy-sushi.com\\\/wp-content\\\/uploads\\\/2019\\\/09\\\/easy-sushi-2-5.jpg\",\"contentUrl\":\"https:\\\/\\\/easy-sushi.com\\\/wp-content\\\/uploads\\\/2019\\\/09\\\/easy-sushi-2-5.jpg\",\"width\":1200,\"height\":1200},{\"@type\":\"BreadcrumbList\",\"@id\":\"https:\\\/\\\/easy-sushi.com\\\/boutique\\\/easy-sushi-2-5-noir\\\/#breadcrumb\",\"itemListElement\":[{\"@type\":\"ListItem\",\"position\":1,\"name\":\"Accueil\",\"item\":\"https:\\\/\\\/easy-sushi.com\\\/\"},{\"@type\":\"ListItem\",\"position\":2,\"name\":\"Boutique\",\"item\":\"https:\\\/\\\/easy-sushi.com\\\/pt\\\/boutique\\\/\"},{\"@type\":\"ListItem\",\"position\":3,\"name\":\"Machine \u00e0 sushi\",\"item\":\"https:\\\/\\\/easy-sushi.com\\\/categorie-produit\\\/machine-a-sushi\\\/\"},{\"@type\":\"ListItem\",\"position\":4,\"name\":\"Easy Sushi\u00ae 2.5 Noir\"}]},{\"@type\":\"WebSite\",\"@id\":\"https:\\\/\\\/easy-sushi.com\\\/nl\\\/#website\",\"url\":\"https:\\\/\\\/easy-sushi.com\\\/nl\\\/\",\"name\":\"Easy Sushi\u00ae\",\"description\":\"\",\"publisher\":{\"@id\":\"https:\\\/\\\/easy-sushi.com\\\/nl\\\/#organization\"},\"potentialAction\":[{\"@type\":\"SearchAction\",\"target\":{\"@type\":\"EntryPoint\",\"urlTemplate\":\"https:\\\/\\\/easy-sushi.com\\\/nl\\\/?s={search_term_string}\"},\"query-input\":{\"@type\":\"PropertyValueSpecification\",\"valueRequired\":true,\"valueName\":\"search_term_string\"}}],\"inLanguage\":\"es\"},{\"@type\":\"Organization\",\"@id\":\"https:\\\/\\\/easy-sushi.com\\\/nl\\\/#organization\",\"name\":\"Easy Sushi\u00ae\",\"url\":\"https:\\\/\\\/easy-sushi.com\\\/nl\\\/\",\"logo\":{\"@type\":\"ImageObject\",\"inLanguage\":\"es\",\"@id\":\"https:\\\/\\\/easy-sushi.com\\\/nl\\\/#\\\/schema\\\/logo\\\/image\\\/\",\"url\":\"https:\\\/\\\/easy-sushi.com\\\/wp-content\\\/uploads\\\/2021\\\/01\\\/easy_sushi_logotype.svg\",\"contentUrl\":\"https:\\\/\\\/easy-sushi.com\\\/wp-content\\\/uploads\\\/2021\\\/01\\\/easy_sushi_logotype.svg\",\"width\":513,\"height\":357,\"caption\":\"Easy Sushi\u00ae\"},\"image\":{\"@id\":\"https:\\\/\\\/easy-sushi.com\\\/nl\\\/#\\\/schema\\\/logo\\\/image\\\/\"},\"sameAs\":[\"https:\\\/\\\/www.facebook.com\\\/EasySushi\\\/\",\"https:\\\/\\\/x.com\\\/EasySushi\",\"https:\\\/\\\/www.instagram.com\\\/easysushieasyrolls\\\/\",\"https:\\\/\\\/www.youtube.com\\\/user\\\/EasysushiEasyrolls\"]}]}<\/script>\n<!-- \/ Yoast SEO plugin. -->","yoast_head_json":{"title":"Easy Sushi\u00ae 2.5 Negro | m\u00e1quina maki | Kit Sushi - Easy Sushi\u00ae","description":"Preparar maki casero nunca ha sido tan f\u00e1cil gracias a la m\u00e1quina de sushi Easy Sushi 2.5\u00ae Black. Entrega gratuita en Francia a partir de 39\u20ac","robots":{"index":"index","follow":"follow","max-snippet":"max-snippet:-1","max-image-preview":"max-image-preview:large","max-video-preview":"max-video-preview:-1"},"canonical":"https:\/\/easy-sushi.com\/es\/tienda-2\/easy_sushi_2_5_noir\/","og_locale":"es_ES","og_type":"article","og_title":"Easy Sushi\u00ae 2.5 Noir | Appareil \u00e0 makis | Kit sushi - Easy Sushi\u00ae","og_description":"Pr\u00e9parer des makis maison n'a jamais \u00e9t\u00e9 aussi simple gr\u00e2ce \u00e0 la machine \u00e0 sushi Easy Sushi 2.5\u00ae Noir. Livraison offerte en France d\u00e8s 39\u20ac","og_url":"https:\/\/easy-sushi.com\/es\/tienda-2\/easy_sushi_2_5_noir\/","og_site_name":"Easy Sushi\u00ae","article_publisher":"https:\/\/www.facebook.com\/EasySushi\/","article_modified_time":"2026-03-25T10:00:38+00:00","og_image":[{"width":1200,"height":1200,"url":"https:\/\/easy-sushi.com\/wp-content\/uploads\/2019\/09\/easy-sushi-2-5.jpg","type":"image\/jpeg"}],"twitter_card":"summary_large_image","twitter_site":"@EasySushi","twitter_misc":{"Tiempo de lectura":"1 minuto"},"schema":{"@context":"https:\/\/schema.org","@graph":[{"@type":"WebPage","@id":"https:\/\/easy-sushi.com\/boutique\/easy-sushi-2-5-noir\/","url":"https:\/\/easy-sushi.com\/boutique\/easy-sushi-2-5-noir\/","name":"Easy Sushi\u00ae 2.5 Negro | m\u00e1quina maki | Kit Sushi - Easy Sushi\u00ae","isPartOf":{"@id":"https:\/\/easy-sushi.com\/nl\/#website"},"primaryImageOfPage":{"@id":"https:\/\/easy-sushi.com\/boutique\/easy-sushi-2-5-noir\/#primaryimage"},"image":{"@id":"https:\/\/easy-sushi.com\/boutique\/easy-sushi-2-5-noir\/#primaryimage"},"thumbnailUrl":"https:\/\/easy-sushi.com\/wp-content\/uploads\/2019\/09\/easy-sushi-2-5.jpg","datePublished":"2019-09-16T14:21:18+00:00","dateModified":"2026-03-25T10:00:38+00:00","description":"Preparar maki casero nunca ha sido tan f\u00e1cil gracias a la m\u00e1quina de sushi Easy Sushi 2.5\u00ae Black. Entrega gratuita en Francia a partir de 39\u20ac","breadcrumb":{"@id":"https:\/\/easy-sushi.com\/boutique\/easy-sushi-2-5-noir\/#breadcrumb"},"inLanguage":"es","potentialAction":[{"@type":"ReadAction","target":["https:\/\/easy-sushi.com\/boutique\/easy-sushi-2-5-noir\/"]}]},{"@type":"ImageObject","inLanguage":"es","@id":"https:\/\/easy-sushi.com\/boutique\/easy-sushi-2-5-noir\/#primaryimage","url":"https:\/\/easy-sushi.com\/wp-content\/uploads\/2019\/09\/easy-sushi-2-5.jpg","contentUrl":"https:\/\/easy-sushi.com\/wp-content\/uploads\/2019\/09\/easy-sushi-2-5.jpg","width":1200,"height":1200},{"@type":"BreadcrumbList","@id":"https:\/\/easy-sushi.com\/boutique\/easy-sushi-2-5-noir\/#breadcrumb","itemListElement":[{"@type":"ListItem","position":1,"name":"Accueil","item":"https:\/\/easy-sushi.com\/"},{"@type":"ListItem","position":2,"name":"Boutique","item":"https:\/\/easy-sushi.com\/pt\/boutique\/"},{"@type":"ListItem","position":3,"name":"Machine \u00e0 sushi","item":"https:\/\/easy-sushi.com\/categorie-produit\/machine-a-sushi\/"},{"@type":"ListItem","position":4,"name":"Easy Sushi\u00ae 2.5 Noir"}]},{"@type":"WebSite","@id":"https:\/\/easy-sushi.com\/nl\/#website","url":"https:\/\/easy-sushi.com\/nl\/","name":"Easy Sushi\u00ae","description":"","publisher":{"@id":"https:\/\/easy-sushi.com\/nl\/#organization"},"potentialAction":[{"@type":"SearchAction","target":{"@type":"EntryPoint","urlTemplate":"https:\/\/easy-sushi.com\/nl\/?s={search_term_string}"},"query-input":{"@type":"PropertyValueSpecification","valueRequired":true,"valueName":"search_term_string"}}],"inLanguage":"es"},{"@type":"Organization","@id":"https:\/\/easy-sushi.com\/nl\/#organization","name":"Easy Sushi\u00ae","url":"https:\/\/easy-sushi.com\/nl\/","logo":{"@type":"ImageObject","inLanguage":"es","@id":"https:\/\/easy-sushi.com\/nl\/#\/schema\/logo\/image\/","url":"https:\/\/easy-sushi.com\/wp-content\/uploads\/2021\/01\/easy_sushi_logotype.svg","contentUrl":"https:\/\/easy-sushi.com\/wp-content\/uploads\/2021\/01\/easy_sushi_logotype.svg","width":513,"height":357,"caption":"Easy Sushi\u00ae"},"image":{"@id":"https:\/\/easy-sushi.com\/nl\/#\/schema\/logo\/image\/"},"sameAs":["https:\/\/www.facebook.com\/EasySushi\/","https:\/\/x.com\/EasySushi","https:\/\/www.instagram.com\/easysushieasyrolls\/","https:\/\/www.youtube.com\/user\/EasysushiEasyrolls"]}]}},"_links":{"self":[{"href":"https:\/\/easy-sushi.com\/es\/wp-json\/wp\/v2\/product\/759","targetHints":{"allow":["GET"]}}],"collection":[{"href":"https:\/\/easy-sushi.com\/es\/wp-json\/wp\/v2\/product"}],"about":[{"href":"https:\/\/easy-sushi.com\/es\/wp-json\/wp\/v2\/types\/product"}],"replies":[{"embeddable":true,"href":"https:\/\/easy-sushi.com\/es\/wp-json\/wp\/v2\/comments?post=759"}],"wp:featuredmedia":[{"embeddable":true,"href":"https:\/\/easy-sushi.com\/es\/wp-json\/wp\/v2\/media\/27395"}],"wp:attachment":[{"href":"https:\/\/easy-sushi.com\/es\/wp-json\/wp\/v2\/media?parent=759"}],"wp:term":[{"taxonomy":"product_brand","embeddable":true,"href":"https:\/\/easy-sushi.com\/es\/wp-json\/wp\/v2\/product_brand?post=759"},{"taxonomy":"product_cat","embeddable":true,"href":"https:\/\/easy-sushi.com\/es\/wp-json\/wp\/v2\/product_cat?post=759"},{"taxonomy":"product_tag","embeddable":true,"href":"https:\/\/easy-sushi.com\/es\/wp-json\/wp\/v2\/product_tag?post=759"}],"curies":[{"name":"gracias","href":"https:\/\/api.w.org\/{rel}","templated":true}]}}