{"id":21509,"date":"2021-02-16T15:20:46","date_gmt":"2021-02-16T14:20:46","guid":{"rendered":"https:\/\/easy-sushi.com\/boutique\/sauce-de-soja-kikkoman-1litre-origine-japon\/"},"modified":"2022-11-25T19:08:48","modified_gmt":"2022-11-25T18:08:48","slug":"salsa-de-soja-kikkoman-1litro-origen-japon","status":"publish","type":"product","link":"https:\/\/easy-sushi.com\/es\/tienda-2\/salsa-de-soja-kikkoman-1litro-origen-japon\/","title":{"rendered":"Salsa de soja Kikkoman 1 litro - Origen Jap\u00f3n"},"content":{"rendered":"","protected":false},"excerpt":{"rendered":"<p>La salsa de soja Kikkoman, un condimento apreciado en Jap\u00f3n desde hace m\u00e1s de 300 a\u00f1os, es como las grandes cosechas, elaborado y fermentado mediante un proceso natural. De color marr\u00f3n \u00e1mbar, esta salsa se puede utilizar en la mesa como condimento y tambi\u00e9n para cocinar. Su sabor refinado va bien con todas las cocinas, tanto orientales como europeas.<\/p>","protected":false},"featured_media":21508,"comment_status":"open","ping_status":"closed","template":"","meta":{"neve_meta_sidebar":"","neve_meta_container":"","neve_meta_enable_content_width":"","neve_meta_content_width":0,"neve_meta_title_alignment":"","neve_meta_author_avatar":"","neve_post_elements_order":"","neve_meta_disable_header":"","neve_meta_disable_footer":"","neve_meta_disable_title":""},"product_brand":[],"product_cat":[26],"product_tag":[],"class_list":{"0":"post-21509","1":"product","2":"type-product","3":"status-publish","4":"has-post-thumbnail","6":"product_cat-epicerie","8":"first","9":"outofstock","10":"taxable","11":"shipping-taxable","12":"purchasable","13":"product-type-simple"},"yoast_head":"<!-- This site is optimized with the Yoast SEO plugin v27.5 - https:\/\/yoast.com\/product\/yoast-seo-wordpress\/ -->\n<title>Sauce de soja kikkoman 1Litre - Origine Japon - Easy Sushi\u00ae<\/title>\n<meta name=\"robots\" content=\"index, follow, max-snippet:-1, max-image-preview:large, max-video-preview:-1\" \/>\n<link rel=\"canonical\" href=\"https:\/\/easy-sushi.com\/es\/tienda-2\/salsa-de-soja-kikkoman-1litro-origen-japon\/\" \/>\n<meta property=\"og:locale\" content=\"es_ES\" \/>\n<meta property=\"og:type\" content=\"article\" \/>\n<meta property=\"og:title\" content=\"Sauce de soja kikkoman 1Litre - Origine Japon - Easy Sushi\u00ae\" \/>\n<meta property=\"og:description\" content=\"La sauce de soja Kikkoman, assaisonnement appr\u00e9ci\u00e9 au Japon depuis plus de 300ans, est comme les grands crus, \u00e9labor\u00e9e et ferment\u00e9e selon un proc\u00e9d\u00e9 naturel. Decouleur brun ambr\u00e9, cette sauce s&#039;utilise \u00e0 table comme condiment ainsi que pour cuisiner. Sa saveur raffin\u00e9e s&#039;accorde \u00e0 toutes les cuisines, tant orientales qu&#039;europ\u00e9ennes.\" \/>\n<meta property=\"og:url\" content=\"https:\/\/easy-sushi.com\/es\/tienda-2\/salsa-de-soja-kikkoman-1litro-origen-japon\/\" \/>\n<meta property=\"og:site_name\" content=\"Easy Sushi\u00ae\" \/>\n<meta property=\"article:publisher\" content=\"https:\/\/www.facebook.com\/EasySushi\/\" \/>\n<meta property=\"article:modified_time\" content=\"2022-11-25T18:08:48+00:00\" \/>\n<meta property=\"og:image\" content=\"https:\/\/mlwz8lwoesaq.i.optimole.com\/w:575\/h:575\/q:mauto\/f:best\/https:\/\/easy-sushi.com\/wp-content\/uploads\/2021\/02\/product_2784372b.jpg\" \/>\n\t<meta property=\"og:image:width\" content=\"575\" \/>\n\t<meta property=\"og:image:height\" content=\"575\" \/>\n\t<meta property=\"og:image:type\" content=\"image\/jpeg\" \/>\n<meta name=\"twitter:card\" content=\"summary_large_image\" \/>\n<meta name=\"twitter:site\" content=\"@EasySushi\" \/>\n<script type=\"application\/ld+json\" class=\"yoast-schema-graph\">{\"@context\":\"https:\\\/\\\/schema.org\",\"@graph\":[{\"@type\":\"WebPage\",\"@id\":\"https:\\\/\\\/easy-sushi.com\\\/boutique\\\/sauce-de-soja-kikkoman-1litre-origine-japon\\\/\",\"url\":\"https:\\\/\\\/easy-sushi.com\\\/boutique\\\/sauce-de-soja-kikkoman-1litre-origine-japon\\\/\",\"name\":\"Sauce de soja kikkoman 1Litre - Origine Japon - Easy Sushi\u00ae\",\"isPartOf\":{\"@id\":\"https:\\\/\\\/easy-sushi.com\\\/nl\\\/#website\"},\"primaryImageOfPage\":{\"@id\":\"https:\\\/\\\/easy-sushi.com\\\/boutique\\\/sauce-de-soja-kikkoman-1litre-origine-japon\\\/#primaryimage\"},\"image\":{\"@id\":\"https:\\\/\\\/easy-sushi.com\\\/boutique\\\/sauce-de-soja-kikkoman-1litre-origine-japon\\\/#primaryimage\"},\"thumbnailUrl\":\"https:\\\/\\\/easy-sushi.com\\\/wp-content\\\/uploads\\\/2021\\\/02\\\/product_2784372b.jpg\",\"datePublished\":\"2021-02-16T14:20:46+00:00\",\"dateModified\":\"2022-11-25T18:08:48+00:00\",\"breadcrumb\":{\"@id\":\"https:\\\/\\\/easy-sushi.com\\\/boutique\\\/sauce-de-soja-kikkoman-1litre-origine-japon\\\/#breadcrumb\"},\"inLanguage\":\"es\",\"potentialAction\":[{\"@type\":\"ReadAction\",\"target\":[\"https:\\\/\\\/easy-sushi.com\\\/boutique\\\/sauce-de-soja-kikkoman-1litre-origine-japon\\\/\"]}]},{\"@type\":\"ImageObject\",\"inLanguage\":\"es\",\"@id\":\"https:\\\/\\\/easy-sushi.com\\\/boutique\\\/sauce-de-soja-kikkoman-1litre-origine-japon\\\/#primaryimage\",\"url\":\"https:\\\/\\\/easy-sushi.com\\\/wp-content\\\/uploads\\\/2021\\\/02\\\/product_2784372b.jpg\",\"contentUrl\":\"https:\\\/\\\/easy-sushi.com\\\/wp-content\\\/uploads\\\/2021\\\/02\\\/product_2784372b.jpg\",\"width\":575,\"height\":575},{\"@type\":\"BreadcrumbList\",\"@id\":\"https:\\\/\\\/easy-sushi.com\\\/boutique\\\/sauce-de-soja-kikkoman-1litre-origine-japon\\\/#breadcrumb\",\"itemListElement\":[{\"@type\":\"ListItem\",\"position\":1,\"name\":\"Accueil\",\"item\":\"https:\\\/\\\/easy-sushi.com\\\/\"},{\"@type\":\"ListItem\",\"position\":2,\"name\":\"Boutique\",\"item\":\"https:\\\/\\\/easy-sushi.com\\\/pt\\\/boutique\\\/\"},{\"@type\":\"ListItem\",\"position\":3,\"name\":\"\u00c9picerie\",\"item\":\"https:\\\/\\\/easy-sushi.com\\\/categorie-produit\\\/epicerie\\\/\"},{\"@type\":\"ListItem\",\"position\":4,\"name\":\"Sauce de soja kikkoman 1Litre &#8211; Origine Japon\"}]},{\"@type\":\"WebSite\",\"@id\":\"https:\\\/\\\/easy-sushi.com\\\/nl\\\/#website\",\"url\":\"https:\\\/\\\/easy-sushi.com\\\/nl\\\/\",\"name\":\"Easy Sushi\u00ae\",\"description\":\"\",\"publisher\":{\"@id\":\"https:\\\/\\\/easy-sushi.com\\\/nl\\\/#organization\"},\"potentialAction\":[{\"@type\":\"SearchAction\",\"target\":{\"@type\":\"EntryPoint\",\"urlTemplate\":\"https:\\\/\\\/easy-sushi.com\\\/nl\\\/?s={search_term_string}\"},\"query-input\":{\"@type\":\"PropertyValueSpecification\",\"valueRequired\":true,\"valueName\":\"search_term_string\"}}],\"inLanguage\":\"es\"},{\"@type\":\"Organization\",\"@id\":\"https:\\\/\\\/easy-sushi.com\\\/nl\\\/#organization\",\"name\":\"Easy Sushi\u00ae\",\"url\":\"https:\\\/\\\/easy-sushi.com\\\/nl\\\/\",\"logo\":{\"@type\":\"ImageObject\",\"inLanguage\":\"es\",\"@id\":\"https:\\\/\\\/easy-sushi.com\\\/nl\\\/#\\\/schema\\\/logo\\\/image\\\/\",\"url\":\"https:\\\/\\\/easy-sushi.com\\\/wp-content\\\/uploads\\\/2021\\\/01\\\/easy_sushi_logotype.svg\",\"contentUrl\":\"https:\\\/\\\/easy-sushi.com\\\/wp-content\\\/uploads\\\/2021\\\/01\\\/easy_sushi_logotype.svg\",\"width\":513,\"height\":357,\"caption\":\"Easy Sushi\u00ae\"},\"image\":{\"@id\":\"https:\\\/\\\/easy-sushi.com\\\/nl\\\/#\\\/schema\\\/logo\\\/image\\\/\"},\"sameAs\":[\"https:\\\/\\\/www.facebook.com\\\/EasySushi\\\/\",\"https:\\\/\\\/x.com\\\/EasySushi\",\"https:\\\/\\\/www.instagram.com\\\/easysushieasyrolls\\\/\",\"https:\\\/\\\/www.youtube.com\\\/user\\\/EasysushiEasyrolls\"]}]}<\/script>\n<!-- \/ Yoast SEO plugin. -->","yoast_head_json":{"title":"Salsa de soja Kikkoman 1 Litro - Origen Jap\u00f3n - Easy Sushi\u00ae","robots":{"index":"index","follow":"follow","max-snippet":"max-snippet:-1","max-image-preview":"max-image-preview:large","max-video-preview":"max-video-preview:-1"},"canonical":"https:\/\/easy-sushi.com\/es\/tienda-2\/salsa-de-soja-kikkoman-1litro-origen-japon\/","og_locale":"es_ES","og_type":"article","og_title":"Sauce de soja kikkoman 1Litre - Origine Japon - Easy Sushi\u00ae","og_description":"La sauce de soja Kikkoman, assaisonnement appr\u00e9ci\u00e9 au Japon depuis plus de 300ans, est comme les grands crus, \u00e9labor\u00e9e et ferment\u00e9e selon un proc\u00e9d\u00e9 naturel. Decouleur brun ambr\u00e9, cette sauce s'utilise \u00e0 table comme condiment ainsi que pour cuisiner. Sa saveur raffin\u00e9e s'accorde \u00e0 toutes les cuisines, tant orientales qu'europ\u00e9ennes.","og_url":"https:\/\/easy-sushi.com\/es\/tienda-2\/salsa-de-soja-kikkoman-1litro-origen-japon\/","og_site_name":"Easy Sushi\u00ae","article_publisher":"https:\/\/www.facebook.com\/EasySushi\/","article_modified_time":"2022-11-25T18:08:48+00:00","og_image":[{"width":575,"height":575,"url":"https:\/\/mlwz8lwoesaq.i.optimole.com\/w:575\/h:575\/q:mauto\/f:best\/https:\/\/easy-sushi.com\/wp-content\/uploads\/2021\/02\/product_2784372b.jpg","type":"image\/jpeg"}],"twitter_card":"summary_large_image","twitter_site":"@EasySushi","schema":{"@context":"https:\/\/schema.org","@graph":[{"@type":"WebPage","@id":"https:\/\/easy-sushi.com\/boutique\/sauce-de-soja-kikkoman-1litre-origine-japon\/","url":"https:\/\/easy-sushi.com\/boutique\/sauce-de-soja-kikkoman-1litre-origine-japon\/","name":"Salsa de soja Kikkoman 1 Litro - Origen Jap\u00f3n - Easy Sushi\u00ae","isPartOf":{"@id":"https:\/\/easy-sushi.com\/nl\/#website"},"primaryImageOfPage":{"@id":"https:\/\/easy-sushi.com\/boutique\/sauce-de-soja-kikkoman-1litre-origine-japon\/#primaryimage"},"image":{"@id":"https:\/\/easy-sushi.com\/boutique\/sauce-de-soja-kikkoman-1litre-origine-japon\/#primaryimage"},"thumbnailUrl":"https:\/\/easy-sushi.com\/wp-content\/uploads\/2021\/02\/product_2784372b.jpg","datePublished":"2021-02-16T14:20:46+00:00","dateModified":"2022-11-25T18:08:48+00:00","breadcrumb":{"@id":"https:\/\/easy-sushi.com\/boutique\/sauce-de-soja-kikkoman-1litre-origine-japon\/#breadcrumb"},"inLanguage":"es","potentialAction":[{"@type":"ReadAction","target":["https:\/\/easy-sushi.com\/boutique\/sauce-de-soja-kikkoman-1litre-origine-japon\/"]}]},{"@type":"ImageObject","inLanguage":"es","@id":"https:\/\/easy-sushi.com\/boutique\/sauce-de-soja-kikkoman-1litre-origine-japon\/#primaryimage","url":"https:\/\/easy-sushi.com\/wp-content\/uploads\/2021\/02\/product_2784372b.jpg","contentUrl":"https:\/\/easy-sushi.com\/wp-content\/uploads\/2021\/02\/product_2784372b.jpg","width":575,"height":575},{"@type":"BreadcrumbList","@id":"https:\/\/easy-sushi.com\/boutique\/sauce-de-soja-kikkoman-1litre-origine-japon\/#breadcrumb","itemListElement":[{"@type":"ListItem","position":1,"name":"Accueil","item":"https:\/\/easy-sushi.com\/"},{"@type":"ListItem","position":2,"name":"Boutique","item":"https:\/\/easy-sushi.com\/pt\/boutique\/"},{"@type":"ListItem","position":3,"name":"\u00c9picerie","item":"https:\/\/easy-sushi.com\/categorie-produit\/epicerie\/"},{"@type":"ListItem","position":4,"name":"Sauce de soja kikkoman 1Litre &#8211; Origine Japon"}]},{"@type":"WebSite","@id":"https:\/\/easy-sushi.com\/nl\/#website","url":"https:\/\/easy-sushi.com\/nl\/","name":"Easy Sushi\u00ae","description":"","publisher":{"@id":"https:\/\/easy-sushi.com\/nl\/#organization"},"potentialAction":[{"@type":"SearchAction","target":{"@type":"EntryPoint","urlTemplate":"https:\/\/easy-sushi.com\/nl\/?s={search_term_string}"},"query-input":{"@type":"PropertyValueSpecification","valueRequired":true,"valueName":"search_term_string"}}],"inLanguage":"es"},{"@type":"Organization","@id":"https:\/\/easy-sushi.com\/nl\/#organization","name":"Easy Sushi\u00ae","url":"https:\/\/easy-sushi.com\/nl\/","logo":{"@type":"ImageObject","inLanguage":"es","@id":"https:\/\/easy-sushi.com\/nl\/#\/schema\/logo\/image\/","url":"https:\/\/easy-sushi.com\/wp-content\/uploads\/2021\/01\/easy_sushi_logotype.svg","contentUrl":"https:\/\/easy-sushi.com\/wp-content\/uploads\/2021\/01\/easy_sushi_logotype.svg","width":513,"height":357,"caption":"Easy Sushi\u00ae"},"image":{"@id":"https:\/\/easy-sushi.com\/nl\/#\/schema\/logo\/image\/"},"sameAs":["https:\/\/www.facebook.com\/EasySushi\/","https:\/\/x.com\/EasySushi","https:\/\/www.instagram.com\/easysushieasyrolls\/","https:\/\/www.youtube.com\/user\/EasysushiEasyrolls"]}]}},"_links":{"self":[{"href":"https:\/\/easy-sushi.com\/es\/wp-json\/wp\/v2\/product\/21509","targetHints":{"allow":["GET"]}}],"collection":[{"href":"https:\/\/easy-sushi.com\/es\/wp-json\/wp\/v2\/product"}],"about":[{"href":"https:\/\/easy-sushi.com\/es\/wp-json\/wp\/v2\/types\/product"}],"replies":[{"embeddable":true,"href":"https:\/\/easy-sushi.com\/es\/wp-json\/wp\/v2\/comments?post=21509"}],"wp:featuredmedia":[{"embeddable":true,"href":"https:\/\/easy-sushi.com\/es\/wp-json\/wp\/v2\/media\/21508"}],"wp:attachment":[{"href":"https:\/\/easy-sushi.com\/es\/wp-json\/wp\/v2\/media?parent=21509"}],"wp:term":[{"taxonomy":"product_brand","embeddable":true,"href":"https:\/\/easy-sushi.com\/es\/wp-json\/wp\/v2\/product_brand?post=21509"},{"taxonomy":"product_cat","embeddable":true,"href":"https:\/\/easy-sushi.com\/es\/wp-json\/wp\/v2\/product_cat?post=21509"},{"taxonomy":"product_tag","embeddable":true,"href":"https:\/\/easy-sushi.com\/es\/wp-json\/wp\/v2\/product_tag?post=21509"}],"curies":[{"name":"gracias","href":"https:\/\/api.w.org\/{rel}","templated":true}]}}