{"id":19678,"date":"2020-07-08T15:37:58","date_gmt":"2020-07-08T13:37:58","guid":{"rendered":"https:\/\/easy-sushi.com\/?post_type=product&#038;p=19678"},"modified":"2022-11-25T19:12:21","modified_gmt":"2022-11-25T18:12:21","slug":"hojas-de-soja-para-rollos-de-sushi-maki","status":"publish","type":"product","link":"https:\/\/easy-sushi.com\/es\/tienda-2\/hojas-de-soja-para-rollos-de-sushi-maki\/","title":{"rendered":"Hojas de soja para Maki Sushi &amp; Rolls"},"content":{"rendered":"<p>Las hojas de soja son ideales para usar con nuestro Easy Sushi\u00ae 2.5, 3.5 y 4.5.<\/p>\n<p>Sustituyen a la tradicional hoja de nori en todas tus creaciones m\u00e1s atrevidas. Agregue color a su maki sushi, rollos de postre, rollos de aperitivo, envolturas, etc.<\/p>\n<p><strong>Composici\u00f3n:<\/strong> Polvo de soja (63%), humectante E422, aceite de soja (10%), agua, jarabe de arroz, colorante E129<\/p>\n<p>El paquete contiene una bolsita de agente qu\u00edmico que absorbe la humedad para proteger el producto. <strong>No abrir, no consumir el contenido de este sobre<\/strong>.<\/p>\n<p><strong>Valor nutricional (por 100 g)<\/strong> :<\/p>\n<table class=\"producttable\" summary=\"\">\n<tbody>\n<tr>\n<td>Energ\u00eda (kJ \/ kcal)<\/td>\n<td>1551 \/ 369<\/td>\n<\/tr>\n<tr>\n<td>Grasa (g)<\/td>\n<td>9.6<\/td>\n<\/tr>\n<tr>\n<td>\u00a0de los cuales \u00e1cidos grasos saturados (g)<\/td>\n<td>1.6<\/td>\n<\/tr>\n<tr>\n<td>Carbohidratos (g)<\/td>\n<td>22<\/td>\n<\/tr>\n<tr>\n<td>\u00a0 de los cuales az\u00facares (g)<\/td>\n<td>4.5<\/td>\n<\/tr>\n<tr>\n<td>Prote\u00ednas (g)<\/td>\n<td>45<\/td>\n<\/tr>\n<tr>\n<td>Sal (g)<\/td>\n<td>1.2<\/td>\n<\/tr>\n<\/tbody>\n<\/table>\n<p><strong>Conservaci\u00f3n :<\/strong> Almacene lejos de la luz solar directa en un lugar fresco y seco. Despu\u00e9s de abrir, consumir r\u00e1pidamente.<\/p>","protected":false},"excerpt":{"rendered":"<div class=\"product_description\">\n<p>Haga perfectos makis de sushi, envolturas y envolturas con estas hojas de soja<\/p>\n<ul>\n<li>Contiene 20 hojas<\/li>\n<li>Bolsa con cremallera<\/li>\n<li>5 colores (s\u00e9samo, verde, amarillo, rosa, naranja)<\/li>\n<li>Sin gluten<\/li>\n<li>Adecuado para una dieta vegetariana.<\/li>\n<li>Producido en los Estados Unidos<\/li>\n<\/ul>\n<\/div>","protected":false},"featured_media":19689,"comment_status":"open","ping_status":"closed","template":"","meta":{"neve_meta_sidebar":"","neve_meta_container":"","neve_meta_enable_content_width":"","neve_meta_content_width":0,"neve_meta_title_alignment":"","neve_meta_author_avatar":"","neve_post_elements_order":"","neve_meta_disable_header":"","neve_meta_disable_footer":"","neve_meta_disable_title":""},"product_brand":[],"product_cat":[26],"product_tag":[],"class_list":{"0":"post-19678","1":"product","2":"type-product","3":"status-publish","4":"has-post-thumbnail","6":"product_cat-epicerie","8":"first","9":"outofstock","10":"taxable","11":"shipping-taxable","12":"product-type-variable"},"yoast_head":"<!-- This site is optimized with the Yoast SEO plugin v27.5 - https:\/\/yoast.com\/product\/yoast-seo-wordpress\/ -->\n<title>Feuilles de Soja pour Maki Sushis &amp; Roul\u00e9s - Easy Sushi\u00ae<\/title>\n<meta name=\"description\" content=\"Mettez de la couleur dans vos maki sushis, roul\u00e9s desserts, roul\u00e9s ap\u00e9ro, wrap avec les feuilles de soja disponibles en 5 coloris par Easy Sushi\u00ae\" \/>\n<meta name=\"robots\" content=\"index, follow, max-snippet:-1, max-image-preview:large, max-video-preview:-1\" \/>\n<link rel=\"canonical\" href=\"https:\/\/easy-sushi.com\/es\/tienda-2\/hojas-de-soja-para-rollos-de-sushi-maki\/\" \/>\n<meta property=\"og:locale\" content=\"es_ES\" \/>\n<meta property=\"og:type\" content=\"article\" \/>\n<meta property=\"og:title\" content=\"Feuilles de Soja pour Maki Sushis &amp; Roul\u00e9s - Easy Sushi\u00ae\" \/>\n<meta property=\"og:description\" content=\"Mettez de la couleur dans vos maki sushis, roul\u00e9s desserts, roul\u00e9s ap\u00e9ro, wrap avec les feuilles de soja disponibles en 5 coloris par Easy Sushi\u00ae\" \/>\n<meta property=\"og:url\" content=\"https:\/\/easy-sushi.com\/es\/tienda-2\/hojas-de-soja-para-rollos-de-sushi-maki\/\" \/>\n<meta property=\"og:site_name\" content=\"Easy Sushi\u00ae\" \/>\n<meta property=\"article:publisher\" content=\"https:\/\/www.facebook.com\/EasySushi\/\" \/>\n<meta property=\"article:modified_time\" content=\"2022-11-25T18:12:21+00:00\" \/>\n<meta property=\"og:image\" content=\"https:\/\/mlwz8lwoesaq.i.optimole.com\/w:1080\/h:1080\/q:mauto\/f:best\/https:\/\/easy-sushi.com\/wp-content\/uploads\/2020\/07\/Feuille-de-soja-sesame-soy-wrapper.jpg\" \/>\n\t<meta property=\"og:image:width\" content=\"1200\" \/>\n\t<meta property=\"og:image:height\" content=\"1200\" \/>\n\t<meta property=\"og:image:type\" content=\"image\/jpeg\" \/>\n<meta name=\"twitter:card\" content=\"summary_large_image\" \/>\n<meta name=\"twitter:site\" content=\"@EasySushi\" \/>\n<meta name=\"twitter:label1\" content=\"Tiempo de lectura\" \/>\n\t<meta name=\"twitter:data1\" content=\"1 minuto\" \/>\n<script type=\"application\/ld+json\" class=\"yoast-schema-graph\">{\"@context\":\"https:\\\/\\\/schema.org\",\"@graph\":[{\"@type\":\"WebPage\",\"@id\":\"https:\\\/\\\/easy-sushi.com\\\/boutique\\\/feuilles-de-soja-pour-maki-sushis-roules\\\/\",\"url\":\"https:\\\/\\\/easy-sushi.com\\\/boutique\\\/feuilles-de-soja-pour-maki-sushis-roules\\\/\",\"name\":\"Feuilles de Soja pour Maki Sushis & Roul\u00e9s - Easy Sushi\u00ae\",\"isPartOf\":{\"@id\":\"https:\\\/\\\/easy-sushi.com\\\/nl\\\/#website\"},\"primaryImageOfPage\":{\"@id\":\"https:\\\/\\\/easy-sushi.com\\\/boutique\\\/feuilles-de-soja-pour-maki-sushis-roules\\\/#primaryimage\"},\"image\":{\"@id\":\"https:\\\/\\\/easy-sushi.com\\\/boutique\\\/feuilles-de-soja-pour-maki-sushis-roules\\\/#primaryimage\"},\"thumbnailUrl\":\"https:\\\/\\\/easy-sushi.com\\\/wp-content\\\/uploads\\\/2020\\\/07\\\/Feuille-de-soja-sesame-soy-wrapper.jpg\",\"datePublished\":\"2020-07-08T13:37:58+00:00\",\"dateModified\":\"2022-11-25T18:12:21+00:00\",\"description\":\"Mettez de la couleur dans vos maki sushis, roul\u00e9s desserts, roul\u00e9s ap\u00e9ro, wrap avec les feuilles de soja disponibles en 5 coloris par Easy Sushi\u00ae\",\"breadcrumb\":{\"@id\":\"https:\\\/\\\/easy-sushi.com\\\/boutique\\\/feuilles-de-soja-pour-maki-sushis-roules\\\/#breadcrumb\"},\"inLanguage\":\"es\",\"potentialAction\":[{\"@type\":\"ReadAction\",\"target\":[\"https:\\\/\\\/easy-sushi.com\\\/boutique\\\/feuilles-de-soja-pour-maki-sushis-roules\\\/\"]}]},{\"@type\":\"ImageObject\",\"inLanguage\":\"es\",\"@id\":\"https:\\\/\\\/easy-sushi.com\\\/boutique\\\/feuilles-de-soja-pour-maki-sushis-roules\\\/#primaryimage\",\"url\":\"https:\\\/\\\/easy-sushi.com\\\/wp-content\\\/uploads\\\/2020\\\/07\\\/Feuille-de-soja-sesame-soy-wrapper.jpg\",\"contentUrl\":\"https:\\\/\\\/easy-sushi.com\\\/wp-content\\\/uploads\\\/2020\\\/07\\\/Feuille-de-soja-sesame-soy-wrapper.jpg\",\"width\":1200,\"height\":1200,\"caption\":\"Feuille-de-soja-sesame-soy-wrapper\"},{\"@type\":\"BreadcrumbList\",\"@id\":\"https:\\\/\\\/easy-sushi.com\\\/boutique\\\/feuilles-de-soja-pour-maki-sushis-roules\\\/#breadcrumb\",\"itemListElement\":[{\"@type\":\"ListItem\",\"position\":1,\"name\":\"Accueil\",\"item\":\"https:\\\/\\\/easy-sushi.com\\\/\"},{\"@type\":\"ListItem\",\"position\":2,\"name\":\"Boutique\",\"item\":\"https:\\\/\\\/easy-sushi.com\\\/pt\\\/boutique\\\/\"},{\"@type\":\"ListItem\",\"position\":3,\"name\":\"\u00c9picerie\",\"item\":\"https:\\\/\\\/easy-sushi.com\\\/categorie-produit\\\/epicerie\\\/\"},{\"@type\":\"ListItem\",\"position\":4,\"name\":\"Feuilles de Soja pour Maki Sushis &#038; Roul\u00e9s\"}]},{\"@type\":\"WebSite\",\"@id\":\"https:\\\/\\\/easy-sushi.com\\\/nl\\\/#website\",\"url\":\"https:\\\/\\\/easy-sushi.com\\\/nl\\\/\",\"name\":\"Easy Sushi\u00ae\",\"description\":\"\",\"publisher\":{\"@id\":\"https:\\\/\\\/easy-sushi.com\\\/nl\\\/#organization\"},\"potentialAction\":[{\"@type\":\"SearchAction\",\"target\":{\"@type\":\"EntryPoint\",\"urlTemplate\":\"https:\\\/\\\/easy-sushi.com\\\/nl\\\/?s={search_term_string}\"},\"query-input\":{\"@type\":\"PropertyValueSpecification\",\"valueRequired\":true,\"valueName\":\"search_term_string\"}}],\"inLanguage\":\"es\"},{\"@type\":\"Organization\",\"@id\":\"https:\\\/\\\/easy-sushi.com\\\/nl\\\/#organization\",\"name\":\"Easy Sushi\u00ae\",\"url\":\"https:\\\/\\\/easy-sushi.com\\\/nl\\\/\",\"logo\":{\"@type\":\"ImageObject\",\"inLanguage\":\"es\",\"@id\":\"https:\\\/\\\/easy-sushi.com\\\/nl\\\/#\\\/schema\\\/logo\\\/image\\\/\",\"url\":\"https:\\\/\\\/easy-sushi.com\\\/wp-content\\\/uploads\\\/2021\\\/01\\\/easy_sushi_logotype.svg\",\"contentUrl\":\"https:\\\/\\\/easy-sushi.com\\\/wp-content\\\/uploads\\\/2021\\\/01\\\/easy_sushi_logotype.svg\",\"width\":513,\"height\":357,\"caption\":\"Easy Sushi\u00ae\"},\"image\":{\"@id\":\"https:\\\/\\\/easy-sushi.com\\\/nl\\\/#\\\/schema\\\/logo\\\/image\\\/\"},\"sameAs\":[\"https:\\\/\\\/www.facebook.com\\\/EasySushi\\\/\",\"https:\\\/\\\/x.com\\\/EasySushi\",\"https:\\\/\\\/www.instagram.com\\\/easysushieasyrolls\\\/\",\"https:\\\/\\\/www.youtube.com\\\/user\\\/EasysushiEasyrolls\"]}]}<\/script>\n<!-- \/ Yoast SEO plugin. -->","yoast_head_json":{"title":"Hojas de Soya para Maki Sushis &amp; Rolls - Easy Sushi\u00ae","description":"Agregue color a su maki sushi, rollos de postre, rollos de aperitivo, envuelva con hojas de soja disponible en 5 colores por Easy Sushi\u00ae","robots":{"index":"index","follow":"follow","max-snippet":"max-snippet:-1","max-image-preview":"max-image-preview:large","max-video-preview":"max-video-preview:-1"},"canonical":"https:\/\/easy-sushi.com\/es\/tienda-2\/hojas-de-soja-para-rollos-de-sushi-maki\/","og_locale":"es_ES","og_type":"article","og_title":"Feuilles de Soja pour Maki Sushis & Roul\u00e9s - Easy Sushi\u00ae","og_description":"Mettez de la couleur dans vos maki sushis, roul\u00e9s desserts, roul\u00e9s ap\u00e9ro, wrap avec les feuilles de soja disponibles en 5 coloris par Easy Sushi\u00ae","og_url":"https:\/\/easy-sushi.com\/es\/tienda-2\/hojas-de-soja-para-rollos-de-sushi-maki\/","og_site_name":"Easy Sushi\u00ae","article_publisher":"https:\/\/www.facebook.com\/EasySushi\/","article_modified_time":"2022-11-25T18:12:21+00:00","og_image":[{"width":1200,"height":1200,"url":"https:\/\/mlwz8lwoesaq.i.optimole.com\/w:1080\/h:1080\/q:mauto\/f:best\/https:\/\/easy-sushi.com\/wp-content\/uploads\/2020\/07\/Feuille-de-soja-sesame-soy-wrapper.jpg","type":"image\/jpeg"}],"twitter_card":"summary_large_image","twitter_site":"@EasySushi","twitter_misc":{"Tiempo de lectura":"1 minuto"},"schema":{"@context":"https:\/\/schema.org","@graph":[{"@type":"WebPage","@id":"https:\/\/easy-sushi.com\/boutique\/feuilles-de-soja-pour-maki-sushis-roules\/","url":"https:\/\/easy-sushi.com\/boutique\/feuilles-de-soja-pour-maki-sushis-roules\/","name":"Hojas de Soya para Maki Sushis &amp; Rolls - Easy Sushi\u00ae","isPartOf":{"@id":"https:\/\/easy-sushi.com\/nl\/#website"},"primaryImageOfPage":{"@id":"https:\/\/easy-sushi.com\/boutique\/feuilles-de-soja-pour-maki-sushis-roules\/#primaryimage"},"image":{"@id":"https:\/\/easy-sushi.com\/boutique\/feuilles-de-soja-pour-maki-sushis-roules\/#primaryimage"},"thumbnailUrl":"https:\/\/easy-sushi.com\/wp-content\/uploads\/2020\/07\/Feuille-de-soja-sesame-soy-wrapper.jpg","datePublished":"2020-07-08T13:37:58+00:00","dateModified":"2022-11-25T18:12:21+00:00","description":"Agregue color a su maki sushi, rollos de postre, rollos de aperitivo, envuelva con hojas de soja disponible en 5 colores por Easy Sushi\u00ae","breadcrumb":{"@id":"https:\/\/easy-sushi.com\/boutique\/feuilles-de-soja-pour-maki-sushis-roules\/#breadcrumb"},"inLanguage":"es","potentialAction":[{"@type":"ReadAction","target":["https:\/\/easy-sushi.com\/boutique\/feuilles-de-soja-pour-maki-sushis-roules\/"]}]},{"@type":"ImageObject","inLanguage":"es","@id":"https:\/\/easy-sushi.com\/boutique\/feuilles-de-soja-pour-maki-sushis-roules\/#primaryimage","url":"https:\/\/easy-sushi.com\/wp-content\/uploads\/2020\/07\/Feuille-de-soja-sesame-soy-wrapper.jpg","contentUrl":"https:\/\/easy-sushi.com\/wp-content\/uploads\/2020\/07\/Feuille-de-soja-sesame-soy-wrapper.jpg","width":1200,"height":1200,"caption":"Feuille-de-soja-sesame-soy-wrapper"},{"@type":"BreadcrumbList","@id":"https:\/\/easy-sushi.com\/boutique\/feuilles-de-soja-pour-maki-sushis-roules\/#breadcrumb","itemListElement":[{"@type":"ListItem","position":1,"name":"Accueil","item":"https:\/\/easy-sushi.com\/"},{"@type":"ListItem","position":2,"name":"Boutique","item":"https:\/\/easy-sushi.com\/pt\/boutique\/"},{"@type":"ListItem","position":3,"name":"\u00c9picerie","item":"https:\/\/easy-sushi.com\/categorie-produit\/epicerie\/"},{"@type":"ListItem","position":4,"name":"Feuilles de Soja pour Maki Sushis &#038; Roul\u00e9s"}]},{"@type":"WebSite","@id":"https:\/\/easy-sushi.com\/nl\/#website","url":"https:\/\/easy-sushi.com\/nl\/","name":"Easy Sushi\u00ae","description":"","publisher":{"@id":"https:\/\/easy-sushi.com\/nl\/#organization"},"potentialAction":[{"@type":"SearchAction","target":{"@type":"EntryPoint","urlTemplate":"https:\/\/easy-sushi.com\/nl\/?s={search_term_string}"},"query-input":{"@type":"PropertyValueSpecification","valueRequired":true,"valueName":"search_term_string"}}],"inLanguage":"es"},{"@type":"Organization","@id":"https:\/\/easy-sushi.com\/nl\/#organization","name":"Easy Sushi\u00ae","url":"https:\/\/easy-sushi.com\/nl\/","logo":{"@type":"ImageObject","inLanguage":"es","@id":"https:\/\/easy-sushi.com\/nl\/#\/schema\/logo\/image\/","url":"https:\/\/easy-sushi.com\/wp-content\/uploads\/2021\/01\/easy_sushi_logotype.svg","contentUrl":"https:\/\/easy-sushi.com\/wp-content\/uploads\/2021\/01\/easy_sushi_logotype.svg","width":513,"height":357,"caption":"Easy Sushi\u00ae"},"image":{"@id":"https:\/\/easy-sushi.com\/nl\/#\/schema\/logo\/image\/"},"sameAs":["https:\/\/www.facebook.com\/EasySushi\/","https:\/\/x.com\/EasySushi","https:\/\/www.instagram.com\/easysushieasyrolls\/","https:\/\/www.youtube.com\/user\/EasysushiEasyrolls"]}]}},"_links":{"self":[{"href":"https:\/\/easy-sushi.com\/es\/wp-json\/wp\/v2\/product\/19678","targetHints":{"allow":["GET"]}}],"collection":[{"href":"https:\/\/easy-sushi.com\/es\/wp-json\/wp\/v2\/product"}],"about":[{"href":"https:\/\/easy-sushi.com\/es\/wp-json\/wp\/v2\/types\/product"}],"replies":[{"embeddable":true,"href":"https:\/\/easy-sushi.com\/es\/wp-json\/wp\/v2\/comments?post=19678"}],"wp:featuredmedia":[{"embeddable":true,"href":"https:\/\/easy-sushi.com\/es\/wp-json\/wp\/v2\/media\/19689"}],"wp:attachment":[{"href":"https:\/\/easy-sushi.com\/es\/wp-json\/wp\/v2\/media?parent=19678"}],"wp:term":[{"taxonomy":"product_brand","embeddable":true,"href":"https:\/\/easy-sushi.com\/es\/wp-json\/wp\/v2\/product_brand?post=19678"},{"taxonomy":"product_cat","embeddable":true,"href":"https:\/\/easy-sushi.com\/es\/wp-json\/wp\/v2\/product_cat?post=19678"},{"taxonomy":"product_tag","embeddable":true,"href":"https:\/\/easy-sushi.com\/es\/wp-json\/wp\/v2\/product_tag?post=19678"}],"curies":[{"name":"gracias","href":"https:\/\/api.w.org\/{rel}","templated":true}]}}