{"id":23504,"date":"2022-05-12T10:51:18","date_gmt":"2022-05-12T08:51:18","guid":{"rendered":"https:\/\/easy-sushi.com\/?page_id=23504"},"modified":"2024-06-21T09:47:19","modified_gmt":"2024-06-21T07:47:19","slug":"concepto","status":"publish","type":"page","link":"https:\/\/easy-sushi.com\/es\/concepto\/","title":{"rendered":"Concepto"},"content":{"rendered":"<div data-elementor-type=\"wp-page\" data-elementor-id=\"23504\" class=\"elementor elementor-23504\" data-elementor-post-type=\"page\">\n\t\t\t\t<div class=\"elementor-element elementor-element-c371552 e-flex e-con-boxed e-con e-parent\" data-id=\"c371552\" data-element_type=\"container\" data-e-type=\"container\">\n\t\t\t\t\t<div class=\"e-con-inner\">\n\t\t<div class=\"elementor-element elementor-element-f39ee1d e-con-full e-flex e-con e-child\" data-id=\"f39ee1d\" data-element_type=\"container\" data-e-type=\"container\">\n\t\t\t\t<div class=\"elementor-element elementor-element-e260a13 elementor-widget elementor-widget-heading\" data-id=\"e260a13\" data-element_type=\"widget\" data-e-type=\"widget\" data-widget_type=\"heading.default\">\n\t\t\t\t<div class=\"elementor-widget-container\">\n\t\t\t\t\t<h1 class=\"elementor-heading-title elementor-size-default\">Concepto<\/h1>\t\t\t\t<\/div>\n\t\t\t\t<\/div>\n\t\t\t\t<div class=\"elementor-element elementor-element-da5c632 elementor-widget-divider--view-line elementor-widget elementor-widget-divider\" data-id=\"da5c632\" data-element_type=\"widget\" data-e-type=\"widget\" data-widget_type=\"divider.default\">\n\t\t\t\t<div class=\"elementor-widget-container\">\n\t\t\t\t\t\t\t<div class=\"elementor-divider\">\n\t\t\t<span class=\"elementor-divider-separator\">\n\t\t\t\t\t\t<\/span>\n\t\t<\/div>\n\t\t\t\t\t\t<\/div>\n\t\t\t\t<\/div>\n\t\t\t\t<\/div>\n\t\t<div class=\"elementor-element elementor-element-95aa1b2 e-con-full e-flex e-con e-child\" data-id=\"95aa1b2\" data-element_type=\"container\" data-e-type=\"container\">\n\t\t\t\t<div class=\"elementor-element elementor-element-77354a8 elementor-widget elementor-widget-image\" data-id=\"77354a8\" data-element_type=\"widget\" data-e-type=\"widget\" data-widget_type=\"image.default\">\n\t\t\t\t<div class=\"elementor-widget-container\">\n\t\t\t\t\t\t\t\t\t\t\t\t\t\t\t<img loading=\"lazy\" decoding=\"async\" width=\"1024\" height=\"683\" src=\"https:\/\/easy-sushi.com\/wp-content\/uploads\/2022\/05\/easy-sushi-concept-1024x683.jpg\" class=\"attachment-large size-large wp-image-23506\" alt=\"Rollos de sushi caseros con ingredientes, m\u00e1quina de sushi, palillos y salsa.\" srcset=\"https:\/\/easy-sushi.com\/wp-content\/uploads\/2022\/05\/easy-sushi-concept-1024x683.jpg 1024w, https:\/\/easy-sushi.com\/wp-content\/uploads\/2022\/05\/easy-sushi-concept-600x400.jpg 600w, https:\/\/easy-sushi.com\/wp-content\/uploads\/2022\/05\/easy-sushi-concept-300x200.jpg 300w, https:\/\/easy-sushi.com\/wp-content\/uploads\/2022\/05\/easy-sushi-concept-768x512.jpg 768w, https:\/\/easy-sushi.com\/wp-content\/uploads\/2022\/05\/easy-sushi-concept-18x12.jpg 18w, https:\/\/easy-sushi.com\/wp-content\/uploads\/2022\/05\/easy-sushi-concept-1080x720.jpg 1080w, https:\/\/easy-sushi.com\/wp-content\/uploads\/2022\/05\/easy-sushi-concept.jpg 1200w\" sizes=\"auto, (max-width: 1024px) 100vw, 1024px\" \/>\t\t\t\t\t\t\t\t\t\t\t\t\t\t\t<\/div>\n\t\t\t\t<\/div>\n\t\t\t\t<div class=\"elementor-element elementor-element-457097f elementor-widget elementor-widget-text-editor\" data-id=\"457097f\" data-element_type=\"widget\" data-e-type=\"widget\" data-widget_type=\"text-editor.default\">\n\t\t\t\t<div class=\"elementor-widget-container\">\n\t\t\t\t\t\t\t\t\t<ul><li>Fabricaci\u00f3n francesa 100%<\/li><li>100% en materiales alimentarios aprobados<\/li><li>Alta calidad y durabilidad en materiales espec\u00edficos<\/li><li>Garant\u00eda de 3 a\u00f1os (ver pel\u00edcula excluida)<\/li><\/ul><p>El Easy Sushi\u00ae es ideal y pr\u00e1ctico para hacer maki y otros rollos.<\/p><p>Tambi\u00e9n ha sido estudiado para satisfacer las m\u00faltiples demandas y variedades culinarias universales.<\/p><p>El \u00e9xito de nuestro aparato Easy Sushi\u00ae se basa en el hecho de que permite realizar una amplia gama de recetas. Puede crear panecillos salados y dulces, reemplazando si lo desea la tradicional hoja japonesa de Nori con ingredientes espec\u00edficos para culturas culinarias como hojas de soja, panes, panqueques, panqueques, hoja de vid, repollo, ensalada y mucho m\u00e1s.<\/p>\t\t\t\t\t\t\t\t<\/div>\n\t\t\t\t<\/div>\n\t\t\t\t<div class=\"elementor-element elementor-element-9fdb92f elementor-widget elementor-widget-heading\" data-id=\"9fdb92f\" data-element_type=\"widget\" data-e-type=\"widget\" data-widget_type=\"heading.default\">\n\t\t\t\t<div class=\"elementor-widget-container\">\n\t\t\t\t\t<h2 class=\"elementor-heading-title elementor-size-default\">Historia de Easy Sushi\u00ae<\/h2>\t\t\t\t<\/div>\n\t\t\t\t<\/div>\n\t\t\t\t<div class=\"elementor-element elementor-element-86b4097 elementor-widget elementor-widget-image\" data-id=\"86b4097\" data-element_type=\"widget\" data-e-type=\"widget\" data-widget_type=\"image.default\">\n\t\t\t\t<div class=\"elementor-widget-container\">\n\t\t\t\t\t\t\t\t\t\t\t\t\t\t\t<img loading=\"lazy\" decoding=\"async\" width=\"1024\" height=\"683\" src=\"https:\/\/easy-sushi.com\/wp-content\/uploads\/2022\/05\/easy-sushi-histoire-1024x683.jpg\" class=\"attachment-large size-large wp-image-23507\" alt=\"Sushi con salsa y guarniciones, servido con arroz y naranjas.\" srcset=\"https:\/\/easy-sushi.com\/wp-content\/uploads\/2022\/05\/easy-sushi-histoire-1024x683.jpg 1024w, https:\/\/easy-sushi.com\/wp-content\/uploads\/2022\/05\/easy-sushi-histoire-600x400.jpg 600w, https:\/\/easy-sushi.com\/wp-content\/uploads\/2022\/05\/easy-sushi-histoire-300x200.jpg 300w, https:\/\/easy-sushi.com\/wp-content\/uploads\/2022\/05\/easy-sushi-histoire-768x512.jpg 768w, https:\/\/easy-sushi.com\/wp-content\/uploads\/2022\/05\/easy-sushi-histoire-18x12.jpg 18w, https:\/\/easy-sushi.com\/wp-content\/uploads\/2022\/05\/easy-sushi-histoire-1080x720.jpg 1080w, https:\/\/easy-sushi.com\/wp-content\/uploads\/2022\/05\/easy-sushi-histoire.jpg 1200w\" sizes=\"auto, (max-width: 1024px) 100vw, 1024px\" \/>\t\t\t\t\t\t\t\t\t\t\t\t\t\t\t<\/div>\n\t\t\t\t<\/div>\n\t\t\t\t<div class=\"elementor-element elementor-element-3de8d7b elementor-widget elementor-widget-text-editor\" data-id=\"3de8d7b\" data-element_type=\"widget\" data-e-type=\"widget\" data-widget_type=\"text-editor.default\">\n\t\t\t\t<div class=\"elementor-widget-container\">\n\t\t\t\t\t\t\t\t\t<h3>Investigaci\u00f3n al servicio de &quot;Finger Food&quot;<\/h3><p>Despu\u00e9s de dos a\u00f1os de investigaci\u00f3n, con la ayuda de herramientas inform\u00e1ticas industriales de \u00faltima generaci\u00f3n para el estudio y la producci\u00f3n de gr\u00e1ficos 3D, nuestro equipo finalmente obtuvo el dispositivo que buscaba: una herramienta moderna y f\u00e1cil de usar, que le permite realizar, en un instante , recetas tradicionales o makis m\u00e1s inventivos y otros wraps.<\/p><h3>Easy Sushi\u00ae<\/h3><p>Easy Sushi\u00ae recibi\u00f3 la medalla de oro en 2007 en el Salon des Inventions de Gen\u00e8ve. En 2012, gan\u00f3 el concurso de Mejor Producto en \u201cThe Cookshop &amp; Houseware\u201d en Birmingham. Una herramienta innovadora y f\u00e1cil de usar, Easy Sushi\u00ae permite a todos hacer r\u00e1pidamente maki perfectamente enrollados, desde los m\u00e1s tradicionales hasta los m\u00e1s atrevidos.<\/p><p>Easy Sushi\u00ae est\u00e1 disponible en tres di\u00e1metros diferentes: 2,5 cm, 3,5 cm y 4,5 cm.<\/p><p>Ansioso por cumplir con los criterios de higiene y comodidad de nuestro tiempo, Easy Sushi\u00ae consta de un cilindro de ABS apto para uso alimentario, apto para lavavajillas, y una pel\u00edcula flexible de polipropileno apto para uso alimentario que se enjuaga con una esponja. no abrasivo.<\/p><p>Adem\u00e1s, Easy Sushi\u00ae est\u00e1 \u00edntegramente dise\u00f1ado en materiales alimentarios y se fabrica exclusivamente en Francia.<\/p><p>Con Easy Sushi\u00ae, todo lo que tienes que hacer es convertirte en un maestro en el arte de hacer tus propios maki y rollos\u2026 mientras dejas que tu creatividad hable por s\u00ed misma.<\/p>\t\t\t\t\t\t\t\t<\/div>\n\t\t\t\t<\/div>\n\t\t\t\t<\/div>\n\t\t\t\t\t<\/div>\n\t\t\t\t<\/div>\n\t\t\t\t<\/div>","protected":false},"excerpt":{"rendered":"<p>Concept Manufacturing 100% 100% franc\u00e9s en materiales alimentarios homologados Alta calidad y durabilidad en materiales espec\u00edficos Garantizado por 3 a\u00f1os (ver film excluyente) El Easy Sushi\u00ae es ideal y pr\u00e1ctico para hacer makis y otros rollitos. Tambi\u00e9n ha sido estudiado para satisfacer las m\u00faltiples demandas y variedades culinarias universales. \u00c9xito\u2026&nbsp;<a href=\"https:\/\/easy-sushi.com\/es\/concepto\/\" rel=\"bookmark\">Leer m\u00e1s &quot;<span class=\"screen-reader-text\">Concepto<\/span><\/a><\/p>","protected":false},"author":1,"featured_media":0,"parent":0,"menu_order":0,"comment_status":"closed","ping_status":"closed","template":"elementor_header_footer","meta":{"neve_meta_sidebar":"","neve_meta_container":"","neve_meta_enable_content_width":"","neve_meta_content_width":0,"neve_meta_title_alignment":"","neve_meta_author_avatar":"","neve_post_elements_order":"","neve_meta_disable_header":"","neve_meta_disable_footer":"","neve_meta_disable_title":"","footnotes":""},"class_list":["post-23504","page","type-page","status-publish","hentry"],"yoast_head":"<!-- This site is optimized with the Yoast SEO plugin v27.6 - https:\/\/yoast.com\/product\/yoast-seo-wordpress\/ -->\n<title>Concept - Easy Sushi\u00ae<\/title>\n<meta name=\"description\" content=\"De fabrication 100% Fran\u00e7aise et garantie 3 ans, d\u00e9couvrez l&#039;histoire de l&#039;Easy Sushi\u00ae : l&#039;outil id\u00e9al pour la r\u00e9alisation de makis et roul\u00e9s\" \/>\n<meta name=\"robots\" content=\"index, follow, max-snippet:-1, max-image-preview:large, max-video-preview:-1\" \/>\n<link rel=\"canonical\" href=\"https:\/\/easy-sushi.com\/es\/concepto\/\" \/>\n<meta property=\"og:locale\" content=\"es_ES\" \/>\n<meta property=\"og:type\" content=\"article\" \/>\n<meta property=\"og:title\" content=\"Concept - Easy Sushi\u00ae\" \/>\n<meta property=\"og:description\" content=\"De fabrication 100% Fran\u00e7aise et garantie 3 ans, d\u00e9couvrez l&#039;histoire de l&#039;Easy Sushi\u00ae : l&#039;outil id\u00e9al pour la r\u00e9alisation de makis et roul\u00e9s\" \/>\n<meta property=\"og:url\" content=\"https:\/\/easy-sushi.com\/es\/concepto\/\" \/>\n<meta property=\"og:site_name\" content=\"Easy Sushi\u00ae\" \/>\n<meta property=\"article:publisher\" content=\"https:\/\/www.facebook.com\/EasySushi\/\" \/>\n<meta property=\"article:modified_time\" content=\"2024-06-21T07:47:19+00:00\" \/>\n<meta property=\"og:image\" content=\"https:\/\/easy-sushi.com\/wp-content\/uploads\/2022\/05\/easy-sushi-concept-1024x683.jpg\" \/>\n<meta name=\"twitter:card\" content=\"summary_large_image\" \/>\n<meta name=\"twitter:site\" content=\"@EasySushi\" \/>\n<meta name=\"twitter:label1\" content=\"Tiempo de lectura\" \/>\n\t<meta name=\"twitter:data1\" content=\"3 minutos\" \/>\n<script type=\"application\/ld+json\" class=\"yoast-schema-graph\">{\"@context\":\"https:\\\/\\\/schema.org\",\"@graph\":[{\"@type\":\"WebPage\",\"@id\":\"https:\\\/\\\/easy-sushi.com\\\/concept\\\/\",\"url\":\"https:\\\/\\\/easy-sushi.com\\\/concept\\\/\",\"name\":\"Concept - Easy Sushi\u00ae\",\"isPartOf\":{\"@id\":\"https:\\\/\\\/easy-sushi.com\\\/nl\\\/#website\"},\"primaryImageOfPage\":{\"@id\":\"https:\\\/\\\/easy-sushi.com\\\/concept\\\/#primaryimage\"},\"image\":{\"@id\":\"https:\\\/\\\/easy-sushi.com\\\/concept\\\/#primaryimage\"},\"thumbnailUrl\":\"https:\\\/\\\/easy-sushi.com\\\/wp-content\\\/uploads\\\/2022\\\/05\\\/easy-sushi-concept-1024x683.jpg\",\"datePublished\":\"2022-05-12T08:51:18+00:00\",\"dateModified\":\"2024-06-21T07:47:19+00:00\",\"description\":\"De fabrication 100% Fran\u00e7aise et garantie 3 ans, d\u00e9couvrez l'histoire de l'Easy Sushi\u00ae : l'outil id\u00e9al pour la r\u00e9alisation de makis et roul\u00e9s\",\"breadcrumb\":{\"@id\":\"https:\\\/\\\/easy-sushi.com\\\/concept\\\/#breadcrumb\"},\"inLanguage\":\"es\",\"potentialAction\":[{\"@type\":\"ReadAction\",\"target\":[\"https:\\\/\\\/easy-sushi.com\\\/concept\\\/\"]}]},{\"@type\":\"ImageObject\",\"inLanguage\":\"es\",\"@id\":\"https:\\\/\\\/easy-sushi.com\\\/concept\\\/#primaryimage\",\"url\":\"https:\\\/\\\/easy-sushi.com\\\/wp-content\\\/uploads\\\/2022\\\/05\\\/easy-sushi-concept-1024x683.jpg\",\"contentUrl\":\"https:\\\/\\\/easy-sushi.com\\\/wp-content\\\/uploads\\\/2022\\\/05\\\/easy-sushi-concept-1024x683.jpg\"},{\"@type\":\"BreadcrumbList\",\"@id\":\"https:\\\/\\\/easy-sushi.com\\\/concept\\\/#breadcrumb\",\"itemListElement\":[{\"@type\":\"ListItem\",\"position\":1,\"name\":\"Accueil\",\"item\":\"https:\\\/\\\/easy-sushi.com\\\/\"},{\"@type\":\"ListItem\",\"position\":2,\"name\":\"Concept\"}]},{\"@type\":\"WebSite\",\"@id\":\"https:\\\/\\\/easy-sushi.com\\\/nl\\\/#website\",\"url\":\"https:\\\/\\\/easy-sushi.com\\\/nl\\\/\",\"name\":\"Easy Sushi\u00ae\",\"description\":\"\",\"publisher\":{\"@id\":\"https:\\\/\\\/easy-sushi.com\\\/nl\\\/#organization\"},\"potentialAction\":[{\"@type\":\"SearchAction\",\"target\":{\"@type\":\"EntryPoint\",\"urlTemplate\":\"https:\\\/\\\/easy-sushi.com\\\/nl\\\/?s={search_term_string}\"},\"query-input\":{\"@type\":\"PropertyValueSpecification\",\"valueRequired\":true,\"valueName\":\"search_term_string\"}}],\"inLanguage\":\"es\"},{\"@type\":\"Organization\",\"@id\":\"https:\\\/\\\/easy-sushi.com\\\/nl\\\/#organization\",\"name\":\"Easy Sushi\u00ae\",\"url\":\"https:\\\/\\\/easy-sushi.com\\\/nl\\\/\",\"logo\":{\"@type\":\"ImageObject\",\"inLanguage\":\"es\",\"@id\":\"https:\\\/\\\/easy-sushi.com\\\/nl\\\/#\\\/schema\\\/logo\\\/image\\\/\",\"url\":\"https:\\\/\\\/easy-sushi.com\\\/wp-content\\\/uploads\\\/2021\\\/01\\\/easy_sushi_logotype.svg\",\"contentUrl\":\"https:\\\/\\\/easy-sushi.com\\\/wp-content\\\/uploads\\\/2021\\\/01\\\/easy_sushi_logotype.svg\",\"width\":513,\"height\":357,\"caption\":\"Easy Sushi\u00ae\"},\"image\":{\"@id\":\"https:\\\/\\\/easy-sushi.com\\\/nl\\\/#\\\/schema\\\/logo\\\/image\\\/\"},\"sameAs\":[\"https:\\\/\\\/www.facebook.com\\\/EasySushi\\\/\",\"https:\\\/\\\/x.com\\\/EasySushi\",\"https:\\\/\\\/www.instagram.com\\\/easysushieasyrolls\\\/\",\"https:\\\/\\\/www.youtube.com\\\/user\\\/EasysushiEasyrolls\"]}]}<\/script>\n<!-- \/ Yoast SEO plugin. -->","yoast_head_json":{"title":"Concepto - Easy Sushi\u00ae","description":"Hecho en Francia por 100% y garantizado por 3 a\u00f1os, descubra la historia de Easy Sushi\u00ae: la herramienta ideal para hacer maki y rollos","robots":{"index":"index","follow":"follow","max-snippet":"max-snippet:-1","max-image-preview":"max-image-preview:large","max-video-preview":"max-video-preview:-1"},"canonical":"https:\/\/easy-sushi.com\/es\/concepto\/","og_locale":"es_ES","og_type":"article","og_title":"Concept - Easy Sushi\u00ae","og_description":"De fabrication 100% Fran\u00e7aise et garantie 3 ans, d\u00e9couvrez l'histoire de l'Easy Sushi\u00ae : l'outil id\u00e9al pour la r\u00e9alisation de makis et roul\u00e9s","og_url":"https:\/\/easy-sushi.com\/es\/concepto\/","og_site_name":"Easy Sushi\u00ae","article_publisher":"https:\/\/www.facebook.com\/EasySushi\/","article_modified_time":"2024-06-21T07:47:19+00:00","og_image":[{"url":"https:\/\/easy-sushi.com\/wp-content\/uploads\/2022\/05\/easy-sushi-concept-1024x683.jpg","type":"","width":"","height":""}],"twitter_card":"summary_large_image","twitter_site":"@EasySushi","twitter_misc":{"Tiempo de lectura":"3 minutos"},"schema":{"@context":"https:\/\/schema.org","@graph":[{"@type":"WebPage","@id":"https:\/\/easy-sushi.com\/concept\/","url":"https:\/\/easy-sushi.com\/concept\/","name":"Concepto - Easy Sushi\u00ae","isPartOf":{"@id":"https:\/\/easy-sushi.com\/nl\/#website"},"primaryImageOfPage":{"@id":"https:\/\/easy-sushi.com\/concept\/#primaryimage"},"image":{"@id":"https:\/\/easy-sushi.com\/concept\/#primaryimage"},"thumbnailUrl":"https:\/\/easy-sushi.com\/wp-content\/uploads\/2022\/05\/easy-sushi-concept-1024x683.jpg","datePublished":"2022-05-12T08:51:18+00:00","dateModified":"2024-06-21T07:47:19+00:00","description":"Hecho en Francia por 100% y garantizado por 3 a\u00f1os, descubra la historia de Easy Sushi\u00ae: la herramienta ideal para hacer maki y rollos","breadcrumb":{"@id":"https:\/\/easy-sushi.com\/concept\/#breadcrumb"},"inLanguage":"es","potentialAction":[{"@type":"ReadAction","target":["https:\/\/easy-sushi.com\/concept\/"]}]},{"@type":"ImageObject","inLanguage":"es","@id":"https:\/\/easy-sushi.com\/concept\/#primaryimage","url":"https:\/\/easy-sushi.com\/wp-content\/uploads\/2022\/05\/easy-sushi-concept-1024x683.jpg","contentUrl":"https:\/\/easy-sushi.com\/wp-content\/uploads\/2022\/05\/easy-sushi-concept-1024x683.jpg"},{"@type":"BreadcrumbList","@id":"https:\/\/easy-sushi.com\/concept\/#breadcrumb","itemListElement":[{"@type":"ListItem","position":1,"name":"Accueil","item":"https:\/\/easy-sushi.com\/"},{"@type":"ListItem","position":2,"name":"Concept"}]},{"@type":"WebSite","@id":"https:\/\/easy-sushi.com\/nl\/#website","url":"https:\/\/easy-sushi.com\/nl\/","name":"Easy Sushi\u00ae","description":"","publisher":{"@id":"https:\/\/easy-sushi.com\/nl\/#organization"},"potentialAction":[{"@type":"SearchAction","target":{"@type":"EntryPoint","urlTemplate":"https:\/\/easy-sushi.com\/nl\/?s={search_term_string}"},"query-input":{"@type":"PropertyValueSpecification","valueRequired":true,"valueName":"search_term_string"}}],"inLanguage":"es"},{"@type":"Organization","@id":"https:\/\/easy-sushi.com\/nl\/#organization","name":"Easy Sushi\u00ae","url":"https:\/\/easy-sushi.com\/nl\/","logo":{"@type":"ImageObject","inLanguage":"es","@id":"https:\/\/easy-sushi.com\/nl\/#\/schema\/logo\/image\/","url":"https:\/\/easy-sushi.com\/wp-content\/uploads\/2021\/01\/easy_sushi_logotype.svg","contentUrl":"https:\/\/easy-sushi.com\/wp-content\/uploads\/2021\/01\/easy_sushi_logotype.svg","width":513,"height":357,"caption":"Easy Sushi\u00ae"},"image":{"@id":"https:\/\/easy-sushi.com\/nl\/#\/schema\/logo\/image\/"},"sameAs":["https:\/\/www.facebook.com\/EasySushi\/","https:\/\/x.com\/EasySushi","https:\/\/www.instagram.com\/easysushieasyrolls\/","https:\/\/www.youtube.com\/user\/EasysushiEasyrolls"]}]}},"_links":{"self":[{"href":"https:\/\/easy-sushi.com\/es\/wp-json\/wp\/v2\/pages\/23504","targetHints":{"allow":["GET"]}}],"collection":[{"href":"https:\/\/easy-sushi.com\/es\/wp-json\/wp\/v2\/pages"}],"about":[{"href":"https:\/\/easy-sushi.com\/es\/wp-json\/wp\/v2\/types\/page"}],"author":[{"embeddable":true,"href":"https:\/\/easy-sushi.com\/es\/wp-json\/wp\/v2\/users\/1"}],"replies":[{"embeddable":true,"href":"https:\/\/easy-sushi.com\/es\/wp-json\/wp\/v2\/comments?post=23504"}],"version-history":[{"count":0,"href":"https:\/\/easy-sushi.com\/es\/wp-json\/wp\/v2\/pages\/23504\/revisions"}],"wp:attachment":[{"href":"https:\/\/easy-sushi.com\/es\/wp-json\/wp\/v2\/media?parent=23504"}],"curies":[{"name":"gracias","href":"https:\/\/api.w.org\/{rel}","templated":true}]}}