{"id":990,"date":"2019-09-30T09:53:56","date_gmt":"2019-09-30T07:53:56","guid":{"rendered":"https:\/\/easy-sushi.com\/?post_type=product&#038;p=990"},"modified":"2022-11-25T19:11:57","modified_gmt":"2022-11-25T18:11:57","slug":"organic-clearspring-essentials-starter-pack","status":"publish","type":"product","link":"https:\/\/easy-sushi.com\/en\/shop-2\/organic-clearspring-essentials-starter-pack\/","title":{"rendered":"Clearspring \u201cOrganic Essentials\u201d Starter Pack"},"content":{"rendered":"<p>Save money with this \u201cThe Essentials\u201d Clearspring starter pack specially assembled for you. It includes nori sheets, rice, powdered wasabi, seasoning for rice, soy sauce and ginger. You can find these articles in detail in the Grocery tab.<\/p>","protected":false},"excerpt":{"rendered":"<div class=\"product_description\">\n<p>Look no further, everything is here in this Bio Clearspring pack to get you started!<\/p>\n<ul>\n<li>All the essentials in one click<\/li>\n<li>Products from organic farming<\/li>\n<li>Achieve at least 10% savings<\/li>\n<li>For makis, sushi, salads, marinades ...<\/li>\n<\/ul>\n<\/div>","protected":false},"featured_media":994,"comment_status":"open","ping_status":"closed","template":"","meta":{"neve_meta_sidebar":"","neve_meta_container":"","neve_meta_enable_content_width":"","neve_meta_content_width":0,"neve_meta_title_alignment":"","neve_meta_author_avatar":"","neve_post_elements_order":"","neve_meta_disable_header":"","neve_meta_disable_footer":"","neve_meta_disable_title":""},"product_brand":[],"product_cat":[22,26],"product_tag":[],"class_list":{"0":"post-990","1":"product","2":"type-product","3":"status-publish","4":"has-post-thumbnail","6":"product_cat-coffrets","7":"product_cat-epicerie","9":"first","10":"outofstock","11":"taxable","12":"shipping-taxable","13":"purchasable","14":"product-type-simple"},"yoast_head":"<!-- This site is optimized with the Yoast SEO plugin v27.5 - https:\/\/yoast.com\/product\/yoast-seo-wordpress\/ -->\n<title>Pack de d\u00e9marrage &quot;Les Essentiels Bio&quot; Clearspring - Easy Sushi\u00ae<\/title>\n<meta name=\"description\" content=\"R\u00e9alisez des \u00e9conomies avec ce pack de d\u00e9marrage &quot;Les Essentiels&quot; Clearspring sp\u00e9cialement assembl\u00e9 pour vous. Il comprend les feuilles de nori, le riz, le wasabi en poudre, l&#039;assaisonnement pour le riz, la sauce soja et le gingembre.\" \/>\n<meta name=\"robots\" content=\"index, follow, max-snippet:-1, max-image-preview:large, max-video-preview:-1\" \/>\n<link rel=\"canonical\" href=\"https:\/\/easy-sushi.com\/en\/shop-2\/organic-clearspring-essentials-starter-pack\/\" \/>\n<meta property=\"og:locale\" content=\"en_GB\" \/>\n<meta property=\"og:type\" content=\"article\" \/>\n<meta property=\"og:title\" content=\"Pack de d\u00e9marrage &quot;Les Essentiels Bio&quot; Clearspring - Easy Sushi\u00ae\" \/>\n<meta property=\"og:description\" content=\"R\u00e9alisez des \u00e9conomies avec ce pack de d\u00e9marrage &quot;Les Essentiels&quot; Clearspring sp\u00e9cialement assembl\u00e9 pour vous. Il comprend les feuilles de nori, le riz, le wasabi en poudre, l&#039;assaisonnement pour le riz, la sauce soja et le gingembre.\" \/>\n<meta property=\"og:url\" content=\"https:\/\/easy-sushi.com\/en\/shop-2\/organic-clearspring-essentials-starter-pack\/\" \/>\n<meta property=\"og:site_name\" content=\"Easy Sushi\u00ae\" \/>\n<meta property=\"article:publisher\" content=\"https:\/\/www.facebook.com\/EasySushi\/\" \/>\n<meta property=\"article:modified_time\" content=\"2022-11-25T18:11:57+00:00\" \/>\n<meta property=\"og:image\" content=\"https:\/\/mlwz8lwoesaq.i.optimole.com\/w:1080\/h:1080\/q:mauto\/f:best\/https:\/\/easy-sushi.com\/wp-content\/uploads\/2019\/09\/Visuel-PACK-essentiels-produits-Bio-clearspring.jpg\" \/>\n\t<meta property=\"og:image:width\" content=\"1200\" \/>\n\t<meta property=\"og:image:height\" content=\"1200\" \/>\n\t<meta property=\"og:image:type\" content=\"image\/jpeg\" \/>\n<meta name=\"twitter:card\" content=\"summary_large_image\" \/>\n<meta name=\"twitter:site\" content=\"@EasySushi\" \/>\n<script type=\"application\/ld+json\" class=\"yoast-schema-graph\">{\"@context\":\"https:\\\/\\\/schema.org\",\"@graph\":[{\"@type\":\"WebPage\",\"@id\":\"https:\\\/\\\/easy-sushi.com\\\/boutique\\\/pack-de-demarrage-les-essentiels-bio-clearspring\\\/\",\"url\":\"https:\\\/\\\/easy-sushi.com\\\/boutique\\\/pack-de-demarrage-les-essentiels-bio-clearspring\\\/\",\"name\":\"Pack de d\u00e9marrage \\\"Les Essentiels Bio\\\" Clearspring - Easy Sushi\u00ae\",\"isPartOf\":{\"@id\":\"https:\\\/\\\/easy-sushi.com\\\/nl\\\/#website\"},\"primaryImageOfPage\":{\"@id\":\"https:\\\/\\\/easy-sushi.com\\\/boutique\\\/pack-de-demarrage-les-essentiels-bio-clearspring\\\/#primaryimage\"},\"image\":{\"@id\":\"https:\\\/\\\/easy-sushi.com\\\/boutique\\\/pack-de-demarrage-les-essentiels-bio-clearspring\\\/#primaryimage\"},\"thumbnailUrl\":\"https:\\\/\\\/easy-sushi.com\\\/wp-content\\\/uploads\\\/2019\\\/09\\\/Visuel-PACK-essentiels-produits-Bio-clearspring.jpg\",\"datePublished\":\"2019-09-30T07:53:56+00:00\",\"dateModified\":\"2022-11-25T18:11:57+00:00\",\"description\":\"R\u00e9alisez des \u00e9conomies avec ce pack de d\u00e9marrage \\\"Les Essentiels\\\" Clearspring sp\u00e9cialement assembl\u00e9 pour vous. Il comprend les feuilles de nori, le riz, le wasabi en poudre, l'assaisonnement pour le riz, la sauce soja et le gingembre.\",\"breadcrumb\":{\"@id\":\"https:\\\/\\\/easy-sushi.com\\\/boutique\\\/pack-de-demarrage-les-essentiels-bio-clearspring\\\/#breadcrumb\"},\"inLanguage\":\"en-GB\",\"potentialAction\":[{\"@type\":\"ReadAction\",\"target\":[\"https:\\\/\\\/easy-sushi.com\\\/boutique\\\/pack-de-demarrage-les-essentiels-bio-clearspring\\\/\"]}]},{\"@type\":\"ImageObject\",\"inLanguage\":\"en-GB\",\"@id\":\"https:\\\/\\\/easy-sushi.com\\\/boutique\\\/pack-de-demarrage-les-essentiels-bio-clearspring\\\/#primaryimage\",\"url\":\"https:\\\/\\\/easy-sushi.com\\\/wp-content\\\/uploads\\\/2019\\\/09\\\/Visuel-PACK-essentiels-produits-Bio-clearspring.jpg\",\"contentUrl\":\"https:\\\/\\\/easy-sushi.com\\\/wp-content\\\/uploads\\\/2019\\\/09\\\/Visuel-PACK-essentiels-produits-Bio-clearspring.jpg\",\"width\":1200,\"height\":1200,\"caption\":\"Visuel-PACK-essentiels-produits-Bio-clearspring\"},{\"@type\":\"BreadcrumbList\",\"@id\":\"https:\\\/\\\/easy-sushi.com\\\/boutique\\\/pack-de-demarrage-les-essentiels-bio-clearspring\\\/#breadcrumb\",\"itemListElement\":[{\"@type\":\"ListItem\",\"position\":1,\"name\":\"Accueil\",\"item\":\"https:\\\/\\\/easy-sushi.com\\\/\"},{\"@type\":\"ListItem\",\"position\":2,\"name\":\"Boutique\",\"item\":\"https:\\\/\\\/easy-sushi.com\\\/pt\\\/boutique\\\/\"},{\"@type\":\"ListItem\",\"position\":3,\"name\":\"\u00c9picerie\",\"item\":\"https:\\\/\\\/easy-sushi.com\\\/categorie-produit\\\/epicerie\\\/\"},{\"@type\":\"ListItem\",\"position\":4,\"name\":\"Pack de d\u00e9marrage &#8220;Les Essentiels Bio&#8221; Clearspring\"}]},{\"@type\":\"WebSite\",\"@id\":\"https:\\\/\\\/easy-sushi.com\\\/nl\\\/#website\",\"url\":\"https:\\\/\\\/easy-sushi.com\\\/nl\\\/\",\"name\":\"Easy Sushi\u00ae\",\"description\":\"\",\"publisher\":{\"@id\":\"https:\\\/\\\/easy-sushi.com\\\/nl\\\/#organization\"},\"potentialAction\":[{\"@type\":\"SearchAction\",\"target\":{\"@type\":\"EntryPoint\",\"urlTemplate\":\"https:\\\/\\\/easy-sushi.com\\\/nl\\\/?s={search_term_string}\"},\"query-input\":{\"@type\":\"PropertyValueSpecification\",\"valueRequired\":true,\"valueName\":\"search_term_string\"}}],\"inLanguage\":\"en-GB\"},{\"@type\":\"Organization\",\"@id\":\"https:\\\/\\\/easy-sushi.com\\\/nl\\\/#organization\",\"name\":\"Easy Sushi\u00ae\",\"url\":\"https:\\\/\\\/easy-sushi.com\\\/nl\\\/\",\"logo\":{\"@type\":\"ImageObject\",\"inLanguage\":\"en-GB\",\"@id\":\"https:\\\/\\\/easy-sushi.com\\\/nl\\\/#\\\/schema\\\/logo\\\/image\\\/\",\"url\":\"https:\\\/\\\/easy-sushi.com\\\/wp-content\\\/uploads\\\/2021\\\/01\\\/easy_sushi_logotype.svg\",\"contentUrl\":\"https:\\\/\\\/easy-sushi.com\\\/wp-content\\\/uploads\\\/2021\\\/01\\\/easy_sushi_logotype.svg\",\"width\":513,\"height\":357,\"caption\":\"Easy Sushi\u00ae\"},\"image\":{\"@id\":\"https:\\\/\\\/easy-sushi.com\\\/nl\\\/#\\\/schema\\\/logo\\\/image\\\/\"},\"sameAs\":[\"https:\\\/\\\/www.facebook.com\\\/EasySushi\\\/\",\"https:\\\/\\\/x.com\\\/EasySushi\",\"https:\\\/\\\/www.instagram.com\\\/easysushieasyrolls\\\/\",\"https:\\\/\\\/www.youtube.com\\\/user\\\/EasysushiEasyrolls\"]}]}<\/script>\n<!-- \/ Yoast SEO plugin. -->","yoast_head_json":{"title":"Starter Pack &quot;Organic Essentials&quot; Clearspring - Easy Sushi\u00ae","description":"Save money with this Clearspring Essentials Starter Pack specially assembled for you. It includes nori sheets, rice, powdered wasabi, seasoning for rice, soy sauce and ginger.","robots":{"index":"index","follow":"follow","max-snippet":"max-snippet:-1","max-image-preview":"max-image-preview:large","max-video-preview":"max-video-preview:-1"},"canonical":"https:\/\/easy-sushi.com\/en\/shop-2\/organic-clearspring-essentials-starter-pack\/","og_locale":"en_GB","og_type":"article","og_title":"Pack de d\u00e9marrage \"Les Essentiels Bio\" Clearspring - Easy Sushi\u00ae","og_description":"R\u00e9alisez des \u00e9conomies avec ce pack de d\u00e9marrage \"Les Essentiels\" Clearspring sp\u00e9cialement assembl\u00e9 pour vous. Il comprend les feuilles de nori, le riz, le wasabi en poudre, l'assaisonnement pour le riz, la sauce soja et le gingembre.","og_url":"https:\/\/easy-sushi.com\/en\/shop-2\/organic-clearspring-essentials-starter-pack\/","og_site_name":"Easy Sushi\u00ae","article_publisher":"https:\/\/www.facebook.com\/EasySushi\/","article_modified_time":"2022-11-25T18:11:57+00:00","og_image":[{"width":1200,"height":1200,"url":"https:\/\/mlwz8lwoesaq.i.optimole.com\/w:1080\/h:1080\/q:mauto\/f:best\/https:\/\/easy-sushi.com\/wp-content\/uploads\/2019\/09\/Visuel-PACK-essentiels-produits-Bio-clearspring.jpg","type":"image\/jpeg"}],"twitter_card":"summary_large_image","twitter_site":"@EasySushi","schema":{"@context":"https:\/\/schema.org","@graph":[{"@type":"WebPage","@id":"https:\/\/easy-sushi.com\/boutique\/pack-de-demarrage-les-essentiels-bio-clearspring\/","url":"https:\/\/easy-sushi.com\/boutique\/pack-de-demarrage-les-essentiels-bio-clearspring\/","name":"Starter Pack &quot;Organic Essentials&quot; Clearspring - Easy Sushi\u00ae","isPartOf":{"@id":"https:\/\/easy-sushi.com\/nl\/#website"},"primaryImageOfPage":{"@id":"https:\/\/easy-sushi.com\/boutique\/pack-de-demarrage-les-essentiels-bio-clearspring\/#primaryimage"},"image":{"@id":"https:\/\/easy-sushi.com\/boutique\/pack-de-demarrage-les-essentiels-bio-clearspring\/#primaryimage"},"thumbnailUrl":"https:\/\/easy-sushi.com\/wp-content\/uploads\/2019\/09\/Visuel-PACK-essentiels-produits-Bio-clearspring.jpg","datePublished":"2019-09-30T07:53:56+00:00","dateModified":"2022-11-25T18:11:57+00:00","description":"Save money with this Clearspring Essentials Starter Pack specially assembled for you. It includes nori sheets, rice, powdered wasabi, seasoning for rice, soy sauce and ginger.","breadcrumb":{"@id":"https:\/\/easy-sushi.com\/boutique\/pack-de-demarrage-les-essentiels-bio-clearspring\/#breadcrumb"},"inLanguage":"en-GB","potentialAction":[{"@type":"ReadAction","target":["https:\/\/easy-sushi.com\/boutique\/pack-de-demarrage-les-essentiels-bio-clearspring\/"]}]},{"@type":"ImageObject","inLanguage":"en-GB","@id":"https:\/\/easy-sushi.com\/boutique\/pack-de-demarrage-les-essentiels-bio-clearspring\/#primaryimage","url":"https:\/\/easy-sushi.com\/wp-content\/uploads\/2019\/09\/Visuel-PACK-essentiels-produits-Bio-clearspring.jpg","contentUrl":"https:\/\/easy-sushi.com\/wp-content\/uploads\/2019\/09\/Visuel-PACK-essentiels-produits-Bio-clearspring.jpg","width":1200,"height":1200,"caption":"Visuel-PACK-essentiels-produits-Bio-clearspring"},{"@type":"BreadcrumbList","@id":"https:\/\/easy-sushi.com\/boutique\/pack-de-demarrage-les-essentiels-bio-clearspring\/#breadcrumb","itemListElement":[{"@type":"ListItem","position":1,"name":"Accueil","item":"https:\/\/easy-sushi.com\/"},{"@type":"ListItem","position":2,"name":"Boutique","item":"https:\/\/easy-sushi.com\/pt\/boutique\/"},{"@type":"ListItem","position":3,"name":"\u00c9picerie","item":"https:\/\/easy-sushi.com\/categorie-produit\/epicerie\/"},{"@type":"ListItem","position":4,"name":"Pack de d\u00e9marrage &#8220;Les Essentiels Bio&#8221; Clearspring"}]},{"@type":"WebSite","@id":"https:\/\/easy-sushi.com\/nl\/#website","url":"https:\/\/easy-sushi.com\/nl\/","name":"Easy Sushi\u00ae","description":"","publisher":{"@id":"https:\/\/easy-sushi.com\/nl\/#organization"},"potentialAction":[{"@type":"SearchAction","target":{"@type":"EntryPoint","urlTemplate":"https:\/\/easy-sushi.com\/nl\/?s={search_term_string}"},"query-input":{"@type":"PropertyValueSpecification","valueRequired":true,"valueName":"search_term_string"}}],"inLanguage":"en-GB"},{"@type":"Organization","@id":"https:\/\/easy-sushi.com\/nl\/#organization","name":"Easy Sushi\u00ae","url":"https:\/\/easy-sushi.com\/nl\/","logo":{"@type":"ImageObject","inLanguage":"en-GB","@id":"https:\/\/easy-sushi.com\/nl\/#\/schema\/logo\/image\/","url":"https:\/\/easy-sushi.com\/wp-content\/uploads\/2021\/01\/easy_sushi_logotype.svg","contentUrl":"https:\/\/easy-sushi.com\/wp-content\/uploads\/2021\/01\/easy_sushi_logotype.svg","width":513,"height":357,"caption":"Easy Sushi\u00ae"},"image":{"@id":"https:\/\/easy-sushi.com\/nl\/#\/schema\/logo\/image\/"},"sameAs":["https:\/\/www.facebook.com\/EasySushi\/","https:\/\/x.com\/EasySushi","https:\/\/www.instagram.com\/easysushieasyrolls\/","https:\/\/www.youtube.com\/user\/EasysushiEasyrolls"]}]}},"_links":{"self":[{"href":"https:\/\/easy-sushi.com\/en\/wp-json\/wp\/v2\/product\/990","targetHints":{"allow":["GET"]}}],"collection":[{"href":"https:\/\/easy-sushi.com\/en\/wp-json\/wp\/v2\/product"}],"about":[{"href":"https:\/\/easy-sushi.com\/en\/wp-json\/wp\/v2\/types\/product"}],"replies":[{"embeddable":true,"href":"https:\/\/easy-sushi.com\/en\/wp-json\/wp\/v2\/comments?post=990"}],"wp:featuredmedia":[{"embeddable":true,"href":"https:\/\/easy-sushi.com\/en\/wp-json\/wp\/v2\/media\/994"}],"wp:attachment":[{"href":"https:\/\/easy-sushi.com\/en\/wp-json\/wp\/v2\/media?parent=990"}],"wp:term":[{"taxonomy":"product_brand","embeddable":true,"href":"https:\/\/easy-sushi.com\/en\/wp-json\/wp\/v2\/product_brand?post=990"},{"taxonomy":"product_cat","embeddable":true,"href":"https:\/\/easy-sushi.com\/en\/wp-json\/wp\/v2\/product_cat?post=990"},{"taxonomy":"product_tag","embeddable":true,"href":"https:\/\/easy-sushi.com\/en\/wp-json\/wp\/v2\/product_tag?post=990"}],"curies":[{"name":"wp","href":"https:\/\/api.w.org\/{rel}","templated":true}]}}