{"id":956,"date":"2019-09-25T16:03:53","date_gmt":"2019-09-25T14:03:53","guid":{"rendered":"https:\/\/easy-sushi.com\/?post_type=product&#038;p=956"},"modified":"2026-01-25T11:00:31","modified_gmt":"2026-01-25T10:00:31","slug":"easy-sushi-cocktail-party-recipe-book","status":"publish","type":"product","link":"https:\/\/easy-sushi.com\/en\/shop-2\/easy-sushi-cocktail-party-recipe-book\/","title":{"rendered":"Cocktail Party Easy Sushi\u00ae Recipe Book"},"content":{"rendered":"<ul>\n<li>Our favorite recipes<\/li>\n<\/ul>\n<p>Easy Sushi\u00ae offers you its selection grouped together in 3 gourmet recipe books. <a href=\"\/en\/recipes\/\">I go.<\/a><\/p>\n<ul>\n<li>Need help ?<\/li>\n<\/ul>\n<p>Discover our instructions for use and become a master in the art of making sushi. <a href=\"\/en\/manual\/\">Read more<\/a>.<\/p>","protected":false},"excerpt":{"rendered":"<div id=\"hikashop_product_bottom_part\" class=\"hikashop_product_bottom_part\">\n<div id=\"hikashop_product_description_main\" class=\"hikashop_product_description_main\">\n<p>A booklet made up of twenty-five illustrated recipes on the cocktail theme to make an original aperitif very easily! These mini-makis and tasty bites will delight your guests.<\/p>\n<\/div>\n<\/div>\n<ul>\n<li>1 Cocktail Party book<\/li>\n<li>25 Original Recipes<\/li>\n<li>French made<\/li>\n<\/ul>","protected":false},"featured_media":25640,"comment_status":"open","ping_status":"closed","template":"","meta":{"neve_meta_sidebar":"","neve_meta_container":"","neve_meta_enable_content_width":"off","neve_meta_content_width":100,"neve_meta_title_alignment":"","neve_meta_author_avatar":"","neve_post_elements_order":"","neve_meta_disable_header":"","neve_meta_disable_footer":"","neve_meta_disable_title":""},"product_brand":[],"product_cat":[23],"product_tag":[],"class_list":{"0":"post-956","1":"product","2":"type-product","3":"status-publish","4":"has-post-thumbnail","6":"product_cat-livres-recettes","8":"first","9":"instock","10":"taxable","11":"shipping-taxable","12":"purchasable","13":"product-type-variable","14":"has-default-attributes"},"yoast_head":"<!-- This site is optimized with the Yoast SEO plugin v27.4 - https:\/\/yoast.com\/product\/yoast-seo-wordpress\/ -->\n<title>Livre de recettes Cocktail Party Easy Sushi\u00ae - Easy Sushi\u00ae<\/title>\n<meta name=\"description\" content=\"Un livret constitu\u00e9 de vingt-cinq recettes illustr\u00e9es sur le th\u00e8me du cocktail pour r\u00e9ussir un ap\u00e9ritif original tr\u00e8s facilement ! Ces mini-makis et ces savoureuses bouch\u00e9es r\u00e9galerons vos convives.\u00a0\" \/>\n<meta name=\"robots\" content=\"index, follow, max-snippet:-1, max-image-preview:large, max-video-preview:-1\" \/>\n<link rel=\"canonical\" href=\"https:\/\/easy-sushi.com\/en\/shop-2\/easy-sushi-cocktail-party-recipe-book\/\" \/>\n<meta property=\"og:locale\" content=\"en_GB\" \/>\n<meta property=\"og:type\" content=\"article\" \/>\n<meta property=\"og:title\" content=\"Livre de recettes Cocktail Party Easy Sushi\u00ae - Easy Sushi\u00ae\" \/>\n<meta property=\"og:description\" content=\"Un livret constitu\u00e9 de vingt-cinq recettes illustr\u00e9es sur le th\u00e8me du cocktail pour r\u00e9ussir un ap\u00e9ritif original tr\u00e8s facilement ! Ces mini-makis et ces savoureuses bouch\u00e9es r\u00e9galerons vos convives.\u00a0\" \/>\n<meta property=\"og:url\" content=\"https:\/\/easy-sushi.com\/en\/shop-2\/easy-sushi-cocktail-party-recipe-book\/\" \/>\n<meta property=\"og:site_name\" content=\"Easy Sushi\u00ae\" \/>\n<meta property=\"article:publisher\" content=\"https:\/\/www.facebook.com\/EasySushi\/\" \/>\n<meta property=\"article:modified_time\" content=\"2026-01-25T10:00:31+00:00\" \/>\n<meta property=\"og:image\" content=\"https:\/\/easy-sushi.com\/wp-content\/uploads\/2019\/09\/easy-sushi-recettes-maki-sushi-cocktail-party-1.jpg\" \/>\n\t<meta property=\"og:image:width\" content=\"1200\" \/>\n\t<meta property=\"og:image:height\" content=\"1200\" \/>\n\t<meta property=\"og:image:type\" content=\"image\/jpeg\" \/>\n<meta name=\"twitter:card\" content=\"summary_large_image\" \/>\n<meta name=\"twitter:site\" content=\"@EasySushi\" \/>\n<meta name=\"twitter:label1\" content=\"Estimated reading time\" \/>\n\t<meta name=\"twitter:data1\" content=\"1 minute\" \/>\n<script type=\"application\/ld+json\" class=\"yoast-schema-graph\">{\"@context\":\"https:\\\/\\\/schema.org\",\"@graph\":[{\"@type\":\"WebPage\",\"@id\":\"https:\\\/\\\/easy-sushi.com\\\/boutique\\\/livre-de-recettes-cocktail-party-easy-sushi\\\/\",\"url\":\"https:\\\/\\\/easy-sushi.com\\\/boutique\\\/livre-de-recettes-cocktail-party-easy-sushi\\\/\",\"name\":\"Livre de recettes Cocktail Party Easy Sushi\u00ae - Easy Sushi\u00ae\",\"isPartOf\":{\"@id\":\"https:\\\/\\\/easy-sushi.com\\\/nl\\\/#website\"},\"primaryImageOfPage\":{\"@id\":\"https:\\\/\\\/easy-sushi.com\\\/boutique\\\/livre-de-recettes-cocktail-party-easy-sushi\\\/#primaryimage\"},\"image\":{\"@id\":\"https:\\\/\\\/easy-sushi.com\\\/boutique\\\/livre-de-recettes-cocktail-party-easy-sushi\\\/#primaryimage\"},\"thumbnailUrl\":\"https:\\\/\\\/easy-sushi.com\\\/wp-content\\\/uploads\\\/2019\\\/09\\\/easy-sushi-recettes-maki-sushi-cocktail-party-1.jpg\",\"datePublished\":\"2019-09-25T14:03:53+00:00\",\"dateModified\":\"2026-01-25T10:00:31+00:00\",\"description\":\"Un livret constitu\u00e9 de vingt-cinq recettes illustr\u00e9es sur le th\u00e8me du cocktail pour r\u00e9ussir un ap\u00e9ritif original tr\u00e8s facilement ! Ces mini-makis et ces savoureuses bouch\u00e9es r\u00e9galerons vos convives.\u00a0\",\"breadcrumb\":{\"@id\":\"https:\\\/\\\/easy-sushi.com\\\/boutique\\\/livre-de-recettes-cocktail-party-easy-sushi\\\/#breadcrumb\"},\"inLanguage\":\"en-GB\",\"potentialAction\":[{\"@type\":\"ReadAction\",\"target\":[\"https:\\\/\\\/easy-sushi.com\\\/boutique\\\/livre-de-recettes-cocktail-party-easy-sushi\\\/\"]}]},{\"@type\":\"ImageObject\",\"inLanguage\":\"en-GB\",\"@id\":\"https:\\\/\\\/easy-sushi.com\\\/boutique\\\/livre-de-recettes-cocktail-party-easy-sushi\\\/#primaryimage\",\"url\":\"https:\\\/\\\/easy-sushi.com\\\/wp-content\\\/uploads\\\/2019\\\/09\\\/easy-sushi-recettes-maki-sushi-cocktail-party-1.jpg\",\"contentUrl\":\"https:\\\/\\\/easy-sushi.com\\\/wp-content\\\/uploads\\\/2019\\\/09\\\/easy-sushi-recettes-maki-sushi-cocktail-party-1.jpg\",\"width\":1200,\"height\":1200,\"caption\":\"Bo\u00eete de sushis \\\"Cocktail Party\\\" avec makis et rouleaux, fabriqu\u00e9e en France.\"},{\"@type\":\"BreadcrumbList\",\"@id\":\"https:\\\/\\\/easy-sushi.com\\\/boutique\\\/livre-de-recettes-cocktail-party-easy-sushi\\\/#breadcrumb\",\"itemListElement\":[{\"@type\":\"ListItem\",\"position\":1,\"name\":\"Accueil\",\"item\":\"https:\\\/\\\/easy-sushi.com\\\/\"},{\"@type\":\"ListItem\",\"position\":2,\"name\":\"Boutique\",\"item\":\"https:\\\/\\\/easy-sushi.com\\\/pt\\\/boutique\\\/\"},{\"@type\":\"ListItem\",\"position\":3,\"name\":\"Livres de recettes pour sushis\",\"item\":\"https:\\\/\\\/easy-sushi.com\\\/categorie-produit\\\/livres-recettes\\\/\"},{\"@type\":\"ListItem\",\"position\":4,\"name\":\"Livre de recettes Cocktail Party Easy Sushi\u00ae\"}]},{\"@type\":\"WebSite\",\"@id\":\"https:\\\/\\\/easy-sushi.com\\\/nl\\\/#website\",\"url\":\"https:\\\/\\\/easy-sushi.com\\\/nl\\\/\",\"name\":\"Easy Sushi\u00ae\",\"description\":\"\",\"publisher\":{\"@id\":\"https:\\\/\\\/easy-sushi.com\\\/nl\\\/#organization\"},\"potentialAction\":[{\"@type\":\"SearchAction\",\"target\":{\"@type\":\"EntryPoint\",\"urlTemplate\":\"https:\\\/\\\/easy-sushi.com\\\/nl\\\/?s={search_term_string}\"},\"query-input\":{\"@type\":\"PropertyValueSpecification\",\"valueRequired\":true,\"valueName\":\"search_term_string\"}}],\"inLanguage\":\"en-GB\"},{\"@type\":\"Organization\",\"@id\":\"https:\\\/\\\/easy-sushi.com\\\/nl\\\/#organization\",\"name\":\"Easy Sushi\u00ae\",\"url\":\"https:\\\/\\\/easy-sushi.com\\\/nl\\\/\",\"logo\":{\"@type\":\"ImageObject\",\"inLanguage\":\"en-GB\",\"@id\":\"https:\\\/\\\/easy-sushi.com\\\/nl\\\/#\\\/schema\\\/logo\\\/image\\\/\",\"url\":\"https:\\\/\\\/easy-sushi.com\\\/wp-content\\\/uploads\\\/2021\\\/01\\\/easy_sushi_logotype.svg\",\"contentUrl\":\"https:\\\/\\\/easy-sushi.com\\\/wp-content\\\/uploads\\\/2021\\\/01\\\/easy_sushi_logotype.svg\",\"width\":513,\"height\":357,\"caption\":\"Easy Sushi\u00ae\"},\"image\":{\"@id\":\"https:\\\/\\\/easy-sushi.com\\\/nl\\\/#\\\/schema\\\/logo\\\/image\\\/\"},\"sameAs\":[\"https:\\\/\\\/www.facebook.com\\\/EasySushi\\\/\",\"https:\\\/\\\/x.com\\\/EasySushi\",\"https:\\\/\\\/www.instagram.com\\\/easysushieasyrolls\\\/\",\"https:\\\/\\\/www.youtube.com\\\/user\\\/EasysushiEasyrolls\"]}]}<\/script>\n<!-- \/ Yoast SEO plugin. -->","yoast_head_json":{"title":"Cocktail Party Easy Sushi\u00ae Recipe Book - Easy Sushi\u00ae","description":"A booklet made up of twenty-five illustrated recipes on the cocktail theme to make an original aperitif very easily! These mini-makis and tasty bites will delight your guests.\u00a0","robots":{"index":"index","follow":"follow","max-snippet":"max-snippet:-1","max-image-preview":"max-image-preview:large","max-video-preview":"max-video-preview:-1"},"canonical":"https:\/\/easy-sushi.com\/en\/shop-2\/easy-sushi-cocktail-party-recipe-book\/","og_locale":"en_GB","og_type":"article","og_title":"Livre de recettes Cocktail Party Easy Sushi\u00ae - Easy Sushi\u00ae","og_description":"Un livret constitu\u00e9 de vingt-cinq recettes illustr\u00e9es sur le th\u00e8me du cocktail pour r\u00e9ussir un ap\u00e9ritif original tr\u00e8s facilement ! Ces mini-makis et ces savoureuses bouch\u00e9es r\u00e9galerons vos convives.\u00a0","og_url":"https:\/\/easy-sushi.com\/en\/shop-2\/easy-sushi-cocktail-party-recipe-book\/","og_site_name":"Easy Sushi\u00ae","article_publisher":"https:\/\/www.facebook.com\/EasySushi\/","article_modified_time":"2026-01-25T10:00:31+00:00","og_image":[{"width":1200,"height":1200,"url":"https:\/\/easy-sushi.com\/wp-content\/uploads\/2019\/09\/easy-sushi-recettes-maki-sushi-cocktail-party-1.jpg","type":"image\/jpeg"}],"twitter_card":"summary_large_image","twitter_site":"@EasySushi","twitter_misc":{"Estimated reading time":"1 minute"},"schema":{"@context":"https:\/\/schema.org","@graph":[{"@type":"WebPage","@id":"https:\/\/easy-sushi.com\/boutique\/livre-de-recettes-cocktail-party-easy-sushi\/","url":"https:\/\/easy-sushi.com\/boutique\/livre-de-recettes-cocktail-party-easy-sushi\/","name":"Cocktail Party Easy Sushi\u00ae Recipe Book - Easy Sushi\u00ae","isPartOf":{"@id":"https:\/\/easy-sushi.com\/nl\/#website"},"primaryImageOfPage":{"@id":"https:\/\/easy-sushi.com\/boutique\/livre-de-recettes-cocktail-party-easy-sushi\/#primaryimage"},"image":{"@id":"https:\/\/easy-sushi.com\/boutique\/livre-de-recettes-cocktail-party-easy-sushi\/#primaryimage"},"thumbnailUrl":"https:\/\/easy-sushi.com\/wp-content\/uploads\/2019\/09\/easy-sushi-recettes-maki-sushi-cocktail-party-1.jpg","datePublished":"2019-09-25T14:03:53+00:00","dateModified":"2026-01-25T10:00:31+00:00","description":"A booklet made up of twenty-five illustrated recipes on the cocktail theme to make an original aperitif very easily! These mini-makis and tasty bites will delight your guests.\u00a0","breadcrumb":{"@id":"https:\/\/easy-sushi.com\/boutique\/livre-de-recettes-cocktail-party-easy-sushi\/#breadcrumb"},"inLanguage":"en-GB","potentialAction":[{"@type":"ReadAction","target":["https:\/\/easy-sushi.com\/boutique\/livre-de-recettes-cocktail-party-easy-sushi\/"]}]},{"@type":"ImageObject","inLanguage":"en-GB","@id":"https:\/\/easy-sushi.com\/boutique\/livre-de-recettes-cocktail-party-easy-sushi\/#primaryimage","url":"https:\/\/easy-sushi.com\/wp-content\/uploads\/2019\/09\/easy-sushi-recettes-maki-sushi-cocktail-party-1.jpg","contentUrl":"https:\/\/easy-sushi.com\/wp-content\/uploads\/2019\/09\/easy-sushi-recettes-maki-sushi-cocktail-party-1.jpg","width":1200,"height":1200,"caption":"Bo\u00eete de sushis \"Cocktail Party\" avec makis et rouleaux, fabriqu\u00e9e en France."},{"@type":"BreadcrumbList","@id":"https:\/\/easy-sushi.com\/boutique\/livre-de-recettes-cocktail-party-easy-sushi\/#breadcrumb","itemListElement":[{"@type":"ListItem","position":1,"name":"Accueil","item":"https:\/\/easy-sushi.com\/"},{"@type":"ListItem","position":2,"name":"Boutique","item":"https:\/\/easy-sushi.com\/pt\/boutique\/"},{"@type":"ListItem","position":3,"name":"Livres de recettes pour sushis","item":"https:\/\/easy-sushi.com\/categorie-produit\/livres-recettes\/"},{"@type":"ListItem","position":4,"name":"Livre de recettes Cocktail Party Easy Sushi\u00ae"}]},{"@type":"WebSite","@id":"https:\/\/easy-sushi.com\/nl\/#website","url":"https:\/\/easy-sushi.com\/nl\/","name":"Easy Sushi\u00ae","description":"","publisher":{"@id":"https:\/\/easy-sushi.com\/nl\/#organization"},"potentialAction":[{"@type":"SearchAction","target":{"@type":"EntryPoint","urlTemplate":"https:\/\/easy-sushi.com\/nl\/?s={search_term_string}"},"query-input":{"@type":"PropertyValueSpecification","valueRequired":true,"valueName":"search_term_string"}}],"inLanguage":"en-GB"},{"@type":"Organization","@id":"https:\/\/easy-sushi.com\/nl\/#organization","name":"Easy Sushi\u00ae","url":"https:\/\/easy-sushi.com\/nl\/","logo":{"@type":"ImageObject","inLanguage":"en-GB","@id":"https:\/\/easy-sushi.com\/nl\/#\/schema\/logo\/image\/","url":"https:\/\/easy-sushi.com\/wp-content\/uploads\/2021\/01\/easy_sushi_logotype.svg","contentUrl":"https:\/\/easy-sushi.com\/wp-content\/uploads\/2021\/01\/easy_sushi_logotype.svg","width":513,"height":357,"caption":"Easy Sushi\u00ae"},"image":{"@id":"https:\/\/easy-sushi.com\/nl\/#\/schema\/logo\/image\/"},"sameAs":["https:\/\/www.facebook.com\/EasySushi\/","https:\/\/x.com\/EasySushi","https:\/\/www.instagram.com\/easysushieasyrolls\/","https:\/\/www.youtube.com\/user\/EasysushiEasyrolls"]}]}},"_links":{"self":[{"href":"https:\/\/easy-sushi.com\/en\/wp-json\/wp\/v2\/product\/956","targetHints":{"allow":["GET"]}}],"collection":[{"href":"https:\/\/easy-sushi.com\/en\/wp-json\/wp\/v2\/product"}],"about":[{"href":"https:\/\/easy-sushi.com\/en\/wp-json\/wp\/v2\/types\/product"}],"replies":[{"embeddable":true,"href":"https:\/\/easy-sushi.com\/en\/wp-json\/wp\/v2\/comments?post=956"}],"wp:featuredmedia":[{"embeddable":true,"href":"https:\/\/easy-sushi.com\/en\/wp-json\/wp\/v2\/media\/25640"}],"wp:attachment":[{"href":"https:\/\/easy-sushi.com\/en\/wp-json\/wp\/v2\/media?parent=956"}],"wp:term":[{"taxonomy":"product_brand","embeddable":true,"href":"https:\/\/easy-sushi.com\/en\/wp-json\/wp\/v2\/product_brand?post=956"},{"taxonomy":"product_cat","embeddable":true,"href":"https:\/\/easy-sushi.com\/en\/wp-json\/wp\/v2\/product_cat?post=956"},{"taxonomy":"product_tag","embeddable":true,"href":"https:\/\/easy-sushi.com\/en\/wp-json\/wp\/v2\/product_tag?post=956"}],"curies":[{"name":"wp","href":"https:\/\/api.w.org\/{rel}","templated":true}]}}