{"id":766,"date":"2019-09-16T16:44:49","date_gmt":"2019-09-16T14:44:49","guid":{"rendered":"https:\/\/easy-sushi.com\/?post_type=product&#038;p=766"},"modified":"2026-04-16T16:50:29","modified_gmt":"2026-04-16T14:50:29","slug":"easy_sushi_4_5_noir","status":"publish","type":"product","link":"https:\/\/easy-sushi.com\/en\/shop-2\/easy_sushi_4_5_noir\/","title":{"rendered":"Easy Sushi\u00ae 4.5 Black"},"content":{"rendered":"<h2>How does Easy Sushi\u00ae 4.5 work?<\/h2>\n<p>The device consists of a cylinder made up of two food-grade ABS shells which are dishwasher-safe and a flexible food-grade polypropylene traction film, which can be cleaned with a non-abrasive sponge, soapy water. <strong>Easy to use<\/strong>, you will now be able to make, in record time, between six and eight makis or any other kind of rolls made from pastry sheets, omelets, pancakes and more. Watch our <a href=\"\/en\/category\/videos\/\" target=\"_blank\" rel=\"noopener\">demonstration videos<\/a>.<\/p>\n<h2>Our favorite recipes for Easy Sushi\u00ae 4.5 Black<\/h2>\n<p>Easy Sushi\u00ae offers you its selection of gourmet recipes: tuna maki recipe, california maki recipe with surimi and more. Discover <a href=\"\/en\/category\/recipes\/\" target=\"_blank\" rel=\"noopener\">our recipes<\/a>.<\/p>\n<h2>Review Easy Sushi\u00ae 4.5 Black<\/h2>\n<p>They talk about it, consult the <a href=\"https:\/\/fr.trustpilot.com\/review\/easy-sushi.com\" target=\"_blank\" rel=\"noopener\">verified user reviews<\/a> by Easy Sushi.<\/p>\n<h2>Need help with Easy Sushi\u00ae 4.5 Black?<\/h2>\n<p>Discover <a href=\"\/en\/manual\/\" target=\"_blank\" rel=\"noopener\">our user guide<\/a> in pictures and become a master in the art of making sushi.<\/p>","protected":false},"excerpt":{"rendered":"<p>Make your sushi easily and quickly with Easy Sushi\u00ae<\/p>\n<ul>\n<li>Easy Sushi\u00ae 4.5 Black<\/li>\n<li>Futomaki &amp; Gourmet Rolls (3 to 4 ingredients)<\/li>\n<li>French made<\/li>\n<li>Instructions for use included<\/li>\n<li>Dimensions 24 x 5.5 x 7.5cm<\/li>\n<li>Easy wash<\/li>\n<\/ul>\n<p>Easy Sushi\u00ae 4.5 Black by Easy Sushi\u00ae<\/p>","protected":false},"featured_media":27394,"comment_status":"open","ping_status":"closed","template":"","meta":{"neve_meta_sidebar":"","neve_meta_container":"","neve_meta_enable_content_width":"off","neve_meta_content_width":100,"neve_meta_title_alignment":"","neve_meta_author_avatar":"","neve_post_elements_order":"","neve_meta_disable_header":"","neve_meta_disable_footer":"","neve_meta_disable_title":""},"product_brand":[],"product_cat":[86,21],"product_tag":[],"class_list":{"0":"post-766","1":"product","2":"type-product","3":"status-publish","4":"has-post-thumbnail","6":"product_cat-machine-a-sushi","7":"product_cat-easy-sushi","9":"first","10":"instock","11":"taxable","12":"shipping-taxable","13":"purchasable","14":"product-type-simple"},"yoast_head":"<!-- This site is optimized with the Yoast SEO plugin v27.4 - https:\/\/yoast.com\/product\/yoast-seo-wordpress\/ -->\n<title>Easy Sushi\u00ae 4.5 Noir | Appareil \u00e0 sushi | Easy Sushi\u00ae<\/title>\n<meta name=\"description\" content=\"Pr\u00e9parer des makis maison n&#039;a jamais \u00e9t\u00e9 aussi simple gr\u00e2ce \u00e0 la machine \u00e0 sushi Easy Sushi 4.5\u00ae Noir. Livraison offerte en France d\u00e8s 39\u20ac\" \/>\n<meta name=\"robots\" content=\"index, follow, max-snippet:-1, max-image-preview:large, max-video-preview:-1\" \/>\n<link rel=\"canonical\" href=\"https:\/\/easy-sushi.com\/en\/shop-2\/easy_sushi_4_5_noir\/\" \/>\n<meta property=\"og:locale\" content=\"en_GB\" \/>\n<meta property=\"og:type\" content=\"article\" \/>\n<meta property=\"og:title\" content=\"Easy Sushi\u00ae 4.5 Noir | Appareil \u00e0 sushi | Easy Sushi\u00ae\" \/>\n<meta property=\"og:description\" content=\"Pr\u00e9parer des makis maison n&#039;a jamais \u00e9t\u00e9 aussi simple gr\u00e2ce \u00e0 la machine \u00e0 sushi Easy Sushi 4.5\u00ae Noir. Livraison offerte en France d\u00e8s 39\u20ac\" \/>\n<meta property=\"og:url\" content=\"https:\/\/easy-sushi.com\/en\/shop-2\/easy_sushi_4_5_noir\/\" \/>\n<meta property=\"og:site_name\" content=\"Easy Sushi\u00ae\" \/>\n<meta property=\"article:publisher\" content=\"https:\/\/www.facebook.com\/EasySushi\/\" \/>\n<meta property=\"article:modified_time\" content=\"2026-04-16T14:50:29+00:00\" \/>\n<meta property=\"og:image\" content=\"https:\/\/easy-sushi.com\/wp-content\/uploads\/2019\/09\/easy-sushi-4-5.jpg\" \/>\n\t<meta property=\"og:image:width\" content=\"1200\" \/>\n\t<meta property=\"og:image:height\" content=\"1200\" \/>\n\t<meta property=\"og:image:type\" content=\"image\/jpeg\" \/>\n<meta name=\"twitter:card\" content=\"summary_large_image\" \/>\n<meta name=\"twitter:site\" content=\"@EasySushi\" \/>\n<meta name=\"twitter:label1\" content=\"Estimated reading time\" \/>\n\t<meta name=\"twitter:data1\" content=\"1 minute\" \/>\n<script type=\"application\/ld+json\" class=\"yoast-schema-graph\">{\"@context\":\"https:\\\/\\\/schema.org\",\"@graph\":[{\"@type\":\"WebPage\",\"@id\":\"https:\\\/\\\/easy-sushi.com\\\/boutique\\\/easy-sushi-4-5-noir\\\/\",\"url\":\"https:\\\/\\\/easy-sushi.com\\\/boutique\\\/easy-sushi-4-5-noir\\\/\",\"name\":\"Easy Sushi\u00ae 4.5 Noir | Appareil \u00e0 sushi | Easy Sushi\u00ae\",\"isPartOf\":{\"@id\":\"https:\\\/\\\/easy-sushi.com\\\/nl\\\/#website\"},\"primaryImageOfPage\":{\"@id\":\"https:\\\/\\\/easy-sushi.com\\\/boutique\\\/easy-sushi-4-5-noir\\\/#primaryimage\"},\"image\":{\"@id\":\"https:\\\/\\\/easy-sushi.com\\\/boutique\\\/easy-sushi-4-5-noir\\\/#primaryimage\"},\"thumbnailUrl\":\"https:\\\/\\\/easy-sushi.com\\\/wp-content\\\/uploads\\\/2019\\\/09\\\/easy-sushi-4-5.jpg\",\"datePublished\":\"2019-09-16T14:44:49+00:00\",\"dateModified\":\"2026-04-16T14:50:29+00:00\",\"description\":\"Pr\u00e9parer des makis maison n'a jamais \u00e9t\u00e9 aussi simple gr\u00e2ce \u00e0 la machine \u00e0 sushi Easy Sushi 4.5\u00ae Noir. Livraison offerte en France d\u00e8s 39\u20ac\",\"breadcrumb\":{\"@id\":\"https:\\\/\\\/easy-sushi.com\\\/boutique\\\/easy-sushi-4-5-noir\\\/#breadcrumb\"},\"inLanguage\":\"en-GB\",\"potentialAction\":[{\"@type\":\"ReadAction\",\"target\":[\"https:\\\/\\\/easy-sushi.com\\\/boutique\\\/easy-sushi-4-5-noir\\\/\"]}]},{\"@type\":\"ImageObject\",\"inLanguage\":\"en-GB\",\"@id\":\"https:\\\/\\\/easy-sushi.com\\\/boutique\\\/easy-sushi-4-5-noir\\\/#primaryimage\",\"url\":\"https:\\\/\\\/easy-sushi.com\\\/wp-content\\\/uploads\\\/2019\\\/09\\\/easy-sushi-4-5.jpg\",\"contentUrl\":\"https:\\\/\\\/easy-sushi.com\\\/wp-content\\\/uploads\\\/2019\\\/09\\\/easy-sushi-4-5.jpg\",\"width\":1200,\"height\":1200},{\"@type\":\"BreadcrumbList\",\"@id\":\"https:\\\/\\\/easy-sushi.com\\\/boutique\\\/easy-sushi-4-5-noir\\\/#breadcrumb\",\"itemListElement\":[{\"@type\":\"ListItem\",\"position\":1,\"name\":\"Accueil\",\"item\":\"https:\\\/\\\/easy-sushi.com\\\/\"},{\"@type\":\"ListItem\",\"position\":2,\"name\":\"Boutique\",\"item\":\"https:\\\/\\\/easy-sushi.com\\\/pt\\\/boutique\\\/\"},{\"@type\":\"ListItem\",\"position\":3,\"name\":\"Machine \u00e0 sushi\",\"item\":\"https:\\\/\\\/easy-sushi.com\\\/categorie-produit\\\/machine-a-sushi\\\/\"},{\"@type\":\"ListItem\",\"position\":4,\"name\":\"Easy Sushi\u00ae 4.5 Noir\"}]},{\"@type\":\"WebSite\",\"@id\":\"https:\\\/\\\/easy-sushi.com\\\/nl\\\/#website\",\"url\":\"https:\\\/\\\/easy-sushi.com\\\/nl\\\/\",\"name\":\"Easy Sushi\u00ae\",\"description\":\"\",\"publisher\":{\"@id\":\"https:\\\/\\\/easy-sushi.com\\\/nl\\\/#organization\"},\"potentialAction\":[{\"@type\":\"SearchAction\",\"target\":{\"@type\":\"EntryPoint\",\"urlTemplate\":\"https:\\\/\\\/easy-sushi.com\\\/nl\\\/?s={search_term_string}\"},\"query-input\":{\"@type\":\"PropertyValueSpecification\",\"valueRequired\":true,\"valueName\":\"search_term_string\"}}],\"inLanguage\":\"en-GB\"},{\"@type\":\"Organization\",\"@id\":\"https:\\\/\\\/easy-sushi.com\\\/nl\\\/#organization\",\"name\":\"Easy Sushi\u00ae\",\"url\":\"https:\\\/\\\/easy-sushi.com\\\/nl\\\/\",\"logo\":{\"@type\":\"ImageObject\",\"inLanguage\":\"en-GB\",\"@id\":\"https:\\\/\\\/easy-sushi.com\\\/nl\\\/#\\\/schema\\\/logo\\\/image\\\/\",\"url\":\"https:\\\/\\\/easy-sushi.com\\\/wp-content\\\/uploads\\\/2021\\\/01\\\/easy_sushi_logotype.svg\",\"contentUrl\":\"https:\\\/\\\/easy-sushi.com\\\/wp-content\\\/uploads\\\/2021\\\/01\\\/easy_sushi_logotype.svg\",\"width\":513,\"height\":357,\"caption\":\"Easy Sushi\u00ae\"},\"image\":{\"@id\":\"https:\\\/\\\/easy-sushi.com\\\/nl\\\/#\\\/schema\\\/logo\\\/image\\\/\"},\"sameAs\":[\"https:\\\/\\\/www.facebook.com\\\/EasySushi\\\/\",\"https:\\\/\\\/x.com\\\/EasySushi\",\"https:\\\/\\\/www.instagram.com\\\/easysushieasyrolls\\\/\",\"https:\\\/\\\/www.youtube.com\\\/user\\\/EasysushiEasyrolls\"]}]}<\/script>\n<!-- \/ Yoast SEO plugin. -->","yoast_head_json":{"title":"Easy Sushi\u00ae 4.5 Black | Sushi machine | Easy Sushi\u00ae","description":"Preparing homemade maki has never been easier thanks to the Easy Sushi 4.5\u00ae Black sushi machine. Free delivery in France from 39\u20ac","robots":{"index":"index","follow":"follow","max-snippet":"max-snippet:-1","max-image-preview":"max-image-preview:large","max-video-preview":"max-video-preview:-1"},"canonical":"https:\/\/easy-sushi.com\/en\/shop-2\/easy_sushi_4_5_noir\/","og_locale":"en_GB","og_type":"article","og_title":"Easy Sushi\u00ae 4.5 Noir | Appareil \u00e0 sushi | Easy Sushi\u00ae","og_description":"Pr\u00e9parer des makis maison n'a jamais \u00e9t\u00e9 aussi simple gr\u00e2ce \u00e0 la machine \u00e0 sushi Easy Sushi 4.5\u00ae Noir. Livraison offerte en France d\u00e8s 39\u20ac","og_url":"https:\/\/easy-sushi.com\/en\/shop-2\/easy_sushi_4_5_noir\/","og_site_name":"Easy Sushi\u00ae","article_publisher":"https:\/\/www.facebook.com\/EasySushi\/","article_modified_time":"2026-04-16T14:50:29+00:00","og_image":[{"width":1200,"height":1200,"url":"https:\/\/easy-sushi.com\/wp-content\/uploads\/2019\/09\/easy-sushi-4-5.jpg","type":"image\/jpeg"}],"twitter_card":"summary_large_image","twitter_site":"@EasySushi","twitter_misc":{"Estimated reading time":"1 minute"},"schema":{"@context":"https:\/\/schema.org","@graph":[{"@type":"WebPage","@id":"https:\/\/easy-sushi.com\/boutique\/easy-sushi-4-5-noir\/","url":"https:\/\/easy-sushi.com\/boutique\/easy-sushi-4-5-noir\/","name":"Easy Sushi\u00ae 4.5 Black | Sushi machine | Easy Sushi\u00ae","isPartOf":{"@id":"https:\/\/easy-sushi.com\/nl\/#website"},"primaryImageOfPage":{"@id":"https:\/\/easy-sushi.com\/boutique\/easy-sushi-4-5-noir\/#primaryimage"},"image":{"@id":"https:\/\/easy-sushi.com\/boutique\/easy-sushi-4-5-noir\/#primaryimage"},"thumbnailUrl":"https:\/\/easy-sushi.com\/wp-content\/uploads\/2019\/09\/easy-sushi-4-5.jpg","datePublished":"2019-09-16T14:44:49+00:00","dateModified":"2026-04-16T14:50:29+00:00","description":"Preparing homemade maki has never been easier thanks to the Easy Sushi 4.5\u00ae Black sushi machine. Free delivery in France from 39\u20ac","breadcrumb":{"@id":"https:\/\/easy-sushi.com\/boutique\/easy-sushi-4-5-noir\/#breadcrumb"},"inLanguage":"en-GB","potentialAction":[{"@type":"ReadAction","target":["https:\/\/easy-sushi.com\/boutique\/easy-sushi-4-5-noir\/"]}]},{"@type":"ImageObject","inLanguage":"en-GB","@id":"https:\/\/easy-sushi.com\/boutique\/easy-sushi-4-5-noir\/#primaryimage","url":"https:\/\/easy-sushi.com\/wp-content\/uploads\/2019\/09\/easy-sushi-4-5.jpg","contentUrl":"https:\/\/easy-sushi.com\/wp-content\/uploads\/2019\/09\/easy-sushi-4-5.jpg","width":1200,"height":1200},{"@type":"BreadcrumbList","@id":"https:\/\/easy-sushi.com\/boutique\/easy-sushi-4-5-noir\/#breadcrumb","itemListElement":[{"@type":"ListItem","position":1,"name":"Accueil","item":"https:\/\/easy-sushi.com\/"},{"@type":"ListItem","position":2,"name":"Boutique","item":"https:\/\/easy-sushi.com\/pt\/boutique\/"},{"@type":"ListItem","position":3,"name":"Machine \u00e0 sushi","item":"https:\/\/easy-sushi.com\/categorie-produit\/machine-a-sushi\/"},{"@type":"ListItem","position":4,"name":"Easy Sushi\u00ae 4.5 Noir"}]},{"@type":"WebSite","@id":"https:\/\/easy-sushi.com\/nl\/#website","url":"https:\/\/easy-sushi.com\/nl\/","name":"Easy Sushi\u00ae","description":"","publisher":{"@id":"https:\/\/easy-sushi.com\/nl\/#organization"},"potentialAction":[{"@type":"SearchAction","target":{"@type":"EntryPoint","urlTemplate":"https:\/\/easy-sushi.com\/nl\/?s={search_term_string}"},"query-input":{"@type":"PropertyValueSpecification","valueRequired":true,"valueName":"search_term_string"}}],"inLanguage":"en-GB"},{"@type":"Organization","@id":"https:\/\/easy-sushi.com\/nl\/#organization","name":"Easy Sushi\u00ae","url":"https:\/\/easy-sushi.com\/nl\/","logo":{"@type":"ImageObject","inLanguage":"en-GB","@id":"https:\/\/easy-sushi.com\/nl\/#\/schema\/logo\/image\/","url":"https:\/\/easy-sushi.com\/wp-content\/uploads\/2021\/01\/easy_sushi_logotype.svg","contentUrl":"https:\/\/easy-sushi.com\/wp-content\/uploads\/2021\/01\/easy_sushi_logotype.svg","width":513,"height":357,"caption":"Easy Sushi\u00ae"},"image":{"@id":"https:\/\/easy-sushi.com\/nl\/#\/schema\/logo\/image\/"},"sameAs":["https:\/\/www.facebook.com\/EasySushi\/","https:\/\/x.com\/EasySushi","https:\/\/www.instagram.com\/easysushieasyrolls\/","https:\/\/www.youtube.com\/user\/EasysushiEasyrolls"]}]}},"_links":{"self":[{"href":"https:\/\/easy-sushi.com\/en\/wp-json\/wp\/v2\/product\/766","targetHints":{"allow":["GET"]}}],"collection":[{"href":"https:\/\/easy-sushi.com\/en\/wp-json\/wp\/v2\/product"}],"about":[{"href":"https:\/\/easy-sushi.com\/en\/wp-json\/wp\/v2\/types\/product"}],"replies":[{"embeddable":true,"href":"https:\/\/easy-sushi.com\/en\/wp-json\/wp\/v2\/comments?post=766"}],"wp:featuredmedia":[{"embeddable":true,"href":"https:\/\/easy-sushi.com\/en\/wp-json\/wp\/v2\/media\/27394"}],"wp:attachment":[{"href":"https:\/\/easy-sushi.com\/en\/wp-json\/wp\/v2\/media?parent=766"}],"wp:term":[{"taxonomy":"product_brand","embeddable":true,"href":"https:\/\/easy-sushi.com\/en\/wp-json\/wp\/v2\/product_brand?post=766"},{"taxonomy":"product_cat","embeddable":true,"href":"https:\/\/easy-sushi.com\/en\/wp-json\/wp\/v2\/product_cat?post=766"},{"taxonomy":"product_tag","embeddable":true,"href":"https:\/\/easy-sushi.com\/en\/wp-json\/wp\/v2\/product_tag?post=766"}],"curies":[{"name":"wp","href":"https:\/\/api.w.org\/{rel}","templated":true}]}}