{"id":25916,"date":"2024-04-03T12:06:12","date_gmt":"2024-04-03T10:06:12","guid":{"rendered":"https:\/\/easy-sushi.com\/?post_type=product&#038;p=25916"},"modified":"2026-04-16T16:51:10","modified_gmt":"2026-04-16T14:51:10","slug":"easy-sushi-gift-card-2","status":"publish","type":"product","link":"https:\/\/easy-sushi.com\/en\/shop-2\/easy-sushi-gift-card-2\/","title":{"rendered":"Easy Sushi\u00ae gift card"},"content":{"rendered":"<h2 style=\"font-size: 24px;\">How does the Easy Sushi gift card work?<\/h2>\n<p>After selecting the amount of your gift and validating your order, you will receive a unique code by e-mail. <strong>valid for 12 months<\/strong> from your date of purchase.<\/p>\n<p>The Easy Sushi\u00ae gift card is <strong>valid on the entire store<\/strong> Easy Sushi\u00ae, without restrictions.<\/p>\n<p>To use your <strong>Easy Sushi\u00ae gift card<\/strong>, all you have to do is prepare your items with your unique code and insert it in the promo code field from the basket page.<\/p>\n<p>For any request regarding the Easy Sushi\u00ae gift card, do not hesitate to <a href=\"\/en\/contact\/\">Contact us<\/a>.<\/p>","protected":false},"excerpt":{"rendered":"<p>Easy Sushi\u00ae gift card by Easy Sushi<\/p>\n<p>The Easy Sushi\u00ae gift card is the ideal gift to please cooking enthusiasts.<\/p>\n<ul>\n<li>Exchange your Easy Sushi\u00ae gift card among more than 100 Easy Sushi\u00ae items<\/li>\n<li>Expiry 12 months after issue date<\/li>\n<\/ul>\n<p>Offer Easy Sushi\u00ae to your loved ones with the digital gift card<\/p>","protected":false},"featured_media":26323,"comment_status":"open","ping_status":"closed","template":"","meta":{"neve_meta_sidebar":"","neve_meta_container":"","neve_meta_enable_content_width":"off","neve_meta_content_width":100,"neve_meta_title_alignment":"","neve_meta_author_avatar":"","neve_post_elements_order":"","neve_meta_disable_header":"","neve_meta_disable_footer":"","neve_meta_disable_title":""},"product_brand":[],"product_cat":[21,27],"product_tag":[],"class_list":{"0":"post-25916","1":"product","2":"type-product","3":"status-publish","4":"has-post-thumbnail","6":"product_cat-easy-sushi","7":"product_cat-bons-plans","9":"first","10":"instock","11":"taxable","12":"shipping-taxable","13":"purchasable","14":"product-type-variable"},"yoast_head":"<!-- This site is optimized with the Yoast SEO plugin v27.4 - https:\/\/yoast.com\/product\/yoast-seo-wordpress\/ -->\n<title>Carte cadeau Easy Sushi\u00ae - Easy Sushi\u00ae<\/title>\n<meta name=\"robots\" content=\"index, follow, max-snippet:-1, max-image-preview:large, max-video-preview:-1\" \/>\n<link rel=\"canonical\" href=\"https:\/\/easy-sushi.com\/en\/shop-2\/easy-sushi-gift-card-2\/\" \/>\n<meta property=\"og:locale\" content=\"en_GB\" \/>\n<meta property=\"og:type\" content=\"article\" \/>\n<meta property=\"og:title\" content=\"Carte cadeau Easy Sushi\u00ae - Easy Sushi\u00ae\" \/>\n<meta property=\"og:description\" content=\"Carte cadeau Easy Sushi\u00ae\u00a0par Easy Sushi  La carte cadeau Easy Sushi\u00ae est le cadeau id\u00e9al pour faire plaisir \u00e0 coup s\u00fbr aux amateurs de cuisine.   Echangez votre carte cadeau Easy Sushi\u00ae parmi plus de 100 articles Easy Sushi\u00ae  Expiration 12 mois apr\u00e8s la date d\u2019\u00e9mission  Offrez Easy Sushi\u00ae \u00e0 vos proches gr\u00e2ce \u00e0 la carte cadeau digitale\" \/>\n<meta property=\"og:url\" content=\"https:\/\/easy-sushi.com\/en\/shop-2\/easy-sushi-gift-card-2\/\" \/>\n<meta property=\"og:site_name\" content=\"Easy Sushi\u00ae\" \/>\n<meta property=\"article:publisher\" content=\"https:\/\/www.facebook.com\/EasySushi\/\" \/>\n<meta property=\"article:modified_time\" content=\"2026-04-16T14:51:10+00:00\" \/>\n<meta property=\"og:image\" content=\"https:\/\/easy-sushi.com\/wp-content\/uploads\/2024\/04\/easy-sushi-carte-cadeau-20.jpg\" \/>\n\t<meta property=\"og:image:width\" content=\"1000\" \/>\n\t<meta property=\"og:image:height\" content=\"1000\" \/>\n\t<meta property=\"og:image:type\" content=\"image\/jpeg\" \/>\n<meta name=\"twitter:card\" content=\"summary_large_image\" \/>\n<meta name=\"twitter:site\" content=\"@EasySushi\" \/>\n<meta name=\"twitter:label1\" content=\"Estimated reading time\" \/>\n\t<meta name=\"twitter:data1\" content=\"1 minute\" \/>\n<script type=\"application\/ld+json\" class=\"yoast-schema-graph\">{\"@context\":\"https:\\\/\\\/schema.org\",\"@graph\":[{\"@type\":\"WebPage\",\"@id\":\"https:\\\/\\\/easy-sushi.com\\\/boutique\\\/carte-cadeau-easy-sushi\\\/\",\"url\":\"https:\\\/\\\/easy-sushi.com\\\/boutique\\\/carte-cadeau-easy-sushi\\\/\",\"name\":\"Carte cadeau Easy Sushi\u00ae - Easy Sushi\u00ae\",\"isPartOf\":{\"@id\":\"https:\\\/\\\/easy-sushi.com\\\/nl\\\/#website\"},\"primaryImageOfPage\":{\"@id\":\"https:\\\/\\\/easy-sushi.com\\\/boutique\\\/carte-cadeau-easy-sushi\\\/#primaryimage\"},\"image\":{\"@id\":\"https:\\\/\\\/easy-sushi.com\\\/boutique\\\/carte-cadeau-easy-sushi\\\/#primaryimage\"},\"thumbnailUrl\":\"https:\\\/\\\/easy-sushi.com\\\/wp-content\\\/uploads\\\/2024\\\/04\\\/easy-sushi-carte-cadeau-20.jpg\",\"datePublished\":\"2024-04-03T10:06:12+00:00\",\"dateModified\":\"2026-04-16T14:51:10+00:00\",\"breadcrumb\":{\"@id\":\"https:\\\/\\\/easy-sushi.com\\\/boutique\\\/carte-cadeau-easy-sushi\\\/#breadcrumb\"},\"inLanguage\":\"en-GB\",\"potentialAction\":[{\"@type\":\"ReadAction\",\"target\":[\"https:\\\/\\\/easy-sushi.com\\\/boutique\\\/carte-cadeau-easy-sushi\\\/\"]}]},{\"@type\":\"ImageObject\",\"inLanguage\":\"en-GB\",\"@id\":\"https:\\\/\\\/easy-sushi.com\\\/boutique\\\/carte-cadeau-easy-sushi\\\/#primaryimage\",\"url\":\"https:\\\/\\\/easy-sushi.com\\\/wp-content\\\/uploads\\\/2024\\\/04\\\/easy-sushi-carte-cadeau-20.jpg\",\"contentUrl\":\"https:\\\/\\\/easy-sushi.com\\\/wp-content\\\/uploads\\\/2024\\\/04\\\/easy-sushi-carte-cadeau-20.jpg\",\"width\":1000,\"height\":1000,\"caption\":\"Carte cadeau Easy Sushi avec n\u0153ud dor\u00e9 et sushis, d'une valeur de 20\u20ac\"},{\"@type\":\"BreadcrumbList\",\"@id\":\"https:\\\/\\\/easy-sushi.com\\\/boutique\\\/carte-cadeau-easy-sushi\\\/#breadcrumb\",\"itemListElement\":[{\"@type\":\"ListItem\",\"position\":1,\"name\":\"Accueil\",\"item\":\"https:\\\/\\\/easy-sushi.com\\\/\"},{\"@type\":\"ListItem\",\"position\":2,\"name\":\"Boutique\",\"item\":\"https:\\\/\\\/easy-sushi.com\\\/pt\\\/boutique\\\/\"},{\"@type\":\"ListItem\",\"position\":3,\"name\":\"Easy Sushi\u00ae\",\"item\":\"https:\\\/\\\/easy-sushi.com\\\/categorie-produit\\\/easy-sushi\\\/\"},{\"@type\":\"ListItem\",\"position\":4,\"name\":\"Carte cadeau Easy Sushi\u00ae\"}]},{\"@type\":\"WebSite\",\"@id\":\"https:\\\/\\\/easy-sushi.com\\\/nl\\\/#website\",\"url\":\"https:\\\/\\\/easy-sushi.com\\\/nl\\\/\",\"name\":\"Easy Sushi\u00ae\",\"description\":\"\",\"publisher\":{\"@id\":\"https:\\\/\\\/easy-sushi.com\\\/nl\\\/#organization\"},\"potentialAction\":[{\"@type\":\"SearchAction\",\"target\":{\"@type\":\"EntryPoint\",\"urlTemplate\":\"https:\\\/\\\/easy-sushi.com\\\/nl\\\/?s={search_term_string}\"},\"query-input\":{\"@type\":\"PropertyValueSpecification\",\"valueRequired\":true,\"valueName\":\"search_term_string\"}}],\"inLanguage\":\"en-GB\"},{\"@type\":\"Organization\",\"@id\":\"https:\\\/\\\/easy-sushi.com\\\/nl\\\/#organization\",\"name\":\"Easy Sushi\u00ae\",\"url\":\"https:\\\/\\\/easy-sushi.com\\\/nl\\\/\",\"logo\":{\"@type\":\"ImageObject\",\"inLanguage\":\"en-GB\",\"@id\":\"https:\\\/\\\/easy-sushi.com\\\/nl\\\/#\\\/schema\\\/logo\\\/image\\\/\",\"url\":\"https:\\\/\\\/easy-sushi.com\\\/wp-content\\\/uploads\\\/2021\\\/01\\\/easy_sushi_logotype.svg\",\"contentUrl\":\"https:\\\/\\\/easy-sushi.com\\\/wp-content\\\/uploads\\\/2021\\\/01\\\/easy_sushi_logotype.svg\",\"width\":513,\"height\":357,\"caption\":\"Easy Sushi\u00ae\"},\"image\":{\"@id\":\"https:\\\/\\\/easy-sushi.com\\\/nl\\\/#\\\/schema\\\/logo\\\/image\\\/\"},\"sameAs\":[\"https:\\\/\\\/www.facebook.com\\\/EasySushi\\\/\",\"https:\\\/\\\/x.com\\\/EasySushi\",\"https:\\\/\\\/www.instagram.com\\\/easysushieasyrolls\\\/\",\"https:\\\/\\\/www.youtube.com\\\/user\\\/EasysushiEasyrolls\"]}]}<\/script>\n<!-- \/ Yoast SEO plugin. -->","yoast_head_json":{"title":"Easy Sushi\u00ae gift card - Easy Sushi\u00ae","robots":{"index":"index","follow":"follow","max-snippet":"max-snippet:-1","max-image-preview":"max-image-preview:large","max-video-preview":"max-video-preview:-1"},"canonical":"https:\/\/easy-sushi.com\/en\/shop-2\/easy-sushi-gift-card-2\/","og_locale":"en_GB","og_type":"article","og_title":"Carte cadeau Easy Sushi\u00ae - Easy Sushi\u00ae","og_description":"Carte cadeau Easy Sushi\u00ae\u00a0par Easy Sushi  La carte cadeau Easy Sushi\u00ae est le cadeau id\u00e9al pour faire plaisir \u00e0 coup s\u00fbr aux amateurs de cuisine.   Echangez votre carte cadeau Easy Sushi\u00ae parmi plus de 100 articles Easy Sushi\u00ae  Expiration 12 mois apr\u00e8s la date d\u2019\u00e9mission  Offrez Easy Sushi\u00ae \u00e0 vos proches gr\u00e2ce \u00e0 la carte cadeau digitale","og_url":"https:\/\/easy-sushi.com\/en\/shop-2\/easy-sushi-gift-card-2\/","og_site_name":"Easy Sushi\u00ae","article_publisher":"https:\/\/www.facebook.com\/EasySushi\/","article_modified_time":"2026-04-16T14:51:10+00:00","og_image":[{"width":1000,"height":1000,"url":"https:\/\/easy-sushi.com\/wp-content\/uploads\/2024\/04\/easy-sushi-carte-cadeau-20.jpg","type":"image\/jpeg"}],"twitter_card":"summary_large_image","twitter_site":"@EasySushi","twitter_misc":{"Estimated reading time":"1 minute"},"schema":{"@context":"https:\/\/schema.org","@graph":[{"@type":"WebPage","@id":"https:\/\/easy-sushi.com\/boutique\/carte-cadeau-easy-sushi\/","url":"https:\/\/easy-sushi.com\/boutique\/carte-cadeau-easy-sushi\/","name":"Easy Sushi\u00ae gift card - Easy Sushi\u00ae","isPartOf":{"@id":"https:\/\/easy-sushi.com\/nl\/#website"},"primaryImageOfPage":{"@id":"https:\/\/easy-sushi.com\/boutique\/carte-cadeau-easy-sushi\/#primaryimage"},"image":{"@id":"https:\/\/easy-sushi.com\/boutique\/carte-cadeau-easy-sushi\/#primaryimage"},"thumbnailUrl":"https:\/\/easy-sushi.com\/wp-content\/uploads\/2024\/04\/easy-sushi-carte-cadeau-20.jpg","datePublished":"2024-04-03T10:06:12+00:00","dateModified":"2026-04-16T14:51:10+00:00","breadcrumb":{"@id":"https:\/\/easy-sushi.com\/boutique\/carte-cadeau-easy-sushi\/#breadcrumb"},"inLanguage":"en-GB","potentialAction":[{"@type":"ReadAction","target":["https:\/\/easy-sushi.com\/boutique\/carte-cadeau-easy-sushi\/"]}]},{"@type":"ImageObject","inLanguage":"en-GB","@id":"https:\/\/easy-sushi.com\/boutique\/carte-cadeau-easy-sushi\/#primaryimage","url":"https:\/\/easy-sushi.com\/wp-content\/uploads\/2024\/04\/easy-sushi-carte-cadeau-20.jpg","contentUrl":"https:\/\/easy-sushi.com\/wp-content\/uploads\/2024\/04\/easy-sushi-carte-cadeau-20.jpg","width":1000,"height":1000,"caption":"Carte cadeau Easy Sushi avec n\u0153ud dor\u00e9 et sushis, d'une valeur de 20\u20ac"},{"@type":"BreadcrumbList","@id":"https:\/\/easy-sushi.com\/boutique\/carte-cadeau-easy-sushi\/#breadcrumb","itemListElement":[{"@type":"ListItem","position":1,"name":"Accueil","item":"https:\/\/easy-sushi.com\/"},{"@type":"ListItem","position":2,"name":"Boutique","item":"https:\/\/easy-sushi.com\/pt\/boutique\/"},{"@type":"ListItem","position":3,"name":"Easy Sushi\u00ae","item":"https:\/\/easy-sushi.com\/categorie-produit\/easy-sushi\/"},{"@type":"ListItem","position":4,"name":"Carte cadeau Easy Sushi\u00ae"}]},{"@type":"WebSite","@id":"https:\/\/easy-sushi.com\/nl\/#website","url":"https:\/\/easy-sushi.com\/nl\/","name":"Easy Sushi\u00ae","description":"","publisher":{"@id":"https:\/\/easy-sushi.com\/nl\/#organization"},"potentialAction":[{"@type":"SearchAction","target":{"@type":"EntryPoint","urlTemplate":"https:\/\/easy-sushi.com\/nl\/?s={search_term_string}"},"query-input":{"@type":"PropertyValueSpecification","valueRequired":true,"valueName":"search_term_string"}}],"inLanguage":"en-GB"},{"@type":"Organization","@id":"https:\/\/easy-sushi.com\/nl\/#organization","name":"Easy Sushi\u00ae","url":"https:\/\/easy-sushi.com\/nl\/","logo":{"@type":"ImageObject","inLanguage":"en-GB","@id":"https:\/\/easy-sushi.com\/nl\/#\/schema\/logo\/image\/","url":"https:\/\/easy-sushi.com\/wp-content\/uploads\/2021\/01\/easy_sushi_logotype.svg","contentUrl":"https:\/\/easy-sushi.com\/wp-content\/uploads\/2021\/01\/easy_sushi_logotype.svg","width":513,"height":357,"caption":"Easy Sushi\u00ae"},"image":{"@id":"https:\/\/easy-sushi.com\/nl\/#\/schema\/logo\/image\/"},"sameAs":["https:\/\/www.facebook.com\/EasySushi\/","https:\/\/x.com\/EasySushi","https:\/\/www.instagram.com\/easysushieasyrolls\/","https:\/\/www.youtube.com\/user\/EasysushiEasyrolls"]}]}},"_links":{"self":[{"href":"https:\/\/easy-sushi.com\/en\/wp-json\/wp\/v2\/product\/25916","targetHints":{"allow":["GET"]}}],"collection":[{"href":"https:\/\/easy-sushi.com\/en\/wp-json\/wp\/v2\/product"}],"about":[{"href":"https:\/\/easy-sushi.com\/en\/wp-json\/wp\/v2\/types\/product"}],"replies":[{"embeddable":true,"href":"https:\/\/easy-sushi.com\/en\/wp-json\/wp\/v2\/comments?post=25916"}],"wp:featuredmedia":[{"embeddable":true,"href":"https:\/\/easy-sushi.com\/en\/wp-json\/wp\/v2\/media\/26323"}],"wp:attachment":[{"href":"https:\/\/easy-sushi.com\/en\/wp-json\/wp\/v2\/media?parent=25916"}],"wp:term":[{"taxonomy":"product_brand","embeddable":true,"href":"https:\/\/easy-sushi.com\/en\/wp-json\/wp\/v2\/product_brand?post=25916"},{"taxonomy":"product_cat","embeddable":true,"href":"https:\/\/easy-sushi.com\/en\/wp-json\/wp\/v2\/product_cat?post=25916"},{"taxonomy":"product_tag","embeddable":true,"href":"https:\/\/easy-sushi.com\/en\/wp-json\/wp\/v2\/product_tag?post=25916"}],"curies":[{"name":"wp","href":"https:\/\/api.w.org\/{rel}","templated":true}]}}