{"id":20156,"date":"2020-11-18T11:22:04","date_gmt":"2020-11-18T10:22:04","guid":{"rendered":"https:\/\/easy-sushi.com\/?post_type=product&#038;p=20156"},"modified":"2025-12-07T11:00:30","modified_gmt":"2025-12-07T10:00:30","slug":"lunch-box-lunch-box-bento-3-compartments","status":"publish","type":"product","link":"https:\/\/easy-sushi.com\/en\/shop-2\/lunch-box-lunch-box-bento-3-compartments\/","title":{"rendered":"Lunch Box Bento 3 Compartments"},"content":{"rendered":"","protected":false},"excerpt":{"rendered":"<p>Lunch Box Bento 2 Compartments<\/p>\n<ul>\n<li>2-level compartments<\/li>\n<li>Microwave compatible<\/li>\n<li>4 colors<\/li>\n<li>Wheat straw<\/li>\n<li>Capacity: 900 ml - Dimensions: 18.5 x 8 x 10.5 cm<\/li>\n<\/ul>\n<p>Discover our range of lunch boxes <strong>Easy Sushi\u00ae<\/strong><\/p>","protected":false},"featured_media":27431,"comment_status":"open","ping_status":"closed","template":"","meta":{"neve_meta_sidebar":"","neve_meta_container":"","neve_meta_enable_content_width":"off","neve_meta_content_width":100,"neve_meta_title_alignment":"","neve_meta_author_avatar":"","neve_post_elements_order":"","neve_meta_disable_header":"","neve_meta_disable_footer":"","neve_meta_disable_title":""},"product_brand":[],"product_cat":[24,33],"product_tag":[],"class_list":{"0":"post-20156","1":"product","2":"type-product","3":"status-publish","4":"has-post-thumbnail","6":"product_cat-accessoires","7":"product_cat-lunch-box","9":"first","10":"instock","11":"sold-individually","12":"taxable","13":"shipping-taxable","14":"purchasable","15":"product-type-variable"},"yoast_head":"<!-- This site is optimized with the Yoast SEO plugin v27.4 - https:\/\/yoast.com\/product\/yoast-seo-wordpress\/ -->\n<title>Bo\u00eete \u00e0 Repas (Lunch Box Bento) 3 Compartiments - Easy Sushi\u00ae<\/title>\n<meta name=\"robots\" content=\"index, follow, max-snippet:-1, max-image-preview:large, max-video-preview:-1\" \/>\n<link rel=\"canonical\" href=\"https:\/\/easy-sushi.com\/en\/shop-2\/lunch-box-lunch-box-bento-3-compartments\/\" \/>\n<meta property=\"og:locale\" content=\"en_GB\" \/>\n<meta property=\"og:type\" content=\"article\" \/>\n<meta property=\"og:title\" content=\"Bo\u00eete \u00e0 Repas (Lunch Box Bento) 3 Compartiments - Easy Sushi\u00ae\" \/>\n<meta property=\"og:description\" content=\"Bo\u00eete \u00e0 Repas (Lunch Box Bento) 2 Compartiments   Compartiments sur 2 niveaux  Compatible micro-ondes  4 couleurs  En paille de bl\u00e9  Contenance : 900 ml - Dimensions : 18.5 x 8 x 10.5 cm  D\u00e9couvrez notre gamme de bo\u00eete \u00e0 repas Easy Sushi\u00ae\" \/>\n<meta property=\"og:url\" content=\"https:\/\/easy-sushi.com\/en\/shop-2\/lunch-box-lunch-box-bento-3-compartments\/\" \/>\n<meta property=\"og:site_name\" content=\"Easy Sushi\u00ae\" \/>\n<meta property=\"article:publisher\" content=\"https:\/\/www.facebook.com\/EasySushi\/\" \/>\n<meta property=\"article:modified_time\" content=\"2025-12-07T10:00:30+00:00\" \/>\n<meta property=\"og:image\" content=\"https:\/\/easy-sushi.com\/wp-content\/uploads\/2020\/11\/50468-04.jpg\" \/>\n\t<meta property=\"og:image:width\" content=\"1200\" \/>\n\t<meta property=\"og:image:height\" content=\"1200\" \/>\n\t<meta property=\"og:image:type\" content=\"image\/jpeg\" \/>\n<meta name=\"twitter:card\" content=\"summary_large_image\" \/>\n<meta name=\"twitter:site\" content=\"@EasySushi\" \/>\n<script type=\"application\/ld+json\" class=\"yoast-schema-graph\">{\"@context\":\"https:\\\/\\\/schema.org\",\"@graph\":[{\"@type\":\"WebPage\",\"@id\":\"https:\\\/\\\/easy-sushi.com\\\/boutique\\\/boite-a-repas-lunch-box-bento-3-compartiments\\\/\",\"url\":\"https:\\\/\\\/easy-sushi.com\\\/boutique\\\/boite-a-repas-lunch-box-bento-3-compartiments\\\/\",\"name\":\"Bo\u00eete \u00e0 Repas (Lunch Box Bento) 3 Compartiments - Easy Sushi\u00ae\",\"isPartOf\":{\"@id\":\"https:\\\/\\\/easy-sushi.com\\\/nl\\\/#website\"},\"primaryImageOfPage\":{\"@id\":\"https:\\\/\\\/easy-sushi.com\\\/boutique\\\/boite-a-repas-lunch-box-bento-3-compartiments\\\/#primaryimage\"},\"image\":{\"@id\":\"https:\\\/\\\/easy-sushi.com\\\/boutique\\\/boite-a-repas-lunch-box-bento-3-compartiments\\\/#primaryimage\"},\"thumbnailUrl\":\"https:\\\/\\\/easy-sushi.com\\\/wp-content\\\/uploads\\\/2020\\\/11\\\/50468-04.jpg\",\"datePublished\":\"2020-11-18T10:22:04+00:00\",\"dateModified\":\"2025-12-07T10:00:30+00:00\",\"breadcrumb\":{\"@id\":\"https:\\\/\\\/easy-sushi.com\\\/boutique\\\/boite-a-repas-lunch-box-bento-3-compartiments\\\/#breadcrumb\"},\"inLanguage\":\"en-GB\",\"potentialAction\":[{\"@type\":\"ReadAction\",\"target\":[\"https:\\\/\\\/easy-sushi.com\\\/boutique\\\/boite-a-repas-lunch-box-bento-3-compartiments\\\/\"]}]},{\"@type\":\"ImageObject\",\"inLanguage\":\"en-GB\",\"@id\":\"https:\\\/\\\/easy-sushi.com\\\/boutique\\\/boite-a-repas-lunch-box-bento-3-compartiments\\\/#primaryimage\",\"url\":\"https:\\\/\\\/easy-sushi.com\\\/wp-content\\\/uploads\\\/2020\\\/11\\\/50468-04.jpg\",\"contentUrl\":\"https:\\\/\\\/easy-sushi.com\\\/wp-content\\\/uploads\\\/2020\\\/11\\\/50468-04.jpg\",\"width\":1200,\"height\":1200},{\"@type\":\"BreadcrumbList\",\"@id\":\"https:\\\/\\\/easy-sushi.com\\\/boutique\\\/boite-a-repas-lunch-box-bento-3-compartiments\\\/#breadcrumb\",\"itemListElement\":[{\"@type\":\"ListItem\",\"position\":1,\"name\":\"Accueil\",\"item\":\"https:\\\/\\\/easy-sushi.com\\\/\"},{\"@type\":\"ListItem\",\"position\":2,\"name\":\"Boutique\",\"item\":\"https:\\\/\\\/easy-sushi.com\\\/pt\\\/boutique\\\/\"},{\"@type\":\"ListItem\",\"position\":3,\"name\":\"Accessoires de cuisine Japonaise\",\"item\":\"https:\\\/\\\/easy-sushi.com\\\/categorie-produit\\\/accessoires\\\/\"},{\"@type\":\"ListItem\",\"position\":4,\"name\":\"Lunch Box Japonais\",\"item\":\"https:\\\/\\\/easy-sushi.com\\\/categorie-produit\\\/accessoires\\\/lunch-box\\\/\"},{\"@type\":\"ListItem\",\"position\":5,\"name\":\"Bo\u00eete \u00e0 Repas (Lunch Box Bento) 3 Compartiments\"}]},{\"@type\":\"WebSite\",\"@id\":\"https:\\\/\\\/easy-sushi.com\\\/nl\\\/#website\",\"url\":\"https:\\\/\\\/easy-sushi.com\\\/nl\\\/\",\"name\":\"Easy Sushi\u00ae\",\"description\":\"\",\"publisher\":{\"@id\":\"https:\\\/\\\/easy-sushi.com\\\/nl\\\/#organization\"},\"potentialAction\":[{\"@type\":\"SearchAction\",\"target\":{\"@type\":\"EntryPoint\",\"urlTemplate\":\"https:\\\/\\\/easy-sushi.com\\\/nl\\\/?s={search_term_string}\"},\"query-input\":{\"@type\":\"PropertyValueSpecification\",\"valueRequired\":true,\"valueName\":\"search_term_string\"}}],\"inLanguage\":\"en-GB\"},{\"@type\":\"Organization\",\"@id\":\"https:\\\/\\\/easy-sushi.com\\\/nl\\\/#organization\",\"name\":\"Easy Sushi\u00ae\",\"url\":\"https:\\\/\\\/easy-sushi.com\\\/nl\\\/\",\"logo\":{\"@type\":\"ImageObject\",\"inLanguage\":\"en-GB\",\"@id\":\"https:\\\/\\\/easy-sushi.com\\\/nl\\\/#\\\/schema\\\/logo\\\/image\\\/\",\"url\":\"https:\\\/\\\/easy-sushi.com\\\/wp-content\\\/uploads\\\/2021\\\/01\\\/easy_sushi_logotype.svg\",\"contentUrl\":\"https:\\\/\\\/easy-sushi.com\\\/wp-content\\\/uploads\\\/2021\\\/01\\\/easy_sushi_logotype.svg\",\"width\":513,\"height\":357,\"caption\":\"Easy Sushi\u00ae\"},\"image\":{\"@id\":\"https:\\\/\\\/easy-sushi.com\\\/nl\\\/#\\\/schema\\\/logo\\\/image\\\/\"},\"sameAs\":[\"https:\\\/\\\/www.facebook.com\\\/EasySushi\\\/\",\"https:\\\/\\\/x.com\\\/EasySushi\",\"https:\\\/\\\/www.instagram.com\\\/easysushieasyrolls\\\/\",\"https:\\\/\\\/www.youtube.com\\\/user\\\/EasysushiEasyrolls\"]}]}<\/script>\n<!-- \/ Yoast SEO plugin. -->","yoast_head_json":{"title":"Lunch Box Bento 3 Compartments - Easy Sushi\u00ae","robots":{"index":"index","follow":"follow","max-snippet":"max-snippet:-1","max-image-preview":"max-image-preview:large","max-video-preview":"max-video-preview:-1"},"canonical":"https:\/\/easy-sushi.com\/en\/shop-2\/lunch-box-lunch-box-bento-3-compartments\/","og_locale":"en_GB","og_type":"article","og_title":"Bo\u00eete \u00e0 Repas (Lunch Box Bento) 3 Compartiments - Easy Sushi\u00ae","og_description":"Bo\u00eete \u00e0 Repas (Lunch Box Bento) 2 Compartiments   Compartiments sur 2 niveaux  Compatible micro-ondes  4 couleurs  En paille de bl\u00e9  Contenance : 900 ml - Dimensions : 18.5 x 8 x 10.5 cm  D\u00e9couvrez notre gamme de bo\u00eete \u00e0 repas Easy Sushi\u00ae","og_url":"https:\/\/easy-sushi.com\/en\/shop-2\/lunch-box-lunch-box-bento-3-compartments\/","og_site_name":"Easy Sushi\u00ae","article_publisher":"https:\/\/www.facebook.com\/EasySushi\/","article_modified_time":"2025-12-07T10:00:30+00:00","og_image":[{"width":1200,"height":1200,"url":"https:\/\/easy-sushi.com\/wp-content\/uploads\/2020\/11\/50468-04.jpg","type":"image\/jpeg"}],"twitter_card":"summary_large_image","twitter_site":"@EasySushi","schema":{"@context":"https:\/\/schema.org","@graph":[{"@type":"WebPage","@id":"https:\/\/easy-sushi.com\/boutique\/boite-a-repas-lunch-box-bento-3-compartiments\/","url":"https:\/\/easy-sushi.com\/boutique\/boite-a-repas-lunch-box-bento-3-compartiments\/","name":"Lunch Box Bento 3 Compartments - Easy Sushi\u00ae","isPartOf":{"@id":"https:\/\/easy-sushi.com\/nl\/#website"},"primaryImageOfPage":{"@id":"https:\/\/easy-sushi.com\/boutique\/boite-a-repas-lunch-box-bento-3-compartiments\/#primaryimage"},"image":{"@id":"https:\/\/easy-sushi.com\/boutique\/boite-a-repas-lunch-box-bento-3-compartiments\/#primaryimage"},"thumbnailUrl":"https:\/\/easy-sushi.com\/wp-content\/uploads\/2020\/11\/50468-04.jpg","datePublished":"2020-11-18T10:22:04+00:00","dateModified":"2025-12-07T10:00:30+00:00","breadcrumb":{"@id":"https:\/\/easy-sushi.com\/boutique\/boite-a-repas-lunch-box-bento-3-compartiments\/#breadcrumb"},"inLanguage":"en-GB","potentialAction":[{"@type":"ReadAction","target":["https:\/\/easy-sushi.com\/boutique\/boite-a-repas-lunch-box-bento-3-compartiments\/"]}]},{"@type":"ImageObject","inLanguage":"en-GB","@id":"https:\/\/easy-sushi.com\/boutique\/boite-a-repas-lunch-box-bento-3-compartiments\/#primaryimage","url":"https:\/\/easy-sushi.com\/wp-content\/uploads\/2020\/11\/50468-04.jpg","contentUrl":"https:\/\/easy-sushi.com\/wp-content\/uploads\/2020\/11\/50468-04.jpg","width":1200,"height":1200},{"@type":"BreadcrumbList","@id":"https:\/\/easy-sushi.com\/boutique\/boite-a-repas-lunch-box-bento-3-compartiments\/#breadcrumb","itemListElement":[{"@type":"ListItem","position":1,"name":"Accueil","item":"https:\/\/easy-sushi.com\/"},{"@type":"ListItem","position":2,"name":"Boutique","item":"https:\/\/easy-sushi.com\/pt\/boutique\/"},{"@type":"ListItem","position":3,"name":"Accessoires de cuisine Japonaise","item":"https:\/\/easy-sushi.com\/categorie-produit\/accessoires\/"},{"@type":"ListItem","position":4,"name":"Lunch Box Japonais","item":"https:\/\/easy-sushi.com\/categorie-produit\/accessoires\/lunch-box\/"},{"@type":"ListItem","position":5,"name":"Bo\u00eete \u00e0 Repas (Lunch Box Bento) 3 Compartiments"}]},{"@type":"WebSite","@id":"https:\/\/easy-sushi.com\/nl\/#website","url":"https:\/\/easy-sushi.com\/nl\/","name":"Easy Sushi\u00ae","description":"","publisher":{"@id":"https:\/\/easy-sushi.com\/nl\/#organization"},"potentialAction":[{"@type":"SearchAction","target":{"@type":"EntryPoint","urlTemplate":"https:\/\/easy-sushi.com\/nl\/?s={search_term_string}"},"query-input":{"@type":"PropertyValueSpecification","valueRequired":true,"valueName":"search_term_string"}}],"inLanguage":"en-GB"},{"@type":"Organization","@id":"https:\/\/easy-sushi.com\/nl\/#organization","name":"Easy Sushi\u00ae","url":"https:\/\/easy-sushi.com\/nl\/","logo":{"@type":"ImageObject","inLanguage":"en-GB","@id":"https:\/\/easy-sushi.com\/nl\/#\/schema\/logo\/image\/","url":"https:\/\/easy-sushi.com\/wp-content\/uploads\/2021\/01\/easy_sushi_logotype.svg","contentUrl":"https:\/\/easy-sushi.com\/wp-content\/uploads\/2021\/01\/easy_sushi_logotype.svg","width":513,"height":357,"caption":"Easy Sushi\u00ae"},"image":{"@id":"https:\/\/easy-sushi.com\/nl\/#\/schema\/logo\/image\/"},"sameAs":["https:\/\/www.facebook.com\/EasySushi\/","https:\/\/x.com\/EasySushi","https:\/\/www.instagram.com\/easysushieasyrolls\/","https:\/\/www.youtube.com\/user\/EasysushiEasyrolls"]}]}},"_links":{"self":[{"href":"https:\/\/easy-sushi.com\/en\/wp-json\/wp\/v2\/product\/20156","targetHints":{"allow":["GET"]}}],"collection":[{"href":"https:\/\/easy-sushi.com\/en\/wp-json\/wp\/v2\/product"}],"about":[{"href":"https:\/\/easy-sushi.com\/en\/wp-json\/wp\/v2\/types\/product"}],"replies":[{"embeddable":true,"href":"https:\/\/easy-sushi.com\/en\/wp-json\/wp\/v2\/comments?post=20156"}],"wp:featuredmedia":[{"embeddable":true,"href":"https:\/\/easy-sushi.com\/en\/wp-json\/wp\/v2\/media\/27431"}],"wp:attachment":[{"href":"https:\/\/easy-sushi.com\/en\/wp-json\/wp\/v2\/media?parent=20156"}],"wp:term":[{"taxonomy":"product_brand","embeddable":true,"href":"https:\/\/easy-sushi.com\/en\/wp-json\/wp\/v2\/product_brand?post=20156"},{"taxonomy":"product_cat","embeddable":true,"href":"https:\/\/easy-sushi.com\/en\/wp-json\/wp\/v2\/product_cat?post=20156"},{"taxonomy":"product_tag","embeddable":true,"href":"https:\/\/easy-sushi.com\/en\/wp-json\/wp\/v2\/product_tag?post=20156"}],"curies":[{"name":"wp","href":"https:\/\/api.w.org\/{rel}","templated":true}]}}