{"id":930,"date":"2019-09-23T15:32:13","date_gmt":"2019-09-23T13:32:13","guid":{"rendered":"https:\/\/easy-sushi.com\/?post_type=product&#038;p=930"},"modified":"2023-06-23T11:59:42","modified_gmt":"2023-06-23T09:59:42","slug":"gewurz-fur-sushi-reis","status":"publish","type":"product","link":"https:\/\/easy-sushi.com\/de\/einkaufen-2\/gewurz-fur-sushi-reis\/","title":{"rendered":"Sushi Reisgew\u00fcrz"},"content":{"rendered":"<p>Kikkoman Sushi Rice Seasoning ist ideal f\u00fcr die Zubereitung Ihres Reises.<\/p>\n<p>Weicher und weniger sauer als gew\u00f6hnlicher Essig, eignet es sich auch zum W\u00fcrzen Ihrer Salate und Marinaden.<\/p>\n<p><strong>Komposition:<\/strong> Wasser, Reisessig (31%), Zucker, Salz.<\/p>\n<p><strong>Handbuch: <\/strong>Gie\u00dfen Sie f\u00fcr Ihren Sushi-Reis 150 ml Sushi-Essig f\u00fcr 1200 g gekochten Reis (ca. 500 g trockenen Reis).<\/p>\n<p>Gut mischen, solange der Reis hei\u00df ist, dabei darauf achten, den Reis nicht zu zerdr\u00fccken.<\/p>\n<p><strong>N\u00e4hrwert (f\u00fcr 100ml)<\/strong> :<\/p>\n<table class=\"producttable\" summary=\"\">\n<tbody>\n<tr>\n<td>Energie (kJ \/ kcal)<\/td>\n<td>706 \/ 166<\/td>\n<\/tr>\n<tr>\n<td>Fett (g)<\/td>\n<td>0<\/td>\n<\/tr>\n<tr>\n<td>\u00a0davon ges\u00e4ttigte Fetts\u00e4uren (g)<\/td>\n<td>0<\/td>\n<\/tr>\n<tr>\n<td>Kohlenhydrate (g)<\/td>\n<td>38<\/td>\n<\/tr>\n<tr>\n<td>\u00a0 davon Zucker (g)<\/td>\n<td>37<\/td>\n<\/tr>\n<tr>\n<td>Proteine (g)<\/td>\n<td>0<\/td>\n<\/tr>\n<tr>\n<td>Salz (g)<\/td>\n<td>7,5<\/td>\n<\/tr>\n<\/tbody>\n<\/table>","protected":false},"excerpt":{"rendered":"<div class=\"product_description\">\n<p>Die essentielle s\u00fc\u00dfe Sojasauce von Kikkoman f\u00fcr Ihre Zubereitungen mit s\u00fc\u00dfen und karamellisierten Noten ...<\/p>\n<ul>\n<li>Ideal f\u00fcr Sushi-Reis<\/li>\n<li>Wiederverschlie\u00dfbare 300ml Flasche<\/li>\n<li>Weicher und weniger sauer als gew\u00f6hnlicher Essig<\/li>\n<li>Kann auch f\u00fcr Salate und Marinaden verwendet werden ...<\/li>\n<li>Nach dem \u00d6ffnen im K\u00fchlschrank aufbewahren<\/li>\n<\/ul>\n<\/div>","protected":false},"featured_media":931,"comment_status":"closed","ping_status":"closed","template":"","meta":{"neve_meta_sidebar":"","neve_meta_container":"","neve_meta_enable_content_width":"off","neve_meta_content_width":100,"neve_meta_title_alignment":"","neve_meta_author_avatar":"","neve_post_elements_order":"","neve_meta_disable_header":"","neve_meta_disable_footer":"","neve_meta_disable_title":""},"product_brand":[],"product_cat":[26],"product_tag":[],"class_list":{"0":"post-930","1":"product","2":"type-product","3":"status-publish","4":"has-post-thumbnail","6":"product_cat-epicerie","8":"first","9":"outofstock","10":"taxable","11":"shipping-taxable","12":"purchasable","13":"product-type-simple"},"yoast_head":"<!-- This site is optimized with the Yoast SEO plugin v27.5 - https:\/\/yoast.com\/product\/yoast-seo-wordpress\/ -->\n<title>Assaisonnement pour Riz \u00e0 Sushi - Easy Sushi\u00ae<\/title>\n<meta name=\"description\" content=\"L&#039;assaisonnement pour riz \u00e0 sushi Kikkoman est id\u00e9al pour la pr\u00e9paration de votre riz. Plus doux et moins acide que le vinaigre courant, il convient \u00e9galement pour l&#039;assaisonnement de vos salades et marinades.\" \/>\n<meta name=\"robots\" content=\"index, follow, max-snippet:-1, max-image-preview:large, max-video-preview:-1\" \/>\n<link rel=\"canonical\" href=\"https:\/\/easy-sushi.com\/de\/einkaufen-2\/gewurz-fur-sushi-reis\/\" \/>\n<meta property=\"og:locale\" content=\"de_DE\" \/>\n<meta property=\"og:type\" content=\"article\" \/>\n<meta property=\"og:title\" content=\"Assaisonnement pour Riz \u00e0 Sushi - Easy Sushi\u00ae\" \/>\n<meta property=\"og:description\" content=\"L&#039;assaisonnement pour riz \u00e0 sushi Kikkoman est id\u00e9al pour la pr\u00e9paration de votre riz. Plus doux et moins acide que le vinaigre courant, il convient \u00e9galement pour l&#039;assaisonnement de vos salades et marinades.\" \/>\n<meta property=\"og:url\" content=\"https:\/\/easy-sushi.com\/de\/einkaufen-2\/gewurz-fur-sushi-reis\/\" \/>\n<meta property=\"og:site_name\" content=\"Easy Sushi\u00ae\" \/>\n<meta property=\"article:publisher\" content=\"https:\/\/www.facebook.com\/EasySushi\/\" \/>\n<meta property=\"article:modified_time\" content=\"2023-06-23T09:59:42+00:00\" \/>\n<meta property=\"og:image\" content=\"https:\/\/easy-sushi.com\/wp-content\/uploads\/2019\/09\/Assaisonnement-pour-riz-a-sushi-seasonning-for-sushi-300ml.jpg\" \/>\n\t<meta property=\"og:image:width\" content=\"1200\" \/>\n\t<meta property=\"og:image:height\" content=\"1200\" \/>\n\t<meta property=\"og:image:type\" content=\"image\/jpeg\" \/>\n<meta name=\"twitter:card\" content=\"summary_large_image\" \/>\n<meta name=\"twitter:site\" content=\"@EasySushi\" \/>\n<meta name=\"twitter:label1\" content=\"Gesch\u00e4tzte Lesezeit\" \/>\n\t<meta name=\"twitter:data1\" content=\"1\u00a0Minute\" \/>\n<script type=\"application\/ld+json\" class=\"yoast-schema-graph\">{\"@context\":\"https:\\\/\\\/schema.org\",\"@graph\":[{\"@type\":\"WebPage\",\"@id\":\"https:\\\/\\\/easy-sushi.com\\\/boutique\\\/assaisonnement-pour-riz-a-sushi\\\/\",\"url\":\"https:\\\/\\\/easy-sushi.com\\\/boutique\\\/assaisonnement-pour-riz-a-sushi\\\/\",\"name\":\"Assaisonnement pour Riz \u00e0 Sushi - Easy Sushi\u00ae\",\"isPartOf\":{\"@id\":\"https:\\\/\\\/easy-sushi.com\\\/nl\\\/#website\"},\"primaryImageOfPage\":{\"@id\":\"https:\\\/\\\/easy-sushi.com\\\/boutique\\\/assaisonnement-pour-riz-a-sushi\\\/#primaryimage\"},\"image\":{\"@id\":\"https:\\\/\\\/easy-sushi.com\\\/boutique\\\/assaisonnement-pour-riz-a-sushi\\\/#primaryimage\"},\"thumbnailUrl\":\"https:\\\/\\\/easy-sushi.com\\\/wp-content\\\/uploads\\\/2019\\\/09\\\/Assaisonnement-pour-riz-a-sushi-seasonning-for-sushi-300ml.jpg\",\"datePublished\":\"2019-09-23T13:32:13+00:00\",\"dateModified\":\"2023-06-23T09:59:42+00:00\",\"description\":\"L'assaisonnement pour riz \u00e0 sushi Kikkoman est id\u00e9al pour la pr\u00e9paration de votre riz. Plus doux et moins acide que le vinaigre courant, il convient \u00e9galement pour l'assaisonnement de vos salades et marinades.\",\"breadcrumb\":{\"@id\":\"https:\\\/\\\/easy-sushi.com\\\/boutique\\\/assaisonnement-pour-riz-a-sushi\\\/#breadcrumb\"},\"inLanguage\":\"de\",\"potentialAction\":[{\"@type\":\"ReadAction\",\"target\":[\"https:\\\/\\\/easy-sushi.com\\\/boutique\\\/assaisonnement-pour-riz-a-sushi\\\/\"]}]},{\"@type\":\"ImageObject\",\"inLanguage\":\"de\",\"@id\":\"https:\\\/\\\/easy-sushi.com\\\/boutique\\\/assaisonnement-pour-riz-a-sushi\\\/#primaryimage\",\"url\":\"https:\\\/\\\/easy-sushi.com\\\/wp-content\\\/uploads\\\/2019\\\/09\\\/Assaisonnement-pour-riz-a-sushi-seasonning-for-sushi-300ml.jpg\",\"contentUrl\":\"https:\\\/\\\/easy-sushi.com\\\/wp-content\\\/uploads\\\/2019\\\/09\\\/Assaisonnement-pour-riz-a-sushi-seasonning-for-sushi-300ml.jpg\",\"width\":1200,\"height\":1200,\"caption\":\"Assaisonnement-pour-riz-a-sushi-seasonning-for-sushi-300ml\"},{\"@type\":\"BreadcrumbList\",\"@id\":\"https:\\\/\\\/easy-sushi.com\\\/boutique\\\/assaisonnement-pour-riz-a-sushi\\\/#breadcrumb\",\"itemListElement\":[{\"@type\":\"ListItem\",\"position\":1,\"name\":\"Accueil\",\"item\":\"https:\\\/\\\/easy-sushi.com\\\/\"},{\"@type\":\"ListItem\",\"position\":2,\"name\":\"Boutique\",\"item\":\"https:\\\/\\\/easy-sushi.com\\\/pt\\\/boutique\\\/\"},{\"@type\":\"ListItem\",\"position\":3,\"name\":\"\u00c9picerie\",\"item\":\"https:\\\/\\\/easy-sushi.com\\\/categorie-produit\\\/epicerie\\\/\"},{\"@type\":\"ListItem\",\"position\":4,\"name\":\"Assaisonnement pour Riz \u00e0 Sushi\"}]},{\"@type\":\"WebSite\",\"@id\":\"https:\\\/\\\/easy-sushi.com\\\/nl\\\/#website\",\"url\":\"https:\\\/\\\/easy-sushi.com\\\/nl\\\/\",\"name\":\"Easy Sushi\u00ae\",\"description\":\"\",\"publisher\":{\"@id\":\"https:\\\/\\\/easy-sushi.com\\\/nl\\\/#organization\"},\"potentialAction\":[{\"@type\":\"SearchAction\",\"target\":{\"@type\":\"EntryPoint\",\"urlTemplate\":\"https:\\\/\\\/easy-sushi.com\\\/nl\\\/?s={search_term_string}\"},\"query-input\":{\"@type\":\"PropertyValueSpecification\",\"valueRequired\":true,\"valueName\":\"search_term_string\"}}],\"inLanguage\":\"de\"},{\"@type\":\"Organization\",\"@id\":\"https:\\\/\\\/easy-sushi.com\\\/nl\\\/#organization\",\"name\":\"Easy Sushi\u00ae\",\"url\":\"https:\\\/\\\/easy-sushi.com\\\/nl\\\/\",\"logo\":{\"@type\":\"ImageObject\",\"inLanguage\":\"de\",\"@id\":\"https:\\\/\\\/easy-sushi.com\\\/nl\\\/#\\\/schema\\\/logo\\\/image\\\/\",\"url\":\"https:\\\/\\\/easy-sushi.com\\\/wp-content\\\/uploads\\\/2021\\\/01\\\/easy_sushi_logotype.svg\",\"contentUrl\":\"https:\\\/\\\/easy-sushi.com\\\/wp-content\\\/uploads\\\/2021\\\/01\\\/easy_sushi_logotype.svg\",\"width\":513,\"height\":357,\"caption\":\"Easy Sushi\u00ae\"},\"image\":{\"@id\":\"https:\\\/\\\/easy-sushi.com\\\/nl\\\/#\\\/schema\\\/logo\\\/image\\\/\"},\"sameAs\":[\"https:\\\/\\\/www.facebook.com\\\/EasySushi\\\/\",\"https:\\\/\\\/x.com\\\/EasySushi\",\"https:\\\/\\\/www.instagram.com\\\/easysushieasyrolls\\\/\",\"https:\\\/\\\/www.youtube.com\\\/user\\\/EasysushiEasyrolls\"]}]}<\/script>\n<!-- \/ Yoast SEO plugin. -->","yoast_head_json":{"title":"Sushi-Reis-Gew\u00fcrz - Easy Sushi\u00ae","description":"Kikkoman Sushi Rice Seasoning ist ideal f\u00fcr die Zubereitung Ihres Reis. Weicher und weniger sauer als gew\u00f6hnlicher Essig, eignet er sich auch zum W\u00fcrzen von Salaten und Marinaden.","robots":{"index":"index","follow":"follow","max-snippet":"max-snippet:-1","max-image-preview":"max-image-preview:large","max-video-preview":"max-video-preview:-1"},"canonical":"https:\/\/easy-sushi.com\/de\/einkaufen-2\/gewurz-fur-sushi-reis\/","og_locale":"de_DE","og_type":"article","og_title":"Assaisonnement pour Riz \u00e0 Sushi - Easy Sushi\u00ae","og_description":"L'assaisonnement pour riz \u00e0 sushi Kikkoman est id\u00e9al pour la pr\u00e9paration de votre riz. Plus doux et moins acide que le vinaigre courant, il convient \u00e9galement pour l'assaisonnement de vos salades et marinades.","og_url":"https:\/\/easy-sushi.com\/de\/einkaufen-2\/gewurz-fur-sushi-reis\/","og_site_name":"Easy Sushi\u00ae","article_publisher":"https:\/\/www.facebook.com\/EasySushi\/","article_modified_time":"2023-06-23T09:59:42+00:00","og_image":[{"width":1200,"height":1200,"url":"https:\/\/easy-sushi.com\/wp-content\/uploads\/2019\/09\/Assaisonnement-pour-riz-a-sushi-seasonning-for-sushi-300ml.jpg","type":"image\/jpeg"}],"twitter_card":"summary_large_image","twitter_site":"@EasySushi","twitter_misc":{"Gesch\u00e4tzte Lesezeit":"1\u00a0Minute"},"schema":{"@context":"https:\/\/schema.org","@graph":[{"@type":"WebPage","@id":"https:\/\/easy-sushi.com\/boutique\/assaisonnement-pour-riz-a-sushi\/","url":"https:\/\/easy-sushi.com\/boutique\/assaisonnement-pour-riz-a-sushi\/","name":"Sushi-Reis-Gew\u00fcrz - Easy Sushi\u00ae","isPartOf":{"@id":"https:\/\/easy-sushi.com\/nl\/#website"},"primaryImageOfPage":{"@id":"https:\/\/easy-sushi.com\/boutique\/assaisonnement-pour-riz-a-sushi\/#primaryimage"},"image":{"@id":"https:\/\/easy-sushi.com\/boutique\/assaisonnement-pour-riz-a-sushi\/#primaryimage"},"thumbnailUrl":"https:\/\/easy-sushi.com\/wp-content\/uploads\/2019\/09\/Assaisonnement-pour-riz-a-sushi-seasonning-for-sushi-300ml.jpg","datePublished":"2019-09-23T13:32:13+00:00","dateModified":"2023-06-23T09:59:42+00:00","description":"Kikkoman Sushi Rice Seasoning ist ideal f\u00fcr die Zubereitung Ihres Reis. Weicher und weniger sauer als gew\u00f6hnlicher Essig, eignet er sich auch zum W\u00fcrzen von Salaten und Marinaden.","breadcrumb":{"@id":"https:\/\/easy-sushi.com\/boutique\/assaisonnement-pour-riz-a-sushi\/#breadcrumb"},"inLanguage":"de","potentialAction":[{"@type":"ReadAction","target":["https:\/\/easy-sushi.com\/boutique\/assaisonnement-pour-riz-a-sushi\/"]}]},{"@type":"ImageObject","inLanguage":"de","@id":"https:\/\/easy-sushi.com\/boutique\/assaisonnement-pour-riz-a-sushi\/#primaryimage","url":"https:\/\/easy-sushi.com\/wp-content\/uploads\/2019\/09\/Assaisonnement-pour-riz-a-sushi-seasonning-for-sushi-300ml.jpg","contentUrl":"https:\/\/easy-sushi.com\/wp-content\/uploads\/2019\/09\/Assaisonnement-pour-riz-a-sushi-seasonning-for-sushi-300ml.jpg","width":1200,"height":1200,"caption":"Assaisonnement-pour-riz-a-sushi-seasonning-for-sushi-300ml"},{"@type":"BreadcrumbList","@id":"https:\/\/easy-sushi.com\/boutique\/assaisonnement-pour-riz-a-sushi\/#breadcrumb","itemListElement":[{"@type":"ListItem","position":1,"name":"Accueil","item":"https:\/\/easy-sushi.com\/"},{"@type":"ListItem","position":2,"name":"Boutique","item":"https:\/\/easy-sushi.com\/pt\/boutique\/"},{"@type":"ListItem","position":3,"name":"\u00c9picerie","item":"https:\/\/easy-sushi.com\/categorie-produit\/epicerie\/"},{"@type":"ListItem","position":4,"name":"Assaisonnement pour Riz \u00e0 Sushi"}]},{"@type":"WebSite","@id":"https:\/\/easy-sushi.com\/nl\/#website","url":"https:\/\/easy-sushi.com\/nl\/","name":"Easy Sushi\u00ae","description":"","publisher":{"@id":"https:\/\/easy-sushi.com\/nl\/#organization"},"potentialAction":[{"@type":"SearchAction","target":{"@type":"EntryPoint","urlTemplate":"https:\/\/easy-sushi.com\/nl\/?s={search_term_string}"},"query-input":{"@type":"PropertyValueSpecification","valueRequired":true,"valueName":"search_term_string"}}],"inLanguage":"de"},{"@type":"Organization","@id":"https:\/\/easy-sushi.com\/nl\/#organization","name":"Easy Sushi\u00ae","url":"https:\/\/easy-sushi.com\/nl\/","logo":{"@type":"ImageObject","inLanguage":"de","@id":"https:\/\/easy-sushi.com\/nl\/#\/schema\/logo\/image\/","url":"https:\/\/easy-sushi.com\/wp-content\/uploads\/2021\/01\/easy_sushi_logotype.svg","contentUrl":"https:\/\/easy-sushi.com\/wp-content\/uploads\/2021\/01\/easy_sushi_logotype.svg","width":513,"height":357,"caption":"Easy Sushi\u00ae"},"image":{"@id":"https:\/\/easy-sushi.com\/nl\/#\/schema\/logo\/image\/"},"sameAs":["https:\/\/www.facebook.com\/EasySushi\/","https:\/\/x.com\/EasySushi","https:\/\/www.instagram.com\/easysushieasyrolls\/","https:\/\/www.youtube.com\/user\/EasysushiEasyrolls"]}]}},"_links":{"self":[{"href":"https:\/\/easy-sushi.com\/de\/wp-json\/wp\/v2\/product\/930","targetHints":{"allow":["GET"]}}],"collection":[{"href":"https:\/\/easy-sushi.com\/de\/wp-json\/wp\/v2\/product"}],"about":[{"href":"https:\/\/easy-sushi.com\/de\/wp-json\/wp\/v2\/types\/product"}],"replies":[{"embeddable":true,"href":"https:\/\/easy-sushi.com\/de\/wp-json\/wp\/v2\/comments?post=930"}],"wp:featuredmedia":[{"embeddable":true,"href":"https:\/\/easy-sushi.com\/de\/wp-json\/wp\/v2\/media\/931"}],"wp:attachment":[{"href":"https:\/\/easy-sushi.com\/de\/wp-json\/wp\/v2\/media?parent=930"}],"wp:term":[{"taxonomy":"product_brand","embeddable":true,"href":"https:\/\/easy-sushi.com\/de\/wp-json\/wp\/v2\/product_brand?post=930"},{"taxonomy":"product_cat","embeddable":true,"href":"https:\/\/easy-sushi.com\/de\/wp-json\/wp\/v2\/product_cat?post=930"},{"taxonomy":"product_tag","embeddable":true,"href":"https:\/\/easy-sushi.com\/de\/wp-json\/wp\/v2\/product_tag?post=930"}],"curies":[{"name":"wp","href":"https:\/\/api.w.org\/{rel}","templated":true}]}}