{"id":892,"date":"2019-09-18T17:24:37","date_gmt":"2019-09-18T15:24:37","guid":{"rendered":"https:\/\/easy-sushi.com\/?post_type=product&#038;p=892"},"modified":"2022-11-25T19:12:12","modified_gmt":"2022-11-25T18:12:12","slug":"wasabi-bio-pulver-clearspring","status":"publish","type":"product","link":"https:\/\/easy-sushi.com\/de\/einkaufen-2\/wasabi-bio-pulver-clearspring\/","title":{"rendered":"Bio Wasabi Powder Clearspring"},"content":{"rendered":"<p>Liebhaber von hei\u00dfer Hitze, Gew\u00fcrzen und allgemeiner japanischer K\u00fcche, dieses Bio-Wasabi-Pulver wird Ihre Sushi, Makis und traditionellen gekochten Gerichte auf die beste Art und Weise begleiten\u2026 oder auch nicht! Pulverisiert l\u00e4sst es sich leicht und schnell mit nur wenig Wasser zubereiten.<\/p>\n<p><strong>Handbuch: <\/strong>F\u00fcgen Sie 1 Teel\u00f6ffel lauwarmes Wasser zu 2 Teel\u00f6ffel Pulver hinzu (abh\u00e4ngig von der gew\u00fcnschten Menge). Mischen, bis eine glatte Paste entsteht. Abdecken und 5 Minuten stehen lassen, damit der Wasabi seinen ganzen Geschmack ausdr\u00fccken kann<\/p>\n<p><strong>Komposition:<\/strong> Meerrettich (Pflanze, die f\u00fcr ihre Wurzel kultiviert wurde) 90%, Wasabi (flach in Japan beheimatet) 10%.<\/p>\n<p>Kann Spuren von Soja oder Senf enthalten.<\/p>","protected":false},"excerpt":{"rendered":"<p>Peppen Sie Ihr Geschirr mit Wasabi BIO Clearspring auf<\/p>\n<ul>\n<li>Produkt aus \u00f6kologischem Landbau<\/li>\n<li>25g Box<\/li>\n<li>Einfach und schnell zuzubereiten<\/li>\n<li>Wiederverschlie\u00dfbare Box f\u00fcr optimale Lagerung<\/li>\n<li>Produziert in Japan<\/li>\n<\/ul>","protected":false},"featured_media":924,"comment_status":"open","ping_status":"closed","template":"","meta":{"neve_meta_sidebar":"","neve_meta_container":"","neve_meta_enable_content_width":"","neve_meta_content_width":0,"neve_meta_title_alignment":"","neve_meta_author_avatar":"","neve_post_elements_order":"","neve_meta_disable_header":"","neve_meta_disable_footer":"","neve_meta_disable_title":""},"product_brand":[],"product_cat":[26],"product_tag":[],"class_list":{"0":"post-892","1":"product","2":"type-product","3":"status-publish","4":"has-post-thumbnail","6":"product_cat-epicerie","8":"first","9":"outofstock","10":"taxable","11":"shipping-taxable","12":"purchasable","13":"product-type-simple"},"yoast_head":"<!-- This site is optimized with the Yoast SEO plugin v27.5 - https:\/\/yoast.com\/product\/yoast-seo-wordpress\/ -->\n<title>Wasabi BIO en Poudre Clearspring - Easy Sushi\u00ae<\/title>\n<meta name=\"description\" content=\"Pr\u00eat en quelques minutes, pour relever vos plats et mettre du pep&#039;s dans vos assiettes !\" \/>\n<meta name=\"robots\" content=\"index, follow, max-snippet:-1, max-image-preview:large, max-video-preview:-1\" \/>\n<link rel=\"canonical\" href=\"https:\/\/easy-sushi.com\/de\/einkaufen-2\/wasabi-bio-pulver-clearspring\/\" \/>\n<meta property=\"og:locale\" content=\"de_DE\" \/>\n<meta property=\"og:type\" content=\"article\" \/>\n<meta property=\"og:title\" content=\"Wasabi BIO en Poudre Clearspring - Easy Sushi\u00ae\" \/>\n<meta property=\"og:description\" content=\"Pr\u00eat en quelques minutes, pour relever vos plats et mettre du pep&#039;s dans vos assiettes !\" \/>\n<meta property=\"og:url\" content=\"https:\/\/easy-sushi.com\/de\/einkaufen-2\/wasabi-bio-pulver-clearspring\/\" \/>\n<meta property=\"og:site_name\" content=\"Easy Sushi\u00ae\" \/>\n<meta property=\"article:publisher\" content=\"https:\/\/www.facebook.com\/EasySushi\/\" \/>\n<meta property=\"article:modified_time\" content=\"2022-11-25T18:12:12+00:00\" \/>\n<meta property=\"og:image\" content=\"https:\/\/easy-sushi.com\/wp-content\/uploads\/2019\/09\/Organic-Wasabi-Powder-Clearspring-Wasabi-en-Poudre-Bio-25g.jpg\" \/>\n\t<meta property=\"og:image:width\" content=\"1200\" \/>\n\t<meta property=\"og:image:height\" content=\"1200\" \/>\n\t<meta property=\"og:image:type\" content=\"image\/jpeg\" \/>\n<meta name=\"twitter:card\" content=\"summary_large_image\" \/>\n<meta name=\"twitter:site\" content=\"@EasySushi\" \/>\n<meta name=\"twitter:label1\" content=\"Gesch\u00e4tzte Lesezeit\" \/>\n\t<meta name=\"twitter:data1\" content=\"1\u00a0Minute\" \/>\n<script type=\"application\/ld+json\" class=\"yoast-schema-graph\">{\"@context\":\"https:\\\/\\\/schema.org\",\"@graph\":[{\"@type\":\"WebPage\",\"@id\":\"https:\\\/\\\/easy-sushi.com\\\/boutique\\\/wasabi-bio-en-poudre-clearspring\\\/\",\"url\":\"https:\\\/\\\/easy-sushi.com\\\/boutique\\\/wasabi-bio-en-poudre-clearspring\\\/\",\"name\":\"Wasabi BIO en Poudre Clearspring - Easy Sushi\u00ae\",\"isPartOf\":{\"@id\":\"https:\\\/\\\/easy-sushi.com\\\/nl\\\/#website\"},\"primaryImageOfPage\":{\"@id\":\"https:\\\/\\\/easy-sushi.com\\\/boutique\\\/wasabi-bio-en-poudre-clearspring\\\/#primaryimage\"},\"image\":{\"@id\":\"https:\\\/\\\/easy-sushi.com\\\/boutique\\\/wasabi-bio-en-poudre-clearspring\\\/#primaryimage\"},\"thumbnailUrl\":\"https:\\\/\\\/easy-sushi.com\\\/wp-content\\\/uploads\\\/2019\\\/09\\\/Organic-Wasabi-Powder-Clearspring-Wasabi-en-Poudre-Bio-25g.jpg\",\"datePublished\":\"2019-09-18T15:24:37+00:00\",\"dateModified\":\"2022-11-25T18:12:12+00:00\",\"description\":\"Pr\u00eat en quelques minutes, pour relever vos plats et mettre du pep's dans vos assiettes !\",\"breadcrumb\":{\"@id\":\"https:\\\/\\\/easy-sushi.com\\\/boutique\\\/wasabi-bio-en-poudre-clearspring\\\/#breadcrumb\"},\"inLanguage\":\"de\",\"potentialAction\":[{\"@type\":\"ReadAction\",\"target\":[\"https:\\\/\\\/easy-sushi.com\\\/boutique\\\/wasabi-bio-en-poudre-clearspring\\\/\"]}]},{\"@type\":\"ImageObject\",\"inLanguage\":\"de\",\"@id\":\"https:\\\/\\\/easy-sushi.com\\\/boutique\\\/wasabi-bio-en-poudre-clearspring\\\/#primaryimage\",\"url\":\"https:\\\/\\\/easy-sushi.com\\\/wp-content\\\/uploads\\\/2019\\\/09\\\/Organic-Wasabi-Powder-Clearspring-Wasabi-en-Poudre-Bio-25g.jpg\",\"contentUrl\":\"https:\\\/\\\/easy-sushi.com\\\/wp-content\\\/uploads\\\/2019\\\/09\\\/Organic-Wasabi-Powder-Clearspring-Wasabi-en-Poudre-Bio-25g.jpg\",\"width\":1200,\"height\":1200,\"caption\":\"Organic-Wasabi-Powder-Clearspring-Wasabi-en-Poudre-Bio-25g\"},{\"@type\":\"BreadcrumbList\",\"@id\":\"https:\\\/\\\/easy-sushi.com\\\/boutique\\\/wasabi-bio-en-poudre-clearspring\\\/#breadcrumb\",\"itemListElement\":[{\"@type\":\"ListItem\",\"position\":1,\"name\":\"Accueil\",\"item\":\"https:\\\/\\\/easy-sushi.com\\\/\"},{\"@type\":\"ListItem\",\"position\":2,\"name\":\"Boutique\",\"item\":\"https:\\\/\\\/easy-sushi.com\\\/pt\\\/boutique\\\/\"},{\"@type\":\"ListItem\",\"position\":3,\"name\":\"\u00c9picerie\",\"item\":\"https:\\\/\\\/easy-sushi.com\\\/categorie-produit\\\/epicerie\\\/\"},{\"@type\":\"ListItem\",\"position\":4,\"name\":\"Wasabi BIO en Poudre Clearspring\"}]},{\"@type\":\"WebSite\",\"@id\":\"https:\\\/\\\/easy-sushi.com\\\/nl\\\/#website\",\"url\":\"https:\\\/\\\/easy-sushi.com\\\/nl\\\/\",\"name\":\"Easy Sushi\u00ae\",\"description\":\"\",\"publisher\":{\"@id\":\"https:\\\/\\\/easy-sushi.com\\\/nl\\\/#organization\"},\"potentialAction\":[{\"@type\":\"SearchAction\",\"target\":{\"@type\":\"EntryPoint\",\"urlTemplate\":\"https:\\\/\\\/easy-sushi.com\\\/nl\\\/?s={search_term_string}\"},\"query-input\":{\"@type\":\"PropertyValueSpecification\",\"valueRequired\":true,\"valueName\":\"search_term_string\"}}],\"inLanguage\":\"de\"},{\"@type\":\"Organization\",\"@id\":\"https:\\\/\\\/easy-sushi.com\\\/nl\\\/#organization\",\"name\":\"Easy Sushi\u00ae\",\"url\":\"https:\\\/\\\/easy-sushi.com\\\/nl\\\/\",\"logo\":{\"@type\":\"ImageObject\",\"inLanguage\":\"de\",\"@id\":\"https:\\\/\\\/easy-sushi.com\\\/nl\\\/#\\\/schema\\\/logo\\\/image\\\/\",\"url\":\"https:\\\/\\\/easy-sushi.com\\\/wp-content\\\/uploads\\\/2021\\\/01\\\/easy_sushi_logotype.svg\",\"contentUrl\":\"https:\\\/\\\/easy-sushi.com\\\/wp-content\\\/uploads\\\/2021\\\/01\\\/easy_sushi_logotype.svg\",\"width\":513,\"height\":357,\"caption\":\"Easy Sushi\u00ae\"},\"image\":{\"@id\":\"https:\\\/\\\/easy-sushi.com\\\/nl\\\/#\\\/schema\\\/logo\\\/image\\\/\"},\"sameAs\":[\"https:\\\/\\\/www.facebook.com\\\/EasySushi\\\/\",\"https:\\\/\\\/x.com\\\/EasySushi\",\"https:\\\/\\\/www.instagram.com\\\/easysushieasyrolls\\\/\",\"https:\\\/\\\/www.youtube.com\\\/user\\\/EasysushiEasyrolls\"]}]}<\/script>\n<!-- \/ Yoast SEO plugin. -->","yoast_head_json":{"title":"Bio Wasabi Pulver Clearspring - Easy Sushi\u00ae","description":"In wenigen Minuten fertig, um Ihre Gerichte aufzupeppen und Ihren Tellern Schwung zu verleihen!","robots":{"index":"index","follow":"follow","max-snippet":"max-snippet:-1","max-image-preview":"max-image-preview:large","max-video-preview":"max-video-preview:-1"},"canonical":"https:\/\/easy-sushi.com\/de\/einkaufen-2\/wasabi-bio-pulver-clearspring\/","og_locale":"de_DE","og_type":"article","og_title":"Wasabi BIO en Poudre Clearspring - Easy Sushi\u00ae","og_description":"Pr\u00eat en quelques minutes, pour relever vos plats et mettre du pep's dans vos assiettes !","og_url":"https:\/\/easy-sushi.com\/de\/einkaufen-2\/wasabi-bio-pulver-clearspring\/","og_site_name":"Easy Sushi\u00ae","article_publisher":"https:\/\/www.facebook.com\/EasySushi\/","article_modified_time":"2022-11-25T18:12:12+00:00","og_image":[{"width":1200,"height":1200,"url":"https:\/\/easy-sushi.com\/wp-content\/uploads\/2019\/09\/Organic-Wasabi-Powder-Clearspring-Wasabi-en-Poudre-Bio-25g.jpg","type":"image\/jpeg"}],"twitter_card":"summary_large_image","twitter_site":"@EasySushi","twitter_misc":{"Gesch\u00e4tzte Lesezeit":"1\u00a0Minute"},"schema":{"@context":"https:\/\/schema.org","@graph":[{"@type":"WebPage","@id":"https:\/\/easy-sushi.com\/boutique\/wasabi-bio-en-poudre-clearspring\/","url":"https:\/\/easy-sushi.com\/boutique\/wasabi-bio-en-poudre-clearspring\/","name":"Bio Wasabi Pulver Clearspring - Easy Sushi\u00ae","isPartOf":{"@id":"https:\/\/easy-sushi.com\/nl\/#website"},"primaryImageOfPage":{"@id":"https:\/\/easy-sushi.com\/boutique\/wasabi-bio-en-poudre-clearspring\/#primaryimage"},"image":{"@id":"https:\/\/easy-sushi.com\/boutique\/wasabi-bio-en-poudre-clearspring\/#primaryimage"},"thumbnailUrl":"https:\/\/easy-sushi.com\/wp-content\/uploads\/2019\/09\/Organic-Wasabi-Powder-Clearspring-Wasabi-en-Poudre-Bio-25g.jpg","datePublished":"2019-09-18T15:24:37+00:00","dateModified":"2022-11-25T18:12:12+00:00","description":"In wenigen Minuten fertig, um Ihre Gerichte aufzupeppen und Ihren Tellern Schwung zu verleihen!","breadcrumb":{"@id":"https:\/\/easy-sushi.com\/boutique\/wasabi-bio-en-poudre-clearspring\/#breadcrumb"},"inLanguage":"de","potentialAction":[{"@type":"ReadAction","target":["https:\/\/easy-sushi.com\/boutique\/wasabi-bio-en-poudre-clearspring\/"]}]},{"@type":"ImageObject","inLanguage":"de","@id":"https:\/\/easy-sushi.com\/boutique\/wasabi-bio-en-poudre-clearspring\/#primaryimage","url":"https:\/\/easy-sushi.com\/wp-content\/uploads\/2019\/09\/Organic-Wasabi-Powder-Clearspring-Wasabi-en-Poudre-Bio-25g.jpg","contentUrl":"https:\/\/easy-sushi.com\/wp-content\/uploads\/2019\/09\/Organic-Wasabi-Powder-Clearspring-Wasabi-en-Poudre-Bio-25g.jpg","width":1200,"height":1200,"caption":"Organic-Wasabi-Powder-Clearspring-Wasabi-en-Poudre-Bio-25g"},{"@type":"BreadcrumbList","@id":"https:\/\/easy-sushi.com\/boutique\/wasabi-bio-en-poudre-clearspring\/#breadcrumb","itemListElement":[{"@type":"ListItem","position":1,"name":"Accueil","item":"https:\/\/easy-sushi.com\/"},{"@type":"ListItem","position":2,"name":"Boutique","item":"https:\/\/easy-sushi.com\/pt\/boutique\/"},{"@type":"ListItem","position":3,"name":"\u00c9picerie","item":"https:\/\/easy-sushi.com\/categorie-produit\/epicerie\/"},{"@type":"ListItem","position":4,"name":"Wasabi BIO en Poudre Clearspring"}]},{"@type":"WebSite","@id":"https:\/\/easy-sushi.com\/nl\/#website","url":"https:\/\/easy-sushi.com\/nl\/","name":"Easy Sushi\u00ae","description":"","publisher":{"@id":"https:\/\/easy-sushi.com\/nl\/#organization"},"potentialAction":[{"@type":"SearchAction","target":{"@type":"EntryPoint","urlTemplate":"https:\/\/easy-sushi.com\/nl\/?s={search_term_string}"},"query-input":{"@type":"PropertyValueSpecification","valueRequired":true,"valueName":"search_term_string"}}],"inLanguage":"de"},{"@type":"Organization","@id":"https:\/\/easy-sushi.com\/nl\/#organization","name":"Easy Sushi\u00ae","url":"https:\/\/easy-sushi.com\/nl\/","logo":{"@type":"ImageObject","inLanguage":"de","@id":"https:\/\/easy-sushi.com\/nl\/#\/schema\/logo\/image\/","url":"https:\/\/easy-sushi.com\/wp-content\/uploads\/2021\/01\/easy_sushi_logotype.svg","contentUrl":"https:\/\/easy-sushi.com\/wp-content\/uploads\/2021\/01\/easy_sushi_logotype.svg","width":513,"height":357,"caption":"Easy Sushi\u00ae"},"image":{"@id":"https:\/\/easy-sushi.com\/nl\/#\/schema\/logo\/image\/"},"sameAs":["https:\/\/www.facebook.com\/EasySushi\/","https:\/\/x.com\/EasySushi","https:\/\/www.instagram.com\/easysushieasyrolls\/","https:\/\/www.youtube.com\/user\/EasysushiEasyrolls"]}]}},"_links":{"self":[{"href":"https:\/\/easy-sushi.com\/de\/wp-json\/wp\/v2\/product\/892","targetHints":{"allow":["GET"]}}],"collection":[{"href":"https:\/\/easy-sushi.com\/de\/wp-json\/wp\/v2\/product"}],"about":[{"href":"https:\/\/easy-sushi.com\/de\/wp-json\/wp\/v2\/types\/product"}],"replies":[{"embeddable":true,"href":"https:\/\/easy-sushi.com\/de\/wp-json\/wp\/v2\/comments?post=892"}],"wp:featuredmedia":[{"embeddable":true,"href":"https:\/\/easy-sushi.com\/de\/wp-json\/wp\/v2\/media\/924"}],"wp:attachment":[{"href":"https:\/\/easy-sushi.com\/de\/wp-json\/wp\/v2\/media?parent=892"}],"wp:term":[{"taxonomy":"product_brand","embeddable":true,"href":"https:\/\/easy-sushi.com\/de\/wp-json\/wp\/v2\/product_brand?post=892"},{"taxonomy":"product_cat","embeddable":true,"href":"https:\/\/easy-sushi.com\/de\/wp-json\/wp\/v2\/product_cat?post=892"},{"taxonomy":"product_tag","embeddable":true,"href":"https:\/\/easy-sushi.com\/de\/wp-json\/wp\/v2\/product_tag?post=892"}],"curies":[{"name":"wp","href":"https:\/\/api.w.org\/{rel}","templated":true}]}}