{"id":828,"date":"2019-09-17T16:46:36","date_gmt":"2019-09-17T14:46:36","guid":{"rendered":"https:\/\/easy-sushi.com\/?post_type=product&#038;p=828"},"modified":"2025-06-13T11:00:44","modified_gmt":"2025-06-13T09:00:44","slug":"vegetarisch-vegan-easy-sushi-rezeptbuch","status":"publish","type":"product","link":"https:\/\/easy-sushi.com\/de\/einkaufen-2\/vegetarisch-vegan-easy-sushi-rezeptbuch\/","title":{"rendered":"Easy Sushi\u00ae Vegetarisches, veganes Rezeptbuch"},"content":{"rendered":"<ul>\n<li>Unsere Lieblingsrezepte<\/li>\n<\/ul>\n<p>Easy Sushi\u00ae bietet Ihnen eine Auswahl, die in 3 Gourmet-Rezeptb\u00fcchern zusammengefasst ist. <a href=\"\/de\/rezepturen\/\">Ich gehe.<\/a><\/p>\n<ul>\n<li>Brauchen Sie Hilfe ?<\/li>\n<\/ul>\n<p>Entdecken Sie unsere Gebrauchsanweisung und werden Sie ein Meister in der Herstellung von Sushi. <a href=\"\/de\/handbuch\/\">Weiterlesen<\/a>.<\/p>","protected":false},"excerpt":{"rendered":"<div id=\"hikashop_product_bottom_part\" class=\"hikashop_product_bottom_part\">\n<div id=\"hikashop_product_description_main\" class=\"hikashop_product_description_main\">\n<p>Ein Buch mit 25 wundersch\u00f6n illustrierten und einfach zuzubereitenden Rezepten, das speziell allen Vegetariern und Veganern gewidmet ist. Sch\u00f6ne \u00dcberraschungen in Aussicht auf das gr\u00f6\u00dfte Gl\u00fcck Ihrer Geschmacksknospen und der Ihrer G\u00e4ste.<\/p>\n<\/div>\n<\/div>\n<ul>\n<li>1 Pfund Vegetarier, Veganer<\/li>\n<li>25 Originalrezepte<\/li>\n<li>Franz\u00f6sisch gemacht<\/li>\n<\/ul>","protected":false},"featured_media":25642,"comment_status":"closed","ping_status":"closed","template":"","meta":{"neve_meta_sidebar":"","neve_meta_container":"","neve_meta_enable_content_width":"off","neve_meta_content_width":100,"neve_meta_title_alignment":"","neve_meta_author_avatar":"","neve_post_elements_order":"","neve_meta_disable_header":"","neve_meta_disable_footer":"","neve_meta_disable_title":""},"product_brand":[],"product_cat":[23],"product_tag":[],"class_list":{"0":"post-828","1":"product","2":"type-product","3":"status-publish","4":"has-post-thumbnail","6":"product_cat-livres-recettes","8":"first","9":"instock","10":"taxable","11":"shipping-taxable","12":"purchasable","13":"product-type-variable","14":"has-default-attributes"},"yoast_head":"<!-- This site is optimized with the Yoast SEO plugin v27.4 - https:\/\/yoast.com\/product\/yoast-seo-wordpress\/ -->\n<title>Livre de recettes V\u00e9g\u00e9tarien, V\u00e9g\u00e9talien Easy Sushi\u00ae - Easy Sushi\u00ae<\/title>\n<meta name=\"description\" content=\"Un livre constitu\u00e9 de vingt-cinq recettes magnifiquement illustr\u00e9es et simples \u00e0 r\u00e9aliser, et sp\u00e9cialement d\u00e9di\u00e9es \u00e0 tous les v\u00e9g\u00e9tariens et v\u00e9g\u00e9taliens.\" \/>\n<meta name=\"robots\" content=\"index, follow, max-snippet:-1, max-image-preview:large, max-video-preview:-1\" \/>\n<link rel=\"canonical\" href=\"https:\/\/easy-sushi.com\/de\/einkaufen-2\/vegetarisch-vegan-easy-sushi-rezeptbuch\/\" \/>\n<meta property=\"og:locale\" content=\"de_DE\" \/>\n<meta property=\"og:type\" content=\"article\" \/>\n<meta property=\"og:title\" content=\"Livre de recettes V\u00e9g\u00e9tarien, V\u00e9g\u00e9talien Easy Sushi\u00ae - Easy Sushi\u00ae\" \/>\n<meta property=\"og:description\" content=\"Un livre constitu\u00e9 de vingt-cinq recettes magnifiquement illustr\u00e9es et simples \u00e0 r\u00e9aliser, et sp\u00e9cialement d\u00e9di\u00e9es \u00e0 tous les v\u00e9g\u00e9tariens et v\u00e9g\u00e9taliens.\" \/>\n<meta property=\"og:url\" content=\"https:\/\/easy-sushi.com\/de\/einkaufen-2\/vegetarisch-vegan-easy-sushi-rezeptbuch\/\" \/>\n<meta property=\"og:site_name\" content=\"Easy Sushi\u00ae\" \/>\n<meta property=\"article:publisher\" content=\"https:\/\/www.facebook.com\/EasySushi\/\" \/>\n<meta property=\"article:modified_time\" content=\"2025-06-13T09:00:44+00:00\" \/>\n<meta property=\"og:image\" content=\"https:\/\/easy-sushi.com\/wp-content\/uploads\/2019\/09\/easy-sushi-recettes-maki-sushi-vegetarien-1.jpg\" \/>\n\t<meta property=\"og:image:width\" content=\"1200\" \/>\n\t<meta property=\"og:image:height\" content=\"1200\" \/>\n\t<meta property=\"og:image:type\" content=\"image\/jpeg\" \/>\n<meta name=\"twitter:card\" content=\"summary_large_image\" \/>\n<meta name=\"twitter:site\" content=\"@EasySushi\" \/>\n<meta name=\"twitter:label1\" content=\"Gesch\u00e4tzte Lesezeit\" \/>\n\t<meta name=\"twitter:data1\" content=\"1\u00a0Minute\" \/>\n<script type=\"application\/ld+json\" class=\"yoast-schema-graph\">{\"@context\":\"https:\\\/\\\/schema.org\",\"@graph\":[{\"@type\":\"WebPage\",\"@id\":\"https:\\\/\\\/easy-sushi.com\\\/boutique\\\/livre-de-recettes-vegetarien-vegetalien-easy-sushi\\\/\",\"url\":\"https:\\\/\\\/easy-sushi.com\\\/boutique\\\/livre-de-recettes-vegetarien-vegetalien-easy-sushi\\\/\",\"name\":\"Livre de recettes V\u00e9g\u00e9tarien, V\u00e9g\u00e9talien Easy Sushi\u00ae - Easy Sushi\u00ae\",\"isPartOf\":{\"@id\":\"https:\\\/\\\/easy-sushi.com\\\/nl\\\/#website\"},\"primaryImageOfPage\":{\"@id\":\"https:\\\/\\\/easy-sushi.com\\\/boutique\\\/livre-de-recettes-vegetarien-vegetalien-easy-sushi\\\/#primaryimage\"},\"image\":{\"@id\":\"https:\\\/\\\/easy-sushi.com\\\/boutique\\\/livre-de-recettes-vegetarien-vegetalien-easy-sushi\\\/#primaryimage\"},\"thumbnailUrl\":\"https:\\\/\\\/easy-sushi.com\\\/wp-content\\\/uploads\\\/2019\\\/09\\\/easy-sushi-recettes-maki-sushi-vegetarien-1.jpg\",\"datePublished\":\"2019-09-17T14:46:36+00:00\",\"dateModified\":\"2025-06-13T09:00:44+00:00\",\"description\":\"Un livre constitu\u00e9 de vingt-cinq recettes magnifiquement illustr\u00e9es et simples \u00e0 r\u00e9aliser, et sp\u00e9cialement d\u00e9di\u00e9es \u00e0 tous les v\u00e9g\u00e9tariens et v\u00e9g\u00e9taliens.\",\"breadcrumb\":{\"@id\":\"https:\\\/\\\/easy-sushi.com\\\/boutique\\\/livre-de-recettes-vegetarien-vegetalien-easy-sushi\\\/#breadcrumb\"},\"inLanguage\":\"de\",\"potentialAction\":[{\"@type\":\"ReadAction\",\"target\":[\"https:\\\/\\\/easy-sushi.com\\\/boutique\\\/livre-de-recettes-vegetarien-vegetalien-easy-sushi\\\/\"]}]},{\"@type\":\"ImageObject\",\"inLanguage\":\"de\",\"@id\":\"https:\\\/\\\/easy-sushi.com\\\/boutique\\\/livre-de-recettes-vegetarien-vegetalien-easy-sushi\\\/#primaryimage\",\"url\":\"https:\\\/\\\/easy-sushi.com\\\/wp-content\\\/uploads\\\/2019\\\/09\\\/easy-sushi-recettes-maki-sushi-vegetarien-1.jpg\",\"contentUrl\":\"https:\\\/\\\/easy-sushi.com\\\/wp-content\\\/uploads\\\/2019\\\/09\\\/easy-sushi-recettes-maki-sushi-vegetarien-1.jpg\",\"width\":1200,\"height\":1200,\"caption\":\"Makis v\u00e9g\u00e9tariens et v\u00e9g\u00e9taliens avec Easy Sushi, fabriqu\u00e9s en France.\"},{\"@type\":\"BreadcrumbList\",\"@id\":\"https:\\\/\\\/easy-sushi.com\\\/boutique\\\/livre-de-recettes-vegetarien-vegetalien-easy-sushi\\\/#breadcrumb\",\"itemListElement\":[{\"@type\":\"ListItem\",\"position\":1,\"name\":\"Accueil\",\"item\":\"https:\\\/\\\/easy-sushi.com\\\/\"},{\"@type\":\"ListItem\",\"position\":2,\"name\":\"Boutique\",\"item\":\"https:\\\/\\\/easy-sushi.com\\\/pt\\\/boutique\\\/\"},{\"@type\":\"ListItem\",\"position\":3,\"name\":\"Livres de recettes pour sushis\",\"item\":\"https:\\\/\\\/easy-sushi.com\\\/categorie-produit\\\/livres-recettes\\\/\"},{\"@type\":\"ListItem\",\"position\":4,\"name\":\"Livre de recettes V\u00e9g\u00e9tarien, V\u00e9g\u00e9talien Easy Sushi\u00ae\"}]},{\"@type\":\"WebSite\",\"@id\":\"https:\\\/\\\/easy-sushi.com\\\/nl\\\/#website\",\"url\":\"https:\\\/\\\/easy-sushi.com\\\/nl\\\/\",\"name\":\"Easy Sushi\u00ae\",\"description\":\"\",\"publisher\":{\"@id\":\"https:\\\/\\\/easy-sushi.com\\\/nl\\\/#organization\"},\"potentialAction\":[{\"@type\":\"SearchAction\",\"target\":{\"@type\":\"EntryPoint\",\"urlTemplate\":\"https:\\\/\\\/easy-sushi.com\\\/nl\\\/?s={search_term_string}\"},\"query-input\":{\"@type\":\"PropertyValueSpecification\",\"valueRequired\":true,\"valueName\":\"search_term_string\"}}],\"inLanguage\":\"de\"},{\"@type\":\"Organization\",\"@id\":\"https:\\\/\\\/easy-sushi.com\\\/nl\\\/#organization\",\"name\":\"Easy Sushi\u00ae\",\"url\":\"https:\\\/\\\/easy-sushi.com\\\/nl\\\/\",\"logo\":{\"@type\":\"ImageObject\",\"inLanguage\":\"de\",\"@id\":\"https:\\\/\\\/easy-sushi.com\\\/nl\\\/#\\\/schema\\\/logo\\\/image\\\/\",\"url\":\"https:\\\/\\\/easy-sushi.com\\\/wp-content\\\/uploads\\\/2021\\\/01\\\/easy_sushi_logotype.svg\",\"contentUrl\":\"https:\\\/\\\/easy-sushi.com\\\/wp-content\\\/uploads\\\/2021\\\/01\\\/easy_sushi_logotype.svg\",\"width\":513,\"height\":357,\"caption\":\"Easy Sushi\u00ae\"},\"image\":{\"@id\":\"https:\\\/\\\/easy-sushi.com\\\/nl\\\/#\\\/schema\\\/logo\\\/image\\\/\"},\"sameAs\":[\"https:\\\/\\\/www.facebook.com\\\/EasySushi\\\/\",\"https:\\\/\\\/x.com\\\/EasySushi\",\"https:\\\/\\\/www.instagram.com\\\/easysushieasyrolls\\\/\",\"https:\\\/\\\/www.youtube.com\\\/user\\\/EasysushiEasyrolls\"]}]}<\/script>\n<!-- \/ Yoast SEO plugin. -->","yoast_head_json":{"title":"Easy Sushi\u00ae Vegetarisches, veganes Rezeptbuch - Easy Sushi\u00ae","description":"Ein Buch mit 25 wundersch\u00f6n illustrierten und einfach zuzubereitenden Rezepten, das speziell allen Vegetariern und Veganern gewidmet ist.","robots":{"index":"index","follow":"follow","max-snippet":"max-snippet:-1","max-image-preview":"max-image-preview:large","max-video-preview":"max-video-preview:-1"},"canonical":"https:\/\/easy-sushi.com\/de\/einkaufen-2\/vegetarisch-vegan-easy-sushi-rezeptbuch\/","og_locale":"de_DE","og_type":"article","og_title":"Livre de recettes V\u00e9g\u00e9tarien, V\u00e9g\u00e9talien Easy Sushi\u00ae - Easy Sushi\u00ae","og_description":"Un livre constitu\u00e9 de vingt-cinq recettes magnifiquement illustr\u00e9es et simples \u00e0 r\u00e9aliser, et sp\u00e9cialement d\u00e9di\u00e9es \u00e0 tous les v\u00e9g\u00e9tariens et v\u00e9g\u00e9taliens.","og_url":"https:\/\/easy-sushi.com\/de\/einkaufen-2\/vegetarisch-vegan-easy-sushi-rezeptbuch\/","og_site_name":"Easy Sushi\u00ae","article_publisher":"https:\/\/www.facebook.com\/EasySushi\/","article_modified_time":"2025-06-13T09:00:44+00:00","og_image":[{"width":1200,"height":1200,"url":"https:\/\/easy-sushi.com\/wp-content\/uploads\/2019\/09\/easy-sushi-recettes-maki-sushi-vegetarien-1.jpg","type":"image\/jpeg"}],"twitter_card":"summary_large_image","twitter_site":"@EasySushi","twitter_misc":{"Gesch\u00e4tzte Lesezeit":"1\u00a0Minute"},"schema":{"@context":"https:\/\/schema.org","@graph":[{"@type":"WebPage","@id":"https:\/\/easy-sushi.com\/boutique\/livre-de-recettes-vegetarien-vegetalien-easy-sushi\/","url":"https:\/\/easy-sushi.com\/boutique\/livre-de-recettes-vegetarien-vegetalien-easy-sushi\/","name":"Easy Sushi\u00ae Vegetarisches, veganes Rezeptbuch - Easy Sushi\u00ae","isPartOf":{"@id":"https:\/\/easy-sushi.com\/nl\/#website"},"primaryImageOfPage":{"@id":"https:\/\/easy-sushi.com\/boutique\/livre-de-recettes-vegetarien-vegetalien-easy-sushi\/#primaryimage"},"image":{"@id":"https:\/\/easy-sushi.com\/boutique\/livre-de-recettes-vegetarien-vegetalien-easy-sushi\/#primaryimage"},"thumbnailUrl":"https:\/\/easy-sushi.com\/wp-content\/uploads\/2019\/09\/easy-sushi-recettes-maki-sushi-vegetarien-1.jpg","datePublished":"2019-09-17T14:46:36+00:00","dateModified":"2025-06-13T09:00:44+00:00","description":"Ein Buch mit 25 wundersch\u00f6n illustrierten und einfach zuzubereitenden Rezepten, das speziell allen Vegetariern und Veganern gewidmet ist.","breadcrumb":{"@id":"https:\/\/easy-sushi.com\/boutique\/livre-de-recettes-vegetarien-vegetalien-easy-sushi\/#breadcrumb"},"inLanguage":"de","potentialAction":[{"@type":"ReadAction","target":["https:\/\/easy-sushi.com\/boutique\/livre-de-recettes-vegetarien-vegetalien-easy-sushi\/"]}]},{"@type":"ImageObject","inLanguage":"de","@id":"https:\/\/easy-sushi.com\/boutique\/livre-de-recettes-vegetarien-vegetalien-easy-sushi\/#primaryimage","url":"https:\/\/easy-sushi.com\/wp-content\/uploads\/2019\/09\/easy-sushi-recettes-maki-sushi-vegetarien-1.jpg","contentUrl":"https:\/\/easy-sushi.com\/wp-content\/uploads\/2019\/09\/easy-sushi-recettes-maki-sushi-vegetarien-1.jpg","width":1200,"height":1200,"caption":"Makis v\u00e9g\u00e9tariens et v\u00e9g\u00e9taliens avec Easy Sushi, fabriqu\u00e9s en France."},{"@type":"BreadcrumbList","@id":"https:\/\/easy-sushi.com\/boutique\/livre-de-recettes-vegetarien-vegetalien-easy-sushi\/#breadcrumb","itemListElement":[{"@type":"ListItem","position":1,"name":"Accueil","item":"https:\/\/easy-sushi.com\/"},{"@type":"ListItem","position":2,"name":"Boutique","item":"https:\/\/easy-sushi.com\/pt\/boutique\/"},{"@type":"ListItem","position":3,"name":"Livres de recettes pour sushis","item":"https:\/\/easy-sushi.com\/categorie-produit\/livres-recettes\/"},{"@type":"ListItem","position":4,"name":"Livre de recettes V\u00e9g\u00e9tarien, V\u00e9g\u00e9talien Easy Sushi\u00ae"}]},{"@type":"WebSite","@id":"https:\/\/easy-sushi.com\/nl\/#website","url":"https:\/\/easy-sushi.com\/nl\/","name":"Easy Sushi\u00ae","description":"","publisher":{"@id":"https:\/\/easy-sushi.com\/nl\/#organization"},"potentialAction":[{"@type":"SearchAction","target":{"@type":"EntryPoint","urlTemplate":"https:\/\/easy-sushi.com\/nl\/?s={search_term_string}"},"query-input":{"@type":"PropertyValueSpecification","valueRequired":true,"valueName":"search_term_string"}}],"inLanguage":"de"},{"@type":"Organization","@id":"https:\/\/easy-sushi.com\/nl\/#organization","name":"Easy Sushi\u00ae","url":"https:\/\/easy-sushi.com\/nl\/","logo":{"@type":"ImageObject","inLanguage":"de","@id":"https:\/\/easy-sushi.com\/nl\/#\/schema\/logo\/image\/","url":"https:\/\/easy-sushi.com\/wp-content\/uploads\/2021\/01\/easy_sushi_logotype.svg","contentUrl":"https:\/\/easy-sushi.com\/wp-content\/uploads\/2021\/01\/easy_sushi_logotype.svg","width":513,"height":357,"caption":"Easy Sushi\u00ae"},"image":{"@id":"https:\/\/easy-sushi.com\/nl\/#\/schema\/logo\/image\/"},"sameAs":["https:\/\/www.facebook.com\/EasySushi\/","https:\/\/x.com\/EasySushi","https:\/\/www.instagram.com\/easysushieasyrolls\/","https:\/\/www.youtube.com\/user\/EasysushiEasyrolls"]}]}},"_links":{"self":[{"href":"https:\/\/easy-sushi.com\/de\/wp-json\/wp\/v2\/product\/828","targetHints":{"allow":["GET"]}}],"collection":[{"href":"https:\/\/easy-sushi.com\/de\/wp-json\/wp\/v2\/product"}],"about":[{"href":"https:\/\/easy-sushi.com\/de\/wp-json\/wp\/v2\/types\/product"}],"replies":[{"embeddable":true,"href":"https:\/\/easy-sushi.com\/de\/wp-json\/wp\/v2\/comments?post=828"}],"wp:featuredmedia":[{"embeddable":true,"href":"https:\/\/easy-sushi.com\/de\/wp-json\/wp\/v2\/media\/25642"}],"wp:attachment":[{"href":"https:\/\/easy-sushi.com\/de\/wp-json\/wp\/v2\/media?parent=828"}],"wp:term":[{"taxonomy":"product_brand","embeddable":true,"href":"https:\/\/easy-sushi.com\/de\/wp-json\/wp\/v2\/product_brand?post=828"},{"taxonomy":"product_cat","embeddable":true,"href":"https:\/\/easy-sushi.com\/de\/wp-json\/wp\/v2\/product_cat?post=828"},{"taxonomy":"product_tag","embeddable":true,"href":"https:\/\/easy-sushi.com\/de\/wp-json\/wp\/v2\/product_tag?post=828"}],"curies":[{"name":"wp","href":"https:\/\/api.w.org\/{rel}","templated":true}]}}