{"id":20177,"date":"2020-11-19T14:44:08","date_gmt":"2020-11-19T13:44:08","guid":{"rendered":"https:\/\/easy-sushi.com\/?post_type=product&#038;p=20177"},"modified":"2026-03-24T09:13:21","modified_gmt":"2026-03-24T08:13:21","slug":"dreiecksform-fur-onigiri-2","status":"publish","type":"product","link":"https:\/\/easy-sushi.com\/de\/einkaufen-2\/dreiecksform-fur-onigiri-2\/","title":{"rendered":"Katzenform f\u00fcr Onigiri"},"content":{"rendered":"<p><strong>Handbuch:<\/strong><\/p>\n<ol>\n<li>Legen Sie den gekochten Reis (Raumtemperatur) in die Form<\/li>\n<li>Deckel aufsetzen und leicht dr\u00fccken<\/li>\n<li>Nehmen Sie den Deckel ab und drehen Sie die Form um<\/li>\n<\/ol>","protected":false},"excerpt":{"rendered":"<p>Katzenform f\u00fcr Onigiri<\/p>\n<ul>\n<li>Ideal f\u00fcr Ihre Abende mit Familie oder Freunden<\/li>\n<li>Sehr einfach zu bedienen<\/li>\n<li>Set bestehend aus 4 St\u00fcck<\/li>\n<li>Handreinigung<\/li>\n<li>Ma\u00dfe der Form: 13,5 x 4 x 4 cm<\/li>\n<\/ul>\n<p>Entdecken Sie unser Formensortiment <strong>Easy Sushi\u00ae<\/strong><\/p>","protected":false},"featured_media":24396,"comment_status":"open","ping_status":"closed","template":"","meta":{"neve_meta_sidebar":"","neve_meta_container":"","neve_meta_enable_content_width":"","neve_meta_content_width":0,"neve_meta_title_alignment":"","neve_meta_author_avatar":"","neve_post_elements_order":"","neve_meta_disable_header":"","neve_meta_disable_footer":"","neve_meta_disable_title":""},"product_brand":[],"product_cat":[24,34],"product_tag":[],"class_list":{"0":"post-20177","1":"product","2":"type-product","3":"status-publish","4":"has-post-thumbnail","6":"product_cat-accessoires","7":"product_cat-moules","9":"first","10":"instock","11":"taxable","12":"shipping-taxable","13":"purchasable","14":"product-type-simple"},"yoast_head":"<!-- This site is optimized with the Yoast SEO plugin v27.4 - https:\/\/yoast.com\/product\/yoast-seo-wordpress\/ -->\n<title>Moule Chat pour Onigiri - Easy Sushi\u00ae<\/title>\n<meta name=\"robots\" content=\"index, follow, max-snippet:-1, max-image-preview:large, max-video-preview:-1\" \/>\n<link rel=\"canonical\" href=\"https:\/\/easy-sushi.com\/de\/einkaufen-2\/dreiecksform-fur-onigiri-2\/\" \/>\n<meta property=\"og:locale\" content=\"de_DE\" \/>\n<meta property=\"og:type\" content=\"article\" \/>\n<meta property=\"og:title\" content=\"Moule Chat pour Onigiri - Easy Sushi\u00ae\" \/>\n<meta property=\"og:description\" content=\"Moule Chat pour Onigiri   Id\u00e9al pour vos soir\u00e9es en famille ou entre amis  Tr\u00e8s simple d&#039;utilisation  Set compos\u00e9 de 4 pi\u00e8ces  Nettoyage \u00e0 la main  Dimensions du moule : 13,5 x 4 x 4 cm  D\u00e9couvrez notre gamme de moules Easy Sushi\u00ae\" \/>\n<meta property=\"og:url\" content=\"https:\/\/easy-sushi.com\/de\/einkaufen-2\/dreiecksform-fur-onigiri-2\/\" \/>\n<meta property=\"og:site_name\" content=\"Easy Sushi\u00ae\" \/>\n<meta property=\"article:publisher\" content=\"https:\/\/www.facebook.com\/EasySushi\/\" \/>\n<meta property=\"article:modified_time\" content=\"2026-03-24T08:13:21+00:00\" \/>\n<meta property=\"og:image\" content=\"https:\/\/mlwz8lwoesaq.i.optimole.com\/w:1080\/h:1080\/q:mauto\/f:best\/https:\/\/easy-sushi.com\/wp-content\/uploads\/2020\/11\/easy-sushi-moule-onigiri-chat.jpg\" \/>\n\t<meta property=\"og:image:width\" content=\"1200\" \/>\n\t<meta property=\"og:image:height\" content=\"1200\" \/>\n\t<meta property=\"og:image:type\" content=\"image\/jpeg\" \/>\n<meta name=\"twitter:card\" content=\"summary_large_image\" \/>\n<meta name=\"twitter:site\" content=\"@EasySushi\" \/>\n<meta name=\"twitter:label1\" content=\"Gesch\u00e4tzte Lesezeit\" \/>\n\t<meta name=\"twitter:data1\" content=\"1\u00a0Minute\" \/>\n<script type=\"application\/ld+json\" class=\"yoast-schema-graph\">{\"@context\":\"https:\\\/\\\/schema.org\",\"@graph\":[{\"@type\":\"WebPage\",\"@id\":\"https:\\\/\\\/easy-sushi.com\\\/boutique\\\/moule-chat-pour-onigiri\\\/\",\"url\":\"https:\\\/\\\/easy-sushi.com\\\/boutique\\\/moule-chat-pour-onigiri\\\/\",\"name\":\"Moule Chat pour Onigiri - Easy Sushi\u00ae\",\"isPartOf\":{\"@id\":\"https:\\\/\\\/easy-sushi.com\\\/nl\\\/#website\"},\"primaryImageOfPage\":{\"@id\":\"https:\\\/\\\/easy-sushi.com\\\/boutique\\\/moule-chat-pour-onigiri\\\/#primaryimage\"},\"image\":{\"@id\":\"https:\\\/\\\/easy-sushi.com\\\/boutique\\\/moule-chat-pour-onigiri\\\/#primaryimage\"},\"thumbnailUrl\":\"https:\\\/\\\/easy-sushi.com\\\/wp-content\\\/uploads\\\/2020\\\/11\\\/easy-sushi-moule-onigiri-chat.jpg\",\"datePublished\":\"2020-11-19T13:44:08+00:00\",\"dateModified\":\"2026-03-24T08:13:21+00:00\",\"breadcrumb\":{\"@id\":\"https:\\\/\\\/easy-sushi.com\\\/boutique\\\/moule-chat-pour-onigiri\\\/#breadcrumb\"},\"inLanguage\":\"de\",\"potentialAction\":[{\"@type\":\"ReadAction\",\"target\":[\"https:\\\/\\\/easy-sushi.com\\\/boutique\\\/moule-chat-pour-onigiri\\\/\"]}]},{\"@type\":\"ImageObject\",\"inLanguage\":\"de\",\"@id\":\"https:\\\/\\\/easy-sushi.com\\\/boutique\\\/moule-chat-pour-onigiri\\\/#primaryimage\",\"url\":\"https:\\\/\\\/easy-sushi.com\\\/wp-content\\\/uploads\\\/2020\\\/11\\\/easy-sushi-moule-onigiri-chat.jpg\",\"contentUrl\":\"https:\\\/\\\/easy-sushi.com\\\/wp-content\\\/uploads\\\/2020\\\/11\\\/easy-sushi-moule-onigiri-chat.jpg\",\"width\":1200,\"height\":1200,\"caption\":\"Kit de moules \u00e0 riz en forme de chat pour cr\u00e9er des onigiris mignons, comprenant une d\u00e9coupeuse de nori\"},{\"@type\":\"BreadcrumbList\",\"@id\":\"https:\\\/\\\/easy-sushi.com\\\/boutique\\\/moule-chat-pour-onigiri\\\/#breadcrumb\",\"itemListElement\":[{\"@type\":\"ListItem\",\"position\":1,\"name\":\"Accueil\",\"item\":\"https:\\\/\\\/easy-sushi.com\\\/\"},{\"@type\":\"ListItem\",\"position\":2,\"name\":\"Boutique\",\"item\":\"https:\\\/\\\/easy-sushi.com\\\/pt\\\/boutique\\\/\"},{\"@type\":\"ListItem\",\"position\":3,\"name\":\"Accessoires de cuisine Japonaise\",\"item\":\"https:\\\/\\\/easy-sushi.com\\\/categorie-produit\\\/accessoires\\\/\"},{\"@type\":\"ListItem\",\"position\":4,\"name\":\"Moules Onigiri\",\"item\":\"https:\\\/\\\/easy-sushi.com\\\/categorie-produit\\\/accessoires\\\/moules\\\/\"},{\"@type\":\"ListItem\",\"position\":5,\"name\":\"Moule Chat pour Onigiri\"}]},{\"@type\":\"WebSite\",\"@id\":\"https:\\\/\\\/easy-sushi.com\\\/nl\\\/#website\",\"url\":\"https:\\\/\\\/easy-sushi.com\\\/nl\\\/\",\"name\":\"Easy Sushi\u00ae\",\"description\":\"\",\"publisher\":{\"@id\":\"https:\\\/\\\/easy-sushi.com\\\/nl\\\/#organization\"},\"potentialAction\":[{\"@type\":\"SearchAction\",\"target\":{\"@type\":\"EntryPoint\",\"urlTemplate\":\"https:\\\/\\\/easy-sushi.com\\\/nl\\\/?s={search_term_string}\"},\"query-input\":{\"@type\":\"PropertyValueSpecification\",\"valueRequired\":true,\"valueName\":\"search_term_string\"}}],\"inLanguage\":\"de\"},{\"@type\":\"Organization\",\"@id\":\"https:\\\/\\\/easy-sushi.com\\\/nl\\\/#organization\",\"name\":\"Easy Sushi\u00ae\",\"url\":\"https:\\\/\\\/easy-sushi.com\\\/nl\\\/\",\"logo\":{\"@type\":\"ImageObject\",\"inLanguage\":\"de\",\"@id\":\"https:\\\/\\\/easy-sushi.com\\\/nl\\\/#\\\/schema\\\/logo\\\/image\\\/\",\"url\":\"https:\\\/\\\/easy-sushi.com\\\/wp-content\\\/uploads\\\/2021\\\/01\\\/easy_sushi_logotype.svg\",\"contentUrl\":\"https:\\\/\\\/easy-sushi.com\\\/wp-content\\\/uploads\\\/2021\\\/01\\\/easy_sushi_logotype.svg\",\"width\":513,\"height\":357,\"caption\":\"Easy Sushi\u00ae\"},\"image\":{\"@id\":\"https:\\\/\\\/easy-sushi.com\\\/nl\\\/#\\\/schema\\\/logo\\\/image\\\/\"},\"sameAs\":[\"https:\\\/\\\/www.facebook.com\\\/EasySushi\\\/\",\"https:\\\/\\\/x.com\\\/EasySushi\",\"https:\\\/\\\/www.instagram.com\\\/easysushieasyrolls\\\/\",\"https:\\\/\\\/www.youtube.com\\\/user\\\/EasysushiEasyrolls\"]}]}<\/script>\n<!-- \/ Yoast SEO plugin. -->","yoast_head_json":{"title":"Katzenform f\u00fcr Onigiri \u2013 Easy Sushi\u00ae","robots":{"index":"index","follow":"follow","max-snippet":"max-snippet:-1","max-image-preview":"max-image-preview:large","max-video-preview":"max-video-preview:-1"},"canonical":"https:\/\/easy-sushi.com\/de\/einkaufen-2\/dreiecksform-fur-onigiri-2\/","og_locale":"de_DE","og_type":"article","og_title":"Moule Chat pour Onigiri - Easy Sushi\u00ae","og_description":"Moule Chat pour Onigiri   Id\u00e9al pour vos soir\u00e9es en famille ou entre amis  Tr\u00e8s simple d'utilisation  Set compos\u00e9 de 4 pi\u00e8ces  Nettoyage \u00e0 la main  Dimensions du moule : 13,5 x 4 x 4 cm  D\u00e9couvrez notre gamme de moules Easy Sushi\u00ae","og_url":"https:\/\/easy-sushi.com\/de\/einkaufen-2\/dreiecksform-fur-onigiri-2\/","og_site_name":"Easy Sushi\u00ae","article_publisher":"https:\/\/www.facebook.com\/EasySushi\/","article_modified_time":"2026-03-24T08:13:21+00:00","og_image":[{"width":1200,"height":1200,"url":"https:\/\/mlwz8lwoesaq.i.optimole.com\/w:1080\/h:1080\/q:mauto\/f:best\/https:\/\/easy-sushi.com\/wp-content\/uploads\/2020\/11\/easy-sushi-moule-onigiri-chat.jpg","type":"image\/jpeg"}],"twitter_card":"summary_large_image","twitter_site":"@EasySushi","twitter_misc":{"Gesch\u00e4tzte Lesezeit":"1\u00a0Minute"},"schema":{"@context":"https:\/\/schema.org","@graph":[{"@type":"WebPage","@id":"https:\/\/easy-sushi.com\/boutique\/moule-chat-pour-onigiri\/","url":"https:\/\/easy-sushi.com\/boutique\/moule-chat-pour-onigiri\/","name":"Katzenform f\u00fcr Onigiri \u2013 Easy Sushi\u00ae","isPartOf":{"@id":"https:\/\/easy-sushi.com\/nl\/#website"},"primaryImageOfPage":{"@id":"https:\/\/easy-sushi.com\/boutique\/moule-chat-pour-onigiri\/#primaryimage"},"image":{"@id":"https:\/\/easy-sushi.com\/boutique\/moule-chat-pour-onigiri\/#primaryimage"},"thumbnailUrl":"https:\/\/easy-sushi.com\/wp-content\/uploads\/2020\/11\/easy-sushi-moule-onigiri-chat.jpg","datePublished":"2020-11-19T13:44:08+00:00","dateModified":"2026-03-24T08:13:21+00:00","breadcrumb":{"@id":"https:\/\/easy-sushi.com\/boutique\/moule-chat-pour-onigiri\/#breadcrumb"},"inLanguage":"de","potentialAction":[{"@type":"ReadAction","target":["https:\/\/easy-sushi.com\/boutique\/moule-chat-pour-onigiri\/"]}]},{"@type":"ImageObject","inLanguage":"de","@id":"https:\/\/easy-sushi.com\/boutique\/moule-chat-pour-onigiri\/#primaryimage","url":"https:\/\/easy-sushi.com\/wp-content\/uploads\/2020\/11\/easy-sushi-moule-onigiri-chat.jpg","contentUrl":"https:\/\/easy-sushi.com\/wp-content\/uploads\/2020\/11\/easy-sushi-moule-onigiri-chat.jpg","width":1200,"height":1200,"caption":"Kit de moules \u00e0 riz en forme de chat pour cr\u00e9er des onigiris mignons, comprenant une d\u00e9coupeuse de nori"},{"@type":"BreadcrumbList","@id":"https:\/\/easy-sushi.com\/boutique\/moule-chat-pour-onigiri\/#breadcrumb","itemListElement":[{"@type":"ListItem","position":1,"name":"Accueil","item":"https:\/\/easy-sushi.com\/"},{"@type":"ListItem","position":2,"name":"Boutique","item":"https:\/\/easy-sushi.com\/pt\/boutique\/"},{"@type":"ListItem","position":3,"name":"Accessoires de cuisine Japonaise","item":"https:\/\/easy-sushi.com\/categorie-produit\/accessoires\/"},{"@type":"ListItem","position":4,"name":"Moules Onigiri","item":"https:\/\/easy-sushi.com\/categorie-produit\/accessoires\/moules\/"},{"@type":"ListItem","position":5,"name":"Moule Chat pour Onigiri"}]},{"@type":"WebSite","@id":"https:\/\/easy-sushi.com\/nl\/#website","url":"https:\/\/easy-sushi.com\/nl\/","name":"Easy Sushi\u00ae","description":"","publisher":{"@id":"https:\/\/easy-sushi.com\/nl\/#organization"},"potentialAction":[{"@type":"SearchAction","target":{"@type":"EntryPoint","urlTemplate":"https:\/\/easy-sushi.com\/nl\/?s={search_term_string}"},"query-input":{"@type":"PropertyValueSpecification","valueRequired":true,"valueName":"search_term_string"}}],"inLanguage":"de"},{"@type":"Organization","@id":"https:\/\/easy-sushi.com\/nl\/#organization","name":"Easy Sushi\u00ae","url":"https:\/\/easy-sushi.com\/nl\/","logo":{"@type":"ImageObject","inLanguage":"de","@id":"https:\/\/easy-sushi.com\/nl\/#\/schema\/logo\/image\/","url":"https:\/\/easy-sushi.com\/wp-content\/uploads\/2021\/01\/easy_sushi_logotype.svg","contentUrl":"https:\/\/easy-sushi.com\/wp-content\/uploads\/2021\/01\/easy_sushi_logotype.svg","width":513,"height":357,"caption":"Easy Sushi\u00ae"},"image":{"@id":"https:\/\/easy-sushi.com\/nl\/#\/schema\/logo\/image\/"},"sameAs":["https:\/\/www.facebook.com\/EasySushi\/","https:\/\/x.com\/EasySushi","https:\/\/www.instagram.com\/easysushieasyrolls\/","https:\/\/www.youtube.com\/user\/EasysushiEasyrolls"]}]}},"_links":{"self":[{"href":"https:\/\/easy-sushi.com\/de\/wp-json\/wp\/v2\/product\/20177","targetHints":{"allow":["GET"]}}],"collection":[{"href":"https:\/\/easy-sushi.com\/de\/wp-json\/wp\/v2\/product"}],"about":[{"href":"https:\/\/easy-sushi.com\/de\/wp-json\/wp\/v2\/types\/product"}],"replies":[{"embeddable":true,"href":"https:\/\/easy-sushi.com\/de\/wp-json\/wp\/v2\/comments?post=20177"}],"wp:featuredmedia":[{"embeddable":true,"href":"https:\/\/easy-sushi.com\/de\/wp-json\/wp\/v2\/media\/24396"}],"wp:attachment":[{"href":"https:\/\/easy-sushi.com\/de\/wp-json\/wp\/v2\/media?parent=20177"}],"wp:term":[{"taxonomy":"product_brand","embeddable":true,"href":"https:\/\/easy-sushi.com\/de\/wp-json\/wp\/v2\/product_brand?post=20177"},{"taxonomy":"product_cat","embeddable":true,"href":"https:\/\/easy-sushi.com\/de\/wp-json\/wp\/v2\/product_cat?post=20177"},{"taxonomy":"product_tag","embeddable":true,"href":"https:\/\/easy-sushi.com\/de\/wp-json\/wp\/v2\/product_tag?post=20177"}],"curies":[{"name":"wp","href":"https:\/\/api.w.org\/{rel}","templated":true}]}}