{"id":594,"date":"2019-09-12T14:26:59","date_gmt":"2019-09-12T12:26:59","guid":{"rendered":"https:\/\/easy-sushi.com\/?page_id=594"},"modified":"2024-06-20T11:30:59","modified_gmt":"2024-06-20T09:30:59","slug":"lieferungen-und-ruckgaben","status":"publish","type":"page","link":"https:\/\/easy-sushi.com\/de\/lieferungen-und-ruckgaben\/","title":{"rendered":"Lieferungen und R\u00fccksendungen"},"content":{"rendered":"<div data-elementor-type=\"wp-page\" data-elementor-id=\"594\" class=\"elementor elementor-594\" data-elementor-post-type=\"page\">\n\t\t\t\t<div class=\"elementor-element elementor-element-506c321 e-flex e-con-boxed e-con e-parent\" data-id=\"506c321\" data-element_type=\"container\" data-e-type=\"container\">\n\t\t\t\t\t<div class=\"e-con-inner\">\n\t\t<div class=\"elementor-element elementor-element-88f9fdc e-con-full e-flex e-con e-child\" data-id=\"88f9fdc\" data-element_type=\"container\" data-e-type=\"container\">\n\t\t\t\t<div class=\"elementor-element elementor-element-05af9b2 elementor-widget elementor-widget-heading\" data-id=\"05af9b2\" data-element_type=\"widget\" data-e-type=\"widget\" data-widget_type=\"heading.default\">\n\t\t\t\t<div class=\"elementor-widget-container\">\n\t\t\t\t\t<h1 class=\"elementor-heading-title elementor-size-default\">Lieferungen und R\u00fccksendungen<\/h1>\t\t\t\t<\/div>\n\t\t\t\t<\/div>\n\t\t\t\t<div class=\"elementor-element elementor-element-614c028 elementor-widget elementor-widget-text-editor\" data-id=\"614c028\" data-element_type=\"widget\" data-e-type=\"widget\" data-widget_type=\"text-editor.default\">\n\t\t\t\t<div class=\"elementor-widget-container\">\n\t\t\t\t\t\t\t\t\t<h4>Lieferung f\u00fcr Einzelpersonen in der franz\u00f6sischen Metropole:<\/h4>\r\n<ul>\r\n \t<li>Kostenlos (Shop2shop-Relaispunkt von Chronopost), ab 39 \u20ac f\u00fcr Eink\u00e4ufe im franz\u00f6sischen Mutterland f\u00fcr Sendungen (siehe je nach Bestimmungsort innerhalb der Grenze von 5 kg).<\/li>\r\n \t<li>Bezahlen (Colissimo), ab 4,90 \u20ac auf dem franz\u00f6sischen Festland f\u00fcr Sendungen (siehe je nach Bestimmungsort).<\/li>\r\n \t<li>Bezahlen (Colissimo), ab 9,90 \u20ac f\u00fcr \u00dcbersee-Frankreich f\u00fcr Sendungen (siehe je nach Bestimmungsort).<\/li>\r\n<\/ul>\r\n<h4>Lieferung in andere L\u00e4nder:<\/h4>\r\n<ul>\r\n \t<li>Zahlung (Colissimo) ab 8,90 \u20ac f\u00fcr Sendungen in die EU und in die Schweiz (siehe je nach Bestimmungsort).<\/li>\r\n \t<li>Bezahlen (Colissimo) ab 14,90 \u20ac f\u00fcr Sendungen weltweit (siehe je nach Bestimmungsort).<\/li>\r\n<\/ul>\r\n<h4>R\u00fcckgabe von Bestellungen:<\/h4>\r\n<ul>\r\n \t<li style=\"list-style-type: none;\">\r\n<ul>\r\n \t<li>R\u00fccksendungen werden innerhalb von 14 Tagen ab Bestelldatum akzeptiert (neue Artikel, unbenutzt und in der Originalverpackung zur\u00fcckgesandt - ausgenommen Lebensmittel) und liegen in der Verantwortung des K\u00e4ufers. Die R\u00fcckerstattung (Kreditkarte oder PayPal) erfolgt innerhalb von 8 Tagen ab dem Datum des Eingangs der Bestellung (die anf\u00e4nglichen Lieferkosten sind nicht in der R\u00fcckerstattung enthalten).<\/li>\r\n \t<li>F\u00fcr Ihre R\u00fccksendeanfragen bitten wir Sie <a style=\"background-color: #ffffff;\" href=\"\/de\/kontakt\/\">Kontaktiere uns<\/a> vorweg.<\/li>\r\n<\/ul>\r\n<\/li>\r\n<\/ul>\t\t\t\t\t\t\t\t<\/div>\n\t\t\t\t<\/div>\n\t\t\t\t<\/div>\n\t\t\t\t\t<\/div>\n\t\t\t\t<\/div>\n\t\t\t\t<\/div>","protected":false},"excerpt":{"rendered":"<p>Lieferungen und R\u00fccksendungen Lieferung f\u00fcr Privatpersonen im franz\u00f6sischen Mutterland: Kostenlos (Shop2shop-Relaispunkt von Chronopost), ab 39 \u20ac bei Eink\u00e4ufen im franz\u00f6sischen Mutterland f\u00fcr Sendungen (siehe je nach Bestimmungsort, innerhalb der Grenze von 5 kg). Kostenpflichtig (Colissimo), ab 4,90 \u20ac auf dem franz\u00f6sischen Festland f\u00fcr Sendungen (siehe je nach Bestimmungsort). Bezahlt (Colissimo), bei\u2026&nbsp;<a href=\"https:\/\/easy-sushi.com\/de\/lieferungen-und-ruckgaben\/\" rel=\"bookmark\">Weiterlesen \u00bb<span class=\"screen-reader-text\">Lieferungen und R\u00fccksendungen<\/span><\/a><\/p>","protected":false},"author":1,"featured_media":0,"parent":0,"menu_order":0,"comment_status":"closed","ping_status":"closed","template":"elementor_header_footer","meta":{"neve_meta_sidebar":"","neve_meta_container":"","neve_meta_enable_content_width":"","neve_meta_content_width":0,"neve_meta_title_alignment":"","neve_meta_author_avatar":"","neve_post_elements_order":"","neve_meta_disable_header":"","neve_meta_disable_footer":"","neve_meta_disable_title":"","footnotes":""},"class_list":["post-594","page","type-page","status-publish","hentry"],"yoast_head":"<!-- This site is optimized with the Yoast SEO plugin v27.5 - https:\/\/yoast.com\/product\/yoast-seo-wordpress\/ -->\n<title>Livraisons et retours - Easy Sushi\u00ae<\/title>\n<meta name=\"description\" content=\"Tout savoir \u00e0 propos de livraison Easy Sushi : d\u00e9lais, transporteurs, tarifs et pays \u00e9ligibles \u00e0 la livraison des produits Easy Sushi\u00ae\" \/>\n<meta name=\"robots\" content=\"index, follow, max-snippet:-1, max-image-preview:large, max-video-preview:-1\" \/>\n<link rel=\"canonical\" href=\"https:\/\/easy-sushi.com\/de\/lieferungen-und-ruckgaben\/\" \/>\n<meta property=\"og:locale\" content=\"de_DE\" \/>\n<meta property=\"og:type\" content=\"article\" \/>\n<meta property=\"og:title\" content=\"Livraisons et retours - Easy Sushi\u00ae\" \/>\n<meta property=\"og:description\" content=\"Tout savoir \u00e0 propos de livraison Easy Sushi : d\u00e9lais, transporteurs, tarifs et pays \u00e9ligibles \u00e0 la livraison des produits Easy Sushi\u00ae\" \/>\n<meta property=\"og:url\" content=\"https:\/\/easy-sushi.com\/de\/lieferungen-und-ruckgaben\/\" \/>\n<meta property=\"og:site_name\" content=\"Easy Sushi\u00ae\" \/>\n<meta property=\"article:publisher\" content=\"https:\/\/www.facebook.com\/EasySushi\/\" \/>\n<meta property=\"article:modified_time\" content=\"2024-06-20T09:30:59+00:00\" \/>\n<meta property=\"og:image\" content=\"https:\/\/easy-sushi.com\/wp-content\/uploads\/2021\/01\/easy_sushi_thumb_fb.jpg\" \/>\n\t<meta property=\"og:image:width\" content=\"1200\" \/>\n\t<meta property=\"og:image:height\" content=\"627\" \/>\n\t<meta property=\"og:image:type\" content=\"image\/jpeg\" \/>\n<meta name=\"twitter:card\" content=\"summary_large_image\" \/>\n<meta name=\"twitter:site\" content=\"@EasySushi\" \/>\n<meta name=\"twitter:label1\" content=\"Gesch\u00e4tzte Lesezeit\" \/>\n\t<meta name=\"twitter:data1\" content=\"1\u00a0Minute\" \/>\n<script type=\"application\/ld+json\" class=\"yoast-schema-graph\">{\"@context\":\"https:\\\/\\\/schema.org\",\"@graph\":[{\"@type\":\"WebPage\",\"@id\":\"https:\\\/\\\/easy-sushi.com\\\/livraisons-et-retours\\\/\",\"url\":\"https:\\\/\\\/easy-sushi.com\\\/livraisons-et-retours\\\/\",\"name\":\"Livraisons et retours - Easy Sushi\u00ae\",\"isPartOf\":{\"@id\":\"https:\\\/\\\/easy-sushi.com\\\/nl\\\/#website\"},\"datePublished\":\"2019-09-12T12:26:59+00:00\",\"dateModified\":\"2024-06-20T09:30:59+00:00\",\"description\":\"Tout savoir \u00e0 propos de livraison Easy Sushi : d\u00e9lais, transporteurs, tarifs et pays \u00e9ligibles \u00e0 la livraison des produits Easy Sushi\u00ae\",\"breadcrumb\":{\"@id\":\"https:\\\/\\\/easy-sushi.com\\\/livraisons-et-retours\\\/#breadcrumb\"},\"inLanguage\":\"de\",\"potentialAction\":[{\"@type\":\"ReadAction\",\"target\":[\"https:\\\/\\\/easy-sushi.com\\\/livraisons-et-retours\\\/\"]}]},{\"@type\":\"BreadcrumbList\",\"@id\":\"https:\\\/\\\/easy-sushi.com\\\/livraisons-et-retours\\\/#breadcrumb\",\"itemListElement\":[{\"@type\":\"ListItem\",\"position\":1,\"name\":\"Accueil\",\"item\":\"https:\\\/\\\/easy-sushi.com\\\/\"},{\"@type\":\"ListItem\",\"position\":2,\"name\":\"Livraisons et retours\"}]},{\"@type\":\"WebSite\",\"@id\":\"https:\\\/\\\/easy-sushi.com\\\/nl\\\/#website\",\"url\":\"https:\\\/\\\/easy-sushi.com\\\/nl\\\/\",\"name\":\"Easy Sushi\u00ae\",\"description\":\"\",\"publisher\":{\"@id\":\"https:\\\/\\\/easy-sushi.com\\\/nl\\\/#organization\"},\"potentialAction\":[{\"@type\":\"SearchAction\",\"target\":{\"@type\":\"EntryPoint\",\"urlTemplate\":\"https:\\\/\\\/easy-sushi.com\\\/nl\\\/?s={search_term_string}\"},\"query-input\":{\"@type\":\"PropertyValueSpecification\",\"valueRequired\":true,\"valueName\":\"search_term_string\"}}],\"inLanguage\":\"de\"},{\"@type\":\"Organization\",\"@id\":\"https:\\\/\\\/easy-sushi.com\\\/nl\\\/#organization\",\"name\":\"Easy Sushi\u00ae\",\"url\":\"https:\\\/\\\/easy-sushi.com\\\/nl\\\/\",\"logo\":{\"@type\":\"ImageObject\",\"inLanguage\":\"de\",\"@id\":\"https:\\\/\\\/easy-sushi.com\\\/nl\\\/#\\\/schema\\\/logo\\\/image\\\/\",\"url\":\"https:\\\/\\\/easy-sushi.com\\\/wp-content\\\/uploads\\\/2021\\\/01\\\/easy_sushi_logotype.svg\",\"contentUrl\":\"https:\\\/\\\/easy-sushi.com\\\/wp-content\\\/uploads\\\/2021\\\/01\\\/easy_sushi_logotype.svg\",\"width\":513,\"height\":357,\"caption\":\"Easy Sushi\u00ae\"},\"image\":{\"@id\":\"https:\\\/\\\/easy-sushi.com\\\/nl\\\/#\\\/schema\\\/logo\\\/image\\\/\"},\"sameAs\":[\"https:\\\/\\\/www.facebook.com\\\/EasySushi\\\/\",\"https:\\\/\\\/x.com\\\/EasySushi\",\"https:\\\/\\\/www.instagram.com\\\/easysushieasyrolls\\\/\",\"https:\\\/\\\/www.youtube.com\\\/user\\\/EasysushiEasyrolls\"]}]}<\/script>\n<!-- \/ Yoast SEO plugin. -->","yoast_head_json":{"title":"Lieferungen und R\u00fccksendungen - Easy Sushi\u00ae","description":"Alles \u00fcber die Easy Sushi-Lieferung: Fristen, Spediteure, Preise und L\u00e4nder, die f\u00fcr die Lieferung von Easy Sushi\u00ae-Produkten in Frage kommen","robots":{"index":"index","follow":"follow","max-snippet":"max-snippet:-1","max-image-preview":"max-image-preview:large","max-video-preview":"max-video-preview:-1"},"canonical":"https:\/\/easy-sushi.com\/de\/lieferungen-und-ruckgaben\/","og_locale":"de_DE","og_type":"article","og_title":"Livraisons et retours - Easy Sushi\u00ae","og_description":"Tout savoir \u00e0 propos de livraison Easy Sushi : d\u00e9lais, transporteurs, tarifs et pays \u00e9ligibles \u00e0 la livraison des produits Easy Sushi\u00ae","og_url":"https:\/\/easy-sushi.com\/de\/lieferungen-und-ruckgaben\/","og_site_name":"Easy Sushi\u00ae","article_publisher":"https:\/\/www.facebook.com\/EasySushi\/","article_modified_time":"2024-06-20T09:30:59+00:00","og_image":[{"width":1200,"height":627,"url":"https:\/\/easy-sushi.com\/wp-content\/uploads\/2021\/01\/easy_sushi_thumb_fb.jpg","type":"image\/jpeg"}],"twitter_card":"summary_large_image","twitter_site":"@EasySushi","twitter_misc":{"Gesch\u00e4tzte Lesezeit":"1\u00a0Minute"},"schema":{"@context":"https:\/\/schema.org","@graph":[{"@type":"WebPage","@id":"https:\/\/easy-sushi.com\/livraisons-et-retours\/","url":"https:\/\/easy-sushi.com\/livraisons-et-retours\/","name":"Lieferungen und R\u00fccksendungen - Easy Sushi\u00ae","isPartOf":{"@id":"https:\/\/easy-sushi.com\/nl\/#website"},"datePublished":"2019-09-12T12:26:59+00:00","dateModified":"2024-06-20T09:30:59+00:00","description":"Alles \u00fcber die Easy Sushi-Lieferung: Fristen, Spediteure, Preise und L\u00e4nder, die f\u00fcr die Lieferung von Easy Sushi\u00ae-Produkten in Frage kommen","breadcrumb":{"@id":"https:\/\/easy-sushi.com\/livraisons-et-retours\/#breadcrumb"},"inLanguage":"de","potentialAction":[{"@type":"ReadAction","target":["https:\/\/easy-sushi.com\/livraisons-et-retours\/"]}]},{"@type":"BreadcrumbList","@id":"https:\/\/easy-sushi.com\/livraisons-et-retours\/#breadcrumb","itemListElement":[{"@type":"ListItem","position":1,"name":"Accueil","item":"https:\/\/easy-sushi.com\/"},{"@type":"ListItem","position":2,"name":"Livraisons et retours"}]},{"@type":"WebSite","@id":"https:\/\/easy-sushi.com\/nl\/#website","url":"https:\/\/easy-sushi.com\/nl\/","name":"Easy Sushi\u00ae","description":"","publisher":{"@id":"https:\/\/easy-sushi.com\/nl\/#organization"},"potentialAction":[{"@type":"SearchAction","target":{"@type":"EntryPoint","urlTemplate":"https:\/\/easy-sushi.com\/nl\/?s={search_term_string}"},"query-input":{"@type":"PropertyValueSpecification","valueRequired":true,"valueName":"search_term_string"}}],"inLanguage":"de"},{"@type":"Organization","@id":"https:\/\/easy-sushi.com\/nl\/#organization","name":"Easy Sushi\u00ae","url":"https:\/\/easy-sushi.com\/nl\/","logo":{"@type":"ImageObject","inLanguage":"de","@id":"https:\/\/easy-sushi.com\/nl\/#\/schema\/logo\/image\/","url":"https:\/\/easy-sushi.com\/wp-content\/uploads\/2021\/01\/easy_sushi_logotype.svg","contentUrl":"https:\/\/easy-sushi.com\/wp-content\/uploads\/2021\/01\/easy_sushi_logotype.svg","width":513,"height":357,"caption":"Easy Sushi\u00ae"},"image":{"@id":"https:\/\/easy-sushi.com\/nl\/#\/schema\/logo\/image\/"},"sameAs":["https:\/\/www.facebook.com\/EasySushi\/","https:\/\/x.com\/EasySushi","https:\/\/www.instagram.com\/easysushieasyrolls\/","https:\/\/www.youtube.com\/user\/EasysushiEasyrolls"]}]}},"_links":{"self":[{"href":"https:\/\/easy-sushi.com\/de\/wp-json\/wp\/v2\/pages\/594","targetHints":{"allow":["GET"]}}],"collection":[{"href":"https:\/\/easy-sushi.com\/de\/wp-json\/wp\/v2\/pages"}],"about":[{"href":"https:\/\/easy-sushi.com\/de\/wp-json\/wp\/v2\/types\/page"}],"author":[{"embeddable":true,"href":"https:\/\/easy-sushi.com\/de\/wp-json\/wp\/v2\/users\/1"}],"replies":[{"embeddable":true,"href":"https:\/\/easy-sushi.com\/de\/wp-json\/wp\/v2\/comments?post=594"}],"version-history":[{"count":0,"href":"https:\/\/easy-sushi.com\/de\/wp-json\/wp\/v2\/pages\/594\/revisions"}],"wp:attachment":[{"href":"https:\/\/easy-sushi.com\/de\/wp-json\/wp\/v2\/media?parent=594"}],"curies":[{"name":"wp","href":"https:\/\/api.w.org\/{rel}","templated":true}]}}