{"id":23504,"date":"2022-05-12T10:51:18","date_gmt":"2022-05-12T08:51:18","guid":{"rendered":"https:\/\/easy-sushi.com\/?page_id=23504"},"modified":"2024-06-21T09:47:19","modified_gmt":"2024-06-21T07:47:19","slug":"konzept","status":"publish","type":"page","link":"https:\/\/easy-sushi.com\/de\/konzept\/","title":{"rendered":"Konzept"},"content":{"rendered":"<div data-elementor-type=\"wp-page\" data-elementor-id=\"23504\" class=\"elementor elementor-23504\" data-elementor-post-type=\"page\">\n\t\t\t\t<div class=\"elementor-element elementor-element-c371552 e-flex e-con-boxed e-con e-parent\" data-id=\"c371552\" data-element_type=\"container\" data-e-type=\"container\">\n\t\t\t\t\t<div class=\"e-con-inner\">\n\t\t<div class=\"elementor-element elementor-element-f39ee1d e-con-full e-flex e-con e-child\" data-id=\"f39ee1d\" data-element_type=\"container\" data-e-type=\"container\">\n\t\t\t\t<div class=\"elementor-element elementor-element-e260a13 elementor-widget elementor-widget-heading\" data-id=\"e260a13\" data-element_type=\"widget\" data-e-type=\"widget\" data-widget_type=\"heading.default\">\n\t\t\t\t<div class=\"elementor-widget-container\">\n\t\t\t\t\t<h1 class=\"elementor-heading-title elementor-size-default\">Konzept<\/h1>\t\t\t\t<\/div>\n\t\t\t\t<\/div>\n\t\t\t\t<div class=\"elementor-element elementor-element-da5c632 elementor-widget-divider--view-line elementor-widget elementor-widget-divider\" data-id=\"da5c632\" data-element_type=\"widget\" data-e-type=\"widget\" data-widget_type=\"divider.default\">\n\t\t\t\t<div class=\"elementor-widget-container\">\n\t\t\t\t\t\t\t<div class=\"elementor-divider\">\n\t\t\t<span class=\"elementor-divider-separator\">\n\t\t\t\t\t\t<\/span>\n\t\t<\/div>\n\t\t\t\t\t\t<\/div>\n\t\t\t\t<\/div>\n\t\t\t\t<\/div>\n\t\t<div class=\"elementor-element elementor-element-95aa1b2 e-con-full e-flex e-con e-child\" data-id=\"95aa1b2\" data-element_type=\"container\" data-e-type=\"container\">\n\t\t\t\t<div class=\"elementor-element elementor-element-77354a8 elementor-widget elementor-widget-image\" data-id=\"77354a8\" data-element_type=\"widget\" data-e-type=\"widget\" data-widget_type=\"image.default\">\n\t\t\t\t<div class=\"elementor-widget-container\">\n\t\t\t\t\t\t\t\t\t\t\t\t\t\t\t<img loading=\"lazy\" decoding=\"async\" width=\"1024\" height=\"683\" src=\"https:\/\/easy-sushi.com\/wp-content\/uploads\/2022\/05\/easy-sushi-concept-1024x683.jpg\" class=\"attachment-large size-large wp-image-23506\" alt=\"Hausgemachte Sushi-Rollen mit Zutaten, Sushi-Maschine, St\u00e4bchen und Sauce\" srcset=\"https:\/\/easy-sushi.com\/wp-content\/uploads\/2022\/05\/easy-sushi-concept-1024x683.jpg 1024w, https:\/\/easy-sushi.com\/wp-content\/uploads\/2022\/05\/easy-sushi-concept-600x400.jpg 600w, https:\/\/easy-sushi.com\/wp-content\/uploads\/2022\/05\/easy-sushi-concept-300x200.jpg 300w, https:\/\/easy-sushi.com\/wp-content\/uploads\/2022\/05\/easy-sushi-concept-768x512.jpg 768w, https:\/\/easy-sushi.com\/wp-content\/uploads\/2022\/05\/easy-sushi-concept-18x12.jpg 18w, https:\/\/easy-sushi.com\/wp-content\/uploads\/2022\/05\/easy-sushi-concept-1080x720.jpg 1080w, https:\/\/easy-sushi.com\/wp-content\/uploads\/2022\/05\/easy-sushi-concept.jpg 1200w\" sizes=\"auto, (max-width: 1024px) 100vw, 1024px\" \/>\t\t\t\t\t\t\t\t\t\t\t\t\t\t\t<\/div>\n\t\t\t\t<\/div>\n\t\t\t\t<div class=\"elementor-element elementor-element-457097f elementor-widget elementor-widget-text-editor\" data-id=\"457097f\" data-element_type=\"widget\" data-e-type=\"widget\" data-widget_type=\"text-editor.default\">\n\t\t\t\t<div class=\"elementor-widget-container\">\n\t\t\t\t\t\t\t\t\t<ul><li>Franz\u00f6sische Fertigung 100%<\/li><li>100% in zugelassenen Lebensmittelmaterialien<\/li><li>Hohe Qualit\u00e4t und Haltbarkeit in bestimmten Materialien<\/li><li>Garantie f\u00fcr 3 Jahre (siehe ohne Film)<\/li><\/ul><p>Das Easy Sushi\u00ae ist ideal und praktisch f\u00fcr die Herstellung von Maki und anderen Br\u00f6tchen.<\/p><p>Es wurde auch untersucht, um die vielen Anforderungen und universellen kulinarischen Sorten zu erf\u00fcllen.<\/p><p>Der Erfolg unserer Easy Sushi\u00ae-Appliance basiert auf der Tatsache, dass damit eine Vielzahl von Rezepten umgesetzt werden k\u00f6nnen. Sie k\u00f6nnen herzhafte und s\u00fc\u00dfe Br\u00f6tchen herstellen und das traditionelle japanische Nori-Blatt durch Zutaten ersetzen, die f\u00fcr kulinarische Kulturen spezifisch sind, wie Soja-Bl\u00e4tter, Brot, Pfannkuchen, Pfannkuchen, Weinblatt, Kohl, Salat und Viel mehr.<\/p>\t\t\t\t\t\t\t\t<\/div>\n\t\t\t\t<\/div>\n\t\t\t\t<div class=\"elementor-element elementor-element-9fdb92f elementor-widget elementor-widget-heading\" data-id=\"9fdb92f\" data-element_type=\"widget\" data-e-type=\"widget\" data-widget_type=\"heading.default\">\n\t\t\t\t<div class=\"elementor-widget-container\">\n\t\t\t\t\t<h2 class=\"elementor-heading-title elementor-size-default\">Easy Sushi\u00ae Geschichte<\/h2>\t\t\t\t<\/div>\n\t\t\t\t<\/div>\n\t\t\t\t<div class=\"elementor-element elementor-element-86b4097 elementor-widget elementor-widget-image\" data-id=\"86b4097\" data-element_type=\"widget\" data-e-type=\"widget\" data-widget_type=\"image.default\">\n\t\t\t\t<div class=\"elementor-widget-container\">\n\t\t\t\t\t\t\t\t\t\t\t\t\t\t\t<img loading=\"lazy\" decoding=\"async\" width=\"1024\" height=\"683\" src=\"https:\/\/easy-sushi.com\/wp-content\/uploads\/2022\/05\/easy-sushi-histoire-1024x683.jpg\" class=\"attachment-large size-large wp-image-23507\" alt=\"Sushi mit Sauce und Beilagen, serviert mit Reis und Orangen\" srcset=\"https:\/\/easy-sushi.com\/wp-content\/uploads\/2022\/05\/easy-sushi-histoire-1024x683.jpg 1024w, https:\/\/easy-sushi.com\/wp-content\/uploads\/2022\/05\/easy-sushi-histoire-600x400.jpg 600w, https:\/\/easy-sushi.com\/wp-content\/uploads\/2022\/05\/easy-sushi-histoire-300x200.jpg 300w, https:\/\/easy-sushi.com\/wp-content\/uploads\/2022\/05\/easy-sushi-histoire-768x512.jpg 768w, https:\/\/easy-sushi.com\/wp-content\/uploads\/2022\/05\/easy-sushi-histoire-18x12.jpg 18w, https:\/\/easy-sushi.com\/wp-content\/uploads\/2022\/05\/easy-sushi-histoire-1080x720.jpg 1080w, https:\/\/easy-sushi.com\/wp-content\/uploads\/2022\/05\/easy-sushi-histoire.jpg 1200w\" sizes=\"auto, (max-width: 1024px) 100vw, 1024px\" \/>\t\t\t\t\t\t\t\t\t\t\t\t\t\t\t<\/div>\n\t\t\t\t<\/div>\n\t\t\t\t<div class=\"elementor-element elementor-element-3de8d7b elementor-widget elementor-widget-text-editor\" data-id=\"3de8d7b\" data-element_type=\"widget\" data-e-type=\"widget\" data-widget_type=\"text-editor.default\">\n\t\t\t\t<div class=\"elementor-widget-container\">\n\t\t\t\t\t\t\t\t\t<h3>Forschung im Dienste von &quot;Finger Food&quot;<\/h3><p>Nach zweij\u00e4hriger Recherche, unterst\u00fctzt von industriellen IT-Tools der neuesten Generation f\u00fcr die Studie und die 3D-Grafikproduktion, erhielt unser Team endlich das Ger\u00e4t, nach dem sie suchten: ein modernes, benutzerfreundliches Tool, mit dem Sie es sofort erstellen k\u00f6nnen , traditionelle Rezepte oder erfinderischere Makis und andere Wraps.<\/p><h3>Easy Sushi\u00ae<\/h3><p>Easy Sushi\u00ae wurde 2007 im Salon des Inventions de Gen\u00e8ve mit der Goldmedaille ausgezeichnet. 2012 gewann er den Wettbewerb f\u00fcr das beste Produkt bei \u201eThe Cookshop &amp; Houseware\u201c in Birmingham. Easy Sushi\u00ae ist ein innovatives und benutzerfreundliches Werkzeug, mit dem jeder schnell perfekt gerollte Maki herstellen kann, vom traditionellsten bis zum gewagtesten.<\/p><p>Easy Sushi\u00ae ist in drei verschiedenen Durchmessern erh\u00e4ltlich: 2,5 cm, 3,5 cm und 4,5 cm.<\/p><p>Easy Sushi\u00ae ist bestrebt, die Hygiene- und Komfortkriterien unserer Zeit zu erf\u00fcllen. Es besteht aus einem sp\u00fclmaschinenfesten ABS-Zylinder in Lebensmittelqualit\u00e4t und einer flexiblen Polypropylenfolie in Lebensmittelqualit\u00e4t, die mit einem Schwamm gesp\u00fclt wird nicht abrasiv.<\/p><p>Dar\u00fcber hinaus besteht Easy Sushi\u00ae ausschlie\u00dflich aus Lebensmitteln und wird ausschlie\u00dflich in Frankreich hergestellt.<\/p><p>Mit Easy Sushi\u00ae m\u00fcssen Sie nur ein Meister in der Kunst werden, Ihre eigenen Maki und Br\u00f6tchen herzustellen\u2026 und gleichzeitig Ihre Kreativit\u00e4t f\u00fcr sich selbst sprechen zu lassen.<\/p>\t\t\t\t\t\t\t\t<\/div>\n\t\t\t\t<\/div>\n\t\t\t\t<\/div>\n\t\t\t\t\t<\/div>\n\t\t\t\t<\/div>\n\t\t\t\t<\/div>","protected":false},"excerpt":{"rendered":"<p>Concept Manufacturing 100% Franz\u00f6sisch 100% aus zugelassenen Lebensmittelmaterialien Hohe Qualit\u00e4t und Haltbarkeit in bestimmten Materialien Garantiert f\u00fcr 3 Jahre (siehe exklusive Folie) Das Easy Sushi\u00ae ist ideal und praktisch f\u00fcr die Herstellung von Makis und anderen Br\u00f6tchen. Es wurde auch darauf ausgelegt, den vielf\u00e4ltigen Anspr\u00fcchen und universellen kulinarischen Varianten gerecht zu werden. Erfolg\u2026&nbsp;<a href=\"https:\/\/easy-sushi.com\/de\/konzept\/\" rel=\"bookmark\">Weiterlesen \u00bb<span class=\"screen-reader-text\">Konzept<\/span><\/a><\/p>","protected":false},"author":1,"featured_media":0,"parent":0,"menu_order":0,"comment_status":"closed","ping_status":"closed","template":"elementor_header_footer","meta":{"neve_meta_sidebar":"","neve_meta_container":"","neve_meta_enable_content_width":"","neve_meta_content_width":0,"neve_meta_title_alignment":"","neve_meta_author_avatar":"","neve_post_elements_order":"","neve_meta_disable_header":"","neve_meta_disable_footer":"","neve_meta_disable_title":"","footnotes":""},"class_list":["post-23504","page","type-page","status-publish","hentry"],"yoast_head":"<!-- This site is optimized with the Yoast SEO plugin v27.5 - https:\/\/yoast.com\/product\/yoast-seo-wordpress\/ -->\n<title>Concept - Easy Sushi\u00ae<\/title>\n<meta name=\"description\" content=\"De fabrication 100% Fran\u00e7aise et garantie 3 ans, d\u00e9couvrez l&#039;histoire de l&#039;Easy Sushi\u00ae : l&#039;outil id\u00e9al pour la r\u00e9alisation de makis et roul\u00e9s\" \/>\n<meta name=\"robots\" content=\"index, follow, max-snippet:-1, max-image-preview:large, max-video-preview:-1\" \/>\n<link rel=\"canonical\" href=\"https:\/\/easy-sushi.com\/de\/konzept\/\" \/>\n<meta property=\"og:locale\" content=\"de_DE\" \/>\n<meta property=\"og:type\" content=\"article\" \/>\n<meta property=\"og:title\" content=\"Concept - Easy Sushi\u00ae\" \/>\n<meta property=\"og:description\" content=\"De fabrication 100% Fran\u00e7aise et garantie 3 ans, d\u00e9couvrez l&#039;histoire de l&#039;Easy Sushi\u00ae : l&#039;outil id\u00e9al pour la r\u00e9alisation de makis et roul\u00e9s\" \/>\n<meta property=\"og:url\" content=\"https:\/\/easy-sushi.com\/de\/konzept\/\" \/>\n<meta property=\"og:site_name\" content=\"Easy Sushi\u00ae\" \/>\n<meta property=\"article:publisher\" content=\"https:\/\/www.facebook.com\/EasySushi\/\" \/>\n<meta property=\"article:modified_time\" content=\"2024-06-21T07:47:19+00:00\" \/>\n<meta property=\"og:image\" content=\"https:\/\/easy-sushi.com\/wp-content\/uploads\/2022\/05\/easy-sushi-concept-1024x683.jpg\" \/>\n<meta name=\"twitter:card\" content=\"summary_large_image\" \/>\n<meta name=\"twitter:site\" content=\"@EasySushi\" \/>\n<meta name=\"twitter:label1\" content=\"Gesch\u00e4tzte Lesezeit\" \/>\n\t<meta name=\"twitter:data1\" content=\"3\u00a0Minuten\" \/>\n<script type=\"application\/ld+json\" class=\"yoast-schema-graph\">{\"@context\":\"https:\\\/\\\/schema.org\",\"@graph\":[{\"@type\":\"WebPage\",\"@id\":\"https:\\\/\\\/easy-sushi.com\\\/concept\\\/\",\"url\":\"https:\\\/\\\/easy-sushi.com\\\/concept\\\/\",\"name\":\"Concept - Easy Sushi\u00ae\",\"isPartOf\":{\"@id\":\"https:\\\/\\\/easy-sushi.com\\\/nl\\\/#website\"},\"primaryImageOfPage\":{\"@id\":\"https:\\\/\\\/easy-sushi.com\\\/concept\\\/#primaryimage\"},\"image\":{\"@id\":\"https:\\\/\\\/easy-sushi.com\\\/concept\\\/#primaryimage\"},\"thumbnailUrl\":\"https:\\\/\\\/easy-sushi.com\\\/wp-content\\\/uploads\\\/2022\\\/05\\\/easy-sushi-concept-1024x683.jpg\",\"datePublished\":\"2022-05-12T08:51:18+00:00\",\"dateModified\":\"2024-06-21T07:47:19+00:00\",\"description\":\"De fabrication 100% Fran\u00e7aise et garantie 3 ans, d\u00e9couvrez l'histoire de l'Easy Sushi\u00ae : l'outil id\u00e9al pour la r\u00e9alisation de makis et roul\u00e9s\",\"breadcrumb\":{\"@id\":\"https:\\\/\\\/easy-sushi.com\\\/concept\\\/#breadcrumb\"},\"inLanguage\":\"de\",\"potentialAction\":[{\"@type\":\"ReadAction\",\"target\":[\"https:\\\/\\\/easy-sushi.com\\\/concept\\\/\"]}]},{\"@type\":\"ImageObject\",\"inLanguage\":\"de\",\"@id\":\"https:\\\/\\\/easy-sushi.com\\\/concept\\\/#primaryimage\",\"url\":\"https:\\\/\\\/easy-sushi.com\\\/wp-content\\\/uploads\\\/2022\\\/05\\\/easy-sushi-concept-1024x683.jpg\",\"contentUrl\":\"https:\\\/\\\/easy-sushi.com\\\/wp-content\\\/uploads\\\/2022\\\/05\\\/easy-sushi-concept-1024x683.jpg\"},{\"@type\":\"BreadcrumbList\",\"@id\":\"https:\\\/\\\/easy-sushi.com\\\/concept\\\/#breadcrumb\",\"itemListElement\":[{\"@type\":\"ListItem\",\"position\":1,\"name\":\"Accueil\",\"item\":\"https:\\\/\\\/easy-sushi.com\\\/\"},{\"@type\":\"ListItem\",\"position\":2,\"name\":\"Concept\"}]},{\"@type\":\"WebSite\",\"@id\":\"https:\\\/\\\/easy-sushi.com\\\/nl\\\/#website\",\"url\":\"https:\\\/\\\/easy-sushi.com\\\/nl\\\/\",\"name\":\"Easy Sushi\u00ae\",\"description\":\"\",\"publisher\":{\"@id\":\"https:\\\/\\\/easy-sushi.com\\\/nl\\\/#organization\"},\"potentialAction\":[{\"@type\":\"SearchAction\",\"target\":{\"@type\":\"EntryPoint\",\"urlTemplate\":\"https:\\\/\\\/easy-sushi.com\\\/nl\\\/?s={search_term_string}\"},\"query-input\":{\"@type\":\"PropertyValueSpecification\",\"valueRequired\":true,\"valueName\":\"search_term_string\"}}],\"inLanguage\":\"de\"},{\"@type\":\"Organization\",\"@id\":\"https:\\\/\\\/easy-sushi.com\\\/nl\\\/#organization\",\"name\":\"Easy Sushi\u00ae\",\"url\":\"https:\\\/\\\/easy-sushi.com\\\/nl\\\/\",\"logo\":{\"@type\":\"ImageObject\",\"inLanguage\":\"de\",\"@id\":\"https:\\\/\\\/easy-sushi.com\\\/nl\\\/#\\\/schema\\\/logo\\\/image\\\/\",\"url\":\"https:\\\/\\\/easy-sushi.com\\\/wp-content\\\/uploads\\\/2021\\\/01\\\/easy_sushi_logotype.svg\",\"contentUrl\":\"https:\\\/\\\/easy-sushi.com\\\/wp-content\\\/uploads\\\/2021\\\/01\\\/easy_sushi_logotype.svg\",\"width\":513,\"height\":357,\"caption\":\"Easy Sushi\u00ae\"},\"image\":{\"@id\":\"https:\\\/\\\/easy-sushi.com\\\/nl\\\/#\\\/schema\\\/logo\\\/image\\\/\"},\"sameAs\":[\"https:\\\/\\\/www.facebook.com\\\/EasySushi\\\/\",\"https:\\\/\\\/x.com\\\/EasySushi\",\"https:\\\/\\\/www.instagram.com\\\/easysushieasyrolls\\\/\",\"https:\\\/\\\/www.youtube.com\\\/user\\\/EasysushiEasyrolls\"]}]}<\/script>\n<!-- \/ Yoast SEO plugin. -->","yoast_head_json":{"title":"Konzept - Easy Sushi\u00ae","description":"Hergestellt in Frankreich von 100% und mit 3 Jahren Garantie, entdecken Sie die Geschichte von Easy Sushi\u00ae: das ideale Werkzeug f\u00fcr die Zubereitung von Maki und Br\u00f6tchen","robots":{"index":"index","follow":"follow","max-snippet":"max-snippet:-1","max-image-preview":"max-image-preview:large","max-video-preview":"max-video-preview:-1"},"canonical":"https:\/\/easy-sushi.com\/de\/konzept\/","og_locale":"de_DE","og_type":"article","og_title":"Concept - Easy Sushi\u00ae","og_description":"De fabrication 100% Fran\u00e7aise et garantie 3 ans, d\u00e9couvrez l'histoire de l'Easy Sushi\u00ae : l'outil id\u00e9al pour la r\u00e9alisation de makis et roul\u00e9s","og_url":"https:\/\/easy-sushi.com\/de\/konzept\/","og_site_name":"Easy Sushi\u00ae","article_publisher":"https:\/\/www.facebook.com\/EasySushi\/","article_modified_time":"2024-06-21T07:47:19+00:00","og_image":[{"url":"https:\/\/easy-sushi.com\/wp-content\/uploads\/2022\/05\/easy-sushi-concept-1024x683.jpg","type":"","width":"","height":""}],"twitter_card":"summary_large_image","twitter_site":"@EasySushi","twitter_misc":{"Gesch\u00e4tzte Lesezeit":"3\u00a0Minuten"},"schema":{"@context":"https:\/\/schema.org","@graph":[{"@type":"WebPage","@id":"https:\/\/easy-sushi.com\/concept\/","url":"https:\/\/easy-sushi.com\/concept\/","name":"Konzept - Easy Sushi\u00ae","isPartOf":{"@id":"https:\/\/easy-sushi.com\/nl\/#website"},"primaryImageOfPage":{"@id":"https:\/\/easy-sushi.com\/concept\/#primaryimage"},"image":{"@id":"https:\/\/easy-sushi.com\/concept\/#primaryimage"},"thumbnailUrl":"https:\/\/easy-sushi.com\/wp-content\/uploads\/2022\/05\/easy-sushi-concept-1024x683.jpg","datePublished":"2022-05-12T08:51:18+00:00","dateModified":"2024-06-21T07:47:19+00:00","description":"Hergestellt in Frankreich von 100% und mit 3 Jahren Garantie, entdecken Sie die Geschichte von Easy Sushi\u00ae: das ideale Werkzeug f\u00fcr die Zubereitung von Maki und Br\u00f6tchen","breadcrumb":{"@id":"https:\/\/easy-sushi.com\/concept\/#breadcrumb"},"inLanguage":"de","potentialAction":[{"@type":"ReadAction","target":["https:\/\/easy-sushi.com\/concept\/"]}]},{"@type":"ImageObject","inLanguage":"de","@id":"https:\/\/easy-sushi.com\/concept\/#primaryimage","url":"https:\/\/easy-sushi.com\/wp-content\/uploads\/2022\/05\/easy-sushi-concept-1024x683.jpg","contentUrl":"https:\/\/easy-sushi.com\/wp-content\/uploads\/2022\/05\/easy-sushi-concept-1024x683.jpg"},{"@type":"BreadcrumbList","@id":"https:\/\/easy-sushi.com\/concept\/#breadcrumb","itemListElement":[{"@type":"ListItem","position":1,"name":"Accueil","item":"https:\/\/easy-sushi.com\/"},{"@type":"ListItem","position":2,"name":"Concept"}]},{"@type":"WebSite","@id":"https:\/\/easy-sushi.com\/nl\/#website","url":"https:\/\/easy-sushi.com\/nl\/","name":"Easy Sushi\u00ae","description":"","publisher":{"@id":"https:\/\/easy-sushi.com\/nl\/#organization"},"potentialAction":[{"@type":"SearchAction","target":{"@type":"EntryPoint","urlTemplate":"https:\/\/easy-sushi.com\/nl\/?s={search_term_string}"},"query-input":{"@type":"PropertyValueSpecification","valueRequired":true,"valueName":"search_term_string"}}],"inLanguage":"de"},{"@type":"Organization","@id":"https:\/\/easy-sushi.com\/nl\/#organization","name":"Easy Sushi\u00ae","url":"https:\/\/easy-sushi.com\/nl\/","logo":{"@type":"ImageObject","inLanguage":"de","@id":"https:\/\/easy-sushi.com\/nl\/#\/schema\/logo\/image\/","url":"https:\/\/easy-sushi.com\/wp-content\/uploads\/2021\/01\/easy_sushi_logotype.svg","contentUrl":"https:\/\/easy-sushi.com\/wp-content\/uploads\/2021\/01\/easy_sushi_logotype.svg","width":513,"height":357,"caption":"Easy Sushi\u00ae"},"image":{"@id":"https:\/\/easy-sushi.com\/nl\/#\/schema\/logo\/image\/"},"sameAs":["https:\/\/www.facebook.com\/EasySushi\/","https:\/\/x.com\/EasySushi","https:\/\/www.instagram.com\/easysushieasyrolls\/","https:\/\/www.youtube.com\/user\/EasysushiEasyrolls"]}]}},"_links":{"self":[{"href":"https:\/\/easy-sushi.com\/de\/wp-json\/wp\/v2\/pages\/23504","targetHints":{"allow":["GET"]}}],"collection":[{"href":"https:\/\/easy-sushi.com\/de\/wp-json\/wp\/v2\/pages"}],"about":[{"href":"https:\/\/easy-sushi.com\/de\/wp-json\/wp\/v2\/types\/page"}],"author":[{"embeddable":true,"href":"https:\/\/easy-sushi.com\/de\/wp-json\/wp\/v2\/users\/1"}],"replies":[{"embeddable":true,"href":"https:\/\/easy-sushi.com\/de\/wp-json\/wp\/v2\/comments?post=23504"}],"version-history":[{"count":0,"href":"https:\/\/easy-sushi.com\/de\/wp-json\/wp\/v2\/pages\/23504\/revisions"}],"wp:attachment":[{"href":"https:\/\/easy-sushi.com\/de\/wp-json\/wp\/v2\/media?parent=23504"}],"curies":[{"name":"wp","href":"https:\/\/api.w.org\/{rel}","templated":true}]}}